{"id":22,"date":"2014-11-19T00:00:00","date_gmt":"2014-11-19T02:00:00","guid":{"rendered":"https:\/\/www3.unicentro.br\/ppgf\/historico\/"},"modified":"2021-12-03T14:36:08","modified_gmt":"2021-12-03T17:36:08","slug":"historico","status":"publish","type":"page","link":"https:\/\/www3.unicentro.br\/ppgf\/o-programa\/historico\/","title":{"rendered":"Hist\u00f3rico"},"content":{"rendered":"<p style=\"text-align: justify\">A Universidade Estadual do Centro-Oeste, Unicentro, \u00e9 uma das sete universidades p\u00fablicas vinculadas ao governo do Estado do Paran\u00e1, tendo surgido em 1990 a partir da fus\u00e3o entre as Faculdades de Filosofia, Ci\u00eancias e Letras de Guarapuava \u2013 Fafig e da Faculdade de Educa\u00e7\u00e3o, Ci\u00eancias e Letras de Irati \u2013 Fecli. Instalada na regi\u00e3o central do Estado, a Unicentro conta com mais de 50 munic\u00edpios em sua regi\u00e3o da abrang\u00eancia, compreendendo uma popula\u00e7\u00e3o em torno de 1,5 milh\u00e3o de habitantes, oferecendo oportunidades de forma\u00e7\u00e3o superior com cursos de gradua\u00e7\u00e3o e de p\u00f3s-gradua\u00e7\u00e3o e uma variada gama de servi\u00e7os que propiciam maior desenvolvimento regional.<\/p>\n<p style=\"text-align: justify\">A partir do ano de 1997, conclu\u00eddo o processo de reconhecimento, a institui\u00e7\u00e3o iniciou a sua expans\u00e3o implantando novos cursos de gradua\u00e7\u00e3o e p\u00f3s-gradua\u00e7\u00e3o nas diversas \u00e1reas do conhecimento. Atualmente, a universidade conta com 38 cursos de gradua\u00e7\u00e3o, diversos cursos de p\u00f3s-gradua\u00e7\u00e3o em n\u00edvel de especializa\u00e7\u00e3o <em>lato sensu<\/em> e 17 programas de p\u00f3s-gradua\u00e7\u00e3o <em>stricto sensu<\/em>, sendo 17 cursos de mestrado e 8 cursos de doutorado.<\/p>\n<p style=\"text-align: justify\">O curso de gradua\u00e7\u00e3o em Engenharia Florestal da Unicentro foi implantado em 1997, localizado no Campus de Irati, a 150 km de Curitiba e a 100 km de Guarapuava, sede da universidade. Ap\u00f3s 10 anos de in\u00edcio da gradua\u00e7\u00e3o em Engenharia Florestal, foi aprovado pela Capes a proposta de cria\u00e7\u00e3o do Programa de P\u00f3s-gradua\u00e7\u00e3o em Ci\u00eancias Florestais (PPGF), inicialmente com o curso de mestrado. O Programa foi concebido com uma \u00e1rea de concentra\u00e7\u00e3o denominada \u201cManejo Sustent\u00e1vel dos Recursos Florestais\u201d e duas linhas de pesquisa: \u201cManejo de Florestas Naturais\u201d e \u201cManejo de Florestas Plantadas\u201d, envolvendo as diversas \u00e1reas das ci\u00eancias florestais, com uma vis\u00e3o regional motivado pela grande ocorr\u00eancia da Floresta Ombr\u00f3fila Mista (Floresta com Arauc\u00e1ria) e de plantios de pinus e eucaliptos.<\/p>\n<p style=\"text-align: justify\">A partir do engajamento de toda a comunidade acad\u00eamica (docentes, discentes, servidores e administra\u00e7\u00e3o superior), a melhoria na infraestrutura, o aumento da produ\u00e7\u00e3o cient\u00edfica e a experi\u00eancia adquirida pelos docentes na orienta\u00e7\u00e3o, bem como a pr\u00f3pria demanda por um curso de doutorado para a regi\u00e3o, o PPGF submeteu a proposta de cria\u00e7\u00e3o do Curso de Doutorado. A proposta foi ent\u00e3o aprovada em 2013, momento que coincidiu com a segunda avalia\u00e7\u00e3o da Capes (trienal 2010-2012), quando ambos os cursos (mestrado e doutorado) obtiveram o conceito 4, com in\u00edcio das atividades em 2014.<\/p>\n<p style=\"text-align: justify\">O PPGF possui grande relev\u00e2ncia e impacto para a regi\u00e3o de abrang\u00eancia (Centro-sul do Paran\u00e1), estando inserido no dom\u00ednio da Floresta Ombr\u00f3fila Mista (FOM) ou Floresta com Arauc\u00e1ria e pr\u00f3ximo de in\u00fameras empresas de base florestal, que tem possibilitado a produ\u00e7\u00e3o cient\u00edfica com muitas disserta\u00e7\u00f5es e teses, e consequentemente, publica\u00e7\u00f5es de artigos cient\u00edficos em revistas nacionais e internacionais atendendo ambas as linhas de pesquisa. Al\u00e9m da produ\u00e7\u00e3o de conhecimentos, inova\u00e7\u00e3o e tecnologia destacam-se a capacita\u00e7\u00e3o de recursos humanos e sua inser\u00e7\u00e3o no mercado de trabalho, necess\u00e1rios para o desenvolvimento socioecon\u00f4mico regional e nacional.<\/p>\n","protected":false},"excerpt":{"rendered":"<p>A Universidade Estadual do Centro-Oeste, Unicentro, \u00e9 uma das sete universidades p\u00fablicas vinculadas ao governo do Estado do Paran\u00e1, tendo surgido em 1990 a partir da fus\u00e3o entre as Faculdades de Filosofia, Ci\u00eancias e Letras de Guarapuava \u2013 Fafig e da Faculdade de Educa\u00e7\u00e3o, Ci\u00eancias e Letras de Irati \u2013 Fecli. Instalada na regi\u00e3o central [&hellip;]<\/p>\n","protected":false},"author":3,"featured_media":0,"parent":90,"menu_order":0,"comment_status":"closed","ping_status":"closed","template":"","meta":{"_exactmetrics_skip_tracking":false,"_exactmetrics_sitenote_active":false,"_exactmetrics_sitenote_note":"","_exactmetrics_sitenote_category":0,"footnotes":"","_links_to":"","_links_to_target":""},"class_list":["post-22","page","type-page","status-publish","hentry"],"_links":{"self":[{"href":"https:\/\/www3.unicentro.br\/ppgf\/wp-json\/wp\/v2\/pages\/22","targetHints":{"allow":["GET"]}}],"collection":[{"href":"https:\/\/www3.unicentro.br\/ppgf\/wp-json\/wp\/v2\/pages"}],"about":[{"href":"https:\/\/www3.unicentro.br\/ppgf\/wp-json\/wp\/v2\/types\/page"}],"author":[{"embeddable":true,"href":"https:\/\/www3.unicentro.br\/ppgf\/wp-json\/wp\/v2\/users\/3"}],"replies":[{"embeddable":true,"href":"https:\/\/www3.unicentro.br\/ppgf\/wp-json\/wp\/v2\/comments?post=22"}],"version-history":[{"count":0,"href":"https:\/\/www3.unicentro.br\/ppgf\/wp-json\/wp\/v2\/pages\/22\/revisions"}],"up":[{"embeddable":true,"href":"https:\/\/www3.unicentro.br\/ppgf\/wp-json\/wp\/v2\/pages\/90"}],"wp:attachment":[{"href":"https:\/\/www3.unicentro.br\/ppgf\/wp-json\/wp\/v2\/media?parent=22"}],"curies":[{"name":"wp","href":"https:\/\/api.w.org\/{rel}","templated":true}]}}