{"id":1469,"date":"2021-08-16T14:12:00","date_gmt":"2021-08-16T17:12:00","guid":{"rendered":"https:\/\/www3.unicentro.br\/ppgf\/?page_id=1469"},"modified":"2026-03-24T10:45:42","modified_gmt":"2026-03-24T13:45:42","slug":"horarios","status":"publish","type":"page","link":"https:\/\/www3.unicentro.br\/ppgf\/horarios\/","title":{"rendered":"Hor\u00e1rios"},"content":{"rendered":"<div class=\"wpb-content-wrapper\"><p>[vc_row][vc_column][vc_column_text css=&#8221;&#8221;]<span style=\"font-size: 24px\"><a href=\"https:\/\/www3.unicentro.br\/ppgf\/wp-content\/uploads\/sites\/96\/2026\/02\/Quadro-de-Horario-1\u00b0-Semestre-2026_fevereiro26_v2.pdf\" target=\"_blank\" rel=\"noopener\">Quadro de Disciplinas PPGF &#8211; 1\u00b0 Semestre 2026<\/a><\/span><\/p>\n<p><span style=\"font-size: 24px\">Quadro de Disciplinas PPGF &#8211;\u00a0 2\u00b0 Semestre 2026<\/span><\/p>\n<table style=\"border-collapse: collapse;width: 97.5116%;height: 345px\">\n<tbody>\n<tr>\n<td style=\"width: 542px\"><span style=\"font-family: arial, helvetica, sans-serif;font-size: 12pt\"><a href=\"https:\/\/www3.unicentro.br\/ppgf\/wp-content\/uploads\/sites\/96\/2021\/12\/acontece-calendario-e1639586848766.jpg\"><img loading=\"lazy\" decoding=\"async\" class=\"alignnone wp-image-2125\" src=\"https:\/\/www3.unicentro.br\/ppgf\/wp-content\/uploads\/sites\/96\/2021\/12\/acontece-calendario-300x162.jpg\" alt=\"\" width=\"341\" height=\"184\" \/><\/a><\/span><\/p>\n<p><span style=\"font-size: 14pt\"><strong><span style=\"font-family: arial, helvetica, sans-serif\">1\u00ba Semestre 2026:<\/span><\/strong><\/span><\/p>\n<p><span style=\"font-family: arial, helvetica, sans-serif;font-size: 14pt\">-Matr\u00edcula para ingressantes:<strong> 25\/02\/2026<\/strong><\/span><\/p>\n<p><span style=\"font-family: arial, helvetica, sans-serif;font-size: 14pt\">-Inscri\u00e7\u00e3o para alunos n\u00e3o-regulares:<strong> 06\/02\/2026 a 25\/02\/2026<\/strong><\/span><\/p>\n<p><span style=\"font-family: arial, helvetica, sans-serif;font-size: 14pt\">-Rematr\u00edcula para veteranos: <strong>19 e 20\/02\/2026<\/strong><\/span><\/p>\n<p><span style=\"font-family: arial, helvetica, sans-serif;font-size: 14pt\">-Per\u00edodo de aulas: <b>02\/03\/2026 a 11\/07\/2026<\/b><\/span><\/p>\n<p><span style=\"font-family: arial, helvetica, sans-serif;font-size: 14pt\">-Entrega do relat\u00f3rio semestral referente \u00e0s atividades do semestre 2\/2025: <strong>um m\u00eas ap\u00f3s a data da matr\u00edcula (<del>25\/03\/2026<\/del>) <span style=\"color: #108716\">at\u00e9 27\/03\/2026<\/span><\/strong><\/span><\/p>\n<p><span style=\"font-size: 14pt\"><strong><span style=\"font-family: arial, helvetica, sans-serif\">2\u00ba Semestre 2026:<\/span><\/strong><\/span><\/p>\n<p><span style=\"font-family: arial, helvetica, sans-serif;font-size: 14pt\">-Matr\u00edcula para ingressantes:<strong> Conforme Edital de resultado final e convoca\u00e7\u00e3o para matr\u00edcula a ser publicado<\/strong><\/span><\/p>\n<p><span style=\"font-family: arial, helvetica, sans-serif;font-size: 14pt\">-Inscri\u00e7\u00e3o para alunos n\u00e3o-regulares:<strong> Conforme Edital de inscri\u00e7\u00e3o a ser publicado<\/strong><\/span><\/p>\n<p><span style=\"font-family: arial, helvetica, sans-serif;font-size: 14pt\">-Rematr\u00edcula para veteranos: <strong>20 e 21\/07\/2026<\/strong><\/span><\/p>\n<p><span style=\"font-family: arial, helvetica, sans-serif;font-size: 14pt\">-Per\u00edodo de aulas:<strong> 27\/07\/2026 a 11\/12\/2026<\/strong><\/span><\/p>\n<p><span style=\"font-family: arial, helvetica, sans-serif;font-size: 14pt\">-Entrega do relat\u00f3rio semestral referente \u00e0s atividades do semestre 1\/2026: <strong>um m\u00eas ap\u00f3s a data da matr\u00edcula (21\/08\/2026)<\/strong><\/span><\/td>\n<\/tr>\n<\/tbody>\n<\/table>\n<p>[\/vc_column_text][\/vc_column][\/vc_row]<\/p>\n<\/div>","protected":false},"excerpt":{"rendered":"<p>[vc_row][vc_column][vc_column_text css=&#8221;&#8221;]Quadro de Disciplinas PPGF &#8211; 1\u00b0 Semestre 2026 Quadro de Disciplinas PPGF &#8211;\u00a0 2\u00b0 Semestre 2026 1\u00ba Semestre 2026: -Matr\u00edcula para ingressantes: 25\/02\/2026 -Inscri\u00e7\u00e3o para alunos n\u00e3o-regulares: 06\/02\/2026 a 25\/02\/2026 -Rematr\u00edcula para veteranos: 19 e 20\/02\/2026 -Per\u00edodo de aulas: 02\/03\/2026 a 11\/07\/2026 -Entrega do relat\u00f3rio semestral referente \u00e0s atividades do semestre 2\/2025: um m\u00eas [&hellip;]<\/p>\n","protected":false},"author":3,"featured_media":0,"parent":0,"menu_order":0,"comment_status":"closed","ping_status":"closed","template":"","meta":{"_exactmetrics_skip_tracking":false,"_exactmetrics_sitenote_active":false,"_exactmetrics_sitenote_note":"","_exactmetrics_sitenote_category":0,"footnotes":"","_links_to":"","_links_to_target":""},"class_list":["post-1469","page","type-page","status-publish","hentry"],"_links":{"self":[{"href":"https:\/\/www3.unicentro.br\/ppgf\/wp-json\/wp\/v2\/pages\/1469","targetHints":{"allow":["GET"]}}],"collection":[{"href":"https:\/\/www3.unicentro.br\/ppgf\/wp-json\/wp\/v2\/pages"}],"about":[{"href":"https:\/\/www3.unicentro.br\/ppgf\/wp-json\/wp\/v2\/types\/page"}],"author":[{"embeddable":true,"href":"https:\/\/www3.unicentro.br\/ppgf\/wp-json\/wp\/v2\/users\/3"}],"replies":[{"embeddable":true,"href":"https:\/\/www3.unicentro.br\/ppgf\/wp-json\/wp\/v2\/comments?post=1469"}],"version-history":[{"count":4,"href":"https:\/\/www3.unicentro.br\/ppgf\/wp-json\/wp\/v2\/pages\/1469\/revisions"}],"predecessor-version":[{"id":5687,"href":"https:\/\/www3.unicentro.br\/ppgf\/wp-json\/wp\/v2\/pages\/1469\/revisions\/5687"}],"wp:attachment":[{"href":"https:\/\/www3.unicentro.br\/ppgf\/wp-json\/wp\/v2\/media?parent=1469"}],"curies":[{"name":"wp","href":"https:\/\/api.w.org\/{rel}","templated":true}]}}