{"id":1364,"date":"2021-07-23T15:09:52","date_gmt":"2021-07-23T18:09:52","guid":{"rendered":"https:\/\/www3.unicentro.br\/ppgf\/?page_id=1364"},"modified":"2021-07-23T15:09:52","modified_gmt":"2021-07-23T18:09:52","slug":"forms","status":"publish","type":"page","link":"https:\/\/www3.unicentro.br\/ppgf\/en\/forms\/","title":{"rendered":"Forms"},"content":{"rendered":"<ul>\n<li><a href=\"http:\/\/www2.unicentro.br\/ppgf\/files\/2017\/05\/Aproveitamento-de-Cr\u00e9ditos.pdf\">Approval of Credits<\/a><\/li>\n<li><a href=\"http:\/\/www2.unicentro.br\/ppgf\/files\/2017\/05\/Bolsa-de-Estudos.pdf\">Scholarships<\/a><\/li>\n<li><a href=\"https:\/\/www2.unicentro.br\/ppgf\/files\/2019\/04\/Comit\u00ea-de-Orienta\u00e7\u00e3o.pdf\">Supervision Committee<\/a><\/li>\n<li><a href=\"http:\/\/www2.unicentro.br\/ppgf\/files\/2017\/05\/Credenciamento-de-Docentes.pdf\">Professor Accreditation<\/a><\/li>\n<li><a href=\"http:\/\/www2.unicentro.br\/ppgf\/files\/2017\/05\/Declara\u00e7\u00e3o-de-Cumprimento-de-Pr\u00e1tica-em-Doc\u00eancia.pdf\">Statement of Teaching Practice Compliance<\/a><\/li>\n<li><a href=\"http:\/\/www2.unicentro.br\/ppgf\/files\/2017\/05\/Exame-de-Qualifica\u00e7\u00e3o.pdf\">Qualification exam<\/a><\/li>\n<li><a href=\"http:\/\/www2.unicentro.br\/ppgf\/files\/2017\/05\/Plano-de-Atividades-Pr\u00e1tica-em-Doc\u00eancia.pdf\">Activities Plan &#8211; Teaching Practice<\/a><\/li>\n<li><a href=\"http:\/\/www2.unicentro.br\/ppgf\/files\/2017\/05\/Relat\u00f3rio-Semestral-de-Atividades-Discente.pdf\">Student Activities Semester Report<\/a><\/li>\n<li><a href=\"http:\/\/www2.unicentro.br\/ppgf\/files\/2017\/05\/Solicita\u00e7\u00e3o-de-Defesa-P\u00fablica-Mestrado-e-Doutorado.pdf\">Public Defense Request &#8211; Master\u2019s and Doctorate<\/a><\/li>\n<li><a href=\"http:\/\/www2.unicentro.br\/ppgf\/files\/2017\/05\/Solicita\u00e7\u00e3o-de-Matr\u00edcula-Aluno-Regular.pdf\">Enrollment Request &#8211; Regular Student<\/a><\/li>\n<li><a href=\"http:\/\/www2.unicentro.br\/ppgf\/files\/2017\/05\/Solicita\u00e7\u00e3o-de-Matr\u00edcula-Aluno-N\u00e3o-Regular.pdf\">Enrollment Request \u2013 Non-Regular Student<\/a><\/li>\n<\/ul>\n","protected":false},"excerpt":{"rendered":"<p>Approval of Credits Scholarships Supervision Committee Professor Accreditation Statement of Teaching Practice Compliance Qualification exam Activities Plan &#8211; Teaching Practice Student Activities Semester Report Public Defense Request &#8211; Master\u2019s and Doctorate Enrollment Request &#8211; Regular Student Enrollment Request \u2013 Non-Regular Student<\/p>\n","protected":false},"author":3,"featured_media":0,"parent":0,"menu_order":0,"comment_status":"closed","ping_status":"closed","template":"","meta":{"_exactmetrics_skip_tracking":false,"_exactmetrics_sitenote_active":false,"_exactmetrics_sitenote_note":"","_exactmetrics_sitenote_category":0,"footnotes":"","_links_to":"","_links_to_target":""},"class_list":["post-1364","page","type-page","status-publish","hentry"],"_links":{"self":[{"href":"https:\/\/www3.unicentro.br\/ppgf\/wp-json\/wp\/v2\/pages\/1364","targetHints":{"allow":["GET"]}}],"collection":[{"href":"https:\/\/www3.unicentro.br\/ppgf\/wp-json\/wp\/v2\/pages"}],"about":[{"href":"https:\/\/www3.unicentro.br\/ppgf\/wp-json\/wp\/v2\/types\/page"}],"author":[{"embeddable":true,"href":"https:\/\/www3.unicentro.br\/ppgf\/wp-json\/wp\/v2\/users\/3"}],"replies":[{"embeddable":true,"href":"https:\/\/www3.unicentro.br\/ppgf\/wp-json\/wp\/v2\/comments?post=1364"}],"version-history":[{"count":0,"href":"https:\/\/www3.unicentro.br\/ppgf\/wp-json\/wp\/v2\/pages\/1364\/revisions"}],"wp:attachment":[{"href":"https:\/\/www3.unicentro.br\/ppgf\/wp-json\/wp\/v2\/media?parent=1364"}],"curies":[{"name":"wp","href":"https:\/\/api.w.org\/{rel}","templated":true}]}}