{"id":1362,"date":"2021-07-23T15:01:03","date_gmt":"2021-07-23T18:01:03","guid":{"rendered":"https:\/\/www3.unicentro.br\/ppgf\/?page_id=1362"},"modified":"2021-07-23T15:01:03","modified_gmt":"2021-07-23T18:01:03","slug":"regulations-and-norms","status":"publish","type":"page","link":"https:\/\/www3.unicentro.br\/ppgf\/en\/regulations-and-norms\/","title":{"rendered":"Regulations and Norms"},"content":{"rendered":"<p><strong>General Regulations<\/strong><\/p>\n<ul>\n<li><a href=\"https:\/\/sgu.unicentro.br\/pcatooficiais\/imprimir\/9CF8EC3F\">Regulation of the <em>Stricto Sensu<\/em> Postgraduate Programs at Unicentro<\/a><\/li>\n<li><a href=\"http:\/\/www2.unicentro.br\/ppgf\/files\/2016\/04\/Regulamento-do-Programa-de-P\u00f3s-Gradua\u00e7\u00e3o-Stricto-Sensu-em-Ci\u00eancias-Florestais.pdf\">Regulation of the <em>Stricto Sensu<\/em> Postgraduate Program in Forest Sciences<\/a><\/li>\n<li><a href=\"http:\/\/www2.unicentro.br\/ppgf\/files\/2016\/04\/Regulamento-do-Programa-de-Demanda-Social-\u2013-DS-1.pdf\">Regulation of the Social Demand Program \u2013 DS<\/a><\/li>\n<li><a href=\"http:\/\/www2.unicentro.br\/ppgf\/files\/2016\/04\/Regulamento-do-Programa-Nacional-de-P\u00f3s-Doutorado-PNPD.pdf\">Regulation of the National Postdoctoral Program &#8211; PNPD<\/a><\/li>\n<li><a href=\"http:\/\/www2.unicentro.br\/ppgf\/files\/2016\/04\/Regulamento-Programa-de-Doutorado-Sandu\u00edche-no-Exterior-PDSE.pdf\">Regulation of the Doctoral Sandwich Program \u2013 PDSE<\/a><\/li>\n<\/ul>\n<p><strong>Specific Program Norms<\/strong><\/p>\n<ul>\n<li><a href=\"http:\/\/www2.unicentro.br\/ppgf\/files\/2016\/04\/Regulamento-de-Exame-de-Qualifica\u00e7\u00e3o-PPGF.pdf\">Qualification exam<\/a><\/li>\n<li><a href=\"https:\/\/www2.unicentro.br\/ppgf\/files\/2018\/12\/Regulamento-Concess\u00e3o-e-Manuten\u00e7\u00e3o-de-Bolsa-de-Estudos-PPGF_Dez2018.pdf\">Granting and Maintenance of Scholarships<\/a><\/li>\n<li>Thesis and Dissertation Writing Guidelines<\/li>\n<li>Regulation for Professor Accreditation and Re-accreditation<\/li>\n<\/ul>\n","protected":false},"excerpt":{"rendered":"<p>General Regulations Regulation of the Stricto Sensu Postgraduate Programs at Unicentro Regulation of the Stricto Sensu Postgraduate Program in Forest Sciences Regulation of the Social Demand Program \u2013 DS Regulation of the National Postdoctoral Program &#8211; PNPD Regulation of the Doctoral Sandwich Program \u2013 PDSE Specific Program Norms Qualification exam Granting and Maintenance of Scholarships [&hellip;]<\/p>\n","protected":false},"author":3,"featured_media":0,"parent":0,"menu_order":0,"comment_status":"closed","ping_status":"closed","template":"","meta":{"_exactmetrics_skip_tracking":false,"_exactmetrics_sitenote_active":false,"_exactmetrics_sitenote_note":"","_exactmetrics_sitenote_category":0,"footnotes":"","_links_to":"","_links_to_target":""},"class_list":["post-1362","page","type-page","status-publish","hentry"],"_links":{"self":[{"href":"https:\/\/www3.unicentro.br\/ppgf\/wp-json\/wp\/v2\/pages\/1362","targetHints":{"allow":["GET"]}}],"collection":[{"href":"https:\/\/www3.unicentro.br\/ppgf\/wp-json\/wp\/v2\/pages"}],"about":[{"href":"https:\/\/www3.unicentro.br\/ppgf\/wp-json\/wp\/v2\/types\/page"}],"author":[{"embeddable":true,"href":"https:\/\/www3.unicentro.br\/ppgf\/wp-json\/wp\/v2\/users\/3"}],"replies":[{"embeddable":true,"href":"https:\/\/www3.unicentro.br\/ppgf\/wp-json\/wp\/v2\/comments?post=1362"}],"version-history":[{"count":0,"href":"https:\/\/www3.unicentro.br\/ppgf\/wp-json\/wp\/v2\/pages\/1362\/revisions"}],"wp:attachment":[{"href":"https:\/\/www3.unicentro.br\/ppgf\/wp-json\/wp\/v2\/media?parent=1362"}],"curies":[{"name":"wp","href":"https:\/\/api.w.org\/{rel}","templated":true}]}}