{"id":1360,"date":"2021-07-23T14:54:48","date_gmt":"2021-07-23T17:54:48","guid":{"rendered":"https:\/\/www3.unicentro.br\/ppgf\/?page_id=1360"},"modified":"2021-07-23T14:55:13","modified_gmt":"2021-07-23T17:55:13","slug":"selection-process","status":"publish","type":"page","link":"https:\/\/www3.unicentro.br\/ppgf\/en\/selection-process\/","title":{"rendered":"Selection Process"},"content":{"rendered":"<div class=\"wpb-content-wrapper\"><p>[vc_row][vc_column][vc_tta_tour][vc_tta_section title=&#8221;Master\u2019s degree&#8221; tab_id=&#8221;1615900962530-14ac216c-b473&#8243;][vc_column_text]<\/p>\n<ul>\n<li><a href=\"https:\/\/www3.unicentro.br\/ppgf\/wp-content\/uploads\/sites\/96\/2021\/06\/EDITAL-17.2021-PPGF-Selecao-Complementar-Mestrado-2-sem-2021.pdf\"><strong>EDITAL N\u00ba 17\/2021-PPGF\/UNICENTRO<\/strong> &#8211; ABERTURA DAS INSCRI\u00c7\u00d5ES PARA A SELE\u00c7\u00c3O DE ALUNOS REGULARES NO PROGRAMA DE P\u00d3S-GRADUA\u00c7\u00c3O EM CI\u00caNCIAS FLORESTAIS \u2013 CURSO DE MESTRADO 2\u00ba Semestre de 2021 &#8211; Complementar<\/a><\/li>\n<\/ul>\n<p>[\/vc_column_text][\/vc_tta_section][vc_tta_section title=&#8221;Doctorate degree&#8221; tab_id=&#8221;1615900962538-4eba28c9-a95f&#8221;][vc_column_text]<\/p>\n<ul>\n<li><a href=\"https:\/\/www3.unicentro.br\/ppgf\/wp-content\/uploads\/sites\/96\/2021\/06\/EDITAL-18.2021-PPGF-Selecao-Complementar-Doutorado-2-sem-2021.pdf\"><strong>EDITAL N\u00ba 18\/2020-PPGF\/UNICENTRO<\/strong> &#8211; ABERTURA DAS INSCRI\u00c7\u00d5ES PARA A SELE\u00c7\u00c3O DE ALUNOS REGULARES NO PROGRAMA DE P\u00d3S-GRADUA\u00c7\u00c3O EM CI\u00caNCIAS FLORESTAIS \u2013 CURSO DE DOUTORADO 2\u00ba Semestre de 2021 &#8211; Complementar<\/a><\/li>\n<\/ul>\n<p>[\/vc_column_text][\/vc_tta_section][vc_tta_section title=&#8221;Non-Regular Student&#8221; tab_id=&#8221;1615900982227-b0585136-106a&#8221;][\/vc_tta_section][vc_tta_section title=&#8221;Postdoctoral&#8221; tab_id=&#8221;1615900995575-3a3815d3-22c6&#8243;][\/vc_tta_section][vc_tta_section title=&#8221;Doctorate Sandwich Abroad&#8221; tab_id=&#8221;1615901006704-f91c0746-db87&#8243;][\/vc_tta_section][\/vc_tta_tour][\/vc_column][\/vc_row]<\/p>\n<\/div>","protected":false},"excerpt":{"rendered":"<p>[vc_row][vc_column][vc_tta_tour][vc_tta_section title=&#8221;Master\u2019s degree&#8221; tab_id=&#8221;1615900962530-14ac216c-b473&#8243;][vc_column_text] EDITAL N\u00ba 17\/2021-PPGF\/UNICENTRO &#8211; ABERTURA DAS INSCRI\u00c7\u00d5ES PARA A SELE\u00c7\u00c3O DE ALUNOS REGULARES NO PROGRAMA DE P\u00d3S-GRADUA\u00c7\u00c3O EM CI\u00caNCIAS FLORESTAIS \u2013 CURSO DE MESTRADO 2\u00ba Semestre de 2021 &#8211; Complementar [\/vc_column_text][\/vc_tta_section][vc_tta_section title=&#8221;Doctorate degree&#8221; tab_id=&#8221;1615900962538-4eba28c9-a95f&#8221;][vc_column_text] EDITAL N\u00ba 18\/2020-PPGF\/UNICENTRO &#8211; ABERTURA DAS INSCRI\u00c7\u00d5ES PARA A SELE\u00c7\u00c3O DE ALUNOS REGULARES NO PROGRAMA DE P\u00d3S-GRADUA\u00c7\u00c3O [&hellip;]<\/p>\n","protected":false},"author":3,"featured_media":0,"parent":0,"menu_order":0,"comment_status":"closed","ping_status":"closed","template":"","meta":{"_exactmetrics_skip_tracking":false,"_exactmetrics_sitenote_active":false,"_exactmetrics_sitenote_note":"","_exactmetrics_sitenote_category":0,"footnotes":"","_links_to":"","_links_to_target":""},"class_list":["post-1360","page","type-page","status-publish","hentry"],"_links":{"self":[{"href":"https:\/\/www3.unicentro.br\/ppgf\/wp-json\/wp\/v2\/pages\/1360","targetHints":{"allow":["GET"]}}],"collection":[{"href":"https:\/\/www3.unicentro.br\/ppgf\/wp-json\/wp\/v2\/pages"}],"about":[{"href":"https:\/\/www3.unicentro.br\/ppgf\/wp-json\/wp\/v2\/types\/page"}],"author":[{"embeddable":true,"href":"https:\/\/www3.unicentro.br\/ppgf\/wp-json\/wp\/v2\/users\/3"}],"replies":[{"embeddable":true,"href":"https:\/\/www3.unicentro.br\/ppgf\/wp-json\/wp\/v2\/comments?post=1360"}],"version-history":[{"count":0,"href":"https:\/\/www3.unicentro.br\/ppgf\/wp-json\/wp\/v2\/pages\/1360\/revisions"}],"wp:attachment":[{"href":"https:\/\/www3.unicentro.br\/ppgf\/wp-json\/wp\/v2\/media?parent=1360"}],"curies":[{"name":"wp","href":"https:\/\/api.w.org\/{rel}","templated":true}]}}