{"id":104,"date":"2020-07-28T15:44:48","date_gmt":"2020-07-28T18:44:48","guid":{"rendered":"https:\/\/www3.unicentro.br\/ppgf\/?page_id=104"},"modified":"2021-03-16T10:00:23","modified_gmt":"2021-03-16T13:00:23","slug":"infraestrutura","status":"publish","type":"page","link":"https:\/\/www3.unicentro.br\/ppgf\/infraestrutura\/","title":{"rendered":"Infraestrutura"},"content":{"rendered":"<p>O Programa de P\u00f3s-gradua\u00e7\u00e3o em Ci\u00eancias Florestais faz uso de diversos laborat\u00f3rios que s\u00e3o utilizados exclusivamente para a forma\u00e7\u00e3o dos futuros profissionais e pesquisadores, realiza\u00e7\u00e3o de aulas pr\u00e1ticas e das pesquisas dos docentes e discentes, estando vinculados ao Departamento de Engenharia Florestal. Todos os laborat\u00f3rios atendem \u00e0s linhas de pesquisas e as \u00e1reas de atua\u00e7\u00e3o do Programa.<\/p>\n<p>No que se refere \u00e0 infraestrutura de apoio de uso comum oferecido pela institui\u00e7\u00e3o e que o Programa utiliza para fins de ensino e pesquisa, destacam-se os laborat\u00f3rios de inform\u00e1tica e a biblioteca, que ser\u00e3o mais \u00e0 frente detalhados. Tamb\u00e9m devem ser mencionado os audit\u00f3rios (audit\u00f3rio principal com capacidade de 400 lugares e miniaudit\u00f3rio com capacidade de 60 lugares) e o pr\u00e9dio PDE (Programa de Desenvolvimento Educacional) no qual possui audit\u00f3rio (capacidade de 120 lugares) e salas de aula, que servem de apoio at\u00e9 pela proximidade com a sede do Programa para a realiza\u00e7\u00e3o de palestras, cursos, aulas e defesas p\u00fablicas, quando necess\u00e1rio, al\u00e9m de sala de videoconfer\u00eancia; restaurante universit\u00e1rio, e laborat\u00f3rio de microscopia.<\/p>\n","protected":false},"excerpt":{"rendered":"<p>O Programa de P\u00f3s-gradua\u00e7\u00e3o em Ci\u00eancias Florestais faz uso de diversos laborat\u00f3rios que s\u00e3o utilizados exclusivamente para a forma\u00e7\u00e3o dos futuros profissionais e pesquisadores, realiza\u00e7\u00e3o de aulas pr\u00e1ticas e das pesquisas dos docentes e discentes, estando vinculados ao Departamento de Engenharia Florestal. Todos os laborat\u00f3rios atendem \u00e0s linhas de pesquisas e as \u00e1reas de atua\u00e7\u00e3o [&hellip;]<\/p>\n","protected":false},"author":3,"featured_media":0,"parent":0,"menu_order":0,"comment_status":"closed","ping_status":"closed","template":"","meta":{"_exactmetrics_skip_tracking":false,"_exactmetrics_sitenote_active":false,"_exactmetrics_sitenote_note":"","_exactmetrics_sitenote_category":0,"footnotes":"","_links_to":"","_links_to_target":""},"class_list":["post-104","page","type-page","status-publish","hentry"],"_links":{"self":[{"href":"https:\/\/www3.unicentro.br\/ppgf\/wp-json\/wp\/v2\/pages\/104","targetHints":{"allow":["GET"]}}],"collection":[{"href":"https:\/\/www3.unicentro.br\/ppgf\/wp-json\/wp\/v2\/pages"}],"about":[{"href":"https:\/\/www3.unicentro.br\/ppgf\/wp-json\/wp\/v2\/types\/page"}],"author":[{"embeddable":true,"href":"https:\/\/www3.unicentro.br\/ppgf\/wp-json\/wp\/v2\/users\/3"}],"replies":[{"embeddable":true,"href":"https:\/\/www3.unicentro.br\/ppgf\/wp-json\/wp\/v2\/comments?post=104"}],"version-history":[{"count":0,"href":"https:\/\/www3.unicentro.br\/ppgf\/wp-json\/wp\/v2\/pages\/104\/revisions"}],"wp:attachment":[{"href":"https:\/\/www3.unicentro.br\/ppgf\/wp-json\/wp\/v2\/media?parent=104"}],"curies":[{"name":"wp","href":"https:\/\/api.w.org\/{rel}","templated":true}]}}