{"id":3173,"date":"2024-12-18T16:19:14","date_gmt":"2024-12-18T19:19:14","guid":{"rendered":"https:\/\/www3.unicentro.br\/ppgesa\/?page_id=3173"},"modified":"2024-12-19T11:22:41","modified_gmt":"2024-12-19T14:22:41","slug":"autoavaliacao","status":"publish","type":"page","link":"https:\/\/www3.unicentro.br\/ppgesa\/autoavaliacao\/","title":{"rendered":"Autoavalia\u00e7\u00e3o e Planejamento Estrat\u00e9gico"},"content":{"rendered":"<div class=\"wpb-content-wrapper\"><p>[vc_row][vc_column][vc_column_text css=&#8221;&#8221;]<\/p>\n<p style=\"text-align: left\"><span style=\"font-family: helvetica, arial, sans-serif;font-size: 16px;color: #003366\">O Sistema de Autoavalia\u00e7\u00e3o do PPGESA \u00e9 um processo indispens\u00e1vel para a melhoria cont\u00ednua da qualidade do curso, o aprimoramento do ensino e da pesquisa, e para a formula\u00e7\u00e3o adequada das decis\u00f5es que moldam as pol\u00edticas e a\u00e7\u00f5es do Programa. Este processo requer a participa\u00e7\u00e3o de docentes, discentes e egressos, onde a coleta e an\u00e1lise de dados promove uma reflex\u00e3o coletiva entre todos os membros do Programa. Ao identificar fragilidades e pontos fortes, a autoavalia\u00e7\u00e3o torna-se fundamental para o desenvolvimento de um Plano Estrat\u00e9gico eficaz, com suas respectivas metas e a\u00e7\u00f5es. A constru\u00e7\u00e3o coletiva do Planejamento Estrat\u00e9gico do Programa \u00e9, portanto, um elemento fundamental para assegurar um futuro alinhado \u00e0s necessidades e expectativas da comunidade acad\u00eamica.<\/span><\/p>\n<p>[\/vc_column_text][vc_column_text css=&#8221;&#8221;]<span style=\"color: #003366;font-family: helvetica, arial, sans-serif;font-size: 16px\"><a style=\"color: #003366\" href=\"https:\/\/www3.unicentro.br\/ppgesa\/wp-content\/uploads\/sites\/11\/2024\/12\/Formulario-Avaliacao-Discente.pdf\">\u00bb Formul\u00e1rio de Avalia\u00e7\u00e3o &#8211; Discente\u00a0<\/a><\/span><\/p>\n<p><span style=\"font-family: helvetica, arial, sans-serif;font-size: 16px;color: #003366\"><a style=\"color: #003366\" href=\"https:\/\/www3.unicentro.br\/ppgesa\/wp-content\/uploads\/sites\/11\/2024\/12\/Formulario-Avaliacao-Docente.pdf\">\u00bb Formul\u00e1rio de Avalia\u00e7\u00e3o &#8211; Docente\u00a0<\/a><\/span><\/p>\n<p><span style=\"font-size: 16px;font-family: helvetica, arial, sans-serif;color: #003366\"><a style=\"color: #003366\" href=\"https:\/\/www3.unicentro.br\/ppgesa\/wp-content\/uploads\/sites\/11\/2024\/12\/Formulario-Avaliacao-Egresso.pdf\">\u00bb Formul\u00e1rio de Avalia\u00e7\u00e3o &#8211; Egresso\u00a0<\/a><\/span><\/p>\n<p><span style=\"font-family: helvetica, arial, sans-serif;font-size: 16px;color: #003366\"><a style=\"color: #003366\" href=\"https:\/\/www3.unicentro.br\/ppgesa\/wp-content\/uploads\/sites\/11\/2024\/12\/Autoavaliacao-quadrienal-2020-2024-Discentes.pdf\">\u00bb Autoavalia\u00e7\u00e3o quadrienal 2020-2024 &#8211; Discentes\u00a0<\/a><\/span><\/p>\n<p><span style=\"font-family: helvetica, arial, sans-serif;font-size: 16px;color: #003366\"><a style=\"color: #003366\" href=\"https:\/\/www3.unicentro.br\/ppgesa\/wp-content\/uploads\/sites\/11\/2024\/12\/Autoavaliacao-quadrienal-2020-2024-Docentes.pdf\">\u00bb Autoavalia\u00e7\u00e3o quadrienal 2020-2024 &#8211; Docentes\u00a0<\/a><\/span><\/p>\n<p><span style=\"font-family: helvetica, arial, sans-serif;font-size: 16px;color: #003366\"><a style=\"color: #003366\" href=\"https:\/\/www3.unicentro.br\/ppgesa\/wp-content\/uploads\/sites\/11\/2024\/12\/Autoavaliacao-quadrienal-2020-2024-Egressos.pdf\">\u00bb Autoavalia\u00e7\u00e3o quadrienal 2020-2024 &#8211; Egressos<\/a><\/span>[\/vc_column_text][\/vc_column][\/vc_row]<\/p>\n<\/div>","protected":false},"excerpt":{"rendered":"<p>[vc_row][vc_column][vc_column_text css=&#8221;&#8221;] O Sistema de Autoavalia\u00e7\u00e3o do PPGESA \u00e9 um processo indispens\u00e1vel para a melhoria cont\u00ednua da qualidade do curso, o aprimoramento do ensino e da pesquisa, e para a formula\u00e7\u00e3o adequada das decis\u00f5es que moldam as pol\u00edticas e a\u00e7\u00f5es do Programa. Este processo requer a participa\u00e7\u00e3o de docentes, discentes e egressos, onde a coleta [&hellip;]<\/p>\n","protected":false},"author":248,"featured_media":0,"parent":0,"menu_order":0,"comment_status":"closed","ping_status":"closed","template":"","meta":{"_exactmetrics_skip_tracking":false,"_exactmetrics_sitenote_active":false,"_exactmetrics_sitenote_note":"","_exactmetrics_sitenote_category":0,"footnotes":"","_links_to":"","_links_to_target":""},"class_list":["post-3173","page","type-page","status-publish","hentry"],"publishpress_future_action":{"enabled":false,"date":"2026-04-13 05:20:29","action":"change-status","newStatus":"draft","terms":[],"taxonomy":"","extraData":[]},"publishpress_future_workflow_manual_trigger":{"enabledWorkflows":[]},"_links":{"self":[{"href":"https:\/\/www3.unicentro.br\/ppgesa\/wp-json\/wp\/v2\/pages\/3173","targetHints":{"allow":["GET"]}}],"collection":[{"href":"https:\/\/www3.unicentro.br\/ppgesa\/wp-json\/wp\/v2\/pages"}],"about":[{"href":"https:\/\/www3.unicentro.br\/ppgesa\/wp-json\/wp\/v2\/types\/page"}],"author":[{"embeddable":true,"href":"https:\/\/www3.unicentro.br\/ppgesa\/wp-json\/wp\/v2\/users\/248"}],"replies":[{"embeddable":true,"href":"https:\/\/www3.unicentro.br\/ppgesa\/wp-json\/wp\/v2\/comments?post=3173"}],"version-history":[{"count":2,"href":"https:\/\/www3.unicentro.br\/ppgesa\/wp-json\/wp\/v2\/pages\/3173\/revisions"}],"predecessor-version":[{"id":3188,"href":"https:\/\/www3.unicentro.br\/ppgesa\/wp-json\/wp\/v2\/pages\/3173\/revisions\/3188"}],"wp:attachment":[{"href":"https:\/\/www3.unicentro.br\/ppgesa\/wp-json\/wp\/v2\/media?parent=3173"}],"curies":[{"name":"wp","href":"https:\/\/api.w.org\/{rel}","templated":true}]}}