{"id":29,"date":"2017-05-12T10:59:03","date_gmt":"2017-05-12T13:59:03","guid":{"rendered":"https:\/\/www3.unicentro.br\/ppgesa\/?page_id=29"},"modified":"2024-04-24T09:18:19","modified_gmt":"2024-04-24T12:18:19","slug":"regulamentos","status":"publish","type":"page","link":"https:\/\/www3.unicentro.br\/ppgesa\/regulamentos\/","title":{"rendered":"Regulamentos e Normas"},"content":{"rendered":"<div class=\"wpb-content-wrapper\"><p>[vc_row][vc_column][vc_column_text css=&#8221;&#8221;]<span style=\"font-size: 14pt;color: #000080\"><a style=\"color: #000080\" href=\"https:\/\/www3.unicentro.br\/ppgesa\/wp-content\/uploads\/sites\/11\/2024\/04\/Instrucao-Normativa-001-2024-Bolsas-de-estudo-Normas-para-concessao-manutencao-acumulo-e-suspensao.pdf\"><strong>Instru\u00e7\u00e3o Normativa 001\/2024<\/strong> &#8211; Bolsas de estudos: Normas para concess\u00e3o, manuten\u00e7\u00e3o, ac\u00famulo e suspens\u00e3o<\/a><\/span>[\/vc_column_text][vc_column_text]<span style=\"color: #000080;font-family: helvetica, arial, sans-serif\"><span style=\"font-size: 14pt\"><a style=\"color: #000080\" href=\"https:\/\/www3.unicentro.br\/ppgesa\/wp-content\/uploads\/sites\/11\/2022\/06\/Resolucao-06-PROPESP-UNICENTRO-Regulamento-PPGESA-2022.pdf\">Regulamento PPGESA aprovado na <strong>UNICENTRO<\/strong> &#8211; v\u00e1lido para ingressantes a partir de 2022<\/a><\/span><\/span>[\/vc_column_text][vc_column_text]<span style=\"color: #000080;font-family: helvetica, arial, sans-serif\"><span style=\"font-size: 14pt\"><a style=\"color: #000080\" href=\"https:\/\/www3.unicentro.br\/ppgesa\/wp-content\/uploads\/sites\/11\/2022\/11\/Regulamento-PPGESA-UEPG-ANEXO-DA-RESOLUCAO-CEPE-2022.23.pdf\">Regulamento PPGESA aprovado na <strong>UEPG<\/strong> &#8211; v\u00e1lido para ingressantes a partir de 2023<\/a><\/span><\/span>[\/vc_column_text][vc_column_text]<span style=\"font-size: 14pt;color: #000080;font-family: helvetica, arial, sans-serif\"><a style=\"color: #000080\" href=\"https:\/\/www3.unicentro.br\/ppgesa\/wp-content\/uploads\/sites\/11\/2022\/11\/Projeto-Pedagogico_PPGESA2022.pdf\">Projeto Pedag\u00f3gico do PPGESA &#8211; <strong>aprovado em 2022<\/strong><\/a><\/span>[\/vc_column_text][vc_column_text]<span style=\"color: #000080;font-size: 14pt;font-family: helvetica, arial, sans-serif\"><a style=\"color: #000080\" href=\"https:\/\/www3.unicentro.br\/ppgesa\/wp-content\/uploads\/sites\/11\/2023\/08\/Grade-Curricular-Novo-Regulamento-2022-divulgacao-no-site.pdf\">Grade Curricular &#8211; aprovada em 2022<\/a><\/span>[\/vc_column_text][vc_column_text]<span style=\"font-size: 14pt;color: #000080;font-family: helvetica, arial, sans-serif\"><a style=\"color: #000080\" href=\"https:\/\/www3.unicentro.br\/ppgesa\/wp-content\/uploads\/sites\/11\/2018\/04\/Regulamento-aprovado-CEPE-UEPG-Resolu\u00e7\u00e3o-011-2018.pdf\">Regulamento do PPGESA &#8211; v\u00e1lido para ingressantes at\u00e9 2021<\/a><\/span>[\/vc_column_text][vc_column_text]<span style=\"font-size: 14pt;color: #000080;font-family: helvetica, arial, sans-serif\"><a style=\"color: #000080\" href=\"https:\/\/www3.unicentro.br\/ppgesa\/wp-content\/uploads\/sites\/11\/2019\/04\/Projeto-Pedag\u00f3gico-Resolu\u00e7\u00e3o-012-CEPE-UEPG.pdf\">Projeto Pedag\u00f3gico do PPGESA &#8211; v\u00e1lido para ingressantes at\u00e9 2021<\/a><\/span>[\/vc_column_text][vc_column_text]<span style=\"font-size: 14pt;color: #000080;font-family: helvetica, arial, sans-serif\"><a style=\"color: #000080\" href=\"https:\/\/www3.unicentro.br\/ppgesa\/wp-content\/uploads\/sites\/11\/2018\/04\/S\u00edntese-da-Estrutura-Curricular-do-Novo-Regulamento-2018.pdf\">Grade Curricular &#8211; v\u00e1lido para ingressantes at\u00e9 2021<\/a><\/span>[\/vc_column_text][vc_column_text]<span style=\"font-size: 14pt;color: #000080;font-family: helvetica, arial, sans-serif\"><a style=\"color: #000080\" href=\"https:\/\/www3.unicentro.br\/ppgesa\/wp-content\/uploads\/sites\/11\/2021\/08\/Novo-Regulamento-Geral-da-Pos-Graduacao-UNICENTRO-2021.pdf\">Regulamento Geral da P\u00f3s-Gradua\u00e7\u00e3o &#8211;<strong> UNICENTRO<\/strong><\/a><\/span>[\/vc_column_text][vc_column_text]<span style=\"color: #000080;font-family: helvetica, arial, sans-serif\"><span style=\"font-size: 14pt\"><a style=\"color: #000080\" href=\"https:\/\/www3.unicentro.br\/ppgesa\/wp-content\/uploads\/sites\/11\/2022\/06\/Regulamento-Geral-da-Pos-Graduacao-UEPG.pdf\">Regulamento Geral da P\u00f3s-Gradua\u00e7\u00e3o &#8211;<strong> UEPG<\/strong><\/a><\/span><\/span>[\/vc_column_text][vc_column_text]<span style=\"font-size: 14pt;color: #000080;font-family: helvetica, arial, sans-serif\"><a style=\"color: #000080\" href=\"https:\/\/www3.unicentro.br\/ppgesa\/wp-content\/uploads\/sites\/11\/2019\/04\/Credenciamento-recredenciamento-e-descredenciamento_PPGESA_definitivo-1.pdf\">Credenciamento, recredenciamento e descredenciamento de docentes do PPGESA<\/a><\/span>[\/vc_column_text][vc_column_text]<span style=\"font-family: helvetica, arial, sans-serif;color: #000080\"><span style=\"font-size: 14pt\"><a style=\"color: #000080\" href=\"https:\/\/www3.unicentro.br\/ppgesa\/wp-content\/uploads\/sites\/11\/2023\/04\/IN-01.2023-PROPESP-Estabelece-parametros-para-comprovacao-de-proficienia-em-ligua-estrangeira.pdf\">Par\u00e2metros para comprova\u00e7\u00e3o de profici\u00eancia em l\u00edngua estrangeira &#8211; <strong>UNICENTRO<\/strong><\/a><\/span><\/span>[\/vc_column_text][\/vc_column][\/vc_row]<\/p>\n<\/div>","protected":false},"excerpt":{"rendered":"<p>[vc_row][vc_column][vc_column_text css=&#8221;&#8221;]Instru\u00e7\u00e3o Normativa 001\/2024 &#8211; Bolsas de estudos: Normas para concess\u00e3o, manuten\u00e7\u00e3o, ac\u00famulo e suspens\u00e3o[\/vc_column_text][vc_column_text]Regulamento PPGESA aprovado na UNICENTRO &#8211; v\u00e1lido para ingressantes a partir de 2022[\/vc_column_text][vc_column_text]Regulamento PPGESA aprovado na UEPG &#8211; v\u00e1lido para ingressantes a partir de 2023[\/vc_column_text][vc_column_text]Projeto Pedag\u00f3gico do PPGESA &#8211; aprovado em 2022[\/vc_column_text][vc_column_text]Grade Curricular &#8211; aprovada em 2022[\/vc_column_text][vc_column_text]Regulamento do PPGESA &#8211; v\u00e1lido [&hellip;]<\/p>\n","protected":false},"author":3,"featured_media":0,"parent":0,"menu_order":0,"comment_status":"closed","ping_status":"closed","template":"","meta":{"_exactmetrics_skip_tracking":false,"_exactmetrics_sitenote_active":false,"_exactmetrics_sitenote_note":"","_exactmetrics_sitenote_category":0,"footnotes":"","_links_to":"","_links_to_target":""},"class_list":["post-29","page","type-page","status-publish","hentry"],"publishpress_future_action":{"enabled":false,"date":"2026-04-13 05:20:37","action":"change-status","newStatus":"draft","terms":[],"taxonomy":"","extraData":[]},"publishpress_future_workflow_manual_trigger":{"enabledWorkflows":[]},"_links":{"self":[{"href":"https:\/\/www3.unicentro.br\/ppgesa\/wp-json\/wp\/v2\/pages\/29","targetHints":{"allow":["GET"]}}],"collection":[{"href":"https:\/\/www3.unicentro.br\/ppgesa\/wp-json\/wp\/v2\/pages"}],"about":[{"href":"https:\/\/www3.unicentro.br\/ppgesa\/wp-json\/wp\/v2\/types\/page"}],"author":[{"embeddable":true,"href":"https:\/\/www3.unicentro.br\/ppgesa\/wp-json\/wp\/v2\/users\/3"}],"replies":[{"embeddable":true,"href":"https:\/\/www3.unicentro.br\/ppgesa\/wp-json\/wp\/v2\/comments?post=29"}],"version-history":[{"count":1,"href":"https:\/\/www3.unicentro.br\/ppgesa\/wp-json\/wp\/v2\/pages\/29\/revisions"}],"predecessor-version":[{"id":2814,"href":"https:\/\/www3.unicentro.br\/ppgesa\/wp-json\/wp\/v2\/pages\/29\/revisions\/2814"}],"wp:attachment":[{"href":"https:\/\/www3.unicentro.br\/ppgesa\/wp-json\/wp\/v2\/media?parent=29"}],"curies":[{"name":"wp","href":"https:\/\/api.w.org\/{rel}","templated":true}]}}