{"id":27,"date":"2017-05-12T10:59:03","date_gmt":"2017-05-12T13:59:03","guid":{"rendered":"https:\/\/www3.unicentro.br\/ppgesa\/?page_id=27"},"modified":"2026-03-31T15:13:00","modified_gmt":"2026-03-31T18:13:00","slug":"formularios","status":"publish","type":"page","link":"https:\/\/www3.unicentro.br\/ppgesa\/formularios\/","title":{"rendered":"Formul\u00e1rios"},"content":{"rendered":"<div class=\"wpb-content-wrapper\"><p>[vc_row][vc_column][vc_tta_accordion][vc_tta_section title=&#8221;Requerimentos UNICENTRO&#8221; tab_id=&#8221;1525784933741-3dad599a-09e9&#8243;][vc_column_text css=&#8221;&#8221;]<span style=\"font-family: georgia, palatino, serif;font-size: 16px;color: #003366\">\u00bb <a style=\"color: #003366\" href=\"https:\/\/www3.unicentro.br\/ppgesa\/wp-content\/uploads\/sites\/11\/2024\/04\/Requerimento-para-aproveitamento-de-creditos.odt\">Aproveitamento de cr\u00e9ditos (doc. edit\u00e1vel)<\/a><\/span><\/p>\n<p><span style=\"font-family: georgia, palatino, serif;font-size: 16px;color: #003366\">\u00bb <a style=\"color: #003366\" href=\"https:\/\/www3.unicentro.br\/ppgesa\/wp-content\/uploads\/sites\/11\/2024\/04\/Requerimento-para-aproveitamento-de-creditos.pdf\">Aproveitamento de cr\u00e9ditos (pdf.)<\/a><\/span><\/p>\n<p><span style=\"font-size: 16px;color: #003366;font-family: georgia, palatino, serif\"><a style=\"color: #003366\" href=\"https:\/\/www3.unicentro.br\/ppgesa\/wp-content\/uploads\/sites\/11\/2024\/05\/Cancelamento-de-matricula-em-disciplina.doc\">\u00bb Cancelamento de matr\u00edcula em disciplina (doc. edit\u00e1vel)<\/a><\/span><\/p>\n<p><span style=\"font-size: 16px;color: #003366;font-family: georgia, palatino, serif\"><a style=\"color: #003366\" href=\"https:\/\/www3.unicentro.br\/ppgesa\/wp-content\/uploads\/sites\/11\/2025\/08\/Requerimento-para-Defesa-de-Dissertacao-Modelo-UNICENTRO.pdf\">\u00bb <\/a><a style=\"color: #003366\" href=\"https:\/\/www3.unicentro.br\/ppgesa\/wp-content\/uploads\/sites\/11\/2024\/05\/Cancelamento-de-matricula-em-disciplina.pdf\">Cancelamento de matr\u00edcula em disciplina (pdf.)<\/a><\/span><\/p>\n<p><span style=\"font-size: 16px;color: #003366;font-family: georgia, palatino, serif\"><a style=\"color: #003366\" href=\"https:\/\/www3.unicentro.br\/ppgesa\/wp-content\/uploads\/sites\/11\/2025\/08\/Requerimento-para-Defesa-de-Dissertacao-Modelo-UNICENTRO.pdf\">\u00bb <\/a><a style=\"color: #003366\" href=\"https:\/\/www3.unicentro.br\/ppgesa\/wp-content\/uploads\/sites\/11\/2024\/05\/Carta-de-ciencia-do-orientador.docx\">Carta de ci\u00eancia do orientador (doc. edit\u00e1vel)<\/a><\/span><\/p>\n<p><span style=\"font-size: 16px;font-family: georgia, palatino, serif;color: #003366\"><a style=\"color: #003366\" href=\"https:\/\/www3.unicentro.br\/ppgesa\/wp-content\/uploads\/sites\/11\/2025\/08\/Requerimento-para-Defesa-de-Dissertacao-Modelo-UNICENTRO.pdf\">\u00bb <\/a><a style=\"color: #003366\" href=\"https:\/\/www3.unicentro.br\/ppgesa\/wp-content\/uploads\/sites\/11\/2024\/05\/Carta-de-ciencia-do-orientador.pdf\">Carta de ci\u00eancia do orientador (pdf.)<\/a><\/span><\/p>\n<p><span style=\"font-size: 16px;font-family: georgia, palatino, serif;color: #003366\"><a style=\"color: #003366\" href=\"https:\/\/www3.unicentro.br\/ppgesa\/wp-content\/uploads\/sites\/11\/2025\/08\/Requerimento-para-Defesa-de-Dissertacao-Modelo-UNICENTRO.pdf\">\u00bb Defesa de Disserta\u00e7\u00e3o <\/a>\u00a0(pdf.)<\/span><\/p>\n<p><span style=\"font-size: 16px;font-family: georgia, palatino, serif;color: #003366\"><a style=\"color: #003366\" href=\"https:\/\/www3.unicentro.br\/ppgesa\/wp-content\/uploads\/sites\/11\/2025\/08\/Requerimento-para-Defesa-de-Dissertacao-Modelo-UNICENTRO.pdf\">\u00bb <\/a><a style=\"color: #003366\" href=\"https:\/\/www3.unicentro.br\/ppgesa\/wp-content\/uploads\/sites\/11\/2025\/08\/Requerimento-para-Defesa-de-Dissertacao-Modelo-UNICENTRO.docx\">Defesa de Disserta\u00e7\u00e3o <\/a> (doc. edit\u00e1vel)\u00a0<\/span><\/p>\n<p><span style=\"font-size: 16px;color: #003366;font-family: georgia, palatino, serif\"><a style=\"color: #003366\" href=\"https:\/\/www3.unicentro.br\/ppgesa\/wp-content\/uploads\/sites\/11\/2025\/08\/Requerimento-para-Defesa-de-Dissertacao-Modelo-UNICENTRO.pdf\">\u00bb<\/a><a style=\"color: #003366\" href=\"https:\/\/www3.unicentro.br\/ppgesa\/wp-content\/uploads\/sites\/11\/2026\/03\/Requerimento-para-Exame-de-Qualificacao-Modelo-UNICENTRO.docx\">\u00a0Exame de Qualifica\u00e7\u00e3o (doc. edit\u00e1vel)<\/a><\/span><\/p>\n<p><span style=\"font-size: 16px;color: #003366;font-family: georgia, palatino, serif\"><a style=\"color: #003366\" href=\"https:\/\/www3.unicentro.br\/ppgesa\/wp-content\/uploads\/sites\/11\/2025\/08\/Requerimento-para-Defesa-de-Dissertacao-Modelo-UNICENTRO.pdf\">\u00bb <\/a><a style=\"color: #003366\" href=\"https:\/\/www3.unicentro.br\/ppgesa\/wp-content\/uploads\/sites\/11\/2026\/03\/Requerimento-para-Exame-de-Qualificacao-Modelo-UNICENTRO.pdf\">Exame de Qualifica\u00e7\u00e3o (pdf.)<\/a><\/span><\/p>\n<p><span style=\"font-size: 16px;color: #003366;font-family: georgia, palatino, serif\"><a style=\"color: #003366\" href=\"https:\/\/www3.unicentro.br\/ppgesa\/wp-content\/uploads\/sites\/11\/2025\/08\/Requerimento-para-Defesa-de-Dissertacao-Modelo-UNICENTRO.pdf\">\u00bb <\/a><a style=\"color: #003366\" href=\"https:\/\/www3.unicentro.br\/ppgesa\/wp-content\/uploads\/sites\/11\/2024\/04\/Plano-de-Atividades-do-EDM.doc\">Plano de Atividades do EDM (doc. edit\u00e1vel)<\/a><\/span><\/p>\n<p><span style=\"font-size: 16px;color: #003366;font-family: georgia, palatino, serif\"><a style=\"color: #003366\" href=\"https:\/\/www3.unicentro.br\/ppgesa\/wp-content\/uploads\/sites\/11\/2025\/08\/Requerimento-para-Defesa-de-Dissertacao-Modelo-UNICENTRO.pdf\">\u00bb <\/a><a style=\"color: #003366\" href=\"https:\/\/www3.unicentro.br\/ppgesa\/wp-content\/uploads\/sites\/11\/2024\/05\/Requerimento-para-coorientacao.odt\">Requerimento para Coorienta\u00e7\u00e3o (doc. edit\u00e1vel)<\/a><\/span><\/p>\n<p><span style=\"font-size: 16px;font-family: georgia, palatino, serif;color: #003366\"><a style=\"color: #003366\" href=\"https:\/\/www3.unicentro.br\/ppgesa\/wp-content\/uploads\/sites\/11\/2025\/08\/Requerimento-para-Defesa-de-Dissertacao-Modelo-UNICENTRO.pdf\">\u00bb <\/a><a style=\"color: #003366\" href=\"https:\/\/www3.unicentro.br\/ppgesa\/wp-content\/uploads\/sites\/11\/2024\/05\/Requerimento-para-coorientacao.pdf\">Requerimento para Coorienta\u00e7\u00e3o (pdf.)<\/a><\/span><\/p>\n<p><span style=\"font-size: 16px;font-family: georgia, palatino, serif;color: #003366\"><a style=\"color: #003366\" href=\"https:\/\/www3.unicentro.br\/ppgesa\/wp-content\/uploads\/sites\/11\/2025\/08\/Requerimento-para-Defesa-de-Dissertacao-Modelo-UNICENTRO.pdf\">\u00bb <\/a><a style=\"color: #003366\" href=\"https:\/\/www3.unicentro.br\/ppgesa\/wp-content\/uploads\/sites\/11\/2024\/05\/Solicitacao-de-desligamento.pdf\">Solicita\u00e7\u00e3o de Desligamento (pdf.)<\/a> <\/span><\/p>\n<p><span style=\"font-size: 16px;color: #003366;font-family: georgia, palatino, serif\">\u00bb <a style=\"color: #003366\" href=\"https:\/\/www3.unicentro.br\/ppgesa\/wp-content\/uploads\/sites\/11\/2026\/03\/Solicitacao-de-desligamento.odt\">Solicita\u00e7\u00e3o de Desligamento<\/a> (doc. edit\u00e1vel)<\/span><\/p>\n<p><span style=\"font-size: 16px;color: #003366;font-family: georgia, palatino, serif\"><a style=\"color: #003366\" href=\"https:\/\/www3.unicentro.br\/ppgesa\/wp-content\/uploads\/sites\/11\/2025\/08\/Requerimento-para-Defesa-de-Dissertacao-Modelo-UNICENTRO.pdf\">\u00bb <\/a><a style=\"color: #003366\" href=\"https:\/\/www3.unicentro.br\/ppgesa\/wp-content\/uploads\/sites\/11\/2024\/05\/Solicitacao-de-Prorrogacao-de-prazo-para-Defesa.doc\">\u00a0Prorroga\u00e7\u00e3o de prazo para Defesa (doc. edit\u00e1vel)<\/a><\/span><\/p>\n<p><span style=\"font-size: 16px;color: #003366;font-family: georgia, palatino, serif\"><a style=\"color: #003366\" href=\"https:\/\/www3.unicentro.br\/ppgesa\/wp-content\/uploads\/sites\/11\/2025\/08\/Requerimento-para-Defesa-de-Dissertacao-Modelo-UNICENTRO.pdf\">\u00bb<\/a><a style=\"color: #003366\" href=\"https:\/\/www3.unicentro.br\/ppgesa\/wp-content\/uploads\/sites\/11\/2024\/05\/Solicitacao-de-Prorrogacao-de-prazo-para-Defesa.pdf\">\u00a0Prorroga\u00e7\u00e3o de prazo para Defesa (pdf.)<\/a><\/span><\/p>\n<p><span style=\"font-size: 16px;color: #003366;font-family: georgia, palatino, serif\"><a style=\"color: #003366\" href=\"https:\/\/www3.unicentro.br\/ppgesa\/wp-content\/uploads\/sites\/11\/2025\/08\/Requerimento-para-Defesa-de-Dissertacao-Modelo-UNICENTRO.pdf\">\u00bb <\/a><a style=\"color: #003366\" href=\"https:\/\/www3.unicentro.br\/ppgesa\/wp-content\/uploads\/sites\/11\/2024\/05\/Trancamento-de-matricula.doc\">Trancamento de matr\u00edcula no Programa (doc. edit\u00e1vel)<\/a><\/span><\/p>\n<p><span style=\"font-size: 16px;color: #003366;font-family: georgia, palatino, serif\"><a style=\"color: #003366\" href=\"https:\/\/www3.unicentro.br\/ppgesa\/wp-content\/uploads\/sites\/11\/2025\/08\/Requerimento-para-Defesa-de-Dissertacao-Modelo-UNICENTRO.pdf\">\u00bb <\/a><a style=\"color: #003366\" href=\"https:\/\/www3.unicentro.br\/ppgesa\/wp-content\/uploads\/sites\/11\/2024\/05\/Trancamento-de-matricula.pdf\">Trancamento de matr\u00edcula no Programa (pdf.)<\/a><\/span><\/p>\n<p><span style=\"font-size: 16px;color: #003366;font-family: georgia, palatino, serif\"><a style=\"color: #003366\" href=\"https:\/\/www3.unicentro.br\/ppgesa\/wp-content\/uploads\/sites\/11\/2024\/05\/Requerimento-para-troca-de-orientador.odt\">\u00bb Troca de orientador (doc. edit\u00e1vel)<\/a><\/span><\/p>\n<p><span style=\"font-family: georgia, palatino, serif;font-size: 16px;color: #003366\"><a style=\"color: #003366\" href=\"https:\/\/www3.unicentro.br\/ppgesa\/wp-content\/uploads\/sites\/11\/2024\/05\/Requerimento-para-troca-de-orientador.pdf\">\u00bb Troca de orientador (pdf.)<\/a><\/span>[\/vc_column_text][\/vc_tta_section][vc_tta_section title=&#8221;Formul\u00e1rios UEPG&#8221; tab_id=&#8221;1528986024649-cffdc3c3-108a&#8221;][vc_column_text]<span style=\"font-family: 'arial black', sans-serif\"><a href=\"https:\/\/www3.unicentro.br\/ppgesa\/wp-content\/uploads\/sites\/11\/2018\/06\/Requerimento-de-Defesa-de-Mestrado-UEPG.doc\">Requerimento de Defesa de Mestrado<\/a><\/span><\/p>\n<p><a href=\"https:\/\/sistemas.uepg.br\/producao\/pro-reitorias\/propesp\/posgraduacao\/stricto\/inicioInscricao.php\"><span style=\"font-family: 'arial black', sans-serif\">Formul\u00e1rio de inscri\u00e7\u00e3o on-line<\/span><\/a>[\/vc_column_text][\/vc_tta_section][\/vc_tta_accordion][\/vc_column][\/vc_row][vc_row][vc_column][\/vc_column][\/vc_row]<\/p>\n<\/div>","protected":false},"excerpt":{"rendered":"<p>[vc_row][vc_column][vc_tta_accordion][vc_tta_section title=&#8221;Requerimentos UNICENTRO&#8221; tab_id=&#8221;1525784933741-3dad599a-09e9&#8243;][vc_column_text css=&#8221;&#8221;]\u00bb Aproveitamento de cr\u00e9ditos (doc. edit\u00e1vel) \u00bb Aproveitamento de cr\u00e9ditos (pdf.) \u00bb Cancelamento de matr\u00edcula em disciplina (doc. edit\u00e1vel) \u00bb Cancelamento de matr\u00edcula em disciplina (pdf.) \u00bb Carta de ci\u00eancia do orientador (doc. edit\u00e1vel) \u00bb Carta de ci\u00eancia do orientador (pdf.) \u00bb Defesa de Disserta\u00e7\u00e3o \u00a0(pdf.) \u00bb Defesa de Disserta\u00e7\u00e3o (doc. [&hellip;]<\/p>\n","protected":false},"author":3,"featured_media":0,"parent":0,"menu_order":0,"comment_status":"closed","ping_status":"closed","template":"","meta":{"_exactmetrics_skip_tracking":false,"_exactmetrics_sitenote_active":false,"_exactmetrics_sitenote_note":"","_exactmetrics_sitenote_category":0,"footnotes":"","_links_to":"","_links_to_target":""},"class_list":["post-27","page","type-page","status-publish","hentry"],"publishpress_future_action":{"enabled":false,"date":"2026-04-18 09:29:29","action":"change-status","newStatus":"draft","terms":[],"taxonomy":"","extraData":[]},"publishpress_future_workflow_manual_trigger":{"enabledWorkflows":[]},"_links":{"self":[{"href":"https:\/\/www3.unicentro.br\/ppgesa\/wp-json\/wp\/v2\/pages\/27","targetHints":{"allow":["GET"]}}],"collection":[{"href":"https:\/\/www3.unicentro.br\/ppgesa\/wp-json\/wp\/v2\/pages"}],"about":[{"href":"https:\/\/www3.unicentro.br\/ppgesa\/wp-json\/wp\/v2\/types\/page"}],"author":[{"embeddable":true,"href":"https:\/\/www3.unicentro.br\/ppgesa\/wp-json\/wp\/v2\/users\/3"}],"replies":[{"embeddable":true,"href":"https:\/\/www3.unicentro.br\/ppgesa\/wp-json\/wp\/v2\/comments?post=27"}],"version-history":[{"count":3,"href":"https:\/\/www3.unicentro.br\/ppgesa\/wp-json\/wp\/v2\/pages\/27\/revisions"}],"predecessor-version":[{"id":3872,"href":"https:\/\/www3.unicentro.br\/ppgesa\/wp-json\/wp\/v2\/pages\/27\/revisions\/3872"}],"wp:attachment":[{"href":"https:\/\/www3.unicentro.br\/ppgesa\/wp-json\/wp\/v2\/media?parent=27"}],"curies":[{"name":"wp","href":"https:\/\/api.w.org\/{rel}","templated":true}]}}