{"id":179,"date":"2017-07-10T14:47:14","date_gmt":"2017-07-10T17:47:14","guid":{"rendered":"https:\/\/www3.unicentro.br\/ppgesa\/?page_id=179"},"modified":"2025-08-22T14:41:07","modified_gmt":"2025-08-22T17:41:07","slug":"coordenacao","status":"publish","type":"page","link":"https:\/\/www3.unicentro.br\/ppgesa\/apresentacao\/coordenacao\/","title":{"rendered":"Coordena\u00e7\u00e3o"},"content":{"rendered":"<div class=\"wpb-content-wrapper\"><p>[vc_row][vc_column][vc_column_text css=&#8221;&#8221;]<span style=\"color: #000000;font-size: 14pt;font-family: tahoma, arial, helvetica, sans-serif\">O Programa de P\u00f3s-Gradua\u00e7\u00e3o em Engenharia Sanit\u00e1ria e Ambiental \u00e9 administrado pelo Coordenador e<br \/>\nVice-Coordenador de cada IES, e as delibera\u00e7\u00f5es s\u00e3o tomadas pelo Colegiado Geral.<\/span><\/p>\n<p>&nbsp;<\/p>\n<p align=\"left\"><span style=\"font-size: 14pt;font-family: tahoma, arial, helvetica, sans-serif\"><strong><span style=\"color: #000000\">UNICENTRO &#8211; mandato de 01\/07<span style=\"font-size: 14pt;font-family: tahoma, arial, helvetica, sans-serif;background-color: #ffffff\">\/2025 a 30\/06\/2027<\/span><br \/>\n<\/span><\/strong><\/span><span style=\"font-size: 14pt;font-family: tahoma, arial, helvetica, sans-serif\"><span style=\"color: #000000\">Coordena\u00e7\u00e3o: Prof. Dr. Carlos Magno de Sousa Vidal<\/span><span style=\"color: #000000\"><br \/>\n<\/span><\/span><span style=\"font-size: 14pt;font-family: tahoma, arial, helvetica, sans-serif\"><span style=\"color: #000000\">Vice-Coordena\u00e7\u00e3o: Prof\u00aa Dra. Ana Carolina Barbosa Kummer<\/span><span style=\"color: #000000\"><br \/>\n<\/span><\/span><\/p>\n<p align=\"left\"><span style=\"font-size: 14pt;font-family: tahoma, arial, helvetica, sans-serif;color: #000000\"><strong><br \/>\nUEPG<\/strong><br \/>\nCoordena\u00e7\u00e3o: <span lang=\"pt-BR\">Prof. Dr. Carlos Emmanuel Ribeiro Lautenschl\u00e4ger<\/span><span lang=\"pt-BR\"><br \/>\nVice-Coordena\u00e7\u00e3o: Prof\u00aa Dra. Giovana K\u00e1tie Wiecheteck<\/span><\/span><\/p>\n<hr \/>\n<hr \/>\n<p align=\"left\"><span style=\"font-size: 14pt;font-family: tahoma, arial, helvetica, sans-serif;background-color: #ffffff;color: #000000\"><strong>Membros do Colegiado\u00a0<\/strong><\/span><\/p>\n<p align=\"left\"><span style=\"color: #000000\"><span style=\"font-size: 14pt;font-family: tahoma, arial, helvetica, sans-serif\"><br \/>\n<strong>UNICENTRO &#8211; vig\u00eancia de junho\/<span style=\"font-size: 14pt;font-family: tahoma, arial, helvetica, sans-serif;background-color: #ffffff\">2025 a junho\/2027<\/span><\/strong><br \/>\nPresidente: Prof. Dr. Carlos Magno de Sousa Vidal<span lang=\"pt-BR\"><br \/>\n<\/span><span lang=\"pt-BR\">Vice-Presidente: Prof\u00aa Dra. Ana Carolina Barbosa Kummer<br \/>\nMembros: <\/span><\/span><span style=\"font-size: 14pt;font-family: tahoma, arial, helvetica, sans-serif\"><span lang=\"pt-BR\">Prof\u00aa Dra. Jeanette Beber de Souza<br \/>\n<\/span><\/span><span style=\"font-size: 14pt;font-family: tahoma, arial, helvetica, sans-serif\"><span lang=\"pt-BR\"><span style=\"font-size: 14pt;font-family: tahoma, arial, helvetica, sans-serif\">\u00a0 \u00a0 \u00a0 \u00a0 \u00a0 \u00a0 \u00a0 \u00a0Prof\u00aa Tatiane Bonametti Veiga<\/span><br \/>\nRepresentante Discente: : Juliana Caroline Bonete (vig\u00eancia 01\/07\/2025 a 30\/06\/2026)<\/span><\/span><\/span><\/p>\n<p>&nbsp;<\/p>\n<p><span style=\"color: #000000\"><span style=\"font-family: tahoma, arial, helvetica, sans-serif;font-size: 14pt\"><strong><span lang=\"pt-BR\">UEPG:<br \/>\n<\/span><\/strong><\/span><span style=\"font-size: 18px\"><span style=\"font-family: tahoma, arial, helvetica, sans-serif\"><span lang=\"pt-BR\">Presidente: <span style=\"font-size: 14pt;font-family: tahoma, arial, helvetica, sans-serif\">Prof. Dr. Carlos Emmanuel Ribeiro Lautenschl\u00e4ger<br \/>\n<\/span><\/span><span lang=\"pt-BR\">Vice-Presidente: <span style=\"font-size: 14pt;font-family: tahoma, arial, helvetica, sans-serif\">Prof\u00aa Dra. Giovana K\u00e1tie Wiecheteck<\/span><\/span><span lang=\"pt-BR\"><br \/>\n<\/span><span lang=\"pt-BR\">Membros: Prof. Dr. Guilherme Araujo Vuitik<br \/>\n<\/span>\u00a0 \u00a0 \u00a0 \u00a0 \u00a0 \u00a0 \u00a0 \u00a0Prof\u00aa Dra. Ana Cl\u00e1udia Barana\u00a0<\/span><span style=\"font-family: tahoma, arial, helvetica, sans-serif\"><br \/>\n<span lang=\"pt-BR\">Representante Discente: <\/span><span lang=\"pt-BR\">Flavia Alessandra Miketen (titular)<br \/>\n<\/span><\/span><\/span><\/span><span style=\"font-family: tahoma, arial, helvetica, sans-serif;font-size: 14pt\"><span lang=\"pt-BR\" style=\"font-size: 18px;color: #000000\"><span style=\"font-family: tahoma, arial, helvetica, sans-serif\">\u00a0 \u00a0 \u00a0 \u00a0 \u00a0 \u00a0 \u00a0 \u00a0 \u00a0 \u00a0 \u00a0 \u00a0 \u00a0 \u00a0 \u00a0 \u00a0 \u00a0 Lilian Rodrigues Lopes (suplente)<\/span><\/span><span style=\"color: #000000\"><span lang=\"pt-BR\"><br \/>\n<\/span><\/span><\/span><span style=\"font-family: tahoma, arial, helvetica, sans-serif;font-size: 14pt\"><span style=\"color: #000000\"><br \/>\n<\/span><\/span><\/p>\n<hr \/>\n<hr \/>\n<p align=\"left\"><span style=\"font-size: 14pt;font-family: tahoma, arial, helvetica, sans-serif\"><span style=\"color: #000000\"><strong>Secret\u00e1ria Executiva:<\/strong> \u00a0<\/span><span style=\"color: #000000\">Joelma Fedalto Vitor Ferreira (UNICENTRO)<\/span><\/span><\/p>\n<p>[\/vc_column_text][\/vc_column][\/vc_row]<\/p>\n<\/div>","protected":false},"excerpt":{"rendered":"<p>[vc_row][vc_column][vc_column_text css=&#8221;&#8221;]O Programa de P\u00f3s-Gradua\u00e7\u00e3o em Engenharia Sanit\u00e1ria e Ambiental \u00e9 administrado pelo Coordenador e Vice-Coordenador de cada IES, e as delibera\u00e7\u00f5es s\u00e3o tomadas pelo Colegiado Geral. &nbsp; UNICENTRO &#8211; mandato de 01\/07\/2025 a 30\/06\/2027 Coordena\u00e7\u00e3o: Prof. Dr. Carlos Magno de Sousa Vidal Vice-Coordena\u00e7\u00e3o: Prof\u00aa Dra. Ana Carolina Barbosa Kummer UEPG Coordena\u00e7\u00e3o: Prof. Dr. Carlos [&hellip;]<\/p>\n","protected":false},"author":6,"featured_media":0,"parent":172,"menu_order":0,"comment_status":"closed","ping_status":"closed","template":"","meta":{"_exactmetrics_skip_tracking":false,"_exactmetrics_sitenote_active":false,"_exactmetrics_sitenote_note":"","_exactmetrics_sitenote_category":0,"footnotes":"","_links_to":"","_links_to_target":""},"class_list":["post-179","page","type-page","status-publish","hentry"],"publishpress_future_action":{"enabled":false,"date":"2026-04-13 11:04:48","action":"change-status","newStatus":"draft","terms":[],"taxonomy":"","extraData":[]},"publishpress_future_workflow_manual_trigger":{"enabledWorkflows":[]},"_links":{"self":[{"href":"https:\/\/www3.unicentro.br\/ppgesa\/wp-json\/wp\/v2\/pages\/179","targetHints":{"allow":["GET"]}}],"collection":[{"href":"https:\/\/www3.unicentro.br\/ppgesa\/wp-json\/wp\/v2\/pages"}],"about":[{"href":"https:\/\/www3.unicentro.br\/ppgesa\/wp-json\/wp\/v2\/types\/page"}],"author":[{"embeddable":true,"href":"https:\/\/www3.unicentro.br\/ppgesa\/wp-json\/wp\/v2\/users\/6"}],"replies":[{"embeddable":true,"href":"https:\/\/www3.unicentro.br\/ppgesa\/wp-json\/wp\/v2\/comments?post=179"}],"version-history":[{"count":2,"href":"https:\/\/www3.unicentro.br\/ppgesa\/wp-json\/wp\/v2\/pages\/179\/revisions"}],"predecessor-version":[{"id":3533,"href":"https:\/\/www3.unicentro.br\/ppgesa\/wp-json\/wp\/v2\/pages\/179\/revisions\/3533"}],"up":[{"embeddable":true,"href":"https:\/\/www3.unicentro.br\/ppgesa\/wp-json\/wp\/v2\/pages\/172"}],"wp:attachment":[{"href":"https:\/\/www3.unicentro.br\/ppgesa\/wp-json\/wp\/v2\/media?parent=179"}],"curies":[{"name":"wp","href":"https:\/\/api.w.org\/{rel}","templated":true}]}}