{"id":175,"date":"2017-07-10T14:46:44","date_gmt":"2017-07-10T17:46:44","guid":{"rendered":"https:\/\/www3.unicentro.br\/ppgesa\/?page_id=175"},"modified":"2023-07-13T16:45:22","modified_gmt":"2023-07-13T19:45:22","slug":"historico","status":"publish","type":"page","link":"https:\/\/www3.unicentro.br\/ppgesa\/apresentacao\/historico\/","title":{"rendered":"Hist\u00f3rico"},"content":{"rendered":"<p style=\"text-align: justify\"><span style=\"color: #000000;font-size: 12pt;font-family: verdana, geneva, sans-serif\"><strong>UEPG<\/strong><br \/>\n<\/span><\/p>\n<p style=\"text-align: justify\"><span style=\"font-family: verdana, geneva, sans-serif;font-size: 12pt\">A Universidade Estadual de Ponta Grossa (UEPG) nos seus 48 anos de consolida\u00e7\u00e3o como universidade, vem desenvolvendo ensinos de gradua\u00e7\u00e3o e de p\u00f3s-gradua\u00e7\u00e3o, nas mais variadas \u00e1reas de conhecimento, oportunizando a inser\u00e7\u00e3o profissional nos diversos setores de atua\u00e7\u00e3o, estimulando o exerc\u00edcio da investiga\u00e7\u00e3o e a educa\u00e7\u00e3o continuada. A UEPG est\u00e1 voltada para a forma\u00e7\u00e3o de profissionais e lideran\u00e7as, visando o desenvolvimento da ci\u00eancia, da tecnologia e da cultura fundamentado no contexto regional e mundial. No in\u00edcio da d\u00e9cada de 1970, percebeu-se a demanda local e regional por um Curso na \u00e1rea de Engenharia, sendo criado o Curso de Engenharia Civil. O Curso cresceu junto com a Universidade, sempre em sintonia com as tend\u00eancias e objetivos institucionais. A UEPG e o Curso de Engenharia Civil recebem estudantes de v\u00e1rias cidades que comp\u00f5em a Regi\u00e3o dos Campos Gerais, cuja cidade-p\u00f3lo \u00e9 Ponta Grossa, al\u00e9m de atrair estudantes de outras regi\u00f5es pela qualidade dos cursos oferecidos. Os Campos Gerais situam-se na por\u00e7\u00e3o Centro Leste do Estado do Paran\u00e1, incluindo as mesorregi\u00f5es Centro Oriental e Sudeste Paranaense, abrangendo pelo menos parte de 22 munic\u00edpios, com 11.761,41 km\u00b2 de extens\u00e3o e popula\u00e7\u00e3o total de aproximadamente 1 milh\u00e3o de habitantes, a regi\u00e3o se destaca pelas riquezas naturais e pela economia diversificada, sendo os setores madeireiro, metal mec\u00e2nico e agropecu\u00e1rio de grande import\u00e2ncia para o crescimento socioecon\u00f4mico da regi\u00e3o.<\/span><\/p>\n<p style=\"text-align: justify\"><span style=\"font-family: verdana, geneva, sans-serif;font-size: 12pt\">Desde 1998, a UEPG vem promovendo o Curso de Especializa\u00e7\u00e3o em Gest\u00e3o Ambiental, tendo como proponentes o Departamento de Engenharia Civil e o N\u00facleo de Estudos em Meio Ambiente (NUCLEAM), com mais de 100 especialistas formados. A experi\u00eancia obtida com a forma\u00e7\u00e3o de Especialistas em Gest\u00e3o Ambiental nas primeiras 6 edi\u00e7\u00f5es do curso que teve o apoio e parceria do SENAI\/CETSAM, contribuiu para a forma\u00e7\u00e3o t\u00e9cnico-cient\u00edfica de recursos humanos na \u00e1rea ambiental para atuarem nos diversos segmentos da sociedade. Em paralelo \u00e0 7\u00aa edi\u00e7\u00e3o do curso, foi ofertada uma turma especial em Gest\u00e3o Ambiental no Setor Rodovi\u00e1rio envolvendo profissionais do Departamento de Estradas de Rodagem do Paran\u00e1 (DER-PR), na qual adotou-se a metodologia de ensino semi-presencial com a utiliza\u00e7\u00e3o da Plataforma de Ensino E-Proinfo. Foi uma experi\u00eancia v\u00e1lida sob o aspecto de desenvolvimento da pr\u00e1tica computacional aplicada aos cursos semi-presenciais, e pela agilidade de comunica\u00e7\u00e3o entre professores e alunos. Com a demanda de profissionais na \u00e1rea, ap\u00f3s a 8\u00aa edi\u00e7\u00e3o do curso (concluinte em 2009), comprovou-se a efetividade e necessidade de cursos de forma\u00e7\u00e3o aprofundados para profissionais na \u00e1rea ambiental que se formam nesta regi\u00e3o.<\/span><\/p>\n<p style=\"text-align: justify\"><span style=\"color: #000000;font-size: 12pt;font-family: verdana, geneva, sans-serif\"><strong>\u00a0UNICENTRO<\/strong><\/span><\/p>\n<p style=\"text-align: justify\"><span style=\"font-family: verdana, geneva, sans-serif;font-size: 12pt\">Criada em 1990 e reconhecida em 1997, a UNICENTRO \u00e9 uma das mais jovens universidades do sistema estadual de ensino superior do Paran\u00e1 e teve at\u00e9 2003, um r\u00e1pido e amplo processo de crescimento horizontal, ampliando significativamente a oferta de vagas na gradua\u00e7\u00e3o. Este fator foi extremamente importante para o atendimento das demandas das regi\u00f5es Centro-Oeste e Centro-Sul do Paran\u00e1 onde ela atua e \u00e0 sua pr\u00f3pria consolida\u00e7\u00e3o como IES.<\/span><\/p>\n<p style=\"text-align: justify\"><span style=\"color: #000000;font-size: 12pt;font-family: verdana, geneva, sans-serif\">\u00a0 \u00a0A estrutura multicampi da UNICENTRO projeta sua atua\u00e7\u00e3o para 51 munic\u00edpios, para uma popula\u00e7\u00e3o de mais de 1 milh\u00e3o de habitantes, nas regi\u00f5es Centro-Oeste e Centro-Sul paranaense. A institui\u00e7\u00e3o conta hoje com 36 cursos de gradua\u00e7\u00e3o, 23 cursos de especializa\u00e7\u00e3o <i>lato sensu<\/i>, 16 cursos de mestrado, 5 cursos de doutorado.<\/span><\/p>\n<p style=\"text-align: justify\" align=\"left\"><span style=\"font-family: verdana, geneva, sans-serif;font-size: 12pt\"><span style=\"color: #000000\">\u00a0 \u00a0Esse crescimento da institui\u00e7\u00e3o proporcionou uma amplia\u00e7\u00e3o dos recursos humanos com a incorpora\u00e7\u00e3o de professores qualificados, conduzindo a UNICENTRO a vislumbrar novos desafios em dire\u00e7\u00e3o \u00e0 P\u00f3s-Gradua\u00e7\u00e3o Stricto Sensu e consequentemente \u00e0 consolida\u00e7\u00e3o de grupos de pesquisa.<\/span><span style=\"color: #000000\">\u00a0O Curso de Engenharia Ambiental da UNICENTRO foi criado em dezembro de 2002, e o Mestrado em Engenharia Sanit\u00e1ria e Ambiental em 2013.<\/span><\/span><\/p>\n<p style=\"text-align: justify\"><span style=\"font-family: verdana, geneva, sans-serif;font-size: 12pt\"><strong>Cria\u00e7\u00e3o do Programa de P\u00f3s-Gradua\u00e7\u00e3o:\u00a0<\/strong><\/span><\/p>\n<p style=\"text-align: justify\"><span style=\"font-family: verdana, geneva, sans-serif;font-size: 12pt\">A iniciativa da cria\u00e7\u00e3o de um programa de p\u00f3s-gradua\u00e7\u00e3o em Engenharia Sanit\u00e1ria e Ambiental pelo conv\u00eanio de Associa\u00e7\u00e3o Ampla entre a UNICENTRO e a UEPG, partiu do entendimento entre os grupos de pesquisa na \u00e1rea ambiental das duas institui\u00e7\u00f5es, associado ao crescente desenvolvimento das mesmas. Essa iniciativa foi estimulada pelo planejamento administrativo e coopera\u00e7\u00e3o entre os Departamentos, de Ambiental \u2013 UNICENTRO e Engenharia Civil \u2013 UEPG, visto que h\u00e1 infraestrutura instalada adequada e necess\u00e1ria \u00e0s atividades de pesquisa e doc\u00eancia. A implanta\u00e7\u00e3o do Mestrado veio de encontro \u00e0 orienta\u00e7\u00e3o acad\u00eamica das duas Institui\u00e7\u00f5es, que visa atender \u00e0s demandas coletivas da sociedade, gerando conhecimento de alto n\u00edvel e consolidando sua posi\u00e7\u00e3o de respons\u00e1vel pelo desenvolvimento socioambiental da regi\u00e3o. Aliado a esse objetivo, o programa tem contribu\u00eddo para o pr\u00f3prio desenvolvimento das duas institui\u00e7\u00f5es, uma vez que fomenta a pesquisa na \u00e1rea ambiental. O Programa de P\u00f3s-Gradua\u00e7\u00e3o em Engenharia Sanit\u00e1ria e Ambiental (PPGESA) est\u00e1 fortalecendo os grupos de pesquisa, com a aprova\u00e7\u00e3o de projetos financiados por Institui\u00e7\u00f5es de fomento, possibilitando a melhoria das estruturas laboratoriais e tornando as Institui\u00e7\u00f5es Centros de Refer\u00eancia na \u00e1rea de Engenharia Sanit\u00e1ria e Ambiental, no Paran\u00e1.<\/span><\/p>\n<p style=\"text-align: justify\"><span style=\"color: #000000;font-size: 12pt;font-family: verdana, geneva, sans-serif\">\u00a0 \u00a0O programa desde seu in\u00edcio evoluiu, especialmente no que se refere \u00e0 qualidade das pesquisas realizadas, possibilitando a abertura de novas tem\u00e1ticas na \u00e1rea da Engenharia sanit\u00e1ria e ambiental, visando o aprimoramento de tecnologias para a melhor qualidade de vida e com menores impactos negativos ao ambiente.<\/span><\/p>\n","protected":false},"excerpt":{"rendered":"<p>UEPG A Universidade Estadual de Ponta Grossa (UEPG) nos seus 48 anos de consolida\u00e7\u00e3o como universidade, vem desenvolvendo ensinos de gradua\u00e7\u00e3o e de p\u00f3s-gradua\u00e7\u00e3o, nas mais variadas \u00e1reas de conhecimento, oportunizando a inser\u00e7\u00e3o profissional nos diversos setores de atua\u00e7\u00e3o, estimulando o exerc\u00edcio da investiga\u00e7\u00e3o e a educa\u00e7\u00e3o continuada. A UEPG est\u00e1 voltada para a forma\u00e7\u00e3o [&hellip;]<\/p>\n","protected":false},"author":6,"featured_media":0,"parent":172,"menu_order":0,"comment_status":"closed","ping_status":"closed","template":"","meta":{"_exactmetrics_skip_tracking":false,"_exactmetrics_sitenote_active":false,"_exactmetrics_sitenote_note":"","_exactmetrics_sitenote_category":0,"footnotes":"","_links_to":"","_links_to_target":""},"class_list":["post-175","page","type-page","status-publish","hentry"],"publishpress_future_action":{"enabled":false,"date":"2026-04-13 05:20:05","action":"change-status","newStatus":"draft","terms":[],"taxonomy":"","extraData":[]},"publishpress_future_workflow_manual_trigger":{"enabledWorkflows":[]},"_links":{"self":[{"href":"https:\/\/www3.unicentro.br\/ppgesa\/wp-json\/wp\/v2\/pages\/175","targetHints":{"allow":["GET"]}}],"collection":[{"href":"https:\/\/www3.unicentro.br\/ppgesa\/wp-json\/wp\/v2\/pages"}],"about":[{"href":"https:\/\/www3.unicentro.br\/ppgesa\/wp-json\/wp\/v2\/types\/page"}],"author":[{"embeddable":true,"href":"https:\/\/www3.unicentro.br\/ppgesa\/wp-json\/wp\/v2\/users\/6"}],"replies":[{"embeddable":true,"href":"https:\/\/www3.unicentro.br\/ppgesa\/wp-json\/wp\/v2\/comments?post=175"}],"version-history":[{"count":0,"href":"https:\/\/www3.unicentro.br\/ppgesa\/wp-json\/wp\/v2\/pages\/175\/revisions"}],"up":[{"embeddable":true,"href":"https:\/\/www3.unicentro.br\/ppgesa\/wp-json\/wp\/v2\/pages\/172"}],"wp:attachment":[{"href":"https:\/\/www3.unicentro.br\/ppgesa\/wp-json\/wp\/v2\/media?parent=175"}],"curies":[{"name":"wp","href":"https:\/\/api.w.org\/{rel}","templated":true}]}}