{"id":15,"date":"2017-05-12T10:38:59","date_gmt":"2017-05-12T13:38:59","guid":{"rendered":"https:\/\/www3.unicentro.br\/ppgesa\/?page_id=15"},"modified":"2017-08-25T15:04:57","modified_gmt":"2017-08-25T18:04:57","slug":"linhas-de-pesquisa","status":"publish","type":"page","link":"https:\/\/www3.unicentro.br\/ppgesa\/linhas-de-pesquisa\/","title":{"rendered":"Linhas de Pesquisa"},"content":{"rendered":"<p align=\"justify\"><span style=\"font-size: 14pt;background-color: #ffffff\"><i><u>Linha de Pesquisa 1<\/u><\/i>: \u00a0\u00a0<b>Recursos H\u00eddricos e Meio Ambiente<\/b><\/span><\/p>\n<p align=\"justify\"><span style=\"font-size: 14pt;background-color: #ffffff\">O objetivo da linha de pesquisa Recursos H\u00eddricos e Meio Ambiente \u00e9 o estudo de instrumentos, processos, m\u00e9todos e pol\u00edticas atrav\u00e9s de a\u00e7\u00e3o multidisciplinar, buscando o uso qualitativo e quantitativo dos recursos h\u00eddricos em harmonia com a preserva\u00e7\u00e3o do meio ambiente, bem como o desenvolvimento e a aplica\u00e7\u00e3o de metodologias para monitoramento e de modelagem quantitativa e qualitativa para o aproveitamento integrado dos recursos h\u00eddricos. Estudos sobre qualidade do ar em processos industriais e as quest\u00f5es geol\u00f3gicas e processos erosivos, visando o controle da qualidade ambiental, ser\u00e3o contempladas nessa linha de pesquisa.<\/p>\n<p><\/span><\/p>\n<p align=\"justify\"><span style=\"font-size: 14pt;background-color: #ffffff\"><i><u>Linha de Pesquisa 2<\/u><\/i>: \u00a0<b>Tratamento de \u00c1gua de Abastecimento e \u00c1guas Residu\u00e1rias<\/b><\/span><\/p>\n<p align=\"justify\"><span style=\"font-size: 14pt;background-color: #ffffff\">A linha de pesquisa em Tratamento de \u00c1gua de Abastecimento e \u00c1guas Residu\u00e1rias tem por objetivo desenvolver e aplicar tecnologias e processos visando a melhoria de projetos e opera\u00e7\u00e3o das unidades de tratamento de \u00e1gua de abastecimento, \u00e1guas residu\u00e1rias e efluentes industriais, bem como a manuten\u00e7\u00e3o do equil\u00edbrio e controle da qualidade ambiental.<\/span><\/p>\n<p align=\"justify\"><span style=\"background-color: #ccffff\">\u00a0<\/span><\/p>\n","protected":false},"excerpt":{"rendered":"<p>Linha de Pesquisa 1: \u00a0\u00a0Recursos H\u00eddricos e Meio Ambiente O objetivo da linha de pesquisa Recursos H\u00eddricos e Meio Ambiente \u00e9 o estudo de instrumentos, processos, m\u00e9todos e pol\u00edticas atrav\u00e9s de a\u00e7\u00e3o multidisciplinar, buscando o uso qualitativo e quantitativo dos recursos h\u00eddricos em harmonia com a preserva\u00e7\u00e3o do meio ambiente, bem como o desenvolvimento e [&hellip;]<\/p>\n","protected":false},"author":3,"featured_media":0,"parent":0,"menu_order":0,"comment_status":"closed","ping_status":"closed","template":"","meta":{"_exactmetrics_skip_tracking":false,"_exactmetrics_sitenote_active":false,"_exactmetrics_sitenote_note":"","_exactmetrics_sitenote_category":0,"footnotes":"","_links_to":"","_links_to_target":""},"class_list":["post-15","page","type-page","status-publish","hentry"],"publishpress_future_action":{"enabled":false,"date":"2026-04-13 13:50:42","action":"change-status","newStatus":"draft","terms":[],"taxonomy":"","extraData":[]},"publishpress_future_workflow_manual_trigger":{"enabledWorkflows":[]},"_links":{"self":[{"href":"https:\/\/www3.unicentro.br\/ppgesa\/wp-json\/wp\/v2\/pages\/15","targetHints":{"allow":["GET"]}}],"collection":[{"href":"https:\/\/www3.unicentro.br\/ppgesa\/wp-json\/wp\/v2\/pages"}],"about":[{"href":"https:\/\/www3.unicentro.br\/ppgesa\/wp-json\/wp\/v2\/types\/page"}],"author":[{"embeddable":true,"href":"https:\/\/www3.unicentro.br\/ppgesa\/wp-json\/wp\/v2\/users\/3"}],"replies":[{"embeddable":true,"href":"https:\/\/www3.unicentro.br\/ppgesa\/wp-json\/wp\/v2\/comments?post=15"}],"version-history":[{"count":0,"href":"https:\/\/www3.unicentro.br\/ppgesa\/wp-json\/wp\/v2\/pages\/15\/revisions"}],"wp:attachment":[{"href":"https:\/\/www3.unicentro.br\/ppgesa\/wp-json\/wp\/v2\/media?parent=15"}],"curies":[{"name":"wp","href":"https:\/\/api.w.org\/{rel}","templated":true}]}}