{"id":13,"date":"2017-05-12T10:37:25","date_gmt":"2017-05-12T13:37:25","guid":{"rendered":"https:\/\/www3.unicentro.br\/ppgesa\/?page_id=13"},"modified":"2017-07-10T14:44:31","modified_gmt":"2017-07-10T17:44:31","slug":"area-de-concentracao","status":"publish","type":"page","link":"https:\/\/www3.unicentro.br\/ppgesa\/area-de-concentracao\/","title":{"rendered":"\u00c1rea de Concentra\u00e7\u00e3o"},"content":{"rendered":"<p align=\"justify\"><span style=\"font-size: 14pt;font-family: tahoma, arial, helvetica, sans-serif\"><i><u>\u00c1rea de Concentra\u00e7\u00e3o:<\/u><\/i> <b>Saneamento Ambiental e Recursos H\u00eddricos<\/b><\/span><\/p>\n<p align=\"justify\"><span style=\"font-size: 12pt;font-family: georgia, palatino, serif\"><span style=\"font-family: tahoma, arial, helvetica, sans-serif\">A \u00e1rea de concentra\u00e7\u00e3o em Saneamento Ambiental e Recursos H\u00eddricos t\u00eam por objetivo a forma\u00e7\u00e3o de pessoal em n\u00edvel de p\u00f3s-gradua\u00e7\u00e3o, como mecanismo para apoiar o desenvolvimento regional e nacional, em sustenta\u00e7\u00e3o do processo de gest\u00e3o de recursos h\u00eddricos, de acordo com o que preconiza a legisla\u00e7\u00e3o, no campo do saneamento ambiental e dos recursos h\u00eddricos. \u00c9 voltada ao aprimoramento de instrumentos de gest\u00e3o e ao aproveitamento dos recursos h\u00eddricos em obras de saneamento, em bacias hidrogr\u00e1ficas e desenvolve suas atividades atrav\u00e9s de duas linhas de pesquisa: (a) Recursos H\u00eddricos e Meio Ambiente; (b) Tratamento de \u00c1gua de Abastecimento e \u00c1guas Residu\u00e1rias.<\/span><br \/>\n<\/span><\/p>\n<p align=\"justify\">\n","protected":false},"excerpt":{"rendered":"<p>\u00c1rea de Concentra\u00e7\u00e3o: Saneamento Ambiental e Recursos H\u00eddricos A \u00e1rea de concentra\u00e7\u00e3o em Saneamento Ambiental e Recursos H\u00eddricos t\u00eam por objetivo a forma\u00e7\u00e3o de pessoal em n\u00edvel de p\u00f3s-gradua\u00e7\u00e3o, como mecanismo para apoiar o desenvolvimento regional e nacional, em sustenta\u00e7\u00e3o do processo de gest\u00e3o de recursos h\u00eddricos, de acordo com o que preconiza a legisla\u00e7\u00e3o, [&hellip;]<\/p>\n","protected":false},"author":3,"featured_media":0,"parent":0,"menu_order":0,"comment_status":"closed","ping_status":"closed","template":"","meta":{"_exactmetrics_skip_tracking":false,"_exactmetrics_sitenote_active":false,"_exactmetrics_sitenote_note":"","_exactmetrics_sitenote_category":0,"footnotes":"","_links_to":"","_links_to_target":""},"class_list":["post-13","page","type-page","status-publish","hentry"],"publishpress_future_action":{"enabled":false,"date":"2026-04-13 05:20:35","action":"change-status","newStatus":"draft","terms":[],"taxonomy":"","extraData":[]},"publishpress_future_workflow_manual_trigger":{"enabledWorkflows":[]},"_links":{"self":[{"href":"https:\/\/www3.unicentro.br\/ppgesa\/wp-json\/wp\/v2\/pages\/13","targetHints":{"allow":["GET"]}}],"collection":[{"href":"https:\/\/www3.unicentro.br\/ppgesa\/wp-json\/wp\/v2\/pages"}],"about":[{"href":"https:\/\/www3.unicentro.br\/ppgesa\/wp-json\/wp\/v2\/types\/page"}],"author":[{"embeddable":true,"href":"https:\/\/www3.unicentro.br\/ppgesa\/wp-json\/wp\/v2\/users\/3"}],"replies":[{"embeddable":true,"href":"https:\/\/www3.unicentro.br\/ppgesa\/wp-json\/wp\/v2\/comments?post=13"}],"version-history":[{"count":0,"href":"https:\/\/www3.unicentro.br\/ppgesa\/wp-json\/wp\/v2\/pages\/13\/revisions"}],"wp:attachment":[{"href":"https:\/\/www3.unicentro.br\/ppgesa\/wp-json\/wp\/v2\/media?parent=13"}],"curies":[{"name":"wp","href":"https:\/\/api.w.org\/{rel}","templated":true}]}}