{"id":899,"date":"2025-05-22T16:50:21","date_gmt":"2025-05-22T19:50:21","guid":{"rendered":"https:\/\/www3.unicentro.br\/ppgenf\/?page_id=899"},"modified":"2025-09-30T15:54:34","modified_gmt":"2025-09-30T18:54:34","slug":"ptts","status":"publish","type":"page","link":"https:\/\/www3.unicentro.br\/ppgenf\/dissertacoes-e-ptts\/ptts\/","title":{"rendered":"Produ\u00e7\u00e3o T\u00e9cnica e Tecnol\u00f3gica"},"content":{"rendered":"","protected":false},"excerpt":{"rendered":"","protected":false},"author":6,"featured_media":0,"parent":91,"menu_order":0,"comment_status":"closed","ping_status":"closed","template":"","meta":{"_exactmetrics_skip_tracking":false,"_exactmetrics_sitenote_active":false,"_exactmetrics_sitenote_note":"","_exactmetrics_sitenote_category":0,"footnotes":"","_links_to":"","_links_to_target":""},"class_list":["post-899","page","type-page","status-publish","hentry"],"_links":{"self":[{"href":"https:\/\/www3.unicentro.br\/ppgenf\/wp-json\/wp\/v2\/pages\/899","targetHints":{"allow":["GET"]}}],"collection":[{"href":"https:\/\/www3.unicentro.br\/ppgenf\/wp-json\/wp\/v2\/pages"}],"about":[{"href":"https:\/\/www3.unicentro.br\/ppgenf\/wp-json\/wp\/v2\/types\/page"}],"author":[{"embeddable":true,"href":"https:\/\/www3.unicentro.br\/ppgenf\/wp-json\/wp\/v2\/users\/6"}],"replies":[{"embeddable":true,"href":"https:\/\/www3.unicentro.br\/ppgenf\/wp-json\/wp\/v2\/comments?post=899"}],"version-history":[{"count":1,"href":"https:\/\/www3.unicentro.br\/ppgenf\/wp-json\/wp\/v2\/pages\/899\/revisions"}],"predecessor-version":[{"id":1279,"href":"https:\/\/www3.unicentro.br\/ppgenf\/wp-json\/wp\/v2\/pages\/899\/revisions\/1279"}],"up":[{"embeddable":true,"href":"https:\/\/www3.unicentro.br\/ppgenf\/wp-json\/wp\/v2\/pages\/91"}],"wp:attachment":[{"href":"https:\/\/www3.unicentro.br\/ppgenf\/wp-json\/wp\/v2\/media?parent=899"}],"curies":[{"name":"wp","href":"https:\/\/api.w.org\/{rel}","templated":true}]}}