{"id":77,"date":"2024-02-08T17:07:53","date_gmt":"2024-02-08T20:07:53","guid":{"rendered":"https:\/\/www3.unicentro.br\/ppgenf\/?page_id=77"},"modified":"2024-09-04T11:38:58","modified_gmt":"2024-09-04T14:38:58","slug":"matricula-especial","status":"publish","type":"page","link":"https:\/\/www3.unicentro.br\/ppgenf\/processo-seletivo\/matricula-especial\/","title":{"rendered":"Matr\u00edcula especial"},"content":{"rendered":"<p><span style=\"font-size: 14pt\"><strong>Sistema de ingresso<\/strong><\/span><\/p>\n<p><span style=\"font-size: 14pt\">O ingresso no PPGEnf-APS como Aluno Especial ocorre por processo seletivo realizado ao menos uma vez por ano, cujos crit\u00e9rios para preenchimento das vagas est\u00e3o definidos em edital aprovado pelo Colegiado do Programa. Alunos especiais s\u00e3o aqueles matriculados em disciplinas isoladas, sem v\u00ednculo com o programa de p\u00f3s-gradua\u00e7\u00e3o, tendo a possibilidade de aproveitamento do conceito e carga hor\u00e1ria da disciplina cursada ap\u00f3s ingresso no programa como Aluno Regular.<\/span><\/p>\n<p><span style=\"font-size: 14pt\">O processo de sele\u00e7\u00e3o \u00e9 regido por edital \u00fanico, de responsabilidade do(a) Coordenador(a) Geral.<\/span><\/p>\n<p><span style=\"font-size: 14pt\"><strong>\u00a0<\/strong>Para inscrever-se no processo seletivo, o candidato deve apresentar os documentos previstos em edital espec\u00edfico.<\/span><\/p>\n<p><span style=\"font-size: 14pt\">Para ser admitido, o candidato dever\u00e1 satisfazer as seguintes exig\u00eancias:<\/span><\/p>\n<ol>\n<li><span style=\"font-size: 14pt\">Ter conclu\u00eddo curso de gradua\u00e7\u00e3o, com diploma devidamente registrado em universidade brasileira, nos termos da legisla\u00e7\u00e3o vigente, at\u00e9 a matr\u00edcula.<\/span><\/li>\n<li><span style=\"font-size: 14pt\">Apresentar a documenta\u00e7\u00e3o exigida em edital espec\u00edfico.<\/span><\/li>\n<\/ol>\n<p>&nbsp;<\/p>\n<p><span style=\"font-size: 14pt\">Confira o andamento dos processos seletivos na aba DOCUMENTOS &gt;&gt;&gt; EDITAIS.<\/span><\/p>\n","protected":false},"excerpt":{"rendered":"<p>Sistema de ingresso O ingresso no PPGEnf-APS como Aluno Especial ocorre por processo seletivo realizado ao menos uma vez por ano, cujos crit\u00e9rios para preenchimento das vagas est\u00e3o definidos em edital aprovado pelo Colegiado do Programa. Alunos especiais s\u00e3o aqueles matriculados em disciplinas isoladas, sem v\u00ednculo com o programa de p\u00f3s-gradua\u00e7\u00e3o, tendo a possibilidade de [&hellip;]<\/p>\n","protected":false},"author":3,"featured_media":0,"parent":73,"menu_order":0,"comment_status":"closed","ping_status":"closed","template":"","meta":{"_exactmetrics_skip_tracking":false,"_exactmetrics_sitenote_active":false,"_exactmetrics_sitenote_note":"","_exactmetrics_sitenote_category":0,"footnotes":"","_links_to":"","_links_to_target":""},"class_list":["post-77","page","type-page","status-publish","hentry"],"_links":{"self":[{"href":"https:\/\/www3.unicentro.br\/ppgenf\/wp-json\/wp\/v2\/pages\/77","targetHints":{"allow":["GET"]}}],"collection":[{"href":"https:\/\/www3.unicentro.br\/ppgenf\/wp-json\/wp\/v2\/pages"}],"about":[{"href":"https:\/\/www3.unicentro.br\/ppgenf\/wp-json\/wp\/v2\/types\/page"}],"author":[{"embeddable":true,"href":"https:\/\/www3.unicentro.br\/ppgenf\/wp-json\/wp\/v2\/users\/3"}],"replies":[{"embeddable":true,"href":"https:\/\/www3.unicentro.br\/ppgenf\/wp-json\/wp\/v2\/comments?post=77"}],"version-history":[{"count":2,"href":"https:\/\/www3.unicentro.br\/ppgenf\/wp-json\/wp\/v2\/pages\/77\/revisions"}],"predecessor-version":[{"id":727,"href":"https:\/\/www3.unicentro.br\/ppgenf\/wp-json\/wp\/v2\/pages\/77\/revisions\/727"}],"up":[{"embeddable":true,"href":"https:\/\/www3.unicentro.br\/ppgenf\/wp-json\/wp\/v2\/pages\/73"}],"wp:attachment":[{"href":"https:\/\/www3.unicentro.br\/ppgenf\/wp-json\/wp\/v2\/media?parent=77"}],"curies":[{"name":"wp","href":"https:\/\/api.w.org\/{rel}","templated":true}]}}