{"id":75,"date":"2024-02-08T17:06:16","date_gmt":"2024-02-08T20:06:16","guid":{"rendered":"https:\/\/www3.unicentro.br\/ppgenf\/?page_id=75"},"modified":"2025-10-20T11:33:54","modified_gmt":"2025-10-20T14:33:54","slug":"aluno-regular","status":"publish","type":"page","link":"https:\/\/www3.unicentro.br\/ppgenf\/processo-seletivo\/aluno-regular\/","title":{"rendered":"Aluno regular"},"content":{"rendered":"<div class=\"wpb-content-wrapper\"><p>[vc_row][vc_column][vc_column_text css=&#8221;&#8221;]<span style=\"font-size: 14pt;color: #008000\"><strong>Sistema de ingresso<\/strong><\/span><\/p>\n<p style=\"text-align: justify\">O ingresso no PPGEnf-APS ocorre por processo seletivo realizado ao menos uma vez por ano, cujos crit\u00e9rios para preenchimento das vagas est\u00e3o definidos em edital aprovado pelo Colegiado do Programa.<\/p>\n<p style=\"text-align: justify\">O processo de sele\u00e7\u00e3o \u00e9 regido por edital \u00fanico, de responsabilidade do(a) Coordenador(a) Geral.<\/p>\n<p style=\"text-align: justify\"><strong>\u00a0<\/strong>Para inscrever-se no processo seletivo, o candidato deve apresentar os documentos previstos em edital espec\u00edfico.<\/p>\n<p style=\"text-align: justify\">Para ser admitido, o candidato dever\u00e1 satisfazer as seguintes exig\u00eancias:<\/p>\n<ol>\n<li style=\"text-align: justify\">Ter conclu\u00eddo curso de gradua\u00e7\u00e3o, com diploma devidamente registrado em universidade brasileira, nos termos da legisla\u00e7\u00e3o vigente, at\u00e9 a matr\u00edcula.<\/li>\n<li style=\"text-align: justify\">Apresentar a documenta\u00e7\u00e3o exigida em edital espec\u00edfico.<\/li>\n<\/ol>\n<p>&nbsp;<\/p>\n<p><span style=\"font-size: 14pt\">Confira o andamento dos processos seletivos na aba <a href=\"https:\/\/www3.unicentro.br\/ppgenf\/editais\/\">EDITAIS.<\/a><\/span>[\/vc_column_text][\/vc_column][\/vc_row]<\/p>\n<\/div>","protected":false},"excerpt":{"rendered":"<p>[vc_row][vc_column][vc_column_text css=&#8221;&#8221;]Sistema de ingresso O ingresso no PPGEnf-APS ocorre por processo seletivo realizado ao menos uma vez por ano, cujos crit\u00e9rios para preenchimento das vagas est\u00e3o definidos em edital aprovado pelo Colegiado do Programa. O processo de sele\u00e7\u00e3o \u00e9 regido por edital \u00fanico, de responsabilidade do(a) Coordenador(a) Geral. \u00a0Para inscrever-se no processo seletivo, o candidato [&hellip;]<\/p>\n","protected":false},"author":3,"featured_media":0,"parent":73,"menu_order":0,"comment_status":"closed","ping_status":"closed","template":"","meta":{"_exactmetrics_skip_tracking":false,"_exactmetrics_sitenote_active":false,"_exactmetrics_sitenote_note":"","_exactmetrics_sitenote_category":0,"footnotes":"","_links_to":"","_links_to_target":""},"class_list":["post-75","page","type-page","status-publish","hentry"],"_links":{"self":[{"href":"https:\/\/www3.unicentro.br\/ppgenf\/wp-json\/wp\/v2\/pages\/75","targetHints":{"allow":["GET"]}}],"collection":[{"href":"https:\/\/www3.unicentro.br\/ppgenf\/wp-json\/wp\/v2\/pages"}],"about":[{"href":"https:\/\/www3.unicentro.br\/ppgenf\/wp-json\/wp\/v2\/types\/page"}],"author":[{"embeddable":true,"href":"https:\/\/www3.unicentro.br\/ppgenf\/wp-json\/wp\/v2\/users\/3"}],"replies":[{"embeddable":true,"href":"https:\/\/www3.unicentro.br\/ppgenf\/wp-json\/wp\/v2\/comments?post=75"}],"version-history":[{"count":2,"href":"https:\/\/www3.unicentro.br\/ppgenf\/wp-json\/wp\/v2\/pages\/75\/revisions"}],"predecessor-version":[{"id":1366,"href":"https:\/\/www3.unicentro.br\/ppgenf\/wp-json\/wp\/v2\/pages\/75\/revisions\/1366"}],"up":[{"embeddable":true,"href":"https:\/\/www3.unicentro.br\/ppgenf\/wp-json\/wp\/v2\/pages\/73"}],"wp:attachment":[{"href":"https:\/\/www3.unicentro.br\/ppgenf\/wp-json\/wp\/v2\/media?parent=75"}],"curies":[{"name":"wp","href":"https:\/\/api.w.org\/{rel}","templated":true}]}}