{"id":61,"date":"2024-02-08T16:41:27","date_gmt":"2024-02-08T19:41:27","guid":{"rendered":"https:\/\/www3.unicentro.br\/ppgenf\/?page_id=61"},"modified":"2025-10-30T15:42:41","modified_gmt":"2025-10-30T18:42:41","slug":"procedimentos-academicos","status":"publish","type":"page","link":"https:\/\/www3.unicentro.br\/ppgenf\/discentes\/procedimentos-academicos\/","title":{"rendered":"Orienta\u00e7\u00f5es para qualifica\u00e7\u00e3o e defesa"},"content":{"rendered":"<div class=\"wpb-content-wrapper\"><p>[vc_row][vc_column][vc_tta_accordion style=&#8221;flat&#8221; shape=&#8221;square&#8221; color=&#8221;green&#8221; active_section=&#8221;100&#8243; no_fill=&#8221;true&#8221; collapsible_all=&#8221;true&#8221;][vc_tta_section title=&#8221;Requisitos Acad\u00eamicos&#8221; tab_id=&#8221;1759771442937-071603b2-7a26&#8243;][vc_column_text css=&#8221;&#8221;]<\/p>\n<ul>\n<li>Estar regularmente matriculado no Programa;<\/li>\n<li>Ter orientador credenciado vinculado ao Programa;<\/li>\n<li>Comprovar profici\u00eancia em l\u00edngua inglesa at\u00e9 a data de <strong>solicita\u00e7\u00e3o<\/strong> da banca de qualifica\u00e7\u00e3o;<\/li>\n<li>Solicitar o Exame de Qualifica\u00e7\u00e3o at\u00e9 o 18\u00ba m\u00eas ap\u00f3s o ingresso no mestrado.<\/li>\n<\/ul>\n<p>[\/vc_column_text][vc_message message_box_color=&#8221;warning&#8221; css=&#8221;&#8221;]<\/p>\n<p style=\"text-align: center\"><strong>Aten\u00e7\u00e3o!<\/strong><br \/>\nO discente poder\u00e1 solicitar o EQ do <strong>Projeto de Disserta\u00e7\u00e3o e PTT<\/strong> ou da <strong>Disserta\u00e7\u00e3o e PTT<\/strong> j\u00e1 finalizados, definido em comum acordo com o(a) orientador(a).<\/p>\n<p>[\/vc_message][\/vc_tta_section][vc_tta_section title=&#8221;Documenta\u00e7\u00e3o e Procedimentos Formais de responsabilidade do discente&#8221; tab_id=&#8221;1759771442944-d3b4a15e-7787&#8243;][vc_column_text css=&#8221;&#8221;]<\/p>\n<ul>\n<li>\u00a0Preencher o formul\u00e1rio oficial de solicita\u00e7\u00e3o, dispon\u00edvel na aba <a href=\"https:\/\/www3.unicentro.br\/ppgenf\/formularios\/\" target=\"_blank\" rel=\"noopener\">FORMUL\u00c1RIOS<\/a> da p\u00e1gina do PPGEnf-APS.<\/li>\n<li>\u00a0Protocolar o pedido de EQ com, no m\u00ednimo, 30 dias de anteced\u00eancia da data pretendida.<\/li>\n<\/ul>\n<p>[\/vc_column_text][vc_message message_box_color=&#8221;warning&#8221; css=&#8221;&#8221;]<\/p>\n<p style=\"text-align: center\"><strong>Aten\u00e7\u00e3o! <\/strong><br \/>\nO protocolo dever ser realizado junto a Secretaria do Programa da Institui\u00e7\u00e3o de Ensino Superior associada, observados os procedimentos da Institui\u00e7\u00e3o a qual o discente est\u00e1 matriculado. As orienta\u00e7\u00f5es est\u00e3o dispon\u00edveis na p\u00e1gina no PPGEnf-APS.<\/p>\n<p>[\/vc_message][vc_column_text css=&#8221;&#8221;]<\/p>\n<ul>\n<li>\u00a0Enviar o Projeto de Disserta\u00e7\u00e3o e PTT ou a Disserta\u00e7\u00e3o e PTT \u00e0 comiss\u00e3o julgadora, com anteced\u00eancia m\u00ednima de 20 dias da data pretendida para defesa.<\/li>\n<li>\u00a0Indicar Comiss\u00e3o Julgadora, no formul\u00e1rio oficial, sendo composta por:\n<ul>\n<li>3 membros titulares (m\u00ednimo 1 externo ao Programa e com v\u00ednculo em PPG);<\/li>\n<li>2 suplentes (m\u00ednimo 1 externo ao Programa e com v\u00ednculo em PPG);<\/li>\n<li>Todos com t\u00edtulo de doutor;<\/li>\n<li>O orientador \u00e9 membro nato e presidente da banca.<\/li>\n<li>Anexar ao pedido a vers\u00e3o do texto de qualifica\u00e7\u00e3o.<\/li>\n<\/ul>\n<\/li>\n<\/ul>\n<p>[\/vc_column_text][\/vc_tta_section][vc_tta_section title=&#8221;Sess\u00e3o p\u00fablica de julgamento&#8221; tab_id=&#8221;1759772014965-9ddf1d51-6cc9&#8243;][vc_column_text css=&#8221;&#8221;]<\/p>\n<ul>\n<li>Apresenta\u00e7\u00e3o p\u00fablica obrigat\u00f3ria, com dura\u00e7\u00e3o entre 30 e 50 minutos;<\/li>\n<li>Cada membro da banca pode arguir por at\u00e9 20 minutos, com tempo igual de resposta.<\/li>\n<\/ul>\n<p>[\/vc_column_text][\/vc_tta_section][vc_tta_section title=&#8221;Estrutura do documento apresentado&#8221; tab_id=&#8221;1759772056955-e0e53286-3b12&#8243;][vc_column_text css=&#8221;&#8221;]<\/p>\n<ul>\n<li>Seguir <em>templates<\/em> dispon\u00edveis abaixo:\n<ul>\n<li><a href=\"https:\/\/www3.unicentro.br\/ppgenf\/wp-content\/uploads\/sites\/164\/2025\/10\/1.-Modelo-para-Exame-de-Qualificacao-da-Dissertacao-e-PTT-25.10.2025.docx\" target=\"_blank\" rel=\"noopener\">Modelo para Exame de Qualificac\u0327a\u0303o da Dissertac\u0327a\u0303o e PTT<\/a><\/li>\n<li><a href=\"https:\/\/www3.unicentro.br\/ppgenf\/wp-content\/uploads\/sites\/164\/2025\/10\/2.-Modelo-de-Projeto-para-Exame-de-Qualificacao-do-Projeto-de-Dissertacao-e-PTT-25.10.2025-.docx\" target=\"_blank\" rel=\"noopener\">Modelo de Projeto para Exame de Qualificac\u0327a\u0303o do Projeto de Dissertac\u0327a\u0303o e PTT<\/a><\/li>\n<li><a href=\"https:\/\/www3.unicentro.br\/ppgenf\/wp-content\/uploads\/sites\/164\/2025\/10\/3.-Modelo-de-Dissertacao-para-Defesa-e-Entrega-Final-25.10.2025_ok.docx\" target=\"_blank\" rel=\"noopener\">Modelo de Disserta\u00e7\u00e3o para Exame de Defesa e Entrega Final<\/a><\/li>\n<\/ul>\n<\/li>\n<\/ul>\n<p>[\/vc_column_text][vc_message message_box_color=&#8221;warning&#8221; css=&#8221;&#8221;]<\/p>\n<p style=\"text-align: center\"><strong>Aten\u00e7\u00e3o<\/strong><\/p>\n<ul>\n<li>\u00a0Reprova\u00e7\u00e3o por 2 (duas) vezes resulta em desligamento do Programa.<\/li>\n<li>O n\u00e3o cumprimento do prazo para a qualifica\u00e7\u00e3o (18 a 24 meses) tamb\u00e9m implica desligamento.<\/li>\n<\/ul>\n<p>[\/vc_message][\/vc_tta_section][\/vc_tta_accordion][\/vc_column][\/vc_row]<\/p>\n<\/div>","protected":false},"excerpt":{"rendered":"<p>[vc_row][vc_column][vc_tta_accordion style=&#8221;flat&#8221; shape=&#8221;square&#8221; color=&#8221;green&#8221; active_section=&#8221;100&#8243; no_fill=&#8221;true&#8221; collapsible_all=&#8221;true&#8221;][vc_tta_section title=&#8221;Requisitos Acad\u00eamicos&#8221; tab_id=&#8221;1759771442937-071603b2-7a26&#8243;][vc_column_text css=&#8221;&#8221;] Estar regularmente matriculado no Programa; Ter orientador credenciado vinculado ao Programa; Comprovar profici\u00eancia em l\u00edngua inglesa at\u00e9 a data de solicita\u00e7\u00e3o da banca de qualifica\u00e7\u00e3o; Solicitar o Exame de Qualifica\u00e7\u00e3o at\u00e9 o 18\u00ba m\u00eas ap\u00f3s o ingresso no mestrado. [\/vc_column_text][vc_message message_box_color=&#8221;warning&#8221; css=&#8221;&#8221;] Aten\u00e7\u00e3o! O [&hellip;]<\/p>\n","protected":false},"author":3,"featured_media":0,"parent":57,"menu_order":0,"comment_status":"closed","ping_status":"closed","template":"","meta":{"_exactmetrics_skip_tracking":false,"_exactmetrics_sitenote_active":false,"_exactmetrics_sitenote_note":"","_exactmetrics_sitenote_category":0,"footnotes":"","_links_to":"","_links_to_target":""},"class_list":["post-61","page","type-page","status-publish","hentry"],"_links":{"self":[{"href":"https:\/\/www3.unicentro.br\/ppgenf\/wp-json\/wp\/v2\/pages\/61","targetHints":{"allow":["GET"]}}],"collection":[{"href":"https:\/\/www3.unicentro.br\/ppgenf\/wp-json\/wp\/v2\/pages"}],"about":[{"href":"https:\/\/www3.unicentro.br\/ppgenf\/wp-json\/wp\/v2\/types\/page"}],"author":[{"embeddable":true,"href":"https:\/\/www3.unicentro.br\/ppgenf\/wp-json\/wp\/v2\/users\/3"}],"replies":[{"embeddable":true,"href":"https:\/\/www3.unicentro.br\/ppgenf\/wp-json\/wp\/v2\/comments?post=61"}],"version-history":[{"count":4,"href":"https:\/\/www3.unicentro.br\/ppgenf\/wp-json\/wp\/v2\/pages\/61\/revisions"}],"predecessor-version":[{"id":1409,"href":"https:\/\/www3.unicentro.br\/ppgenf\/wp-json\/wp\/v2\/pages\/61\/revisions\/1409"}],"up":[{"embeddable":true,"href":"https:\/\/www3.unicentro.br\/ppgenf\/wp-json\/wp\/v2\/pages\/57"}],"wp:attachment":[{"href":"https:\/\/www3.unicentro.br\/ppgenf\/wp-json\/wp\/v2\/media?parent=61"}],"curies":[{"name":"wp","href":"https:\/\/api.w.org\/{rel}","templated":true}]}}