{"id":55,"date":"2026-04-14T18:08:32","date_gmt":"2026-04-14T21:08:32","guid":{"rendered":"https:\/\/www3.unicentro.br\/ppgenf\/?page_id=55"},"modified":"2026-04-14T18:08:25","modified_gmt":"2026-04-14T21:08:25","slug":"coordenacao-colegiado","status":"publish","type":"page","link":"https:\/\/www3.unicentro.br\/ppgenf\/coordenacao-colegiado\/","title":{"rendered":"Comiss\u00f5es"},"content":{"rendered":"<div class=\"wpb-content-wrapper\"><p>[vc_row][vc_column][vc_column_text css=&#8221;&#8221;]<\/p>\n<p style=\"text-align: left\"><span style=\"font-size: 14pt\"><strong>COMISS\u00c3O COORDENADORA<\/strong><\/span><\/p>\n<table style=\"border-collapse: collapse;width: 100%;height: 438px\">\n<tbody>\n<tr style=\"height: 136px\">\n<td style=\"width: 9.5945%;height: 136px\">\n<div class=\"wp-block-image\"><img loading=\"lazy\" decoding=\"async\" class=\"wpa-warning wpa-image-missing-alt alignnone wp-image-1747 size-medium\" src=\"https:\/\/www3.unicentro.br\/ppgenf\/wp-content\/uploads\/sites\/164\/2026\/04\/WhatsApp-Image-2026-04-14-at-17.21.27-1-200x300.jpeg\" alt=\"\" width=\"200\" height=\"300\" data-warning=\"Missing alt text\" srcset=\"https:\/\/www3.unicentro.br\/ppgenf\/wp-content\/uploads\/sites\/164\/2026\/04\/WhatsApp-Image-2026-04-14-at-17.21.27-1-200x300.jpeg 200w, https:\/\/www3.unicentro.br\/ppgenf\/wp-content\/uploads\/sites\/164\/2026\/04\/WhatsApp-Image-2026-04-14-at-17.21.27-1-682x1024.jpeg 682w, https:\/\/www3.unicentro.br\/ppgenf\/wp-content\/uploads\/sites\/164\/2026\/04\/WhatsApp-Image-2026-04-14-at-17.21.27-1-768x1153.jpeg 768w, https:\/\/www3.unicentro.br\/ppgenf\/wp-content\/uploads\/sites\/164\/2026\/04\/WhatsApp-Image-2026-04-14-at-17.21.27-1-400x600.jpeg 400w, https:\/\/www3.unicentro.br\/ppgenf\/wp-content\/uploads\/sites\/164\/2026\/04\/WhatsApp-Image-2026-04-14-at-17.21.27-1-255x383.jpeg 255w, https:\/\/www3.unicentro.br\/ppgenf\/wp-content\/uploads\/sites\/164\/2026\/04\/WhatsApp-Image-2026-04-14-at-17.21.27-1.jpeg 799w\" sizes=\"auto, (max-width: 200px) 100vw, 200px\" \/><\/div>\n<\/td>\n<td style=\"width: 90.4055%;height: 136px\">\n<p style=\"text-align: left\"><strong>Profa. Dra. Maria Jos\u00e9 Quina Galdino<\/strong><\/p>\n<p style=\"text-align: left\">Coordenadora Geral do Programa &#8211; UENP<\/p>\n<\/td>\n<td style=\"width: 1.24555%;height: 136px\"><\/td>\n<\/tr>\n<tr style=\"height: 24px\">\n<td style=\"width: 9.5945%;height: 24px\"><\/td>\n<td style=\"width: 90.4055%;height: 24px\"><\/td>\n<td style=\"width: 1.24555%;height: 24px\"><\/td>\n<\/tr>\n<tr style=\"height: 166px\">\n<td style=\"width: 9.5945%;height: 113px\">\n<div class=\"wp-block-image\"><img loading=\"lazy\" decoding=\"async\" class=\"wpa-warning wpa-image-missing-alt wp-image-285 size-medium alignleft\" src=\"https:\/\/www3.unicentro.br\/ppgenf\/wp-content\/uploads\/sites\/164\/2024\/02\/Profa.-Tatiane-UNICENTRO-e1708362235862-244x300.jpeg\" alt=\"\" width=\"244\" height=\"300\" data-warning=\"Missing alt text\" srcset=\"https:\/\/www3.unicentro.br\/ppgenf\/wp-content\/uploads\/sites\/164\/2024\/02\/Profa.-Tatiane-UNICENTRO-e1708362235862-244x300.jpeg 244w, https:\/\/www3.unicentro.br\/ppgenf\/wp-content\/uploads\/sites\/164\/2024\/02\/Profa.-Tatiane-UNICENTRO-e1708362235862-255x314.jpeg 255w, https:\/\/www3.unicentro.br\/ppgenf\/wp-content\/uploads\/sites\/164\/2024\/02\/Profa.-Tatiane-UNICENTRO-e1708362235862.jpeg 500w\" sizes=\"auto, (max-width: 244px) 100vw, 244px\" \/><\/div>\n<\/td>\n<td style=\"width: 90.4055%;height: 113px\">\n<p style=\"text-align: left\"><strong>Profa. Dra. Tatiane Baratieri<\/strong><\/p>\n<p style=\"text-align: left\">Coordenadora Adjunta \u2013 UNICENTRO<\/p>\n<\/td>\n<td style=\"width: 1.24555%;height: 113px\"><\/td>\n<\/tr>\n<tr style=\"height: 24px\">\n<td style=\"width: 9.5945%;height: 24px\"><\/td>\n<td style=\"width: 90.4055%;height: 24px\"><\/td>\n<td style=\"width: 1.24555%;height: 24px\"><\/td>\n<\/tr>\n<tr style=\"height: 131px\">\n<td style=\"width: 9.5945%;height: 131px\">\n<div class=\"wp-block-image\"><img loading=\"lazy\" decoding=\"async\" class=\"wpa-warning wpa-image-missing-alt alignnone size-full wp-image-861\" src=\"https:\/\/www3.unicentro.br\/ppgenf\/wp-content\/uploads\/sites\/164\/2025\/05\/willian-239x300-1.jpg\" alt=\"\" width=\"239\" height=\"300\" data-warning=\"Missing alt text\" \/><\/div>\n<\/td>\n<td style=\"width: 90.4055%;height: 131px\"><strong>Prof. Dr. Willian Augusto de Melo <\/strong><\/p>\n<p>Coordenador Adjunto \u2013 UNESPAR<\/td>\n<td style=\"width: 1.24555%;height: 131px\"><\/td>\n<\/tr>\n<tr style=\"height: 10px\">\n<td style=\"width: 9.5945%;height: 10px\"><\/td>\n<td style=\"width: 90.4055%;height: 10px\"><\/td>\n<td style=\"width: 1.24555%;height: 10px\"><\/td>\n<\/tr>\n<\/tbody>\n<\/table>\n<table style=\"border-collapse: collapse;width: 100%;height: 336px\">\n<tbody>\n<tr style=\"height: 96px\">\n<td style=\"width: 9.52209%;height: 96px\">\n<div class=\"wp-block-image\"><img loading=\"lazy\" decoding=\"async\" class=\"wpa-warning wpa-image-missing-alt wp-image-281 size-medium alignleft\" src=\"https:\/\/www3.unicentro.br\/ppgenf\/wp-content\/uploads\/sites\/164\/2024\/02\/81f56779-75b1-4d93-b265-7784bd31f288-e1708361321519-215x300.jpeg\" alt=\"\" width=\"215\" height=\"300\" data-warning=\"Missing alt text\" srcset=\"https:\/\/www3.unicentro.br\/ppgenf\/wp-content\/uploads\/sites\/164\/2024\/02\/81f56779-75b1-4d93-b265-7784bd31f288-e1708361321519-215x300.jpeg 215w, https:\/\/www3.unicentro.br\/ppgenf\/wp-content\/uploads\/sites\/164\/2024\/02\/81f56779-75b1-4d93-b265-7784bd31f288-e1708361321519-255x355.jpeg 255w, https:\/\/www3.unicentro.br\/ppgenf\/wp-content\/uploads\/sites\/164\/2024\/02\/81f56779-75b1-4d93-b265-7784bd31f288-e1708361321519.jpeg 592w\" sizes=\"auto, (max-width: 215px) 100vw, 215px\" \/><\/div>\n<\/td>\n<td style=\"width: 90.4779%;height: 96px\">\n<p style=\"text-align: left\"><strong>Profa. Dra. Maynara Fernanda Carvalho Barreto<\/strong><\/p>\n<p style=\"text-align: left\">Representante Docente \u2013 UENP<\/p>\n<\/td>\n<td style=\"width: 1.24555%;height: 96px\"><\/td>\n<\/tr>\n<tr style=\"height: 24px\">\n<td style=\"width: 9.52209%;height: 24px\"><\/td>\n<td style=\"width: 90.4779%;height: 24px\"><\/td>\n<td style=\"width: 1.24555%;height: 24px\"><\/td>\n<\/tr>\n<tr style=\"height: 96px\">\n<td style=\"width: 9.52209%;height: 96px\">\n<div class=\"wp-block-image\"><img loading=\"lazy\" decoding=\"async\" class=\"wpa-warning wpa-image-missing-alt wp-image-295 size-medium alignleft\" src=\"https:\/\/www3.unicentro.br\/ppgenf\/wp-content\/uploads\/sites\/164\/2024\/02\/Profa.-Leticia-UNICENTRO-1-e1708360538638-209x300.jpeg\" alt=\"\" width=\"209\" height=\"300\" data-warning=\"Missing alt text\" srcset=\"https:\/\/www3.unicentro.br\/ppgenf\/wp-content\/uploads\/sites\/164\/2024\/02\/Profa.-Leticia-UNICENTRO-1-e1708360538638-209x300.jpeg 209w, https:\/\/www3.unicentro.br\/ppgenf\/wp-content\/uploads\/sites\/164\/2024\/02\/Profa.-Leticia-UNICENTRO-1-e1708360538638-713x1024.jpeg 713w, https:\/\/www3.unicentro.br\/ppgenf\/wp-content\/uploads\/sites\/164\/2024\/02\/Profa.-Leticia-UNICENTRO-1-e1708360538638-255x366.jpeg 255w, https:\/\/www3.unicentro.br\/ppgenf\/wp-content\/uploads\/sites\/164\/2024\/02\/Profa.-Leticia-UNICENTRO-1-e1708360538638.jpeg 737w\" sizes=\"auto, (max-width: 209px) 100vw, 209px\" \/><\/div>\n<\/td>\n<td style=\"width: 90.4779%;height: 96px\">\n<p style=\"text-align: left\"><strong>Profa. Dra.<\/strong> <strong>Let\u00edcia Gram\u00e1zio Soares<\/strong><\/p>\n<p style=\"text-align: left\">Representante Docente \u2013 UNICENTRO<\/p>\n<\/td>\n<td style=\"width: 1.24555%;height: 96px\"><\/td>\n<\/tr>\n<tr style=\"height: 24px\">\n<td style=\"width: 9.52209%;height: 24px\"><\/td>\n<td style=\"width: 90.4779%;height: 24px\"><\/td>\n<td style=\"width: 1.24555%;height: 24px\"><\/td>\n<\/tr>\n<tr style=\"height: 96px\">\n<td style=\"width: 9.52209%;height: 96px\"><img decoding=\"async\" src=\"https:\/\/www3.unicentro.br\/ppgenf\/wp-content\/uploads\/sites\/164\/2025\/10\/verusca.png\" \/><\/td>\n<td style=\"width: 90.4779%;height: 96px\">\n<p style=\"text-align: left\"><strong>Profa. Dra. Verusca Soares de Souza\u00a0<\/strong><\/p>\n<p style=\"text-align: left\">Representante Docente \u2013 UNESPAR<\/p>\n<\/td>\n<td style=\"width: 1.24555%;height: 96px\"><\/td>\n<\/tr>\n<\/tbody>\n<\/table>\n<p>&nbsp;<\/p>\n<p>&nbsp;<\/p>\n<p><span style=\"font-size: 14pt\"><strong>COMISS\u00c3O DE AUTOAVALIA\u00c7\u00c3O<\/strong><\/span><\/p>\n<table style=\"border-collapse: collapse;width: 100%;height: 481px\">\n<tbody>\n<tr style=\"height: 136px\">\n<td style=\"width: 9.5945%;height: 136px\"><img decoding=\"async\" src=\"https:\/\/www3.unicentro.br\/ppgenf\/wp-content\/uploads\/sites\/164\/2024\/02\/fotomiriam-e1708363821174-226x300.jpg\" \/><\/td>\n<td style=\"width: 90.4055%;height: 136px\">\n<p style=\"text-align: left\"><strong>Profa. Dra. Miriam Fernanda Sanches Alarcon<\/strong><\/p>\n<p style=\"text-align: left\">UENP<\/p>\n<\/td>\n<\/tr>\n<tr style=\"height: 24px\">\n<td style=\"width: 9.5945%;height: 24px\"><\/td>\n<td style=\"width: 90.4055%;height: 24px\"><\/td>\n<\/tr>\n<tr style=\"height: 166px\">\n<td style=\"width: 9.5945%;height: 166px\"><img decoding=\"async\" src=\"https:\/\/www3.unicentro.br\/ppgenf\/wp-content\/uploads\/sites\/164\/2024\/02\/Prof.-Maicon-UNICENTRO-e1708363912540-187x300.jpeg\" \/><\/td>\n<td style=\"width: 90.4055%;height: 166px\">\n<p style=\"text-align: left\"><strong>Prof. Dr. Maicon Henrique Lentsck<\/strong><\/p>\n<p style=\"text-align: left\">UNICENTRO<\/p>\n<\/td>\n<\/tr>\n<tr style=\"height: 24px\">\n<td style=\"width: 9.5945%;height: 24px\"><\/td>\n<td style=\"width: 90.4055%;height: 24px\"><\/td>\n<\/tr>\n<tr style=\"height: 131px\">\n<td style=\"width: 9.5945%;height: 131px\">\n<div class=\"wp-block-image\"><img decoding=\"async\" src=\"https:\/\/www3.unicentro.br\/ppgenf\/wp-content\/uploads\/sites\/164\/2025\/10\/dandara.png\" \/><\/div>\n<\/td>\n<td style=\"width: 90.4055%;height: 131px\"><strong>Profa. Dra. Dandara Novakowski Spigolon<\/strong><\/p>\n<p>UNESPAR<\/td>\n<\/tr>\n<\/tbody>\n<\/table>\n<p>&nbsp;<\/p>\n<p>&nbsp;<\/p>\n<p><span style=\"font-size: 14pt\"><strong>COMISS\u00c3O DE GEST\u00c3O DE CONTE\u00daDOS E M\u00cdDIAS DIGITAIS<\/strong><\/span><\/p>\n<table style=\"border-collapse: collapse;width: 100%;height: 481px\">\n<tbody>\n<tr style=\"height: 136px\">\n<td style=\"width: 9.5945%;height: 136px\"><img decoding=\"async\" src=\"https:\/\/www3.unicentro.br\/ppgenf\/wp-content\/uploads\/sites\/164\/2025\/10\/carina.png\" \/><\/td>\n<td style=\"width: 90.4055%;height: 136px\">\n<p style=\"text-align: left\"><strong>Profa. Dra. Carina Bortolato-Major<\/strong><\/p>\n<p style=\"text-align: left\">UENP<\/p>\n<\/td>\n<\/tr>\n<tr style=\"height: 24px\">\n<td style=\"width: 9.5945%;height: 24px\"><\/td>\n<td style=\"width: 90.4055%;height: 24px\"><\/td>\n<\/tr>\n<tr style=\"height: 166px\">\n<td style=\"width: 9.5945%;height: 166px\"><img decoding=\"async\" src=\"https:\/\/www3.unicentro.br\/ppgenf\/wp-content\/uploads\/sites\/164\/2025\/10\/marilia.png\" \/><\/td>\n<td style=\"width: 90.4055%;height: 166px\">\n<p style=\"text-align: left\"><strong>Profa. Dra. Mar\u00edlia Daniella Machado Ara\u00fajo\u00a0<\/strong><\/p>\n<p style=\"text-align: left\">UNICENTRO<\/p>\n<\/td>\n<\/tr>\n<tr style=\"height: 24px\">\n<td style=\"width: 9.5945%;height: 24px\"><\/td>\n<td style=\"width: 90.4055%;height: 24px\"><\/td>\n<\/tr>\n<tr style=\"height: 131px\">\n<td style=\"width: 9.5945%;height: 131px\">\n<div class=\"wp-block-image\"><img decoding=\"async\" src=\"https:\/\/www3.unicentro.br\/ppgenf\/wp-content\/uploads\/sites\/164\/2025\/10\/celia.png\" \/><\/div>\n<\/td>\n<td style=\"width: 90.4055%;height: 131px\">\n<p style=\"text-align: left\"><strong>Profa. Dra.\u00a0C\u00e9lia Maria Gomes Labegalini<\/strong><\/p>\n<p style=\"text-align: left\">UNESPAR<\/p>\n<\/td>\n<\/tr>\n<\/tbody>\n<\/table>\n<p>&nbsp;<\/p>\n<p>&nbsp;<\/p>\n<p><span style=\"font-size: 14pt\"><strong>COMISS\u00c3O DE BOLSAS<\/strong><\/span><\/p>\n<table style=\"border-collapse: collapse;width: 100%;height: 481px\">\n<tbody>\n<tr style=\"height: 136px\">\n<td style=\"width: 9.5945%;height: 136px\"><img decoding=\"async\" src=\"https:\/\/www3.unicentro.br\/ppgenf\/wp-content\/uploads\/sites\/164\/2024\/02\/Emiliana-e1708363574955-226x300.jpeg\" \/><\/td>\n<td style=\"width: 90.4055%;height: 136px\">\n<p style=\"text-align: left\"><strong>Profa. Dra. Emiliana Cristina Melo\u00a0<\/strong><\/p>\n<p style=\"text-align: left\">UENP<\/p>\n<\/td>\n<\/tr>\n<tr style=\"height: 24px\">\n<td style=\"width: 9.5945%;height: 24px\"><\/td>\n<td style=\"width: 90.4055%;height: 24px\"><\/td>\n<\/tr>\n<tr style=\"height: 166px\">\n<td style=\"width: 9.5945%;height: 166px\"><img decoding=\"async\" src=\"https:\/\/www3.unicentro.br\/ppgenf\/wp-content\/uploads\/sites\/164\/2024\/02\/Profa.-Kelly-UNICENTRO-264x300.jpeg\" \/><\/td>\n<td style=\"width: 90.4055%;height: 166px\">\n<p style=\"text-align: left\"><strong>Profa. Dra. Kelly Holanda Prezotto<\/strong><\/p>\n<p style=\"text-align: left\">UNICENTRO<\/p>\n<\/td>\n<\/tr>\n<tr style=\"height: 24px\">\n<td style=\"width: 9.5945%;height: 24px\"><\/td>\n<td style=\"width: 90.4055%;height: 24px\"><\/td>\n<\/tr>\n<tr style=\"height: 131px\">\n<td style=\"width: 9.5945%;height: 131px\">\n<div class=\"wp-block-image\"><img decoding=\"async\" src=\"https:\/\/www3.unicentro.br\/ppgenf\/wp-content\/uploads\/sites\/164\/2024\/02\/Patricia-e1708364181815-180x300.jpg\" \/><\/div>\n<\/td>\n<td style=\"width: 90.4055%;height: 131px\"><strong>Profa. Dra. Patr\u00edcia Louise Rodrigues Varela Ferracioli\u00a0<\/strong><\/p>\n<p>UNESPAR<\/td>\n<\/tr>\n<\/tbody>\n<\/table>\n<p>[\/vc_column_text][\/vc_column][\/vc_row]<\/p>\n<\/div>","protected":false},"excerpt":{"rendered":"<p>[vc_row][vc_column][vc_column_text css=&#8221;&#8221;] COMISS\u00c3O COORDENADORA Profa. Dra. Maria Jos\u00e9 Quina Galdino Coordenadora Geral do Programa &#8211; UENP Profa. Dra. Tatiane Baratieri Coordenadora Adjunta \u2013 UNICENTRO Prof. Dr. Willian Augusto de Melo Coordenador Adjunto \u2013 UNESPAR Profa. Dra. Maynara Fernanda Carvalho Barreto Representante Docente \u2013 UENP Profa. Dra. Let\u00edcia Gram\u00e1zio Soares Representante Docente \u2013 UNICENTRO Profa. Dra. [&hellip;]<\/p>\n","protected":false},"author":3,"featured_media":0,"parent":0,"menu_order":0,"comment_status":"closed","ping_status":"closed","template":"","meta":{"_exactmetrics_skip_tracking":false,"_exactmetrics_sitenote_active":false,"_exactmetrics_sitenote_note":"","_exactmetrics_sitenote_category":0,"footnotes":"","_links_to":"","_links_to_target":""},"class_list":["post-55","page","type-page","status-publish","hentry"],"_links":{"self":[{"href":"https:\/\/www3.unicentro.br\/ppgenf\/wp-json\/wp\/v2\/pages\/55","targetHints":{"allow":["GET"]}}],"collection":[{"href":"https:\/\/www3.unicentro.br\/ppgenf\/wp-json\/wp\/v2\/pages"}],"about":[{"href":"https:\/\/www3.unicentro.br\/ppgenf\/wp-json\/wp\/v2\/types\/page"}],"author":[{"embeddable":true,"href":"https:\/\/www3.unicentro.br\/ppgenf\/wp-json\/wp\/v2\/users\/3"}],"replies":[{"embeddable":true,"href":"https:\/\/www3.unicentro.br\/ppgenf\/wp-json\/wp\/v2\/comments?post=55"}],"version-history":[{"count":5,"href":"https:\/\/www3.unicentro.br\/ppgenf\/wp-json\/wp\/v2\/pages\/55\/revisions"}],"predecessor-version":[{"id":1761,"href":"https:\/\/www3.unicentro.br\/ppgenf\/wp-json\/wp\/v2\/pages\/55\/revisions\/1761"}],"wp:attachment":[{"href":"https:\/\/www3.unicentro.br\/ppgenf\/wp-json\/wp\/v2\/media?parent=55"}],"curies":[{"name":"wp","href":"https:\/\/api.w.org\/{rel}","templated":true}]}}