{"id":45,"date":"2024-02-08T16:34:30","date_gmt":"2024-02-08T19:34:30","guid":{"rendered":"https:\/\/www3.unicentro.br\/ppgenf\/?page_id=45"},"modified":"2024-02-16T15:42:16","modified_gmt":"2024-02-16T18:42:16","slug":"estrutura-curricular","status":"publish","type":"page","link":"https:\/\/www3.unicentro.br\/ppgenf\/programa\/estrutura-curricular\/","title":{"rendered":"Estrutura Curricular"},"content":{"rendered":"<p style=\"text-align: justify\">A estrutura curricular do PPGEnf-APS prop\u00f5e a oferta de disciplinas b\u00e1sicas e espec\u00edficas para proporcionar o desenvolvimento da \u00c1rea de Concentra\u00e7\u00e3o, tendo sido desenvolvidas de acordo com as duas linhas de pesquisa do programa e a experi\u00eancia do corpo docente.<\/p>\n<p style=\"text-align: justify\">Em conformidade com a concepc\u0327a\u0303o pedago\u0301gica centrada no sujeito de aprendizagem, focada no desenvolvimento de compete\u0302ncias e a consequente valorizac\u0327a\u0303o da experie\u0302ncia para que ocorra aprendizagem, as disciplinas utilizam metodologias ativas (problematizac\u0327a\u0303o, sala de aula invertida, aprendizagem baseada em problemas, entre outras), diversifica\u00e7\u00e3o de cen\u00e1rios de ensino-aprendizagem, processos de avalia\u00e7\u00e3o formativa e o monitoramento da aprendizagem, pautado na aquisi\u00e7\u00e3o de compet\u00eancias e habilidades.<\/p>\n<p style=\"text-align: justify\">Com exce\u00e7\u00e3o dos componentes \u201cTrabalhos de Conclus\u00e3o do Mestrado\u201d, que se destina a elabora\u00e7\u00e3o da disserta\u00e7\u00e3o e do Produto T\u00e9cnico e Tecnol\u00f3gico (PTT), o Programa n\u00e3o possui disciplina obrigat\u00f3ria, o que flexibiliza que o orientador e o estudante definam o perfil de forma\u00e7\u00e3o que melhor se adequa aos objetivos profissionais do estudante ou do servi\u00e7o de sa\u00fade que ele est\u00e1 vinculado. No entanto, devem ser cursados, no m\u00ednimo, 04 (quatro) cr\u00e9ditos em disciplinas metodol\u00f3gicas e 03 (tr\u00eas) em disciplinas de forma\u00e7\u00e3o espec\u00edfica, que embasar\u00e3o aspectos t\u00e9cnicos-cient\u00edficos e te\u00f3ricos do PTT.<\/p>\n<p style=\"text-align: justify\">O PPGEnf-APS possui 04 (quatro) componentes curriculares obrigat\u00f3rios denominados \u201cTrabalhos de Conclus\u00e3o de Mestrado\u201d, que ser\u00e3o cursados ao longo do curso, um por semestre, e s\u00e3o destinados \u00e0 elabora\u00e7\u00e3o disserta\u00e7\u00e3o de mestrado e do PTT.<\/p>\n<p>O quadro a seguir mostra o detalhamento dos componentes curriculares ofertados pelo PPGEnf-APS:<\/p>\n<table style=\"height: 595px;width: 114.79%;border-color: #050505\" width=\"114.79%\">\n<tbody>\n<tr style=\"height: 24px\">\n<td style=\"width: 88.2788%;text-align: center;height: 24px\" colspan=\"7\"><strong>Componentes curriculares ofertadas pelo PPGEnf-APS<\/strong><strong><br \/>\n<\/strong><\/td>\n<\/tr>\n<tr style=\"height: 56px\">\n<td style=\"width: 31.8902%;height: 35px\" rowspan=\"2\"><strong>Nome do Componente Curricular<\/strong><\/td>\n<td style=\"height: 25px;width: 10.9821%\" colspan=\"2\"><strong>Classifica\u00e7\u00e3o<\/strong><\/td>\n<td style=\"height: 25px;width: 14.4667%\" colspan=\"2\"><strong>Carga Hor\u00e1ria<\/strong><\/td>\n<td style=\"width: 8.65892%;height: 35px;text-align: center\" rowspan=\"2\"><strong>Cr\u00e9ditos<\/strong><\/td>\n<td style=\"width: 22.2809%;height: 35px\" rowspan=\"2\"><strong>Docente<\/strong><\/td>\n<\/tr>\n<tr style=\"height: 59px\">\n<td style=\"width: 4.54066%;height: 10px;text-align: center\">M<sup>*<\/sup><\/td>\n<td style=\"width: 6.44139%;height: 10px;text-align: center\">E<sup>\u2020<\/sup><\/td>\n<td style=\"width: 7.28617%;height: 10px;text-align: center\">Te\u00f3rica<\/td>\n<td style=\"width: 7.18057%;height: 10px;text-align: center\">Pr\u00e1tica<\/td>\n<\/tr>\n<tr style=\"height: 136px\">\n<td style=\"width: 31.8902%;height: 10px\">Abordagens metodol\u00f3gicas das pesquisas de interven\u00e7\u00e3o<\/td>\n<td style=\"width: 4.54066%;height: 10px;text-align: center\">X<\/td>\n<td style=\"width: 6.44139%;height: 10px;text-align: center\"><\/td>\n<td style=\"width: 7.28617%;height: 10px;text-align: center\">45<\/td>\n<td style=\"width: 7.18057%;height: 10px;text-align: center\">15<\/td>\n<td style=\"width: 8.65892%;height: 10px;text-align: center\">04<\/td>\n<td style=\"width: 22.2809%;height: 10px\">Carina Bortolato-Major; Maynara F. Carvalho Barreto; Miriam F. Sanches Alarcon<\/td>\n<\/tr>\n<tr style=\"height: 56px\">\n<td style=\"width: 31.8902%;height: 13px\">Aten\u00e7\u00e3o \u00e0 sa\u00fade e redes de cuidado<\/td>\n<td style=\"width: 4.54066%;height: 13px;text-align: center\"><\/td>\n<td style=\"width: 6.44139%;height: 13px;text-align: center\">X<\/td>\n<td style=\"width: 7.28617%;height: 13px;text-align: center\">30<\/td>\n<td style=\"width: 7.18057%;height: 13px;text-align: center\">15<\/td>\n<td style=\"width: 8.65892%;height: 13px;text-align: center\">03<\/td>\n<td style=\"width: 22.2809%;height: 13px\">Maria Ant\u00f4nia Ramos Costa<\/td>\n<\/tr>\n<tr style=\"height: 56px\">\n<td style=\"width: 31.8902%;height: 10px\">Bio\u00e9tica na Aten\u00e7\u00e3o Prim\u00e1ria \u00e0 Sa\u00fade<\/td>\n<td style=\"width: 4.54066%;height: 10px;text-align: center\"><\/td>\n<td style=\"width: 6.44139%;height: 10px;text-align: center\">X<\/td>\n<td style=\"width: 7.28617%;height: 10px;text-align: center\">30<\/td>\n<td style=\"width: 7.18057%;height: 10px;text-align: center\">15<\/td>\n<td style=\"width: 8.65892%;height: 10px;text-align: center\">03<\/td>\n<td style=\"width: 22.2809%;height: 10px\">Emiliana Cristina Melo<\/td>\n<\/tr>\n<tr style=\"height: 80px\">\n<td style=\"width: 31.8902%;height: 23px\">Condi\u00e7\u00f5es cr\u00f4nicas na Aten\u00e7\u00e3o Prim\u00e1ria \u00e0 Sa\u00fade<\/td>\n<td style=\"width: 4.54066%;height: 23px;text-align: center\"><\/td>\n<td style=\"width: 6.44139%;height: 23px;text-align: center\">X<\/td>\n<td style=\"width: 7.28617%;height: 23px;text-align: center\">40<\/td>\n<td style=\"width: 7.18057%;height: 23px;text-align: center\">05<\/td>\n<td style=\"width: 8.65892%;height: 23px;text-align: center\">03<\/td>\n<td style=\"width: 22.2809%;height: 23px\">Carlos A. Molena Fernandes<\/td>\n<\/tr>\n<tr style=\"height: 80px\">\n<td style=\"width: 31.8902%;height: 24px\">Desenvolvimento de compet\u00eancias para a lideran\u00e7a na Enfermagem<\/td>\n<td style=\"width: 4.54066%;height: 24px;text-align: center\"><\/td>\n<td style=\"width: 6.44139%;height: 24px;text-align: center\">X<\/td>\n<td style=\"width: 7.28617%;height: 24px;text-align: center\">30<\/td>\n<td style=\"width: 7.18057%;height: 24px;text-align: center\">15<\/td>\n<td style=\"width: 8.65892%;height: 24px;text-align: center\">03<\/td>\n<td style=\"width: 22.2809%;height: 24px\">Maria do Carmo Fernandez Louren\u00e7o Haddad<\/td>\n<\/tr>\n<tr style=\"height: 96px\">\n<td style=\"width: 31.8902%;height: 49px\">Enfermagem baseada em evid\u00eancias<\/td>\n<td style=\"width: 4.54066%;height: 49px;text-align: center\"><\/td>\n<td style=\"width: 6.44139%;height: 49px;text-align: center\">X<\/td>\n<td style=\"width: 7.28617%;height: 49px;text-align: center\">45<\/td>\n<td style=\"width: 7.18057%;height: 49px;text-align: center\">&#8211;<\/td>\n<td style=\"width: 8.65892%;height: 49px;text-align: center\">03<\/td>\n<td style=\"width: 22.2809%;height: 49px\">Bruno Bordin Pelazza; Ricardo Castanho Moreira<\/td>\n<\/tr>\n<tr style=\"height: 96px\">\n<td style=\"width: 31.8902%;height: 44px\">Enfermagem de Pr\u00e1tica Avan\u00e7ada na Aten\u00e7\u00e3o Prim\u00e1ria \u00e0 Sa\u00fade<\/td>\n<td style=\"width: 4.54066%;height: 44px;text-align: center\"><\/td>\n<td style=\"width: 6.44139%;height: 44px;text-align: center\">X<\/td>\n<td style=\"width: 7.28617%;height: 44px;text-align: center\">40<\/td>\n<td style=\"width: 7.18057%;height: 44px;text-align: center\">05<\/td>\n<td style=\"width: 8.65892%;height: 44px;text-align: center\">03<\/td>\n<td style=\"width: 22.2809%;height: 44px\">Maynara F. Carvalho Barreto; Carine T. Sangaleti Miyahara<\/td>\n<\/tr>\n<tr style=\"height: 80px\">\n<td style=\"width: 31.8902%;height: 10px\">Fundamentos te\u00f3rico-metodol\u00f3gicos de pesquisas em sa\u00fade e enfermagem<\/td>\n<td style=\"width: 4.54066%;height: 10px;text-align: center\">X<\/td>\n<td style=\"width: 6.44139%;height: 10px;text-align: center\"><\/td>\n<td style=\"width: 7.28617%;height: 10px;text-align: center\">45<\/td>\n<td style=\"width: 7.18057%;height: 10px;text-align: center\">15<\/td>\n<td style=\"width: 8.65892%;height: 10px;text-align: center\">04<\/td>\n<td style=\"width: 22.2809%;height: 10px\">Willian Augusto de Melo<\/td>\n<\/tr>\n<tr style=\"height: 96px\">\n<td style=\"width: 31.8902%;height: 10px\">Gest\u00e3o de casos<\/td>\n<td style=\"width: 4.54066%;height: 10px;text-align: center\"><\/td>\n<td style=\"width: 6.44139%;height: 10px;text-align: center\">X<\/td>\n<td style=\"width: 7.28617%;height: 10px;text-align: center\">30<\/td>\n<td style=\"width: 7.18057%;height: 10px;text-align: center\">15<\/td>\n<td style=\"width: 8.65892%;height: 10px;text-align: center\">03<\/td>\n<td style=\"width: 22.2809%;height: 10px\">Ricardo Castanho Moreira; Carlos A. Molena Fernandes<\/td>\n<\/tr>\n<tr style=\"height: 96px\">\n<td style=\"width: 31.8902%;height: 50px\">Planejamento e avalia\u00e7\u00e3o na Aten\u00e7\u00e3o Prim\u00e1ria \u00e0 Sa\u00fade<\/td>\n<td style=\"width: 4.54066%;height: 50px;text-align: center\"><\/td>\n<td style=\"width: 6.44139%;height: 50px;text-align: center\">X<\/td>\n<td style=\"width: 7.28617%;height: 50px;text-align: center\">40<\/td>\n<td style=\"width: 7.18057%;height: 50px;text-align: center\">05<\/td>\n<td style=\"width: 8.65892%;height: 50px;text-align: center\">03<\/td>\n<td style=\"width: 22.2809%;height: 50px\">Maicon Henrique Lentsck; Tatiane Baratieri<\/td>\n<\/tr>\n<tr style=\"height: 56px\">\n<td style=\"width: 31.8902%;height: 10px\">Pol\u00edticas de aten\u00e7\u00e3o \u00e0 sa\u00fade<\/td>\n<td style=\"width: 4.54066%;height: 10px;text-align: center\"><\/td>\n<td style=\"width: 6.44139%;height: 10px;text-align: center\">X<\/td>\n<td style=\"width: 7.28617%;height: 10px;text-align: center\">40<\/td>\n<td style=\"width: 7.18057%;height: 10px;text-align: center\">05<\/td>\n<td style=\"width: 8.65892%;height: 10px;text-align: center\">03<\/td>\n<td style=\"width: 22.2809%;height: 10px\">Kelly Holanda Prezotto<\/td>\n<\/tr>\n<tr style=\"height: 80px\">\n<td style=\"width: 31.8902%;height: 40px\">Pr\u00e1tica cl\u00ednica na Aten\u00e7\u00e3o Prim\u00e1ria \u00e0 Sa\u00fade<\/td>\n<td style=\"width: 4.54066%;height: 40px;text-align: center\"><\/td>\n<td style=\"width: 6.44139%;height: 40px;text-align: center\">X<\/td>\n<td style=\"width: 7.28617%;height: 40px;text-align: center\">20<\/td>\n<td style=\"width: 7.18057%;height: 40px;text-align: center\">25<\/td>\n<td style=\"width: 8.65892%;height: 40px;text-align: center\">03<\/td>\n<td style=\"width: 22.2809%;height: 40px\">Carine T. Sangaleti Miyahara; Carina Bortolato-Major<\/td>\n<\/tr>\n<tr style=\"height: 56px\">\n<td style=\"width: 31.8902%;height: 10px\">Pr\u00e1ticas educativas em sa\u00fade<\/td>\n<td style=\"width: 4.54066%;height: 10px;text-align: center\"><\/td>\n<td style=\"width: 6.44139%;height: 10px;text-align: center\">X<\/td>\n<td style=\"width: 7.28617%;height: 10px;text-align: center\">30<\/td>\n<td style=\"width: 7.18057%;height: 10px;text-align: center\">15<\/td>\n<td style=\"width: 8.65892%;height: 10px;text-align: center\">03<\/td>\n<td style=\"width: 22.2809%;height: 10px\">Maria de F\u00e1tima Mantovani<\/td>\n<\/tr>\n<tr style=\"height: 96px\">\n<td style=\"width: 31.8902%;height: 10px\">Produ\u00e7\u00e3o do conhecimento em Enfermagem<\/td>\n<td style=\"width: 4.54066%;height: 10px;text-align: center\">X<\/td>\n<td style=\"width: 6.44139%;height: 10px;text-align: center\"><\/td>\n<td style=\"width: 7.28617%;height: 10px;text-align: center\">45<\/td>\n<td style=\"width: 7.18057%;height: 10px;text-align: center\">15<\/td>\n<td style=\"width: 8.65892%;height: 10px;text-align: center\">04<\/td>\n<td style=\"width: 22.2809%;height: 10px\">Let\u00edcia Gramazio Soares; Maicon Henrique Lentsck<\/td>\n<\/tr>\n<tr style=\"height: 56px\">\n<td style=\"width: 31.8902%;height: 10px\">Produtos t\u00e9cnicos e tecnol\u00f3gicos<\/td>\n<td style=\"width: 4.54066%;height: 10px;text-align: center\">X<\/td>\n<td style=\"width: 6.44139%;height: 10px;text-align: center\"><\/td>\n<td style=\"width: 7.28617%;height: 10px;text-align: center\">45<\/td>\n<td style=\"width: 7.18057%;height: 10px;text-align: center\">15<\/td>\n<td style=\"width: 8.65892%;height: 10px;text-align: center\">04<\/td>\n<td style=\"width: 22.2809%;height: 10px\">Maria Jos\u00e9 Quina Galdino<\/td>\n<\/tr>\n<tr style=\"height: 80px\">\n<td style=\"width: 31.8902%;height: 10px\">Projeto terap\u00eautico singular: teoria e pr\u00e1tica na sa\u00fade coletiva<\/td>\n<td style=\"width: 4.54066%;height: 10px;text-align: center\"><\/td>\n<td style=\"width: 6.44139%;height: 10px;text-align: center\">X<\/td>\n<td style=\"width: 7.28617%;height: 10px;text-align: center\">20<\/td>\n<td style=\"width: 7.18057%;height: 10px;text-align: center\">25<\/td>\n<td style=\"width: 8.65892%;height: 10px;text-align: center\">03<\/td>\n<td style=\"width: 22.2809%;height: 10px\">Maria Regiane Trincaus<\/td>\n<\/tr>\n<tr style=\"height: 96px\">\n<td style=\"width: 31.8902%;height: 26px\">Promo\u00e7\u00e3o da sa\u00fade<\/td>\n<td style=\"width: 4.54066%;height: 26px;text-align: center\"><\/td>\n<td style=\"width: 6.44139%;height: 26px;text-align: center\">X<\/td>\n<td style=\"width: 7.28617%;height: 26px;text-align: center\">30<\/td>\n<td style=\"width: 7.18057%;height: 26px;text-align: center\">15<\/td>\n<td style=\"width: 8.65892%;height: 26px;text-align: center\">03<\/td>\n<td style=\"width: 22.2809%;height: 26px\">Maria Ant\u00f4nia Ramos Costa; Emiliana Cristina Melo<\/td>\n<\/tr>\n<tr style=\"height: 104px\">\n<td style=\"width: 31.8902%;height: 46px\">Sa\u00fade da pessoa idosa: abordagem interdisciplinar no processo de envelhecimento<\/td>\n<td style=\"width: 4.54066%;height: 46px;text-align: center\"><\/td>\n<td style=\"width: 6.44139%;height: 46px;text-align: center\">X<\/td>\n<td style=\"width: 7.28617%;height: 46px;text-align: center\">35<\/td>\n<td style=\"width: 7.18057%;height: 46px;text-align: center\">10<\/td>\n<td style=\"width: 8.65892%;height: 46px;text-align: center\">03<\/td>\n<td style=\"width: 22.2809%;height: 46px\">Miriam F. Sanches Alarcon<\/td>\n<\/tr>\n<tr style=\"height: 96px\">\n<td style=\"width: 31.8902%;height: 10px\">Sistemas de informa\u00e7\u00e3o em sa\u00fade: teoria e aplicabilidade<\/td>\n<td style=\"width: 4.54066%;height: 10px;text-align: center\"><\/td>\n<td style=\"width: 6.44139%;height: 10px;text-align: center\">X<\/td>\n<td style=\"width: 7.28617%;height: 10px;text-align: center\">30<\/td>\n<td style=\"width: 7.18057%;height: 10px;text-align: center\">15<\/td>\n<td style=\"width: 8.65892%;height: 10px;text-align: center\">03<\/td>\n<td style=\"width: 22.2809%;height: 10px\">Willian Augusto de Melo; Kelly Holanda Prezotto<\/td>\n<\/tr>\n<tr style=\"height: 96px\">\n<td style=\"width: 31.8902%;height: 33px\">Tecnologias e inova\u00e7\u00e3o em enfermagem na Aten\u00e7\u00e3o Prim\u00e1ria \u00e0 Sa\u00fade<\/td>\n<td style=\"width: 4.54066%;height: 33px;text-align: center\"><\/td>\n<td style=\"width: 6.44139%;height: 33px;text-align: center\">X<\/td>\n<td style=\"width: 7.28617%;height: 33px;text-align: center\">35<\/td>\n<td style=\"width: 7.18057%;height: 33px;text-align: center\">10<\/td>\n<td style=\"width: 8.65892%;height: 33px;text-align: center\">03<\/td>\n<td style=\"width: 22.2809%;height: 33px\">Let\u00edcia Gramazio Soares; Tatiane Baratieri<\/td>\n<\/tr>\n<tr style=\"height: 96px\">\n<td style=\"width: 31.8902%;height: 10px\">Tecnologias educacionais e sociais inovadoras<\/td>\n<td style=\"width: 4.54066%;height: 10px;text-align: center\"><\/td>\n<td style=\"width: 6.44139%;height: 10px;text-align: center\">X<\/td>\n<td style=\"width: 7.28617%;height: 10px;text-align: center\">45<\/td>\n<td style=\"width: 7.18057%;height: 10px;text-align: center\">&#8211;<\/td>\n<td style=\"width: 8.65892%;height: 10px;text-align: center\">03<\/td>\n<td style=\"width: 22.2809%;height: 10px\">Maria Jos\u00e9 Quina Galdino; Maynara F. Carvalho Barreto<\/td>\n<\/tr>\n<tr style=\"height: 80px\">\n<td style=\"width: 31.8902%;height: 10px\">Tecnologias na preven\u00e7\u00e3o de doen\u00e7as e agravos<\/td>\n<td style=\"width: 4.54066%;height: 10px;text-align: center\"><\/td>\n<td style=\"width: 6.44139%;height: 10px;text-align: center\">X<\/td>\n<td style=\"width: 7.28617%;height: 10px;text-align: center\">45<\/td>\n<td style=\"width: 7.18057%;height: 10px;text-align: center\">&#8211;<\/td>\n<td style=\"width: 8.65892%;height: 10px;text-align: center\">03<\/td>\n<td style=\"width: 22.2809%;height: 10px\">Patr\u00edcia L. Rodrigues Varela<\/td>\n<\/tr>\n<tr style=\"height: 56px\">\n<td style=\"width: 31.8902%;height: 10px\">T\u00f3picos especiais<\/td>\n<td style=\"width: 10.9821%;height: 10px;text-align: center\" colspan=\"2\">Vari\u00e1vel<\/td>\n<td style=\"width: 14.4667%;height: 10px;text-align: center\" colspan=\"2\">Vari\u00e1vel<\/td>\n<td style=\"width: 8.65892%;height: 10px;text-align: center\">Vari\u00e1vel<\/td>\n<td style=\"width: 22.2809%;height: 10px\">Vari\u00e1vel<\/td>\n<\/tr>\n<tr style=\"height: 59px\">\n<td style=\"width: 31.8902%;height: 11px\">Atividades complementares<\/td>\n<td style=\"width: 4.54066%;height: 11px;text-align: center\"><\/td>\n<td style=\"width: 6.44139%;height: 11px;text-align: center\"><\/td>\n<td style=\"width: 7.28617%;height: 11px;text-align: center\"><\/td>\n<td style=\"width: 7.18057%;height: 11px;text-align: center\">180<\/td>\n<td style=\"width: 8.65892%;height: 11px;text-align: center\">\u00a012<sup>\u2021<\/sup><\/td>\n<td style=\"width: 22.2809%;height: 11px\">Orientadores<\/td>\n<\/tr>\n<tr style=\"height: 59px\">\n<td style=\"width: 31.8902%;height: 10px\">Trabalhos de Conclus\u00e3o de Mestrado I<sup>\u00a7<\/sup><\/td>\n<td style=\"width: 4.54066%;height: 10px;text-align: center\"><\/td>\n<td style=\"width: 6.44139%;height: 10px;text-align: center\"><\/td>\n<td style=\"width: 7.28617%;height: 10px;text-align: center\"><\/td>\n<td style=\"width: 7.18057%;height: 10px;text-align: center\">270<\/td>\n<td style=\"width: 8.65892%;height: 10px;text-align: center\">18<\/td>\n<td style=\"width: 22.2809%;height: 10px\">Orientadores<\/td>\n<\/tr>\n<tr style=\"height: 83px\">\n<td style=\"width: 31.8902%;height: 16px\">Trabalhos de Conclus\u00e3o de Mestrado II<sup>\u00a7<\/sup><\/td>\n<td style=\"width: 4.54066%;height: 16px;text-align: center\"><\/td>\n<td style=\"width: 6.44139%;height: 16px;text-align: center\"><\/td>\n<td style=\"width: 7.28617%;height: 16px;text-align: center\"><\/td>\n<td style=\"width: 7.18057%;height: 16px;text-align: center\">270<\/td>\n<td style=\"width: 8.65892%;height: 16px;text-align: center\">18<\/td>\n<td style=\"width: 22.2809%;height: 16px\">Orientadores<\/td>\n<\/tr>\n<tr style=\"height: 45px\">\n<td style=\"width: 31.8902%;height: 10px\">Trabalhos de Conclus\u00e3o de Mestrado III<sup>\u00a7<\/sup><\/td>\n<td style=\"width: 4.54066%;height: 10px;text-align: center\"><\/td>\n<td style=\"width: 6.44139%;height: 10px;text-align: center\"><\/td>\n<td style=\"width: 7.28617%;height: 10px;text-align: center\"><\/td>\n<td style=\"width: 7.18057%;height: 10px;text-align: center\">270<\/td>\n<td style=\"width: 8.65892%;height: 10px;text-align: center\">18<\/td>\n<td style=\"width: 22.2809%;height: 10px\">Orientadores<\/td>\n<\/tr>\n<tr style=\"height: 48px\">\n<td style=\"width: 31.8902%;height: 11px\">Trabalhos de Conclus\u00e3o de Mestrado IV<sup>\u00a7<\/sup><\/td>\n<td style=\"width: 4.54066%;height: 11px;text-align: center\"><\/td>\n<td style=\"width: 6.44139%;height: 11px;text-align: center\"><\/td>\n<td style=\"width: 7.28617%;height: 11px;text-align: center\"><\/td>\n<td style=\"width: 7.18057%;height: 11px;text-align: center\">270<\/td>\n<td style=\"width: 8.65892%;height: 11px;text-align: center\">18<\/td>\n<td style=\"width: 22.2809%;height: 11px\">Orientadores<\/td>\n<\/tr>\n<\/tbody>\n<\/table>\n<p><span style=\"font-size: 8pt\">*disciplina metodol\u00f3gica; <sup>\u2020<\/sup>disciplina de forma\u00e7\u00e3o espec\u00edfica; <sup>\u2021<\/sup>n\u00famero m\u00e1ximo de cr\u00e9ditos; <sup>\u00a7<\/sup>disciplina obrigat\u00f3ria<\/span><\/p>\n<p><span style=\"font-size: 8pt\"><strong>Fonte:<\/strong> Autoria pr\u00f3pria<\/span><\/p>\n","protected":false},"excerpt":{"rendered":"<p>A estrutura curricular do PPGEnf-APS prop\u00f5e a oferta de disciplinas b\u00e1sicas e espec\u00edficas para proporcionar o desenvolvimento da \u00c1rea de Concentra\u00e7\u00e3o, tendo sido desenvolvidas de acordo com as duas linhas de pesquisa do programa e a experi\u00eancia do corpo docente. Em conformidade com a concepc\u0327a\u0303o pedago\u0301gica centrada no sujeito de aprendizagem, focada no desenvolvimento de [&hellip;]<\/p>\n","protected":false},"author":3,"featured_media":0,"parent":37,"menu_order":0,"comment_status":"closed","ping_status":"closed","template":"","meta":{"_exactmetrics_skip_tracking":false,"_exactmetrics_sitenote_active":false,"_exactmetrics_sitenote_note":"","_exactmetrics_sitenote_category":0,"footnotes":"","_links_to":"","_links_to_target":""},"class_list":["post-45","page","type-page","status-publish","hentry"],"_links":{"self":[{"href":"https:\/\/www3.unicentro.br\/ppgenf\/wp-json\/wp\/v2\/pages\/45","targetHints":{"allow":["GET"]}}],"collection":[{"href":"https:\/\/www3.unicentro.br\/ppgenf\/wp-json\/wp\/v2\/pages"}],"about":[{"href":"https:\/\/www3.unicentro.br\/ppgenf\/wp-json\/wp\/v2\/types\/page"}],"author":[{"embeddable":true,"href":"https:\/\/www3.unicentro.br\/ppgenf\/wp-json\/wp\/v2\/users\/3"}],"replies":[{"embeddable":true,"href":"https:\/\/www3.unicentro.br\/ppgenf\/wp-json\/wp\/v2\/comments?post=45"}],"version-history":[{"count":2,"href":"https:\/\/www3.unicentro.br\/ppgenf\/wp-json\/wp\/v2\/pages\/45\/revisions"}],"predecessor-version":[{"id":266,"href":"https:\/\/www3.unicentro.br\/ppgenf\/wp-json\/wp\/v2\/pages\/45\/revisions\/266"}],"up":[{"embeddable":true,"href":"https:\/\/www3.unicentro.br\/ppgenf\/wp-json\/wp\/v2\/pages\/37"}],"wp:attachment":[{"href":"https:\/\/www3.unicentro.br\/ppgenf\/wp-json\/wp\/v2\/media?parent=45"}],"curies":[{"name":"wp","href":"https:\/\/api.w.org\/{rel}","templated":true}]}}