{"id":41,"date":"2024-02-08T16:31:06","date_gmt":"2024-02-08T19:31:06","guid":{"rendered":"https:\/\/www3.unicentro.br\/ppgenf\/?page_id=41"},"modified":"2024-02-19T14:57:22","modified_gmt":"2024-02-19T17:57:22","slug":"area-de-concentracao-e-linhas-de-pesquisa","status":"publish","type":"page","link":"https:\/\/www3.unicentro.br\/ppgenf\/programa\/area-de-concentracao-e-linhas-de-pesquisa\/","title":{"rendered":"\u00c1rea de Concentra\u00e7\u00e3o e Linhas de Pesquisa"},"content":{"rendered":"<p><span style=\"font-size: 14pt\"><strong>\u00c1REA DE CONCENTRA\u00c7\u00c3O<\/strong><\/span><\/p>\n<p><span style=\"font-weight: 400\">Pr\u00e1ticas de enfermagem e sa\u00fade no contexto da Aten\u00e7\u00e3o Prim\u00e1ria \u00e0 Sa\u00fade.<\/span><\/p>\n<p>&nbsp;<\/p>\n<p><span style=\"font-size: 14pt\"><strong>LINHAS DE PESQUISA<\/strong><\/span><\/p>\n<p style=\"text-align: justify\"><strong>I. Aten\u00e7\u00e3o integral \u00e0 sa\u00fade aos usu\u00e1rios da Aten\u00e7\u00e3o Prim\u00e1ria \u00e0 Sa\u00fade:\u00a0<\/strong>Investiga\u00e7\u00f5es de desenvolvimento e aprimoramento de pr\u00e1ticas assistenciais, sobretudo a enfermagem de pr\u00e1tica avan\u00e7ada, para aten\u00e7\u00e3o integral \u00e0 sa\u00fade das pessoas em seus ciclos de vida e os respectivos instrumentos para abordagem familiar na perspectiva da promo\u00e7\u00e3o e prote\u00e7\u00e3o da sa\u00fade, preven\u00e7\u00e3o dos agravos e doen\u00e7as, redu\u00e7\u00e3o de danos, reabilita\u00e7\u00e3o e tratamento, no \u00e2mbito dos servi\u00e7os da rede de aten\u00e7\u00e3o \u00e0 sa\u00fade, de acordo com as necessidades de sa\u00fade. Ainda, estudos com grupos e a\u00e7\u00f5es priorit\u00e1rios, al\u00e9m do aprimoramento do processo de constru\u00e7\u00e3o de projetos terap\u00eauticos singulares e as pol\u00edticas p\u00fablicas relacionadas \u00e0 sa\u00fade e ao desenvolvimento social.<\/p>\n<p style=\"text-align: justify\"><strong>II. <\/strong><span style=\"font-weight: 400\"><strong>Gest\u00e3o na Aten\u00e7\u00e3o Prim\u00e1ria \u00e0 Sa\u00fade:<\/strong> Estudos de desenvolvimento de produtos t\u00e9cnicos e tecnol\u00f3gicos, com base em pr\u00e1ticas gerenciais, aplic\u00e1veis aos servi\u00e7os de sa\u00fade e a gest\u00e3o na APS. Estudos de avalia\u00e7\u00e3o dos servi\u00e7os e programas relativos \u00e0 sa\u00fade individual, familiar e comunit\u00e1ria, com foco na melhoria da efetividade e qualidade, na vigil\u00e2ncia em sa\u00fade, formulando crit\u00e9rios e indicadores mais adequados ao campo de pr\u00e1ticas da APS. Ainda, ser\u00e3o testados modelos de preven\u00e7\u00e3o e promo\u00e7\u00e3o da sa\u00fade.\u00a0<\/span><\/p>\n","protected":false},"excerpt":{"rendered":"<p>\u00c1REA DE CONCENTRA\u00c7\u00c3O Pr\u00e1ticas de enfermagem e sa\u00fade no contexto da Aten\u00e7\u00e3o Prim\u00e1ria \u00e0 Sa\u00fade. &nbsp; LINHAS DE PESQUISA I. Aten\u00e7\u00e3o integral \u00e0 sa\u00fade aos usu\u00e1rios da Aten\u00e7\u00e3o Prim\u00e1ria \u00e0 Sa\u00fade:\u00a0Investiga\u00e7\u00f5es de desenvolvimento e aprimoramento de pr\u00e1ticas assistenciais, sobretudo a enfermagem de pr\u00e1tica avan\u00e7ada, para aten\u00e7\u00e3o integral \u00e0 sa\u00fade das pessoas em seus ciclos de [&hellip;]<\/p>\n","protected":false},"author":3,"featured_media":0,"parent":37,"menu_order":0,"comment_status":"closed","ping_status":"closed","template":"","meta":{"_exactmetrics_skip_tracking":false,"_exactmetrics_sitenote_active":false,"_exactmetrics_sitenote_note":"","_exactmetrics_sitenote_category":0,"footnotes":"","_links_to":"","_links_to_target":""},"class_list":["post-41","page","type-page","status-publish","hentry"],"_links":{"self":[{"href":"https:\/\/www3.unicentro.br\/ppgenf\/wp-json\/wp\/v2\/pages\/41","targetHints":{"allow":["GET"]}}],"collection":[{"href":"https:\/\/www3.unicentro.br\/ppgenf\/wp-json\/wp\/v2\/pages"}],"about":[{"href":"https:\/\/www3.unicentro.br\/ppgenf\/wp-json\/wp\/v2\/types\/page"}],"author":[{"embeddable":true,"href":"https:\/\/www3.unicentro.br\/ppgenf\/wp-json\/wp\/v2\/users\/3"}],"replies":[{"embeddable":true,"href":"https:\/\/www3.unicentro.br\/ppgenf\/wp-json\/wp\/v2\/comments?post=41"}],"version-history":[{"count":2,"href":"https:\/\/www3.unicentro.br\/ppgenf\/wp-json\/wp\/v2\/pages\/41\/revisions"}],"predecessor-version":[{"id":332,"href":"https:\/\/www3.unicentro.br\/ppgenf\/wp-json\/wp\/v2\/pages\/41\/revisions\/332"}],"up":[{"embeddable":true,"href":"https:\/\/www3.unicentro.br\/ppgenf\/wp-json\/wp\/v2\/pages\/37"}],"wp:attachment":[{"href":"https:\/\/www3.unicentro.br\/ppgenf\/wp-json\/wp\/v2\/media?parent=41"}],"curies":[{"name":"wp","href":"https:\/\/api.w.org\/{rel}","templated":true}]}}