{"id":39,"date":"2024-02-08T16:29:25","date_gmt":"2024-02-08T19:29:25","guid":{"rendered":"https:\/\/www3.unicentro.br\/ppgenf\/?page_id=39"},"modified":"2024-02-19T19:35:19","modified_gmt":"2024-02-19T22:35:19","slug":"apresentacao","status":"publish","type":"page","link":"https:\/\/www3.unicentro.br\/ppgenf\/programa\/apresentacao\/","title":{"rendered":"Apresenta\u00e7\u00e3o"},"content":{"rendered":"<p><span style=\"text-align: justify\"><span style=\"font-size: 18.6667px\"><b>HIST\u00d3RICO<\/b><\/span><\/span><\/p>\n<p style=\"text-align: justify\"><span style=\"text-align: justify\">O Programa de P\u00f3s-Gradua\u00e7\u00e3o Associado em Enfermagem em Aten\u00e7\u00e3o Prim\u00e1ria \u00e0 Sa\u00fade (PPGEnf-APS) \u2013 UENP\/UNESPAR\/UNICENTRO \u00e9 resultado de um esfor\u00e7o coletivo e cooperativo entre professores comprometidos com a universidade p\u00fablica de qualidade, e surgiu da necessidade de qualifica\u00e7\u00e3o profissional em APS no \u00e2mbito das tr\u00eas regi\u00f5es de abrang\u00eancia das universidades associadas.\u00a0<\/span><\/p>\n<p style=\"text-align: justify\"><span style=\"font-weight: 400\">Em <\/span><span style=\"font-weight: 400\">2020<\/span><span style=\"font-weight: 400\">\u00a0docentes do curso de enfermagem vinculados \u00e0 UNESPAR fizeram o convite a docentes dos cursos de enfermagem da UENP e da UNICENTRO para uma proposta associativa, considerando suas caracter\u00edsticas semelhantes, as parcerias consolidadas ou iniciadas e, principalmente, a forma\u00e7\u00e3o e produ\u00e7\u00e3o aderentes \u00e0 \u00c1rea de Enfermagem do corpo docente.<\/span><\/p>\n<p style=\"text-align: justify\"><span style=\"font-weight: 400\">Desde ent\u00e3o o grupo de docentes trabalhou para elabora\u00e7\u00e3o da proposta do PPGEnf-APS, e no dia 07 de junho de 2023 a CAPES divulgou o resultado da Avalia\u00e7\u00e3o de Propostas de Cursos Novos (APCN), submetidos no \u00e2mbito da Portaria n\u00ba 150, de 4 de agosto de 2022, tendo como resultado da 220\u00aa reuni\u00e3o do Conselho T\u00e9cnico-Cient\u00edfico da Educa\u00e7\u00e3o Superior (CTC-ES) da Capes, a aprova\u00e7\u00e3o deste programa. Em dezembro de 2023 o PPGEnf-APS foi reconhecido pelo Minist\u00e9rio da Educa\u00e7\u00e3o, ficando assim autorizado a iniciar suas atividades.\u00a0<\/span><\/p>\n<p>&nbsp;<\/p>\n<p><span style=\"font-size: 14pt\"><b>Objetivos<\/b><\/span><\/p>\n<ul>\n<li style=\"text-align: justify\"><span style=\"font-weight: 400\">Proporcionar forma\u00e7\u00e3o profissional qualificada para o exerc\u00edcio da pr\u00e1tica profissional transformadora e inovadora, incorporando os avan\u00e7os dos estudos na \u00c1rea de Enfermagem em diferentes ni\u0301veis de ana\u0301lise e abordagens de produc\u0327a\u0303o de conhecimento.<\/span><\/li>\n<li style=\"text-align: justify\"><span style=\"font-weight: 400\">Qualificar pessoal para atua\u00e7\u00e3o na APS, com os aportes te\u00f3rico-metodol\u00f3gicos interdisciplinares da ci\u00eancia para o desenvolvimento da capacidade reflexiva, cri\u0301tica, autonomia, inovac\u0327a\u0303o e compromisso e\u0301tico-moral para a promo\u00e7\u00e3o do cuidado transformador, o fortalecimento da Enfermagem de Pr\u00e1tica Avan\u00e7ada no Brasil e a amplia\u00e7\u00e3o do acesso e cobertura universal \u00e0 sa\u00fade.<\/span><\/li>\n<li style=\"text-align: justify\"><span style=\"font-weight: 400\">Contribuir na produc\u0327a\u0303o e implementa\u00e7\u00e3o de tecnologias inovadoras para o planejamento, monitoramento e avalia\u00e7\u00e3o das pol\u00edticas e processos de forma articulada e integrada com os servi\u00e7os da APS, com vistas a melhorar sua efici\u00eancia e efic\u00e1cia, e fortalecer o SUS, promovendo impacto social em n\u00edvel local, regional, nacional e internacional.<\/span><\/li>\n<li style=\"text-align: justify\"><span style=\"font-weight: 400\">Contribuir para a produc\u0327a\u0303o e dissemina\u00e7\u00e3o de conhecimentos em Enfermagem, colaborando para a consolida\u00e7\u00e3o da \u00c1rea.<\/span><\/li>\n<\/ul>\n<p>&nbsp;<\/p>\n<p><span style=\"font-size: 14pt\"><b>Miss\u00e3o<\/b><\/span><\/p>\n<p style=\"text-align: justify\"><span style=\"font-weight: 400\">Formar Mestres em Enfermagem qualificados para o exerc\u00edcio profissional baseado em evid\u00eancias cient\u00edficas nos diferentes contextos da APS para atender as demandas organizacionais, profissionais e sociais.<\/span><\/p>\n<p style=\"text-align: justify\"><span style=\"font-size: 14pt\"><b>Vis\u00e3o<\/b><\/span><\/p>\n<p style=\"text-align: justify\">Consolidar-se como um Programa de P\u00f3s-Gradua\u00e7\u00e3o de refer\u00eancia na forma\u00e7\u00e3o e qualifica\u00e7\u00e3o de Mestres em Enfermagem na \u00e1rea de APS, com capacidade para implementar os conhecimentos, habilidades e produtos inovadores desenvolvidos nos servi\u00e7os de sa\u00fade que comp\u00f5em a APS em \u00e2mbito local e regional.<\/p>\n<p style=\"text-align: justify\"><span style=\"font-size: 14pt\"><b>Valor gerado<\/b><\/span><\/p>\n<p style=\"text-align: justify\"><span style=\"font-weight: 400\">O valor gerado pelo PPGEnf-APS relaciona-se \u00e0 autonomia e criatividade desenvolvidas pelos estudantes e egressos para participar ativamente nas tomadas de decis\u00f5es e atua\u00e7\u00e3o na APS baseada em evid\u00eancias por meio da inova\u00e7\u00e3o e transforma\u00e7\u00e3o da pr\u00e1tica profissional. Espera-se tamb\u00e9m gerar compromisso \u00e9tico, pol\u00edtico e social, bem como respeito \u00e0 diversidade de pessoas, cultura e ao meio ambiente.<\/span><\/p>\n<p>&nbsp;<\/p>\n<p style=\"text-align: justify\"><span style=\"font-size: 14pt\"><b>Forma\u00e7\u00e3o pretendida e perfil do egresso<\/b><\/span><\/p>\n<p style=\"text-align: justify\"><span style=\"font-weight: 400\">O perfil de egresso pretendido \u00e9 um profissional com pr\u00e1tica cl\u00ednica e gestora que atenda as demandas e especificidades dos usu\u00e1rios da APS, bem como com capacidade de produzir e utilizar tecnologias inovadoras em seu processo de trabalho.<\/span><\/p>\n<p style=\"text-align: justify\"><span style=\"font-weight: 400\">Espera-se que o profissional demonstre o dom\u00ednio do estado da arte em sua tem\u00e1tica e \u00e1rea de atua\u00e7\u00e3o profissional, com conhecimentos, habilidades e atitudes para identificar e atender necessidades de sa\u00fade locais e regionais, bem como apresente capacidade para (re)cria\u00e7\u00e3o de tecnologias de impacto social e que gerem novos processos e produtos para contribuir com a sustentabilidade do SUS. Que o profissional produza, desenvolva e implemente boas pr\u00e1ticas em sa\u00fade, amplie e valide saberes e pr\u00e1ticas a partir da coopera\u00e7\u00e3o com ambientes profissionais, locais e regionais. Ainda, que desenvolva a capacidade de forma\u00e7\u00e3o para o trabalho e pr\u00e1ticas educativas em sa\u00fade no contexto da APS, realize a gest\u00e3o do cuidado e aten\u00e7\u00e3o integral \u00e0 sa\u00fade, e contribua para o fortalecimento da Enfermagem de Pr\u00e1tica Avan\u00e7ada no Brasil e para o acesso e cobertura universal \u00e0 sa\u00fade.<\/span><\/p>\n","protected":false},"excerpt":{"rendered":"<p>HIST\u00d3RICO O Programa de P\u00f3s-Gradua\u00e7\u00e3o Associado em Enfermagem em Aten\u00e7\u00e3o Prim\u00e1ria \u00e0 Sa\u00fade (PPGEnf-APS) \u2013 UENP\/UNESPAR\/UNICENTRO \u00e9 resultado de um esfor\u00e7o coletivo e cooperativo entre professores comprometidos com a universidade p\u00fablica de qualidade, e surgiu da necessidade de qualifica\u00e7\u00e3o profissional em APS no \u00e2mbito das tr\u00eas regi\u00f5es de abrang\u00eancia das universidades associadas.\u00a0 Em 2020\u00a0docentes do [&hellip;]<\/p>\n","protected":false},"author":3,"featured_media":0,"parent":37,"menu_order":0,"comment_status":"closed","ping_status":"closed","template":"","meta":{"_exactmetrics_skip_tracking":false,"_exactmetrics_sitenote_active":false,"_exactmetrics_sitenote_note":"","_exactmetrics_sitenote_category":0,"footnotes":"","_links_to":"","_links_to_target":""},"class_list":["post-39","page","type-page","status-publish","hentry"],"_links":{"self":[{"href":"https:\/\/www3.unicentro.br\/ppgenf\/wp-json\/wp\/v2\/pages\/39","targetHints":{"allow":["GET"]}}],"collection":[{"href":"https:\/\/www3.unicentro.br\/ppgenf\/wp-json\/wp\/v2\/pages"}],"about":[{"href":"https:\/\/www3.unicentro.br\/ppgenf\/wp-json\/wp\/v2\/types\/page"}],"author":[{"embeddable":true,"href":"https:\/\/www3.unicentro.br\/ppgenf\/wp-json\/wp\/v2\/users\/3"}],"replies":[{"embeddable":true,"href":"https:\/\/www3.unicentro.br\/ppgenf\/wp-json\/wp\/v2\/comments?post=39"}],"version-history":[{"count":1,"href":"https:\/\/www3.unicentro.br\/ppgenf\/wp-json\/wp\/v2\/pages\/39\/revisions"}],"predecessor-version":[{"id":345,"href":"https:\/\/www3.unicentro.br\/ppgenf\/wp-json\/wp\/v2\/pages\/39\/revisions\/345"}],"up":[{"embeddable":true,"href":"https:\/\/www3.unicentro.br\/ppgenf\/wp-json\/wp\/v2\/pages\/37"}],"wp:attachment":[{"href":"https:\/\/www3.unicentro.br\/ppgenf\/wp-json\/wp\/v2\/media?parent=39"}],"curies":[{"name":"wp","href":"https:\/\/api.w.org\/{rel}","templated":true}]}}