{"id":103,"date":"2024-02-08T17:37:38","date_gmt":"2024-02-08T20:37:38","guid":{"rendered":"https:\/\/www3.unicentro.br\/ppgenf\/?page_id=103"},"modified":"2024-02-20T19:15:57","modified_gmt":"2024-02-20T22:15:57","slug":"sites-importantes","status":"publish","type":"page","link":"https:\/\/www3.unicentro.br\/ppgenf\/sites-importantes\/","title":{"rendered":"Sites importantes"},"content":{"rendered":"<p><a href=\"https:\/\/abrasco.org.br\/\">Associa\u00e7\u00e3o Brasileira de Sa\u00fade Coletiva<\/a><\/p>\n<p>Bibliotecas:<span style=\"color: #339966\"> \u00a0\u00a0<a style=\"color: #339966\" href=\"https:\/\/uenp.edu.br\/biblioteca\">UENP<\/a>\u00a0 \u00a0\/\u00a0 \u00a0<a style=\"color: #339966\" href=\"http:\/\/biblioteca.unespar.edu.br\/\">UNESPAR<\/a>\u00a0 \u00a0\/\u00a0 \u00a0<a style=\"color: #339966\" href=\"https:\/\/www3.unicentro.br\/bibliotecas\/\">UNICENTRO<\/a><\/span><\/p>\n<p>Comit\u00eas de \u00c9tica em Pesquisas Envolvendo Seres Humanos:\u00a0 \u00a0<span style=\"color: #339966\"><a style=\"color: #339966\" href=\"https:\/\/uenp.edu.br\/comites-etica\">UENP<\/a>\u00a0 \u00a0\/ \u00a0 <a href=\"https:\/\/prppg.unespar.edu.br\/cep\"><span style=\"color: #339966\">UNESPAR<\/span><\/a>\u00a0 \u00a0\/ \u00a0\u00a0<a style=\"color: #339966\" href=\"https:\/\/www3.unicentro.br\/comep\/guarapuava\/\">UNICENTRO<\/a><\/span><\/p>\n<p><a href=\"https:\/\/www.gov.br\/cnpq\/pt-br\">Conselho Nacional de Desenvolvimento Cient\u00edfico e Tecnol\u00f3gico<\/a><\/p>\n<p><a href=\"https:\/\/www.gov.br\/capes\/pt-br\">Coordena\u00e7\u00e3o de Aperfei\u00e7oamento de Pessoal de N\u00edvel Superior<\/a><\/p>\n<p><a href=\"https:\/\/redeaps.org.br\/\">Rede de Pesquisa em Aten\u00e7\u00e3o Prim\u00e1ria \u00e0 Sa\u00fade<\/a><\/p>\n<p>&nbsp;<\/p>\n","protected":false},"excerpt":{"rendered":"<p>Associa\u00e7\u00e3o Brasileira de Sa\u00fade Coletiva Bibliotecas: \u00a0\u00a0UENP\u00a0 \u00a0\/\u00a0 \u00a0UNESPAR\u00a0 \u00a0\/\u00a0 \u00a0UNICENTRO Comit\u00eas de \u00c9tica em Pesquisas Envolvendo Seres Humanos:\u00a0 \u00a0UENP\u00a0 \u00a0\/ \u00a0 UNESPAR\u00a0 \u00a0\/ \u00a0\u00a0UNICENTRO Conselho Nacional de Desenvolvimento Cient\u00edfico e Tecnol\u00f3gico Coordena\u00e7\u00e3o de Aperfei\u00e7oamento de Pessoal de N\u00edvel Superior Rede de Pesquisa em Aten\u00e7\u00e3o Prim\u00e1ria \u00e0 Sa\u00fade &nbsp;<\/p>\n","protected":false},"author":3,"featured_media":0,"parent":0,"menu_order":0,"comment_status":"closed","ping_status":"closed","template":"","meta":{"_exactmetrics_skip_tracking":false,"_exactmetrics_sitenote_active":false,"_exactmetrics_sitenote_note":"","_exactmetrics_sitenote_category":0,"footnotes":"","_links_to":"","_links_to_target":""},"class_list":["post-103","page","type-page","status-publish","hentry"],"_links":{"self":[{"href":"https:\/\/www3.unicentro.br\/ppgenf\/wp-json\/wp\/v2\/pages\/103","targetHints":{"allow":["GET"]}}],"collection":[{"href":"https:\/\/www3.unicentro.br\/ppgenf\/wp-json\/wp\/v2\/pages"}],"about":[{"href":"https:\/\/www3.unicentro.br\/ppgenf\/wp-json\/wp\/v2\/types\/page"}],"author":[{"embeddable":true,"href":"https:\/\/www3.unicentro.br\/ppgenf\/wp-json\/wp\/v2\/users\/3"}],"replies":[{"embeddable":true,"href":"https:\/\/www3.unicentro.br\/ppgenf\/wp-json\/wp\/v2\/comments?post=103"}],"version-history":[{"count":2,"href":"https:\/\/www3.unicentro.br\/ppgenf\/wp-json\/wp\/v2\/pages\/103\/revisions"}],"predecessor-version":[{"id":362,"href":"https:\/\/www3.unicentro.br\/ppgenf\/wp-json\/wp\/v2\/pages\/103\/revisions\/362"}],"wp:attachment":[{"href":"https:\/\/www3.unicentro.br\/ppgenf\/wp-json\/wp\/v2\/media?parent=103"}],"curies":[{"name":"wp","href":"https:\/\/api.w.org\/{rel}","templated":true}]}}