{"id":38,"date":"2017-10-23T10:31:29","date_gmt":"2017-10-23T12:31:29","guid":{"rendered":"https:\/\/www3.unicentro.br\/ppgen\/regulamento-e-normas\/"},"modified":"2026-03-31T10:20:00","modified_gmt":"2026-03-31T13:20:00","slug":"regulamento-e-normas","status":"publish","type":"page","link":"https:\/\/www3.unicentro.br\/ppgen\/regulamento-e-normas\/","title":{"rendered":"Normas, Modelos e Formul\u00e1rios"},"content":{"rendered":"<div class=\"wpb-content-wrapper\"><p>[vc_row][vc_column][vc_tta_accordion style=&#8221;flat&#8221; shape=&#8221;square&#8221; spacing=&#8221;2&#8243; active_section=&#8221;100&#8243; collapsible_all=&#8221;true&#8221;][vc_tta_section title=&#8221;Normas&#8221; tab_id=&#8221;1561497031048-414e04a7-19a9&#8243;][vc_column_text css=&#8221;&#8221;]<\/p>\n<p style=\"text-align: left\"><a href=\"https:\/\/www3.unicentro.br\/ppgen\/wp-content\/uploads\/sites\/28\/2022\/11\/REGULAMENTO-GERAL-POS-GRADUACAO-UNICENTRO.pdf\" target=\"_blank\" rel=\"noopener\">Regulamento Geral da P\u00f3s-Gradua\u00e7\u00e3o Stricto Sensu &#8211; UNICENTRO<\/a><\/p>\n<p style=\"text-align: left\"><a href=\"https:\/\/www3.unicentro.br\/ppgen\/wp-content\/uploads\/sites\/28\/2023\/03\/Instrucao-Normativa-PPGEN-1_2015-DEFESA.pdf\" target=\"_blank\" rel=\"noopener\">Instru\u00e7\u00e3o Normativa 01\/2015 &#8211; Estabelece os prazos para solicita\u00e7\u00e3o de Exame de Qualifica\u00e7\u00e3o e de Defesa de Disserta\u00e7\u00e3o e normas de elabora\u00e7\u00e3o.<\/a><\/p>\n<p style=\"text-align: left\"><a href=\"http:\/\/www2.unicentro.br\/ppgen\/files\/2015\/05\/Instru\u00e7\u00e3o-Normativa-01_2016.pdf\">Instru\u00e7\u00e3o Normativa 01\/2016_Estabelece os prazos para solicita\u00e7\u00e3o de documentos.<\/a><\/p>\n<p><a href=\"http:\/\/www2.unicentro.br\/ppgen\/files\/2017\/09\/instru\u00e7\u00e3o-normativa.pdf\">Instru\u00e7\u00e3o Normativa 01\/2017 &#8211; Regulamenta a expedi\u00e7\u00e3o de documentos <\/a><\/p>\n<p><a href=\"https:\/\/www3.unicentro.br\/ppgen\/wp-content\/uploads\/sites\/28\/2018\/05\/INSTRU_O_NORMATIVA_01_2018_REGULAMENTA_O_APRESENTA_O_DO_PRODUTO_EDUCACIONAL_APLICADO_5b0704f0cc776.pdf\">Instru\u00e7\u00e3o Normativa 01\/2018 &#8211; Regulamenta a Apresenta\u00e7\u00e3o do Produto Educacional Aplicado<\/a><\/p>\n<p><a href=\"https:\/\/www3.unicentro.br\/ppgen\/wp-content\/uploads\/sites\/28\/2019\/11\/Instru\u00e7\u00e3o-Normativa-01_2019-Regulamenta\u00e7\u00e3o-da-disciplina-pr\u00e1tica-docente-supervisionada..pdf\">Instru\u00e7\u00e3o Normativa 01_2019 &#8211; Regulamenta\u00e7\u00e3o da disciplina pr\u00e1tica docente supervisionada.<\/a><\/p>\n<p><a href=\"https:\/\/www3.unicentro.br\/ppgen\/wp-content\/uploads\/sites\/28\/2018\/02\/RESOLU\u00c7\u00c3O-N\u00ba-26-CEPE-UNICENTRO-DE-22-DE-DEZEMBRO-DE-2017.pdf\">Resolu\u00e7\u00e3o n\u00ba 26-CEPE-UNICENTRO, de 22 de dezembro de 2017.<\/a><\/p>\n<p><a href=\"https:\/\/www3.unicentro.br\/ppgen\/wp-content\/uploads\/sites\/28\/2022\/03\/Instrucao-Normativa-01-2022-Regulamenta-o-credenciamento-e-descredenciamento-de-docentes-no-PPGEN.pdf\" target=\"_blank\" rel=\"noopener\">Instru\u00e7\u00e3o Normativa 01\/2022 &#8211; Regulamenta o credenciamento e descredenciamento de docentes no PPGEN<\/a><\/p>\n<p><a href=\"https:\/\/www3.unicentro.br\/ppgen\/wp-content\/uploads\/sites\/28\/2023\/05\/IN-01.23-PROPESP-Estabelece-parametros-e-condicoes-para-comprovacao-de-proficiencia-em-lingua-estrangeira_versao-final.pdf\">Instru\u00e7\u00e3o Normativa 01\/2023-PROPESP &#8211; Estabelece par\u00e2metros e condi\u00e7\u00f5es para comprova\u00e7\u00e3o de profici\u00eancia em l\u00edngua estrangeira<\/a><\/p>\n<p><a href=\"https:\/\/www3.unicentro.br\/ppgen\/wp-content\/uploads\/sites\/28\/2023\/11\/IN-01-2023-PPGEN-recredenciamento-e-descredenciamento-de-docentes-no-PPGEN-1.pdf\" target=\"_blank\" rel=\"noopener\">Instru\u00e7\u00e3o Normativa 01-2023\/PPGEN Recredenciamento e descredenciamento de docentes no PPGEN<\/a><\/p>\n<p><a href=\"https:\/\/www3.unicentro.br\/ppgen\/wp-content\/uploads\/sites\/28\/2025\/02\/Instrucao-Normativa-Produto-APCN-2023.pdf\" target=\"_blank\" rel=\"noopener\">Instru\u00e7\u00e3o-Normativa 02\/2023-PPGEN Regulamenta o Produto Educacional dos cursos de Mestrado e Doutorado do PPGEN.<\/a><\/p>\n<p><a href=\"https:\/\/www3.unicentro.br\/ppgen\/wp-content\/uploads\/sites\/28\/2023\/11\/Res-35-2023-Proj-Pedag.pdf\" target=\"_blank\" rel=\"noopener\">Resolu\u00e7\u00e3o 35\/2023 &#8211; Projeto Pedag\u00f3gico.<\/a><\/p>\n<p><a href=\"https:\/\/www3.unicentro.br\/ppgen\/wp-content\/uploads\/sites\/28\/2025\/02\/PORTARIA-MEC-DOUTORADO-PPGEN.pdf\" target=\"_blank\" rel=\"noopener\">PORTARIA MEC N\u00ba 113, DE 17 DE FEVEREIRO DE 2025 &#8211; Reconhece curso de p\u00f3s-gradua\u00e7\u00e3o stricto sensu de Doutorado do PPGEN<\/a><\/p>\n<p><a href=\"https:\/\/sgu.unicentro.br\/pcatooficiais\/imprimir\/E61A515D\" target=\"_blank\" rel=\"noopener\">RESOLU\u00c7\u00c3O N\u00ba 23-CEPE\/UNICENTRO, DE 24 DE SETEMBRO DE 2024. &#8211; Estabelece a reserva de vagas em processos seletivos na P\u00f3s-Gradua\u00e7\u00e3o Stricto sensu da UNICENTRO, e d\u00e1 outras provid\u00eancias.<\/a>[\/vc_column_text][\/vc_tta_section][vc_tta_section title=&#8221;Modelos&#8221; tab_id=&#8221;1561497031068-3aeb28c2-2f63&#8243;][vc_column_text]<\/p>\n<p style=\"text-align: left\"><a href=\"https:\/\/www3.unicentro.br\/ppgen\/wp-content\/uploads\/sites\/28\/2022\/12\/modelo_de_dissertacao_de_mestrado_PPGEN-1-2.doc\" target=\"_blank\" rel=\"noopener\">Modelo de Disserta\u00e7\u00e3o.odt<\/a><\/p>\n<p style=\"text-align: left\"><a href=\"https:\/\/www3.unicentro.br\/ppgen\/wp-content\/uploads\/sites\/28\/2022\/12\/modelo_de_dissertacao_de_mestrado_PPGEN.pdf\" target=\"_blank\" rel=\"noopener\">Modelo de Disserta\u00e7\u00e3o.pdf<\/a><\/p>\n<p>[\/vc_column_text][\/vc_tta_section][vc_tta_section title=&#8221;Formul\u00e1rios&#8221; tab_id=&#8221;1561497177811-f6053c85-cbf6&#8243;][vc_column_text css=&#8221;&#8221;]<a href=\"https:\/\/www3.unicentro.br\/ppgen\/wp-content\/uploads\/sites\/28\/2018\/06\/CheckList_conclus_o_do_mestrado_ap_s_qualifica_o_5b337f83a146c.pdf\">CheckList para as etapas de finaliza\u00e7\u00e3o do PPGEN<\/a><\/p>\n<p><a href=\"https:\/\/www3.unicentro.br\/ppgen\/wp-content\/uploads\/sites\/28\/2018\/07\/Declara_o_de_conclus_o_da_disiciplina_pr_tica_docente_supervisionada_doc_5b5b05f8d2739.doc\">Declara\u00e7\u00e3o de conclus\u00e3o da disciplina pr\u00e1tica docente supervisionada.doc<\/a><\/p>\n<p><a href=\"https:\/\/www3.unicentro.br\/ppgen\/wp-content\/uploads\/sites\/28\/2018\/07\/Declara_o_de_conclus_o_da_disiciplina_pr_tica_docente_supervisionada_pdf_5b5b061bab3f3.pdf\">Declara\u00e7\u00e3o de conclus\u00e3o da disciplina pr\u00e1tica docente supervisionada.pdf<\/a><\/p>\n<p style=\"text-align: left\"><a href=\"https:\/\/www3.unicentro.br\/ppgen\/wp-content\/uploads\/sites\/28\/2025\/04\/Pedido-de-aproveitamento-de-creditos-de-disciplinas-Outros-Programas.odt\">Pedido-de-aproveitamento-de-creditos-de-disciplinas-Outros-Programas<\/a><\/p>\n<p style=\"text-align: left\"><a href=\"https:\/\/www3.unicentro.br\/ppgen\/wp-content\/uploads\/sites\/28\/2025\/12\/Pedido-de-aproveitamento-de-creditos-de-disciplinas-cursadas-no-ppgen-1-2.odt\">Pedido-de-aproveitamento-de-creditos-de-disciplinas-cursadas-no-ppgen-como-aluno-especial<\/a><\/p>\n<p><a href=\"https:\/\/www3.unicentro.br\/ppgen\/wp-content\/uploads\/sites\/28\/2025\/12\/Pedido-de-aproveitamento-de-creditos-de-disciplinas-cursadas-no-ppgen-ALUNO-REGULAR.odt\" target=\"_blank\" rel=\"noopener\">Pedido-de-aproveitamento-de-creditos-de-disciplinas-cursadas-no-ppgen-como-aluno-regular<\/a><\/p>\n<p style=\"text-align: left\"><a href=\"https:\/\/www3.unicentro.br\/ppgen\/wp-content\/uploads\/sites\/28\/2022\/12\/Pedido-de-cancelamento-de-matricula-em-disciplina.odt\">Pedido de cancelamento de matricula em disciplina<\/a><\/p>\n<p style=\"text-align: left\"><a href=\"https:\/\/www3.unicentro.br\/ppgen\/wp-content\/uploads\/sites\/28\/2022\/12\/Pedido-de-Coorientacao.pdf.pdf\">Pedido de Coorienta\u00e7\u00e3o.pdf<\/a><\/p>\n<p style=\"text-align: left\"><a href=\"https:\/\/www3.unicentro.br\/ppgen\/wp-content\/uploads\/sites\/28\/2022\/12\/Pedido-de-Coorientacao.doc\">Pedido-de-Coorienta\u00e7\u00e3o<\/a><\/p>\n<p style=\"text-align: left\"><a href=\"https:\/\/www3.unicentro.br\/ppgen\/wp-content\/uploads\/sites\/28\/2022\/12\/Solicitacao_desligamento_curso.doc\">Solicita\u00e7\u00e3o de desligamento do curso<\/a><\/p>\n<p><a href=\"https:\/\/www3.unicentro.br\/ppgen\/wp-content\/uploads\/sites\/28\/2018\/11\/Termo-de-aceite-do-orientador-com-rela\u00e7\u00e3o-a-apresenta\u00e7\u00e3o-de-trabalho-em-evento2018.odt\">Termo de aceite do orientador com rela\u00e7\u00e3o a apresenta\u00e7\u00e3o de trabalho em evento.doc<\/a><\/p>\n<p><a href=\"https:\/\/www3.unicentro.br\/ppgen\/wp-content\/uploads\/sites\/28\/2018\/11\/Termo-de-aceite-do-orientador-com-rela\u00e7\u00e3o-a-apresenta\u00e7\u00e3o-de-trabalho-em-evento2018.pdf\">Termo de aceite do orientador com rela\u00e7\u00e3o a apresenta\u00e7\u00e3o de trabalho em evento.pdf<\/a><\/p>\n<p><a href=\"https:\/\/www3.unicentro.br\/ppgen\/wp-content\/uploads\/sites\/28\/2022\/05\/Termo-de-aceite-do-orientador-com-relacao-a-submissao-de-artigo.odt\">Termo-de-aceite-do-orientador-com-rela\u00e7\u00e3o-\u00e0-submiss\u00e3o-de-artigo.odt<\/a><\/p>\n<p><a href=\"https:\/\/www3.unicentro.br\/ppgen\/wp-content\/uploads\/sites\/28\/2022\/05\/Termo-de-aceite-do-orientador-com-relacao-a-submissao-de-artigo.pdf\" target=\"_blank\" rel=\"noopener\">Termo-de-aceite-do-orientador-com-rela\u00e7\u00e3o-\u00e0-submiss\u00e3o-de-artigo.pdf<\/a><\/p>\n<p><a href=\"https:\/\/www3.unicentro.br\/ppgen\/wp-content\/uploads\/sites\/28\/2024\/01\/Pedido-de-trancamento-de-matricula-1.doc\" target=\"_blank\" rel=\"noopener\">Pedido-de-trancamento-de-matr\u00edcula em DOC<\/a><\/p>\n<p><a href=\"https:\/\/www3.unicentro.br\/ppgen\/wp-content\/uploads\/sites\/28\/2024\/01\/Pedido-de-trancamento-de-matricula-1.pdf\" target=\"_blank\" rel=\"noopener\">Pedido-de-trancamento-de-matr\u00edcula PDF<\/a><\/p>\n<p><a href=\"https:\/\/www3.unicentro.br\/ppgen\/wp-content\/uploads\/sites\/28\/2025\/11\/Pedido-de-prorrogacao-de-defesa-PPGEN.doc\">Pedido-de-prorrogacao-de-defesa-PPGEN<\/a>[\/vc_column_text][\/vc_tta_section][vc_tta_section title=&#8221;Qualifica\u00e7\u00e3o&#8221; tab_id=&#8221;1561497259161-6af7e989-7b71&#8243;][vc_column_text css=&#8221;&#8221;]<\/p>\n<p style=\"text-align: left\"><a href=\"https:\/\/www3.unicentro.br\/ppgen\/wp-content\/uploads\/sites\/28\/2025\/07\/Indicacao-de-banca-de-qualififcacao-1.odt\">Indica\u00e7\u00e3o-de-banca-de-qualififca\u00e7\u00e3o doc<\/a><\/p>\n<p><a href=\"https:\/\/www3.unicentro.br\/ppgen\/wp-content\/uploads\/sites\/28\/2025\/07\/Indicacao-de-banca-de-qualififcacao-1.pdf\" target=\"_blank\" rel=\"noopener\">Indica\u00e7\u00e3o-de-banca-de-qualififca\u00e7\u00e3o pdf<\/a><\/p>\n<p><a href=\"https:\/\/www3.unicentro.br\/ppgen\/wp-content\/uploads\/sites\/28\/2026\/03\/Pedido-de-qualificacao-doc.doc\" target=\"_blank\" rel=\"noopener\">Pedido-de-qualifica\u00e7\u00e3o doc<\/a><\/p>\n<p><a href=\"https:\/\/www3.unicentro.br\/ppgen\/wp-content\/uploads\/sites\/28\/2026\/03\/Pedido-de-qualificacao-PDF.pdf\">Pedido-de-qualifica\u00e7\u00e3o PDF<\/a>[\/vc_column_text][\/vc_tta_section][vc_tta_section title=&#8221;Defesa&#8221; tab_id=&#8221;1561497282029-ea684200-2679&#8243;][vc_column_text css=&#8221;&#8221;]<\/p>\n<p style=\"text-align: left\"><a href=\"https:\/\/www3.unicentro.br\/ppgen\/wp-content\/uploads\/sites\/28\/2019\/11\/Pedido-de-Defesa-de-Disserta\u00e7\u00e3o.pdf\">Pedido de Defesa de Disserta\u00e7\u00e3o.pdf<\/a><\/p>\n<p style=\"text-align: left\"><a href=\"https:\/\/www3.unicentro.br\/ppgen\/wp-content\/uploads\/sites\/28\/2019\/11\/Pedido-de-Defesa-de-Disserta\u00e7\u00e3o.doc\">Pedido de Defesa de Disserta\u00e7\u00e3o.doc<\/a><\/p>\n<p style=\"text-align: left\"><a href=\"https:\/\/www3.unicentro.br\/ppgen\/wp-content\/uploads\/sites\/28\/2025\/04\/1_Formulario-para-marcacao-de-defesas.pdf\" target=\"_blank\" rel=\"noopener\">Indica\u00e7\u00e3o de banca de defesa (PDF)<\/a><\/p>\n<p><a href=\"https:\/\/www3.unicentro.br\/ppgen\/wp-content\/uploads\/sites\/28\/2025\/04\/1_Formulario-para-marcacao-de-defesas-2.odt\" target=\"_blank\" rel=\"noopener\">Indica\u00e7\u00e3o de de banca de defesa (ODT)<\/a><\/p>\n<p><a href=\"https:\/\/www3.unicentro.br\/ppgen\/wp-content\/uploads\/sites\/28\/2023\/10\/Parecer-do-produto-educacional_MODIFICADO.pdf\">Parecer do produto educacional_MODIFICADO<\/a>[\/vc_column_text][\/vc_tta_section][\/vc_tta_accordion][\/vc_column][\/vc_row]<\/p>\n<\/div>","protected":false},"excerpt":{"rendered":"<p>[vc_row][vc_column][vc_tta_accordion style=&#8221;flat&#8221; shape=&#8221;square&#8221; spacing=&#8221;2&#8243; active_section=&#8221;100&#8243; collapsible_all=&#8221;true&#8221;][vc_tta_section title=&#8221;Normas&#8221; tab_id=&#8221;1561497031048-414e04a7-19a9&#8243;][vc_column_text css=&#8221;&#8221;] Regulamento Geral da P\u00f3s-Gradua\u00e7\u00e3o Stricto Sensu &#8211; UNICENTRO Instru\u00e7\u00e3o Normativa 01\/2015 &#8211; Estabelece os prazos para solicita\u00e7\u00e3o de Exame de Qualifica\u00e7\u00e3o e de Defesa de Disserta\u00e7\u00e3o e normas de elabora\u00e7\u00e3o. Instru\u00e7\u00e3o Normativa 01\/2016_Estabelece os prazos para solicita\u00e7\u00e3o de documentos. Instru\u00e7\u00e3o Normativa 01\/2017 &#8211; Regulamenta a expedi\u00e7\u00e3o [&hellip;]<\/p>\n","protected":false},"author":3,"featured_media":0,"parent":0,"menu_order":0,"comment_status":"closed","ping_status":"open","template":"","meta":{"_exactmetrics_skip_tracking":false,"_exactmetrics_sitenote_active":false,"_exactmetrics_sitenote_note":"","_exactmetrics_sitenote_category":0,"footnotes":"","_links_to":"","_links_to_target":""},"class_list":["post-38","page","type-page","status-publish","hentry"],"_links":{"self":[{"href":"https:\/\/www3.unicentro.br\/ppgen\/wp-json\/wp\/v2\/pages\/38","targetHints":{"allow":["GET"]}}],"collection":[{"href":"https:\/\/www3.unicentro.br\/ppgen\/wp-json\/wp\/v2\/pages"}],"about":[{"href":"https:\/\/www3.unicentro.br\/ppgen\/wp-json\/wp\/v2\/types\/page"}],"author":[{"embeddable":true,"href":"https:\/\/www3.unicentro.br\/ppgen\/wp-json\/wp\/v2\/users\/3"}],"replies":[{"embeddable":true,"href":"https:\/\/www3.unicentro.br\/ppgen\/wp-json\/wp\/v2\/comments?post=38"}],"version-history":[{"count":5,"href":"https:\/\/www3.unicentro.br\/ppgen\/wp-json\/wp\/v2\/pages\/38\/revisions"}],"predecessor-version":[{"id":3660,"href":"https:\/\/www3.unicentro.br\/ppgen\/wp-json\/wp\/v2\/pages\/38\/revisions\/3660"}],"wp:attachment":[{"href":"https:\/\/www3.unicentro.br\/ppgen\/wp-json\/wp\/v2\/media?parent=38"}],"curies":[{"name":"wp","href":"https:\/\/api.w.org\/{rel}","templated":true}]}}