{"id":354,"date":"2018-03-26T13:53:32","date_gmt":"2018-03-26T16:53:32","guid":{"rendered":"https:\/\/www3.unicentro.br\/ppgen\/?page_id=354"},"modified":"2026-04-09T14:51:33","modified_gmt":"2026-04-09T17:51:33","slug":"oficinas-palestras-cursos","status":"publish","type":"page","link":"https:\/\/www3.unicentro.br\/ppgen\/oficinas-palestras-cursos\/","title":{"rendered":"Oficinas\/Palestras\/Cursos\/Mostras"},"content":{"rendered":"<div class=\"wpb-content-wrapper\"><p>[vc_row u_row_style=&#8221;0&#8243; u_row_paralax=&#8221;0&#8243; u_row_scheme=&#8221;0&#8243; css=&#8221;.vc_custom_1775744739318{background-color: #FFFFFF !important;border-color: #81D742 !important;}&#8221;][vc_column][vc_tta_accordion][vc_tta_section title=&#8221;2026&#8243; tab_id=&#8221;1775743742915-ae65eff4-2713&#8243;][vc_gallery type=&#8221;nivo&#8221; interval=&#8221;3&#8243; images=&#8221;3651,3647,3649,3648,3650&#8243; css=&#8221;&#8221; title=&#8221;Semin\u00e1rio Integrado PPGEN 2026&#8243;][\/vc_tta_section][vc_tta_section title=&#8221;2025&#8243; tab_id=&#8221;1775743743061-c39e287c-4ff4&#8243;][vc_gallery interval=&#8221;3&#8243; images=&#8221;3517,3519,3518,3520&#8243; css=&#8221;&#8221; title=&#8221;2\u00ba Encontro de Egressos e P\u00f3s-Graduandos do PPGEN&#8221;][vc_gallery interval=&#8221;3&#8243; images=&#8221;3325,3326,3327,3328&#8243; img_size=&#8221;&#8221; css=&#8221;&#8221; title=&#8221;Minicurso \u201cTerapia ABA aplicada ao comportamento infantil&#8220;, com o Professor Celso Cavalheiro, Coordenador do Instituto Neurol\u00f3gica&#8221;][\/vc_tta_section][vc_tta_section title=&#8221;2024&#8243; tab_id=&#8221;1775746444469-98491c31-f912&#8243;][vc_single_image image=&#8221;3684&#8243; img_size=&#8221;&#8221; css=&#8221;&#8221; title=&#8221;Encontro de Egressos e P\u00f3s-graduandos do PPGEN\/UNICENTRO: 10 anos fortalecendo a Educa\u00e7\u00e3o Cient\u00edfica e Matem\u00e1tica&#8221;][vc_gallery interval=&#8221;3&#8243; images=&#8221;2822,2850,2849,2848,2847&#8243; css=&#8221;&#8221; title=&#8221;Aula Inaugural PPGEN 2024&#8243;][\/vc_tta_section][vc_tta_section title=&#8221;2023&#8243; tab_id=&#8221;1775746590046-a0dd66e5-988b&#8221;][vc_gallery interval=&#8221;3&#8243; images=&#8221;2814,2829,2830&#8243; css=&#8221;&#8221; title=&#8221;I Semin\u00e1rio Internacional em Ensino de Ci\u00eancias e Matem\u00e1tica em tempos mediados pelas tecnologias digitais&#8221;][vc_video link=&#8221;https:\/\/www.youtube.com\/watch?v=M8MWQ0eRghk&#8221; css=&#8221;&#8221; title=&#8221;I SIECM &#8211; Acessibilidade, Tecnologia e Educa\u00e7\u00e3o&#8221;][vc_video link=&#8221;https:\/\/www.youtube.com\/watch?v=FuJXVR6g7t0&#8243; css=&#8221;&#8221; title=&#8221;I SIECM &#8211; Tecnologias Digitais para os novos tempos&#8221;][vc_video link=&#8221;https:\/\/www.youtube.com\/watch?v=ltiKPZh5i84&#8243; css=&#8221;&#8221; title=&#8221;I SIECM &#8211; Abertura e Mesa-redonda (Eixo 4)&#8221;][vc_video link=&#8221;https:\/\/www.youtube.com\/watch?v=JG08kpbiMlU&#8221; css=&#8221;&#8221; title=&#8221;I SIECM &#8211; Confer\u00eancias I e II&#8221;][vc_video link=&#8221;https:\/\/www.youtube.com\/watch?v=boYx0MAuULM&#8221; css=&#8221;&#8221; title=&#8221;I SIECM &#8211; Mesa-redonda novas demandas e perspectivas&#8221;][vc_gallery interval=&#8221;3&#8243; images=&#8221;2845,2844,2843,2842,2841,2840,2839,2838,2837,2836,2835&#8243; img_size=&#8221;&#8221; css=&#8221;&#8221; title=&#8221;Oficinas Interdisciplinares: O Ensino em Tempos de Intelig\u00eancia Artificial&#8221;][\/vc_tta_section][vc_tta_section title=&#8221;2022 e anteriores&#8221; tab_id=&#8221;1775755183276-860e708a-179d&#8221;][vc_gallery interval=&#8221;3&#8243; images=&#8221;2168,2169,2170,2171,2172&#8243; css=&#8221;&#8221; title=&#8221;Educa\u00e7\u00e3o Ambiental e Emerg\u00eancia Clim\u00e1tica: da reflex\u00e3o \u00e0 a\u00e7\u00e3o&#8221;][vc_gallery interval=&#8221;3&#8243; images=&#8221;2099,2104,2098&#8243; css=&#8221;&#8221; title=&#8221;Inaugura\u00e7\u00e3o do Miniaudit\u00f3rio do PPGEN &#8211; Miniaudit\u00f3rio Prof. Sandro Aparecido dos Santos&#8221;][vc_gallery interval=&#8221;3&#8243; images=&#8221;2096,2097,2095&#8243; css=&#8221;&#8221; title=&#8221;Lan\u00e7amento do livro &#8220;Para ensinar melhor &#8211; Ci\u00eancias Naturais e Matem\u00e1tica&#8220;&#8221;][vc_gallery interval=&#8221;3&#8243; images=&#8221;2101,2102,2100,2094&#8243; css=&#8221;&#8221; title=&#8221;I Mostra de Pesquisa e Produtos Educacionais &#8211; MOPPE (UENP\/UNICENTRO)&#8221;][vc_gallery interval=&#8221;3&#8243; images=&#8221;2076,1949,2077&#8243; css=&#8221;&#8221; title=&#8221;Palestra &#8211; Educa\u00e7\u00e3o Ambiental e Crise Clim\u00e1tica: Uma abordagem emergente para a transi\u00e7\u00e3o ecossocial.&#8221;][vc_video link=&#8221;https:\/\/www.youtube.com\/watch?v=FAeA3C8JFp0&#8243; css=&#8221;&#8221; title=&#8221;Semana Mundial do Meio Ambiente&#8221;][vc_gallery interval=&#8221;3&#8243; images=&#8221;1176,1175&#8243; css=&#8221;&#8221; title=&#8221;1\u00aa Mostra dos Produtos Educacionais realizada no Teatro Municipal de Guarapuava em 07 de junho de 2019.&#8221;][vc_gallery interval=&#8221;3&#8243; images=&#8221;372,375&#8243; css=&#8221;&#8221; title=&#8221;Oficinas ministradas no SIEPE\/2017 (UNICENTRO) pelos mestrandos&#8221;][\/vc_tta_section][\/vc_tta_accordion][vc_text_separator title=&#8221;&#8221; title_align=&#8221;separator_align_left&#8221; align=&#8221;align_left&#8221; style=&#8221;double&#8221; css_animation=&#8221;left-to-right&#8221; css=&#8221;&#8221;][vc_column_text css=&#8221;&#8221;][\/vc_column_text][\/vc_column][\/vc_row][vc_row][vc_column][\/vc_column][vc_column][\/vc_column][\/vc_row]<\/p>\n<\/div>","protected":false},"excerpt":{"rendered":"<p>[vc_row u_row_style=&#8221;0&#8243; u_row_paralax=&#8221;0&#8243; u_row_scheme=&#8221;0&#8243; css=&#8221;.vc_custom_1775744739318{background-color: #FFFFFF !important;border-color: #81D742 !important;}&#8221;][vc_column][vc_tta_accordion][vc_tta_section title=&#8221;2026&#8243; tab_id=&#8221;1775743742915-ae65eff4-2713&#8243;][vc_gallery type=&#8221;nivo&#8221; interval=&#8221;3&#8243; images=&#8221;3651,3647,3649,3648,3650&#8243; css=&#8221;&#8221; title=&#8221;Semin\u00e1rio Integrado PPGEN 2026&#8243;][\/vc_tta_section][vc_tta_section title=&#8221;2025&#8243; tab_id=&#8221;1775743743061-c39e287c-4ff4&#8243;][vc_gallery interval=&#8221;3&#8243; images=&#8221;3517,3519,3518,3520&#8243; css=&#8221;&#8221; title=&#8221;2\u00ba Encontro de Egressos e P\u00f3s-Graduandos do PPGEN&#8221;][vc_gallery interval=&#8221;3&#8243; images=&#8221;3325,3326,3327,3328&#8243; img_size=&#8221;&#8221; css=&#8221;&#8221; title=&#8221;Minicurso \u201cTerapia ABA aplicada ao comportamento infantil&#8220;, com o Professor Celso Cavalheiro, Coordenador do Instituto Neurol\u00f3gica&#8221;][\/vc_tta_section][vc_tta_section title=&#8221;2024&#8243; tab_id=&#8221;1775746444469-98491c31-f912&#8243;][vc_single_image image=&#8221;3684&#8243; [&hellip;]<\/p>\n","protected":false},"author":6,"featured_media":1222,"parent":0,"menu_order":0,"comment_status":"closed","ping_status":"closed","template":"","meta":{"_exactmetrics_skip_tracking":false,"_exactmetrics_sitenote_active":false,"_exactmetrics_sitenote_note":"","_exactmetrics_sitenote_category":0,"footnotes":"","_links_to":"","_links_to_target":""},"class_list":["post-354","page","type-page","status-publish","has-post-thumbnail","hentry"],"_links":{"self":[{"href":"https:\/\/www3.unicentro.br\/ppgen\/wp-json\/wp\/v2\/pages\/354","targetHints":{"allow":["GET"]}}],"collection":[{"href":"https:\/\/www3.unicentro.br\/ppgen\/wp-json\/wp\/v2\/pages"}],"about":[{"href":"https:\/\/www3.unicentro.br\/ppgen\/wp-json\/wp\/v2\/types\/page"}],"author":[{"embeddable":true,"href":"https:\/\/www3.unicentro.br\/ppgen\/wp-json\/wp\/v2\/users\/6"}],"replies":[{"embeddable":true,"href":"https:\/\/www3.unicentro.br\/ppgen\/wp-json\/wp\/v2\/comments?post=354"}],"version-history":[{"count":5,"href":"https:\/\/www3.unicentro.br\/ppgen\/wp-json\/wp\/v2\/pages\/354\/revisions"}],"predecessor-version":[{"id":3516,"href":"https:\/\/www3.unicentro.br\/ppgen\/wp-json\/wp\/v2\/pages\/354\/revisions\/3516"}],"wp:featuredmedia":[{"embeddable":true,"href":"https:\/\/www3.unicentro.br\/ppgen\/wp-json\/wp\/v2\/media\/1222"}],"wp:attachment":[{"href":"https:\/\/www3.unicentro.br\/ppgen\/wp-json\/wp\/v2\/media?parent=354"}],"curies":[{"name":"wp","href":"https:\/\/api.w.org\/{rel}","templated":true}]}}