{"id":353,"date":"2018-03-26T13:52:49","date_gmt":"2018-03-26T16:52:49","guid":{"rendered":"https:\/\/www3.unicentro.br\/ppgen\/?page_id=353"},"modified":"2025-03-21T10:54:20","modified_gmt":"2025-03-21T13:54:20","slug":"convenios","status":"publish","type":"page","link":"https:\/\/www3.unicentro.br\/ppgen\/convenios\/","title":{"rendered":"Conv\u00eanios"},"content":{"rendered":"<ul>\n<li><a href=\"https:\/\/www3.unicentro.br\/ppgen\/wp-content\/uploads\/sites\/28\/2025\/03\/Conso\u0301rcio-conve\u0302nio-final.pdf\" target=\"_blank\" rel=\"noopener\">PACTO MUNDIAL DOS JOVENS PELO CLIMA<\/a><\/li>\n<li><a href=\"https:\/\/www3.unicentro.br\/ppgen\/wp-content\/uploads\/sites\/28\/2022\/12\/Acordo-Mexico.pdf\" target=\"_blank\" rel=\"noopener\">Acordo para forma\u00e7\u00e3o de redes tem\u00e1ticas de colabora\u00e7\u00e3o acad\u00eamica &#8211; M\u00e9xico<\/a><\/li>\n<li><a href=\"https:\/\/www3.unicentro.br\/ppgen\/wp-content\/uploads\/sites\/28\/2022\/12\/CEAPP_UFPR.pdf\">CEAPP_UFPR<\/a><\/li>\n<li><a href=\"https:\/\/www3.unicentro.br\/ppgen\/wp-content\/uploads\/sites\/28\/2022\/12\/Contrato-Administrativo-no-010-2022_Turvo.pdf\">Contrato Administrativo n\u00ba 010-2022_Turvo<\/a><\/li>\n<li><a href=\"https:\/\/www3.unicentro.br\/ppgen\/wp-content\/uploads\/sites\/28\/2018\/03\/Contrato_Administrativo_99_17_Campina_do_Sim_o_5abb80c37d699.pdf\">Contrato administrativo n\u00ba 99\/2017 &#8211; De presta\u00e7\u00e3o de servi\u00e7os entre o munic\u00edpio de Campina do Sim\u00e3o e a Unicentro<\/a><\/li>\n<li><a href=\"https:\/\/www3.unicentro.br\/ppgen\/wp-content\/uploads\/sites\/28\/2018\/03\/Termo-de-Conv\u00eanio-Mobilidade-Docente-2017.pdf\">Termo de Conv\u00eanio Mobilidade Docente 2017<\/a><\/li>\n<li><a href=\"https:\/\/www3.unicentro.br\/ppgen\/wp-content\/uploads\/sites\/28\/2021\/02\/convenio_050_2020_UNICENTRO_UENP.pdf\" target=\"_blank\" rel=\"noopener\">Conv\u00eanio entre UNICENTRO e UENP<\/a><\/li>\n<li><a href=\"https:\/\/www3.unicentro.br\/ppgen\/wp-content\/uploads\/sites\/28\/2024\/07\/CONVENIO-UNICENTRO-E-PREFEITURA-DE-GUARAPUAVA-6.pdf\">CONV\u00caNIO PPGEN\/UNICENTRO E PREFEITURA DE GUARAPUAVA<\/a><\/li>\n<li><a href=\"https:\/\/www3.unicentro.br\/ppgen\/wp-content\/uploads\/sites\/28\/2024\/09\/Termo-de-Cooperacao-PPGEN-UNICENTRO-E-PM-GPUAVA-2024.pdf\">Termo de Coopera\u00e7\u00e3o &#8211; PPGEN-UNICENTRO E PM GUARAPUAVA &#8211; 2024<\/a><\/li>\n<\/ul>\n","protected":false},"excerpt":{"rendered":"<p>PACTO MUNDIAL DOS JOVENS PELO CLIMA Acordo para forma\u00e7\u00e3o de redes tem\u00e1ticas de colabora\u00e7\u00e3o acad\u00eamica &#8211; M\u00e9xico CEAPP_UFPR Contrato Administrativo n\u00ba 010-2022_Turvo Contrato administrativo n\u00ba 99\/2017 &#8211; De presta\u00e7\u00e3o de servi\u00e7os entre o munic\u00edpio de Campina do Sim\u00e3o e a Unicentro Termo de Conv\u00eanio Mobilidade Docente 2017 Conv\u00eanio entre UNICENTRO e UENP CONV\u00caNIO PPGEN\/UNICENTRO E [&hellip;]<\/p>\n","protected":false},"author":6,"featured_media":0,"parent":0,"menu_order":0,"comment_status":"closed","ping_status":"closed","template":"","meta":{"_exactmetrics_skip_tracking":false,"_exactmetrics_sitenote_active":false,"_exactmetrics_sitenote_note":"","_exactmetrics_sitenote_category":0,"footnotes":"","_links_to":"","_links_to_target":""},"class_list":["post-353","page","type-page","status-publish","hentry"],"_links":{"self":[{"href":"https:\/\/www3.unicentro.br\/ppgen\/wp-json\/wp\/v2\/pages\/353","targetHints":{"allow":["GET"]}}],"collection":[{"href":"https:\/\/www3.unicentro.br\/ppgen\/wp-json\/wp\/v2\/pages"}],"about":[{"href":"https:\/\/www3.unicentro.br\/ppgen\/wp-json\/wp\/v2\/types\/page"}],"author":[{"embeddable":true,"href":"https:\/\/www3.unicentro.br\/ppgen\/wp-json\/wp\/v2\/users\/6"}],"replies":[{"embeddable":true,"href":"https:\/\/www3.unicentro.br\/ppgen\/wp-json\/wp\/v2\/comments?post=353"}],"version-history":[{"count":2,"href":"https:\/\/www3.unicentro.br\/ppgen\/wp-json\/wp\/v2\/pages\/353\/revisions"}],"predecessor-version":[{"id":3197,"href":"https:\/\/www3.unicentro.br\/ppgen\/wp-json\/wp\/v2\/pages\/353\/revisions\/3197"}],"wp:attachment":[{"href":"https:\/\/www3.unicentro.br\/ppgen\/wp-json\/wp\/v2\/media?parent=353"}],"curies":[{"name":"wp","href":"https:\/\/api.w.org\/{rel}","templated":true}]}}