{"id":334,"date":"2018-02-28T11:44:40","date_gmt":"2018-02-28T14:44:40","guid":{"rendered":"https:\/\/www3.unicentro.br\/ppgen\/?page_id=334"},"modified":"2018-02-28T11:44:40","modified_gmt":"2018-02-28T14:44:40","slug":"a-modelagem-matematica-no-processo-de-ensino-e-aprendizagem-da-matematica-no-ensino-fundamental-acoes-e-interacoes","status":"publish","type":"page","link":"https:\/\/www3.unicentro.br\/ppgen\/a-modelagem-matematica-no-processo-de-ensino-e-aprendizagem-da-matematica-no-ensino-fundamental-acoes-e-interacoes\/","title":{"rendered":"A Modelagem Matem\u00e1tica no Processo de Ensino e Aprendizagem da Matem\u00e1tica no Ensino Fundamental &#8211; A\u00e7\u00f5es e Intera\u00e7\u00f5es"},"content":{"rendered":"<div class=\"wpb-content-wrapper\"><p>[vc_row][vc_column]    <div class=\"un-heading un-heading-heading_9963 \" data-delay=0>\n    \t<div class=\"un-heading-wrap\">\n            <span class=\"un-heading-line un-heading-before\"><span><\/span><\/span>\n                            <span class='btn btn-default btn-lg btn-lighter un-heading-content'>\n                            Produto Educacional Aplicado                            <\/span>\n                        <span class=\"un-heading-line un-heading-after\"><span><\/span><\/span>\n        <\/div>\n        <div class=\"clearfix\"><\/div>\n    <\/div>\n    [vc_text_separator title=&#8221;Marcelo Fabricio Chociai Komar&#8221;][vc_video link=&#8221;https:\/\/youtu.be\/b6dCnEwUKLE&#8221; align=&#8221;center&#8221;][\/vc_column][\/vc_row]<\/p>\n<\/div>","protected":false},"excerpt":{"rendered":"<p>[vc_row][vc_column][vc_text_separator title=&#8221;Marcelo Fabricio Chociai Komar&#8221;][vc_video link=&#8221;https:\/\/youtu.be\/b6dCnEwUKLE&#8221; align=&#8221;center&#8221;][\/vc_column][\/vc_row]<\/p>\n","protected":false},"author":3,"featured_media":0,"parent":0,"menu_order":0,"comment_status":"closed","ping_status":"closed","template":"","meta":{"_exactmetrics_skip_tracking":false,"_exactmetrics_sitenote_active":false,"_exactmetrics_sitenote_note":"","_exactmetrics_sitenote_category":0,"footnotes":"","_links_to":"","_links_to_target":""},"class_list":["post-334","page","type-page","status-publish","hentry"],"_links":{"self":[{"href":"https:\/\/www3.unicentro.br\/ppgen\/wp-json\/wp\/v2\/pages\/334","targetHints":{"allow":["GET"]}}],"collection":[{"href":"https:\/\/www3.unicentro.br\/ppgen\/wp-json\/wp\/v2\/pages"}],"about":[{"href":"https:\/\/www3.unicentro.br\/ppgen\/wp-json\/wp\/v2\/types\/page"}],"author":[{"embeddable":true,"href":"https:\/\/www3.unicentro.br\/ppgen\/wp-json\/wp\/v2\/users\/3"}],"replies":[{"embeddable":true,"href":"https:\/\/www3.unicentro.br\/ppgen\/wp-json\/wp\/v2\/comments?post=334"}],"version-history":[{"count":0,"href":"https:\/\/www3.unicentro.br\/ppgen\/wp-json\/wp\/v2\/pages\/334\/revisions"}],"wp:attachment":[{"href":"https:\/\/www3.unicentro.br\/ppgen\/wp-json\/wp\/v2\/media?parent=334"}],"curies":[{"name":"wp","href":"https:\/\/api.w.org\/{rel}","templated":true}]}}