{"id":33,"date":"2017-10-23T10:31:29","date_gmt":"2017-10-23T12:31:29","guid":{"rendered":"https:\/\/www3.unicentro.br\/ppgen\/contato\/"},"modified":"2021-02-18T13:20:30","modified_gmt":"2021-02-18T16:20:30","slug":"contato","status":"publish","type":"page","link":"https:\/\/www3.unicentro.br\/ppgen\/contato\/","title":{"rendered":"Contato"},"content":{"rendered":"<h3>Fale Conosco<\/h3>\n<p><strong>Secretaria do Programa de P\u00f3s-gradua\u00e7\u00e3o em Ensino de Ci\u00eancias Naturais e Matem\u00e1tica <\/strong><\/p>\n<p><strong>Hor\u00e1rio de funcionamento: <\/strong>das 8h \u00e0s 11h\u00a0e das 13h \u00e0s 16h.<\/p>\n<p><strong>Localiza\u00e7\u00e3o:<\/strong><\/p>\n<p style=\"padding-left: 30px\"><strong>Campus Cedeteg<br \/>\n<\/strong>Rua Camargo Varela de S\u00e1, 03 \u2013 Vila Carli<br \/>\nFone: (42) 3629-8319<br \/>\nCEP 85040-080<br \/>\nGuarapuava \u2013 PR<\/p>\n<hr style=\"width: 85%\" width=\"85%\" \/>\n\n<div class=\"wpcf7 no-js\" id=\"wpcf7-f23-o1\" lang=\"pt-BR\" dir=\"ltr\" data-wpcf7-id=\"23\">\n<div class=\"screen-reader-response\"><p role=\"status\" aria-live=\"polite\" aria-atomic=\"true\"><\/p> <ul><\/ul><\/div>\n<form action=\"\/ppgen\/wp-json\/wp\/v2\/pages\/33#wpcf7-f23-o1\" method=\"post\" class=\"wpcf7-form init\" aria-label=\"Formul\u00e1rios de contato\" novalidate=\"novalidate\" data-status=\"init\">\n<fieldset class=\"hidden-fields-container\"><input type=\"hidden\" name=\"_wpcf7\" value=\"23\" \/><input type=\"hidden\" name=\"_wpcf7_version\" value=\"6.1.5\" \/><input type=\"hidden\" name=\"_wpcf7_locale\" value=\"pt_BR\" \/><input type=\"hidden\" name=\"_wpcf7_unit_tag\" value=\"wpcf7-f23-o1\" \/><input type=\"hidden\" name=\"_wpcf7_container_post\" value=\"0\" \/><input type=\"hidden\" name=\"_wpcf7_posted_data_hash\" value=\"\" \/>\n<\/fieldset>\n<p><label> Seu nome (obrigat\u00f3rio)<br \/>\n<span class=\"wpcf7-form-control-wrap\" data-name=\"your-name\"><input size=\"40\" maxlength=\"400\" class=\"wpcf7-form-control wpcf7-text wpcf7-validates-as-required\" aria-required=\"true\" aria-invalid=\"false\" value=\"\" type=\"text\" name=\"your-name\" \/><\/span> <\/label>\n<\/p>\n<p><label> Seu e-mail (obrigat\u00f3rio)<br \/>\n<span class=\"wpcf7-form-control-wrap\" data-name=\"your-email\"><input size=\"40\" maxlength=\"400\" class=\"wpcf7-form-control wpcf7-email wpcf7-validates-as-required wpcf7-text wpcf7-validates-as-email\" aria-required=\"true\" aria-invalid=\"false\" value=\"\" type=\"email\" name=\"your-email\" \/><\/span> <\/label>\n<\/p>\n<p><label> Assunto (obrigat\u00f3rio)<br \/>\n<span class=\"wpcf7-form-control-wrap\" data-name=\"your-subject\"><input size=\"40\" maxlength=\"400\" class=\"wpcf7-form-control wpcf7-text wpcf7-validates-as-required\" aria-required=\"true\" aria-invalid=\"false\" value=\"\" type=\"text\" name=\"your-subject\" \/><\/span> <\/label>\n<\/p>\n<p><label> Sua mensagem<br \/>\n<span class=\"wpcf7-form-control-wrap\" data-name=\"your-message\"><textarea cols=\"40\" rows=\"10\" maxlength=\"2000\" class=\"wpcf7-form-control wpcf7-textarea\" aria-invalid=\"false\" name=\"your-message\"><\/textarea><\/span> <\/label>\n<\/p>\n<p>[recaptcha]\n<\/p>\n<p><input class=\"wpcf7-form-control wpcf7-submit has-spinner\" type=\"submit\" value=\"Enviar\" \/>\n<\/p><p style=\"display: none !important;\" class=\"akismet-fields-container\" data-prefix=\"_wpcf7_ak_\"><label>&#916;<textarea name=\"_wpcf7_ak_hp_textarea\" cols=\"45\" rows=\"8\" maxlength=\"100\"><\/textarea><\/label><input type=\"hidden\" id=\"ak_js_1\" name=\"_wpcf7_ak_js\" value=\"76\"\/><script>document.getElementById( \"ak_js_1\" ).setAttribute( \"value\", ( new Date() ).getTime() );<\/script><\/p><div class=\"wpcf7-response-output\" aria-hidden=\"true\"><\/div>\n<\/form>\n<\/div>\n\n","protected":false},"excerpt":{"rendered":"<p>Fale Conosco Secretaria do Programa de P\u00f3s-gradua\u00e7\u00e3o em Ensino de Ci\u00eancias Naturais e Matem\u00e1tica Hor\u00e1rio de funcionamento: das 8h \u00e0s 11h\u00a0e das 13h \u00e0s 16h. Localiza\u00e7\u00e3o: Campus Cedeteg Rua Camargo Varela de S\u00e1, 03 \u2013 Vila Carli Fone: (42) 3629-8319 CEP 85040-080 Guarapuava \u2013 PR<\/p>\n","protected":false},"author":3,"featured_media":0,"parent":0,"menu_order":0,"comment_status":"closed","ping_status":"open","template":"","meta":{"_exactmetrics_skip_tracking":false,"_exactmetrics_sitenote_active":false,"_exactmetrics_sitenote_note":"","_exactmetrics_sitenote_category":0,"footnotes":"","_links_to":"","_links_to_target":""},"class_list":["post-33","page","type-page","status-publish","hentry"],"_links":{"self":[{"href":"https:\/\/www3.unicentro.br\/ppgen\/wp-json\/wp\/v2\/pages\/33","targetHints":{"allow":["GET"]}}],"collection":[{"href":"https:\/\/www3.unicentro.br\/ppgen\/wp-json\/wp\/v2\/pages"}],"about":[{"href":"https:\/\/www3.unicentro.br\/ppgen\/wp-json\/wp\/v2\/types\/page"}],"author":[{"embeddable":true,"href":"https:\/\/www3.unicentro.br\/ppgen\/wp-json\/wp\/v2\/users\/3"}],"replies":[{"embeddable":true,"href":"https:\/\/www3.unicentro.br\/ppgen\/wp-json\/wp\/v2\/comments?post=33"}],"version-history":[{"count":1,"href":"https:\/\/www3.unicentro.br\/ppgen\/wp-json\/wp\/v2\/pages\/33\/revisions"}],"predecessor-version":[{"id":2546,"href":"https:\/\/www3.unicentro.br\/ppgen\/wp-json\/wp\/v2\/pages\/33\/revisions\/2546"}],"wp:attachment":[{"href":"https:\/\/www3.unicentro.br\/ppgen\/wp-json\/wp\/v2\/media?parent=33"}],"curies":[{"name":"wp","href":"https:\/\/api.w.org\/{rel}","templated":true}]}}