{"id":29,"date":"2017-10-23T10:31:29","date_gmt":"2017-10-23T12:31:29","guid":{"rendered":"https:\/\/www3.unicentro.br\/ppgen\/linhas-de-pesquisa\/"},"modified":"2026-04-07T16:35:13","modified_gmt":"2026-04-07T19:35:13","slug":"linhas-de-pesquisa","status":"publish","type":"page","link":"https:\/\/www3.unicentro.br\/ppgen\/linhas-de-pesquisa\/","title":{"rendered":"Linhas de Pesquisa"},"content":{"rendered":"<div class=\"wpb-content-wrapper\"><p>[vc_row][vc_column][vc_column_text css=&#8221;&#8221;]<\/p>\n<ul>\n<li><span style=\"text-decoration: underline;font-family: arial, helvetica, sans-serif;font-size: 12pt\"><strong>LINHAS DE PESQUISA A PARTIR DE 2024<\/strong><\/span><\/li>\n<\/ul>\n<p align=\"justify\"><span style=\"font-family: arial, helvetica, sans-serif;font-size: 12pt\"><strong>Ensino e Aprendizagem em Ci\u00eancias Naturais:<\/strong> Desenvolve estudos, pesquisas, avalia\u00e7\u00f5es e reflex\u00f5es sobre teorias, m\u00e9todos, did\u00e1ticas espec\u00edficas, pr\u00e1ticas pedag\u00f3gicas e materiais did\u00e1ticos em Ci\u00eancias Naturais, visando o aperfei\u00e7oamento de recursos humanos em todos os n\u00edveis de ensino.<\/span><\/p>\n<p align=\"justify\"><span style=\"font-family: arial, helvetica, sans-serif;font-size: 12pt\"><strong>Ensino e Aprendizagem em Matem\u00e1tica:<\/strong> Desenvolve estudos, pesquisas, avalia\u00e7\u00f5es e reflex\u00f5es sobre teorias, m\u00e9todos, did\u00e1ticas espec\u00edficas, pr\u00e1ticas pedag\u00f3gicas e materiais did\u00e1ticos em Matem\u00e1tica, visando o aperfei\u00e7oamento de recursos humanos em todos os n\u00edveis de ensino.<\/span><\/p>\n<p>&nbsp;<\/p>\n<ul style=\"list-style-type: square\">\n<li><span style=\"text-decoration: underline;font-family: arial, helvetica, sans-serif;font-size: 12pt\"><strong>LINHAS DE PESQUISA AT\u00c9 2023<\/strong><\/span><\/li>\n<\/ul>\n<p align=\"justify\"><span style=\"font-size: 12pt;font-family: arial, helvetica, sans-serif\"><b>M\u00e9todos de Ensino e Aprendizagem em Ci\u00eancias e Biologia:<\/b> Desenvolve estudos, pesquisas, avalia\u00e7\u00f5es e reflex\u00f5es sobre teorias, m\u00e9todos, did\u00e1ticas espec\u00edficas, pr\u00e1ticas pedag\u00f3gicas e materiais did\u00e1ticos em Ci\u00eancias e Biologia. Visando o aperfei\u00e7oamento de recursos humanos em todos os n\u00edveis de ensino.<\/span><\/p>\n<p align=\"justify\"><span style=\"font-size: 12pt;font-family: arial, helvetica, sans-serif\"><b>M\u00e9todos de Ensino e Aprendizagem em Matem\u00e1tica:<\/b> Desenvolve estudos, pesquisas, avalia\u00e7\u00f5es e reflex\u00f5es sobre teorias, m\u00e9todos, did\u00e1ticas espec\u00edficas, pr\u00e1ticas pedag\u00f3gicas e materiais did\u00e1ticos em Matem\u00e1tica. Visando o aperfei\u00e7oamento de recursos humanos em todos os n\u00edveis de ensino.<\/span><\/p>\n<p align=\"justify\"><span style=\"font-size: 12pt;font-family: arial, helvetica, sans-serif\"><b>M\u00e9todos de Ensino e Aprendizagem em F\u00edsica: <\/b>Desenvolve estudos, pesquisas, avalia\u00e7\u00f5es e reflex\u00f5es sobre teorias, m\u00e9todos, did\u00e1ticas espec\u00edficas, pr\u00e1ticas pedag\u00f3gicas e materiais did\u00e1ticos em F\u00edsica. Visando o aperfei\u00e7oamento de recursos humanos em todos os n\u00edveis de ensino.<\/span><\/p>\n<p align=\"justify\"><span style=\"font-size: 12pt;font-family: arial, helvetica, sans-serif\"><b>M\u00e9todos de Ensino e Aprendizagem em Qu\u00edmica:<\/b> Desenvolve estudos, pesquisas, avalia\u00e7\u00f5es e reflex\u00f5es sobre teorias, m\u00e9todos, did\u00e1ticas espec\u00edficas, pr\u00e1ticas pedag\u00f3gicas e materiais did\u00e1ticos em Qu\u00edmica. Visando o aperfei\u00e7oamento de recursos humanos em todos os n\u00edveis de ensino.<\/span><\/p>\n<p>[\/vc_column_text][\/vc_column][\/vc_row]<\/p>\n<\/div>","protected":false},"excerpt":{"rendered":"<p>[vc_row][vc_column][vc_column_text css=&#8221;&#8221;] LINHAS DE PESQUISA A PARTIR DE 2024 Ensino e Aprendizagem em Ci\u00eancias Naturais: Desenvolve estudos, pesquisas, avalia\u00e7\u00f5es e reflex\u00f5es sobre teorias, m\u00e9todos, did\u00e1ticas espec\u00edficas, pr\u00e1ticas pedag\u00f3gicas e materiais did\u00e1ticos em Ci\u00eancias Naturais, visando o aperfei\u00e7oamento de recursos humanos em todos os n\u00edveis de ensino. Ensino e Aprendizagem em Matem\u00e1tica: Desenvolve estudos, pesquisas, avalia\u00e7\u00f5es [&hellip;]<\/p>\n","protected":false},"author":3,"featured_media":0,"parent":0,"menu_order":0,"comment_status":"closed","ping_status":"open","template":"","meta":{"_exactmetrics_skip_tracking":false,"_exactmetrics_sitenote_active":false,"_exactmetrics_sitenote_note":"","_exactmetrics_sitenote_category":0,"footnotes":"","_links_to":"","_links_to_target":""},"class_list":["post-29","page","type-page","status-publish","hentry"],"_links":{"self":[{"href":"https:\/\/www3.unicentro.br\/ppgen\/wp-json\/wp\/v2\/pages\/29","targetHints":{"allow":["GET"]}}],"collection":[{"href":"https:\/\/www3.unicentro.br\/ppgen\/wp-json\/wp\/v2\/pages"}],"about":[{"href":"https:\/\/www3.unicentro.br\/ppgen\/wp-json\/wp\/v2\/types\/page"}],"author":[{"embeddable":true,"href":"https:\/\/www3.unicentro.br\/ppgen\/wp-json\/wp\/v2\/users\/3"}],"replies":[{"embeddable":true,"href":"https:\/\/www3.unicentro.br\/ppgen\/wp-json\/wp\/v2\/comments?post=29"}],"version-history":[{"count":4,"href":"https:\/\/www3.unicentro.br\/ppgen\/wp-json\/wp\/v2\/pages\/29\/revisions"}],"predecessor-version":[{"id":3670,"href":"https:\/\/www3.unicentro.br\/ppgen\/wp-json\/wp\/v2\/pages\/29\/revisions\/3670"}],"wp:attachment":[{"href":"https:\/\/www3.unicentro.br\/ppgen\/wp-json\/wp\/v2\/media?parent=29"}],"curies":[{"name":"wp","href":"https:\/\/api.w.org\/{rel}","templated":true}]}}