{"id":2732,"date":"2024-02-05T11:08:08","date_gmt":"2024-02-05T14:08:08","guid":{"rendered":"https:\/\/www3.unicentro.br\/ppgen\/?page_id=2732"},"modified":"2026-03-24T17:06:45","modified_gmt":"2026-03-24T20:06:45","slug":"estagio-pos-doutoral","status":"publish","type":"page","link":"https:\/\/www3.unicentro.br\/ppgen\/estagio-pos-doutoral\/","title":{"rendered":"Est\u00e1gio p\u00f3s-doutoral"},"content":{"rendered":"<div class=\"wpb-content-wrapper\"><p>[vc_row][vc_column][vc_column_text css=&#8221;&#8221;]<span style=\"text-decoration: underline;font-family: georgia, palatino, serif;font-size: 12pt\"><span style=\"color: #3366ff\"><strong><a style=\"color: #3366ff;text-decoration: underline\" href=\"https:\/\/www3.unicentro.br\/ppgen\/wp-content\/uploads\/sites\/28\/2023\/05\/EDITAL-POS-DOC-2023-VERSAO-FINAL.pdf\" target=\"_blank\" rel=\"noopener\">PROCESSO DE SELE\u00c7\u00c3O DE FLUXO CONT\u00cdNUO DE EST\u00c1GIO P\u00d3S-DOUTORAL<\/a><\/strong><\/span><\/span><\/p>\n<p><span style=\"font-family: arial, helvetica, sans-serif;font-size: 12pt\"><strong><span style=\"color: #000000\">PESQUISAS CONCLU\u00cdDAS OU EM ANDAMENTO DE EST\u00c1GIO P\u00d3S-DOUTORAL NO PPGEN\/UNICENTRO.<\/span><\/strong><\/span><\/p>\n<p><span style=\"color: #000000;font-family: arial, helvetica, sans-serif;font-size: 12pt\"><strong>Nome:<\/strong> Michel Felipe Lima de Ara\u00fajo<\/span><\/p>\n<p><span style=\"color: #000000;font-family: arial, helvetica, sans-serif;font-size: 12pt\"><strong>Per\u00edodo:<\/strong> 01\/10\/2023 a 31\/03\/2024<\/span><\/p>\n<p><span style=\"color: #000000;font-family: arial, helvetica, sans-serif;font-size: 12pt\"><strong>T\u00edtulo da Pesquisa:<\/strong> &#8220;O jogo CriptoNio como estrat\u00e9gia de personaliza\u00e7\u00e3o do ensino de ci\u00eancias \/ F\u00edsica&#8221;<\/span><\/p>\n<p><span style=\"color: #000000;font-family: arial, helvetica, sans-serif;font-size: 12pt\"><strong>Docente supervisor:<\/strong> Prof. Dr. Ricardo Yoshimitsu Miyahara<\/span><\/p>\n<hr \/>\n<p><span style=\"color: #000000;font-family: arial, helvetica, sans-serif;font-size: 12pt\"><strong>Nome:<\/strong> Jhonatan dos Santos Dantas<\/span><\/p>\n<p><span style=\"color: #000000;font-family: arial, helvetica, sans-serif;font-size: 12pt\"><strong>Per\u00edodo:<\/strong> 01\/03\/2024 a 09\/12\/2024<\/span><\/p>\n<p><span style=\"color: #000000;font-family: arial, helvetica, sans-serif;font-size: 12pt\"><strong>T\u00edtulo da Pesquisa:<\/strong> &#8220;Perspectivas da pr\u00e1tica da educa\u00e7\u00e3o ambiental no ensino superior: tend\u00eancias e preval\u00eancias da pr\u00e1xis docente \u00e0 luz da teoria da complexidade&#8221;<\/span><\/p>\n<p><span style=\"color: #000000;font-family: arial, helvetica, sans-serif;font-size: 12pt\"><strong>Docente supervisor:<\/strong> Prof\u00aa Dra. Adriana Massa\u00ea Kataoka<\/span><\/p>\n<hr \/>\n<p><span style=\"color: #000000;font-family: arial, helvetica, sans-serif;font-size: 12pt\"><strong>Nome:<\/strong> Anderson de Souza Moser<\/span><\/p>\n<p><span style=\"color: #000000;font-family: arial, helvetica, sans-serif;font-size: 12pt\"><strong>Per\u00edodo:<\/strong> 01\/08\/2024 a 31\/07\/2025<\/span><\/p>\n<p><span style=\"color: #000000;font-family: arial, helvetica, sans-serif;font-size: 12pt\"><strong>T\u00edtulo da Pesquisa:<\/strong> &#8220;A abordagem da Emerg\u00eancia Clim\u00e1tica no Ensino de Ci\u00eancias sob uma perspectiva complexa da Educa\u00e7\u00e3o Ambiental .&#8221;<\/span><\/p>\n<p><span style=\"color: #000000;font-family: arial, helvetica, sans-serif;font-size: 12pt\"><strong>Docente supervisor:<\/strong> Prof\u00aa Dra. Adriana Massa\u00ea Kataoka<\/span>[\/vc_column_text][\/vc_column][\/vc_row]<\/p>\n<\/div>","protected":false},"excerpt":{"rendered":"<p>[vc_row][vc_column][vc_column_text css=&#8221;&#8221;]PROCESSO DE SELE\u00c7\u00c3O DE FLUXO CONT\u00cdNUO DE EST\u00c1GIO P\u00d3S-DOUTORAL PESQUISAS CONCLU\u00cdDAS OU EM ANDAMENTO DE EST\u00c1GIO P\u00d3S-DOUTORAL NO PPGEN\/UNICENTRO. Nome: Michel Felipe Lima de Ara\u00fajo Per\u00edodo: 01\/10\/2023 a 31\/03\/2024 T\u00edtulo da Pesquisa: &#8220;O jogo CriptoNio como estrat\u00e9gia de personaliza\u00e7\u00e3o do ensino de ci\u00eancias \/ F\u00edsica&#8221; Docente supervisor: Prof. Dr. Ricardo Yoshimitsu Miyahara Nome: Jhonatan [&hellip;]<\/p>\n","protected":false},"author":6,"featured_media":0,"parent":0,"menu_order":0,"comment_status":"closed","ping_status":"closed","template":"","meta":{"_exactmetrics_skip_tracking":false,"_exactmetrics_sitenote_active":false,"_exactmetrics_sitenote_note":"","_exactmetrics_sitenote_category":0,"footnotes":"","_links_to":"","_links_to_target":""},"class_list":["post-2732","page","type-page","status-publish","hentry"],"_links":{"self":[{"href":"https:\/\/www3.unicentro.br\/ppgen\/wp-json\/wp\/v2\/pages\/2732","targetHints":{"allow":["GET"]}}],"collection":[{"href":"https:\/\/www3.unicentro.br\/ppgen\/wp-json\/wp\/v2\/pages"}],"about":[{"href":"https:\/\/www3.unicentro.br\/ppgen\/wp-json\/wp\/v2\/types\/page"}],"author":[{"embeddable":true,"href":"https:\/\/www3.unicentro.br\/ppgen\/wp-json\/wp\/v2\/users\/6"}],"replies":[{"embeddable":true,"href":"https:\/\/www3.unicentro.br\/ppgen\/wp-json\/wp\/v2\/comments?post=2732"}],"version-history":[{"count":5,"href":"https:\/\/www3.unicentro.br\/ppgen\/wp-json\/wp\/v2\/pages\/2732\/revisions"}],"predecessor-version":[{"id":3645,"href":"https:\/\/www3.unicentro.br\/ppgen\/wp-json\/wp\/v2\/pages\/2732\/revisions\/3645"}],"wp:attachment":[{"href":"https:\/\/www3.unicentro.br\/ppgen\/wp-json\/wp\/v2\/media?parent=2732"}],"curies":[{"name":"wp","href":"https:\/\/api.w.org\/{rel}","templated":true}]}}