{"id":2731,"date":"2024-02-05T11:07:59","date_gmt":"2024-02-05T14:07:59","guid":{"rendered":"https:\/\/www3.unicentro.br\/ppgen\/?page_id=2731"},"modified":"2024-02-08T09:06:56","modified_gmt":"2024-02-08T12:06:56","slug":"grupos-de-pesquisa","status":"publish","type":"page","link":"https:\/\/www3.unicentro.br\/ppgen\/grupos-de-pesquisa\/","title":{"rendered":"Grupos de pesquisa"},"content":{"rendered":"<table style=\"width: 71.7204%;height: 192px\" border=\"0\" cellspacing=\"0\">\n<colgroup width=\"283\"><\/colgroup>\n<colgroup width=\"601\"><\/colgroup>\n<tbody>\n<tr style=\"height: 24px\">\n<td style=\"width: 40.1333%;height: 24px\" align=\"center\" bgcolor=\"#FF972F\" height=\"20\"><span style=\"color: #000000\"><b><span style=\"font-family: Arial;font-size: medium\">L\u00cdDER<\/span><\/b><\/span><\/td>\n<td style=\"width: 71.7757%;height: 24px\" align=\"center\" bgcolor=\"#FF972F\"><span style=\"color: #000000\"><b><span style=\"font-family: Arial;font-size: medium\">GRUPO DE PESQUISA &#8211; PPGEN<\/span><\/b><\/span><\/td>\n<\/tr>\n<tr style=\"height: 24px\">\n<td style=\"width: 40.1333%;height: 48px\" rowspan=\"2\" align=\"left\" valign=\"middle\" height=\"40\"><span style=\"font-family: Arial;font-size: medium;color: #000000\">Prof.\u00aa Dra. Adriana Massa\u00ea Kataoka <\/span><\/td>\n<td style=\"width: 71.7757%;height: 24px\" align=\"left\" valign=\"middle\"><span style=\"font-family: Arial;font-size: medium;color: #000000\">Rede Interinstitucional de pesquisa em educa\u00e7\u00e3o Ambiental <\/span><\/td>\n<\/tr>\n<tr style=\"height: 24px\">\n<td style=\"width: 71.7757%;height: 24px\" align=\"left\" valign=\"middle\"><span style=\"font-family: Arial;font-size: medium;color: #000000\">N\u00facleo de Educa\u00e7\u00e3o Ambiental <\/span><\/td>\n<\/tr>\n<tr style=\"height: 24px\">\n<td style=\"width: 40.1333%;height: 24px\" align=\"left\" valign=\"middle\" height=\"20\"><span style=\"font-family: Arial;font-size: medium;color: #000000\">Prof. Dr. Carlos Eduardo Bittencourt Stange<\/span><\/td>\n<td style=\"width: 71.7757%;height: 24px\" align=\"left\" valign=\"middle\"><span style=\"font-family: Arial;font-size: medium;color: #000000\">Grupo de Pesquisa em Estudos Educacionais e Ensino de Ci\u00eancias \u2013 EDUENC<\/span><\/td>\n<\/tr>\n<tr style=\"height: 24px\">\n<td style=\"width: 40.1333%;height: 24px\" align=\"left\" valign=\"middle\" height=\"20\"><span style=\"font-family: Arial;font-size: medium;color: #000000\">Prof.\u00aa Dra. Elisa Aguayo da Rosa<\/span><\/td>\n<td style=\"width: 71.7757%;height: 24px\" align=\"left\" valign=\"middle\"><span style=\"font-family: Arial;font-size: medium;color: #000000\">Grupo de Pesquisa em Ensino de Qu\u00edmica \u2013 GPESQUI<\/span><\/td>\n<\/tr>\n<tr style=\"height: 24px\">\n<td style=\"width: 40.1333%;height: 24px\" align=\"left\" valign=\"middle\" height=\"20\"><span style=\"font-family: Arial;font-size: medium;color: #000000\">Prof. Dr. Ricardo Yoshimitsu Miyahara<\/span><\/td>\n<td style=\"width: 71.7757%;height: 24px\" align=\"left\" valign=\"middle\"><span style=\"font-family: Arial;font-size: medium;color: #000000\">Grupo de F\u00edsica Aplicada em Materiais<\/span><\/td>\n<\/tr>\n<tr style=\"height: 24px\">\n<td style=\"width: 40.1333%;height: 24px\" align=\"left\" valign=\"middle\" height=\"20\"><span style=\"font-family: Arial;font-size: medium;color: #000000\">Prof.\u00aa Dra. Joyce Jaquelinne Caetano<\/span><\/td>\n<td style=\"width: 71.7757%;height: 24px\" align=\"left\" valign=\"middle\"><span style=\"font-family: Arial;font-size: medium;color: #000000\">Forma\u00e7\u00e3o de Professores de Matem\u00e1tica (FORMATI)<\/span><\/td>\n<\/tr>\n<tr style=\"height: 24px\">\n<td style=\"width: 40.1333%;height: 24px\" align=\"left\" valign=\"middle\" height=\"20\"><span style=\"font-family: Arial;font-size: medium;color: #000000\">Prof. Dr. Dionisio Burak<\/span><\/td>\n<td style=\"width: 71.7757%;height: 24px\" align=\"left\" valign=\"middle\"><span style=\"font-family: Arial;font-size: medium;color: #000000\">Pesquisa e Ensino em Educa\u00e7\u00e3o Matem\u00e1tica<\/span><\/td>\n<\/tr>\n<\/tbody>\n<\/table>\n","protected":false},"excerpt":{"rendered":"<p>L\u00cdDER GRUPO DE PESQUISA &#8211; PPGEN Prof.\u00aa Dra. Adriana Massa\u00ea Kataoka Rede Interinstitucional de pesquisa em educa\u00e7\u00e3o Ambiental N\u00facleo de Educa\u00e7\u00e3o Ambiental Prof. Dr. Carlos Eduardo Bittencourt Stange Grupo de Pesquisa em Estudos Educacionais e Ensino de Ci\u00eancias \u2013 EDUENC Prof.\u00aa Dra. Elisa Aguayo da Rosa Grupo de Pesquisa em Ensino de Qu\u00edmica \u2013 GPESQUI [&hellip;]<\/p>\n","protected":false},"author":6,"featured_media":0,"parent":0,"menu_order":0,"comment_status":"closed","ping_status":"closed","template":"","meta":{"_exactmetrics_skip_tracking":false,"_exactmetrics_sitenote_active":false,"_exactmetrics_sitenote_note":"","_exactmetrics_sitenote_category":0,"footnotes":"","_links_to":"","_links_to_target":""},"class_list":["post-2731","page","type-page","status-publish","hentry"],"_links":{"self":[{"href":"https:\/\/www3.unicentro.br\/ppgen\/wp-json\/wp\/v2\/pages\/2731","targetHints":{"allow":["GET"]}}],"collection":[{"href":"https:\/\/www3.unicentro.br\/ppgen\/wp-json\/wp\/v2\/pages"}],"about":[{"href":"https:\/\/www3.unicentro.br\/ppgen\/wp-json\/wp\/v2\/types\/page"}],"author":[{"embeddable":true,"href":"https:\/\/www3.unicentro.br\/ppgen\/wp-json\/wp\/v2\/users\/6"}],"replies":[{"embeddable":true,"href":"https:\/\/www3.unicentro.br\/ppgen\/wp-json\/wp\/v2\/comments?post=2731"}],"version-history":[{"count":1,"href":"https:\/\/www3.unicentro.br\/ppgen\/wp-json\/wp\/v2\/pages\/2731\/revisions"}],"predecessor-version":[{"id":2759,"href":"https:\/\/www3.unicentro.br\/ppgen\/wp-json\/wp\/v2\/pages\/2731\/revisions\/2759"}],"wp:attachment":[{"href":"https:\/\/www3.unicentro.br\/ppgen\/wp-json\/wp\/v2\/media?parent=2731"}],"curies":[{"name":"wp","href":"https:\/\/api.w.org\/{rel}","templated":true}]}}