{"id":2711,"date":"2024-02-01T13:41:19","date_gmt":"2024-02-01T16:41:19","guid":{"rendered":"https:\/\/www3.unicentro.br\/ppgen\/?page_id=2711"},"modified":"2024-02-05T16:23:10","modified_gmt":"2024-02-05T19:23:10","slug":"projetos-com-fomento","status":"publish","type":"page","link":"https:\/\/www3.unicentro.br\/ppgen\/projetos-com-fomento\/","title":{"rendered":"Projetos com fomento"},"content":{"rendered":"<p>PROJETOS COM FOMENTO EXTERNO DESENVOLVIDOS NO \u00c2MBITO DO PPGEN.<\/p>\n<p>Alguns exemplos representativos:<\/p>\n<p>i) Infraestrutura<br \/>\nAmplia\u00e7\u00e3o e reforma do pr\u00e9dio do PPGEN\/Unicentro, com recursos do Termo de Coopera\u00e7\u00e3o, TC 56\/2018-SETI\/UGF, da Unidade Gestora do Fundo Paran\u00e1, Superintend\u00eancia de Ci\u00eancia,<br \/>\nTecnologia e Ensino Superior do Paran\u00e1, no valor total de R$ 350.000,00.<\/p>\n<p>ii) Pesquisa e Extens\u00e3o<br \/>\nProjeto intitulado \u201cEduca\u00e7\u00e3o Ambiental e Crise Clim\u00e1tica: uma abordagem complexa para o ensino\u201d, entre os anos de 2022 e 2024, coordenado pela Profa. Adriana Kataoka, com financiamento<br \/>\nde R$10.000,00, pela Funda\u00e7\u00e3o Arauc\u00e1ria, Chamada CP 09\/2021 &#8211; Programa Pesquisa B\u00e1sica e Aplicada.<br \/>\nProjeto intitulado \u201cEduca\u00e7\u00e3o Ambiental e Crise Clim\u00e1tica: uma abordagem emergente para o ensino\u201d, entre os anos de 2022 e 2025; coordenado pela Profa. Adriana Kataoka, com valor<br \/>\nR$75.000,00, CNPq, Edital Universal 2021.<\/p>\n<p>Projeto intitulado \u201cEsta\u00e7\u00f5es Ecol\u00f3gicas Municipais de Turvo: Levantamento da biodiversidade, indicadores ecol\u00f3gicos da qualidade da \u00e1gua e interven\u00e7\u00e3o socioambiental em comunidades do munic\u00edpio\u201d, com a participa\u00e7\u00e3o das docentes Ana Lucia Suriani e Adriana Massa\u00ea Kataoka, do PPGEN, entre 2019 e 2021, com valor R$310.000,00, conv\u00eanio com a Prefeitura Municipal de Turvo-PR.<\/p>\n<p>Projeto intitulado \u201cInvent\u00e1rio da biodiversidade e qualidade da \u00e1gua nas Unidades de Conserva\u00e7\u00e3o municipais de Campina do Sim\u00e3o e Interven\u00e7\u00e3o Socioambiental em Comunidades do Munic\u00edpio\u201d, com participa\u00e7\u00e3o a participa\u00e7\u00e3o das docentes Ana Lucia Suriani e Adriana Massa\u00ea Kataoka, do PPGEN, entre 2017 e 2021, com valor R$ 420.000,00, pela Prefeitura Municipal de Campina do Sim\u00e3o-PR.<\/p>\n<p>Projeto intitulado \u201cEduca\u00e7\u00e3o Ambiental de Turvo: Educa\u00e7\u00e3o Ambiental, diagn\u00f3stico e interven\u00e7\u00e3o s\u00f3cio-ambiental como subs\u00eddios para a Biologia da Conserva\u00e7\u00e3o\u201d, coordenado pela Profa. Ana L\u00facia Suriani Affonso (docente PPGEN\/Unicentro), entre 2019 e 2021, com valor R$: 65.875,00, pela Prefeitura Municipal de Turvo-PR (anexo).<br \/>\nProjeto intitulado \u201cDesenvolvimento do Racioc\u00ednio Matem\u00e1tico num contexto de Ensino Explorat\u00f3rio\u201d, coordenado pelo Prof. M\u00e1rcio Andr\u00e9 Martins (docente PPGEN\/Unicentro), de<br \/>\n27\/09\/2022 a 30\/09\/2024, com parceria entre IE\/ULisboa &#8211; PORTUGAL e PPGEN-UNICENTRO, com valor R$ 82.227,92, Chamada CNPq N\u00ba 26\/2021.<\/p>\n<p>Projeto intitulado \u201cA Escola como ambiente de Ensino e Pesquisa em Ci\u00eancias Naturais e Matem\u00e1tica\u201d, coordenado pelo Prof. M\u00e1rcio Andr\u00e9 Martins, do PPGEN, de R$ 82.500,00, entre os<br \/>\nanos de 2019 e 2020, possibilitando a manuten\u00e7\u00e3o de bolsas de mestrado para os discentes do PPGEN, Termo de Coopera\u00e7\u00e3o 176\/2018-SETI\/UGF, Unidade Gestora do Fundo Paran\u00e1,<br \/>\nSuperintend\u00eancia de Ci\u00eancia, Tecnologia e Ensino Superior do Paran\u00e1.<\/p>\n<p>Projeto coordenado pelo Prof. Ricardo Y. Miyahara (docente PPGEN\/Unicentro) intitulado \u201cC\u00ed\u00eancia, Tecnologia e Inova\u00e7\u00e3o &#8211; da Universidade para Educa\u00e7\u00e3o B\u00e1sica da Regi\u00e3o Centro-Sul do<br \/>\nParan\u00e1\u201d, com financiamento de R$ 82.500,00, entre os anos de 2019 e 2020.<\/p>\n<p>Projeto intitulado \u201cCi\u00eancia &amp; Movimento: universidade em a\u00e7\u00e3o\u201d, coordenado pela docente do PPGEN\/Unicentro Ana L\u00facia Crisostimo, financiado pela Funda\u00e7\u00e3o Arauc\u00e1ria, com valor de R$<br \/>\n24.000,00, entre os anos de 2019 e 2021, envolvendo a pesquisa e a produ\u00e7\u00e3o de materiais did\u00e1tico pedag\u00f3gicos para utiliza\u00e7\u00e3o em momentos de forma\u00e7\u00e3o docente.<\/p>\n<p>Projeto coordenado pela Profa. Ana Suriani (docente PPGEN\/Unicentro) sobre o uso de bibliotecas comunit\u00e1rias na regi\u00e3o de abrang\u00eancia da Unicentro, com financiamento de R$ 24.000,00, com vig\u00eancia entre os anos de 2019 e 2021.<\/p>\n<p>Programa de Extens\u00e3o da Educa\u00e7\u00e3o Superior na P\u00f3s-Gradua\u00e7\u00e3o (PROEXT-PG), publicado no Di\u00e1rio Oficial da Uni\u00e3o (DOU) de 09 de novembro de 2023, se\u00e7\u00e3o 1, p\u00e1gina 28. Aprovado pela FUNDA\u00c7\u00c3O COORDENA\u00c7\u00c3O DE APERFEI\u00c7OAMENTO DE PESSOAL DE N\u00cdVEL SUPERIOR PORTARIA CAPES\/SESU N\u00ba 1, DE 18 DE JANEIRO DE 2024 PROCESSO N\u00ba 23038.007175\/2023-11, financiamento de 299.625,00. Coordenadora Institucional: Karla Ros\u00e1rio Brumes. T\u00edtulo Projeto Institucional: Fortalecimento da atua\u00e7\u00e3o dos PPGs da UNICENTRO no desenvolvimento social do Centro-Sul do Paran\u00e1. Participantes: todo os PPGs da Unicentro-Pr. In\u00edcio:2024 e t\u00e9rmino: 2026.<\/p>\n","protected":false},"excerpt":{"rendered":"<p>PROJETOS COM FOMENTO EXTERNO DESENVOLVIDOS NO \u00c2MBITO DO PPGEN. Alguns exemplos representativos: i) Infraestrutura Amplia\u00e7\u00e3o e reforma do pr\u00e9dio do PPGEN\/Unicentro, com recursos do Termo de Coopera\u00e7\u00e3o, TC 56\/2018-SETI\/UGF, da Unidade Gestora do Fundo Paran\u00e1, Superintend\u00eancia de Ci\u00eancia, Tecnologia e Ensino Superior do Paran\u00e1, no valor total de R$ 350.000,00. ii) Pesquisa e Extens\u00e3o Projeto [&hellip;]<\/p>\n","protected":false},"author":6,"featured_media":0,"parent":0,"menu_order":0,"comment_status":"closed","ping_status":"closed","template":"","meta":{"_exactmetrics_skip_tracking":false,"_exactmetrics_sitenote_active":false,"_exactmetrics_sitenote_note":"","_exactmetrics_sitenote_category":0,"footnotes":"","_links_to":"","_links_to_target":""},"class_list":["post-2711","page","type-page","status-publish","hentry"],"_links":{"self":[{"href":"https:\/\/www3.unicentro.br\/ppgen\/wp-json\/wp\/v2\/pages\/2711","targetHints":{"allow":["GET"]}}],"collection":[{"href":"https:\/\/www3.unicentro.br\/ppgen\/wp-json\/wp\/v2\/pages"}],"about":[{"href":"https:\/\/www3.unicentro.br\/ppgen\/wp-json\/wp\/v2\/types\/page"}],"author":[{"embeddable":true,"href":"https:\/\/www3.unicentro.br\/ppgen\/wp-json\/wp\/v2\/users\/6"}],"replies":[{"embeddable":true,"href":"https:\/\/www3.unicentro.br\/ppgen\/wp-json\/wp\/v2\/comments?post=2711"}],"version-history":[{"count":2,"href":"https:\/\/www3.unicentro.br\/ppgen\/wp-json\/wp\/v2\/pages\/2711\/revisions"}],"predecessor-version":[{"id":2744,"href":"https:\/\/www3.unicentro.br\/ppgen\/wp-json\/wp\/v2\/pages\/2711\/revisions\/2744"}],"wp:attachment":[{"href":"https:\/\/www3.unicentro.br\/ppgen\/wp-json\/wp\/v2\/media?parent=2711"}],"curies":[{"name":"wp","href":"https:\/\/api.w.org\/{rel}","templated":true}]}}