{"id":2707,"date":"2024-02-01T13:33:48","date_gmt":"2024-02-01T16:33:48","guid":{"rendered":"https:\/\/www3.unicentro.br\/ppgen\/?page_id=2707"},"modified":"2024-02-05T10:02:54","modified_gmt":"2024-02-05T13:02:54","slug":"linhas-macroprojetos-de-pesquisa","status":"publish","type":"page","link":"https:\/\/www3.unicentro.br\/ppgen\/linhas-macroprojetos-de-pesquisa\/","title":{"rendered":"Linhas macroprojetos de pesquisa"},"content":{"rendered":"<p><strong>LINHA DE PESQUISA\/MACROPROJETO I<\/strong><br \/>\n<strong>NOME DO MACROPROJETO: &#8220;Ci\u00eancia em movimento: Educa\u00e7\u00e3o S\u00f3cio, Cient\u00edfica e Ambiental&#8221;<\/strong><br \/>\nLinha de Pesquisa: Ensino e Aprendizagem em Ci\u00eancias Naturais<br \/>\nData de In\u00edcio:03\/05\/2022<\/p>\n<p>Descri\u00e7\u00e3o: O Macroprojeto Ci\u00eancia em movimento: Educa\u00e7\u00e3o S\u00f3cio, cient\u00edfica e Ambiental vinculado, ligado a linha de pesquisa 1 Ensino e Aprendizagem em Ci\u00eancias Naturais. Abarca um<br \/>\nconjunto de investiga\u00e7\u00f5es que comp\u00f5em os projetos de pesquisa institucionais, aprovados internamente na Unicentro e\/ou em ag\u00eancias de fomento \u00e0 pesquisa estaduais ou nacionais. Todos<br \/>\nos projetos mant\u00eam rela\u00e7\u00e3o estreita com a linha de pesquisa &#8220;Ensino e Aprendizagem em Ci\u00eancias Naturais e s\u00e3o coordenados por pesquisadores credenciados no PPGEN. Estes projetos favorecem pesquisas que integram estudantes do programa de p\u00f3s gradua\u00e7\u00e3o, inicia\u00e7\u00e3o cient\u00edfica e os docentes do programa. Esse macroprojeto tem a inten\u00e7\u00e3o de unificar e sistematizar as pesquisas, fomentar investiga\u00e7\u00f5es, estudos e o desenvolvimento de Produtos Educacionais, abarcando:- compreender como as normas de g\u00eanero e sexualidade s\u00e3o produzidas, ensinadas e regularizadas em diferentes espa\u00e7os educativos no Ensino de Ci\u00eancias.<br \/>\nDocentes: ANA LUCIA CRISOSTIMO<br \/>\nADRIANA MASSAE KATAOKA<br \/>\nANA LUCIA SURIANI AFFONSO<br \/>\nBETTINA HEERDT<br \/>\nELISA AGUAYO DA ROSA<br \/>\nRICARDO YOSHIMITSU MIYAHARA<br \/>\nRODRIGO OLIVEIRA BASTOS<br \/>\nCARLOS EDUARDO BITTENCOURT STANGE<\/p>\n<p><strong>LINHA DE PESQUISA\/MACROPROJETO II<\/strong><br \/>\n<strong>NOME DO MACROPROJETO: &#8220;Pr\u00e1ticas e Pesquisas em Educa\u00e7\u00e3o Matem\u00e1tica&#8221;<\/strong><br \/>\nLinha de Pesquisa: Ensino e Aprendizagem em Matem\u00e1tica<br \/>\nData de In\u00edcio:01\/09\/2022<br \/>\nDescri\u00e7\u00e3o: O Macroprojeto \u201cPr\u00e1ticas e Pesquisas em Educa\u00e7\u00e3o Matem\u00e1tica\u201d vinculado a Linha 2 abarca um conjunto de investiga\u00e7\u00f5es que comp\u00f5em os projetos de pesquisa institucionais,<br \/>\naprovados internamente na Unicentro e\/ou em ag\u00eancias de fomento \u00e0 pesquisa estaduais ou nacionais. Todos os projetos mant\u00eam rela\u00e7\u00e3o estreita com a linha de pesquisa &#8220;Ensino e<br \/>\nAprendizagem em Matem\u00e1tica\u201d e s\u00e3o coordenados por pesquisadores credenciados no PPGEN\/Unicentro. Estes projetos favorecem pesquisas que integram estudantes do programa de p\u00f3s<br \/>\ngradua\u00e7\u00e3o, inicia\u00e7\u00e3o cient\u00edfica e os docentes do programa. Esse macroprojeto tem a inten\u00e7\u00e3o de unificar e sistematizar as pesquisas, fomentar investiga\u00e7\u00f5es, estudos e o desenvolvimento de<br \/>\nProdutos Educacionais, abarcando: estudos e investiga\u00e7\u00f5es acerca de distintas pr\u00e1ticas pedag\u00f3gicas e ferramentas metodol\u00f3gicas e tecnol\u00f3gicas na Educa\u00e7\u00e3o Matem\u00e1tica; estudos e investiga\u00e7\u00f5es<br \/>\nacerca da forma\u00e7\u00e3o de professores da Matem\u00e1tica; estudos e investiga\u00e7\u00f5es acerca da modelagem matem\u00e1tica; estudos e investiga\u00e7\u00f5es acerca das normas de g\u00eanero e sexualidade produzidas,<br \/>\nensinadas e regularizadas em diferentes espa\u00e7os educativos na Educa\u00e7\u00e3o Matem\u00e1tica; estudos e investiga\u00e7\u00f5es acerca da forma\u00e7\u00e3o docente e pr\u00e1ticas pedag\u00f3gicas de estudantes com defici\u00eancia e altas habilidades.<br \/>\nDocentes:<br \/>\nJOYCE JAQUELINNE CAETANO<br \/>\nBETTINA HEERDT<br \/>\nCARLA LUCIANE BLUM VESTENA<br \/>\nCARLOS ROBERTO FERREIRA<br \/>\nCLODOGIL FABIANO RIBEIRO DOS SANTOS<br \/>\nDIONISIO BURAK<br \/>\nLAYNARA DOS REIS SANTOS ZONTINI<br \/>\nLUCIA VIRGINIA MAMCASZ VIGINHESKI<br \/>\nMARCIO ANDRE MARTINS<br \/>\nMICHELE REGIANE DIAS VERONEZ<\/p>\n","protected":false},"excerpt":{"rendered":"<p>LINHA DE PESQUISA\/MACROPROJETO I NOME DO MACROPROJETO: &#8220;Ci\u00eancia em movimento: Educa\u00e7\u00e3o S\u00f3cio, Cient\u00edfica e Ambiental&#8221; Linha de Pesquisa: Ensino e Aprendizagem em Ci\u00eancias Naturais Data de In\u00edcio:03\/05\/2022 Descri\u00e7\u00e3o: O Macroprojeto Ci\u00eancia em movimento: Educa\u00e7\u00e3o S\u00f3cio, cient\u00edfica e Ambiental vinculado, ligado a linha de pesquisa 1 Ensino e Aprendizagem em Ci\u00eancias Naturais. Abarca um conjunto de [&hellip;]<\/p>\n","protected":false},"author":6,"featured_media":0,"parent":0,"menu_order":0,"comment_status":"closed","ping_status":"closed","template":"","meta":{"_exactmetrics_skip_tracking":false,"_exactmetrics_sitenote_active":false,"_exactmetrics_sitenote_note":"","_exactmetrics_sitenote_category":0,"footnotes":"","_links_to":"","_links_to_target":""},"class_list":["post-2707","page","type-page","status-publish","hentry"],"_links":{"self":[{"href":"https:\/\/www3.unicentro.br\/ppgen\/wp-json\/wp\/v2\/pages\/2707","targetHints":{"allow":["GET"]}}],"collection":[{"href":"https:\/\/www3.unicentro.br\/ppgen\/wp-json\/wp\/v2\/pages"}],"about":[{"href":"https:\/\/www3.unicentro.br\/ppgen\/wp-json\/wp\/v2\/types\/page"}],"author":[{"embeddable":true,"href":"https:\/\/www3.unicentro.br\/ppgen\/wp-json\/wp\/v2\/users\/6"}],"replies":[{"embeddable":true,"href":"https:\/\/www3.unicentro.br\/ppgen\/wp-json\/wp\/v2\/comments?post=2707"}],"version-history":[{"count":1,"href":"https:\/\/www3.unicentro.br\/ppgen\/wp-json\/wp\/v2\/pages\/2707\/revisions"}],"predecessor-version":[{"id":2728,"href":"https:\/\/www3.unicentro.br\/ppgen\/wp-json\/wp\/v2\/pages\/2707\/revisions\/2728"}],"wp:attachment":[{"href":"https:\/\/www3.unicentro.br\/ppgen\/wp-json\/wp\/v2\/media?parent=2707"}],"curies":[{"name":"wp","href":"https:\/\/api.w.org\/{rel}","templated":true}]}}