{"id":2702,"date":"2024-02-01T13:23:37","date_gmt":"2024-02-01T16:23:37","guid":{"rendered":"https:\/\/www3.unicentro.br\/ppgen\/?page_id=2702"},"modified":"2024-02-05T09:55:01","modified_gmt":"2024-02-05T12:55:01","slug":"perfil-de-ingressantes-e-egressos","status":"publish","type":"page","link":"https:\/\/www3.unicentro.br\/ppgen\/perfil-de-ingressantes-e-egressos\/","title":{"rendered":"Perfil de ingressantes e egressos"},"content":{"rendered":"<p><span style=\"font-size: 14pt\"><strong>INGRESSANTES:<\/strong> Preferencialmente profissionais da \u00e1rea de ensino e licenciados (Ci\u00eancias, F\u00edsica, Qu\u00edmica e Biologia) e \u00e1reas afins, que tenham interesse em desenvolver pesquisas nas linhas deste programa.<\/span><\/p>\n<p><span style=\"font-size: 14pt\"><strong>EGRESSOS:<\/strong> \u00c9 esperado que os profissionais egressos atendem a demandas educacionais contempor\u00e2neas, advindas dos diversos contextos educacionais, da educa\u00e7\u00e3o b\u00e1sica a superior, incluindo tamb\u00e9m, e especialmente, a sua pr\u00f3pria pr\u00e1tica educativa como objeto de reflex\u00e3o, com o intuito de compreend\u00ea-la e, assim, ter condi\u00e7\u00f5es de transform\u00e1-la. Que domine a investiga\u00e7\u00e3o de fen\u00f4menos educativos, principalmente focados no processo de aprendizagem de conte\u00fados e procedimentos did\u00e1ticos espec\u00edficos, advindos de problemas de espa\u00e7os educativos formais e informais.<\/span><\/p>\n","protected":false},"excerpt":{"rendered":"<p>INGRESSANTES: Preferencialmente profissionais da \u00e1rea de ensino e licenciados (Ci\u00eancias, F\u00edsica, Qu\u00edmica e Biologia) e \u00e1reas afins, que tenham interesse em desenvolver pesquisas nas linhas deste programa. EGRESSOS: \u00c9 esperado que os profissionais egressos atendem a demandas educacionais contempor\u00e2neas, advindas dos diversos contextos educacionais, da educa\u00e7\u00e3o b\u00e1sica a superior, incluindo tamb\u00e9m, e especialmente, a sua [&hellip;]<\/p>\n","protected":false},"author":6,"featured_media":0,"parent":0,"menu_order":0,"comment_status":"closed","ping_status":"closed","template":"","meta":{"_exactmetrics_skip_tracking":false,"_exactmetrics_sitenote_active":false,"_exactmetrics_sitenote_note":"","_exactmetrics_sitenote_category":0,"footnotes":"","_links_to":"","_links_to_target":""},"class_list":["post-2702","page","type-page","status-publish","hentry"],"_links":{"self":[{"href":"https:\/\/www3.unicentro.br\/ppgen\/wp-json\/wp\/v2\/pages\/2702","targetHints":{"allow":["GET"]}}],"collection":[{"href":"https:\/\/www3.unicentro.br\/ppgen\/wp-json\/wp\/v2\/pages"}],"about":[{"href":"https:\/\/www3.unicentro.br\/ppgen\/wp-json\/wp\/v2\/types\/page"}],"author":[{"embeddable":true,"href":"https:\/\/www3.unicentro.br\/ppgen\/wp-json\/wp\/v2\/users\/6"}],"replies":[{"embeddable":true,"href":"https:\/\/www3.unicentro.br\/ppgen\/wp-json\/wp\/v2\/comments?post=2702"}],"version-history":[{"count":2,"href":"https:\/\/www3.unicentro.br\/ppgen\/wp-json\/wp\/v2\/pages\/2702\/revisions"}],"predecessor-version":[{"id":2726,"href":"https:\/\/www3.unicentro.br\/ppgen\/wp-json\/wp\/v2\/pages\/2702\/revisions\/2726"}],"wp:attachment":[{"href":"https:\/\/www3.unicentro.br\/ppgen\/wp-json\/wp\/v2\/media?parent=2702"}],"curies":[{"name":"wp","href":"https:\/\/api.w.org\/{rel}","templated":true}]}}