{"id":27,"date":"2017-10-23T10:31:29","date_gmt":"2017-10-23T12:31:29","guid":{"rendered":"https:\/\/www3.unicentro.br\/ppgen\/apresentacao-2\/"},"modified":"2026-04-07T16:22:15","modified_gmt":"2026-04-07T19:22:15","slug":"apresentacao","status":"publish","type":"page","link":"https:\/\/www3.unicentro.br\/ppgen\/apresentacao\/","title":{"rendered":"Apresenta\u00e7\u00e3o"},"content":{"rendered":"<div class=\"wpb-content-wrapper\"><p>[vc_row][vc_column][vc_column_text css=&#8221;&#8221;]<span style=\"font-size: 12pt;font-family: arial, helvetica, sans-serif\">O Programa de P\u00f3s-Gradua\u00e7\u00e3o em Ensino de Ci\u00eancias Naturais e Matem\u00e1tica (PPGEN) compreende os cursos de <strong>Mestrado<\/strong> e<strong> Doutorado<\/strong> Profissional, na <strong>\u00e1rea de Ensino<\/strong>, que integra a Grande \u00c1rea Multidisciplinar da Coordena\u00e7\u00e3o de Aperfei\u00e7oamento de Pessoal de N\u00edvel Superior, Capes.<\/span><br \/>\n<span style=\"font-size: 12pt;font-family: arial, helvetica, sans-serif\">O PPGEN \u00e9 um Programa Stricto Sensu, com os cursos de Mestrado e de Doutorado profissional ofertados na <strong>modalidade presencial<\/strong>, estruturado na \u00c1rea de Concentra\u00e7\u00e3o em Ensino de Ci\u00eancias Naturais e Matem\u00e1tica, com duas Linhas de Pesquisa: <\/span><\/p>\n<ul>\n<li><span style=\"font-size: 12pt;font-family: arial, helvetica, sans-serif\"> Ensino e Aprendizagem em Ci\u00eancias Naturais e <\/span><\/li>\n<li><span style=\"font-size: 12pt;font-family: arial, helvetica, sans-serif\">Ensino e Aprendizagem em Matem\u00e1tica. <\/span><\/li>\n<\/ul>\n<p><span style=\"font-size: 12pt;font-family: arial, helvetica, sans-serif\">O PPGEN tem como objetivos: qualificar profissionais em Ci\u00eancias Naturais (F\u00edsica, Qu\u00edmica, Biologia), Matem\u00e1tica e \u00e1reas afins nos aspectos te\u00f3rico, epistemol\u00f3gico e metodol\u00f3gico, em termos da compreens\u00e3o e utiliza\u00e7\u00e3o da Ci\u00eancia e da Tecnologia, para o ensino e aprendizagem de Ci\u00eancias Naturais e Matem\u00e1tica; contribuir para a forma\u00e7\u00e3o profissional a partir da atualiza\u00e7\u00e3o permanente dos avan\u00e7os da ci\u00eancia e das tecnologias, da inova\u00e7\u00e3o e do aprimoramento da pr\u00e1tica docente em Ci\u00eancias Naturais e Matem\u00e1tica, considerando as Diretrizes Curriculares vigentes e os conte\u00fados das disciplinas em seus aspectos te\u00f3ricos e pr\u00e1ticos; qualificar recursos humanos para o desenvolvimento socioecon\u00f4mico, t\u00e9cnico, cient\u00edfico e cultural; produzir e disseminar conhecimento cient\u00edfico, desenvolvimento tecnol\u00f3gico e inova\u00e7\u00e3o.<\/span><\/p>\n<p><span style=\"font-size: 12pt;font-family: arial, helvetica, sans-serif\">Est\u00e3o previstas a abertura de 20 vagas anuais para o curso de mestrado e de 10 vagas anuais para o curso de doutorado.<\/span><\/p>\n<p><span style=\"font-size: 12pt;font-family: arial, helvetica, sans-serif\">O Mestrado tem dura\u00e7\u00e3o de 24 meses e o Doutorado tem dura\u00e7\u00e3o de 48 meses.<\/span><\/p>\n<p><span style=\"font-size: 12pt;font-family: arial, helvetica, sans-serif\"><strong>Coordena\u00e7\u00e3o<\/strong>: Prof. Dr. M\u00e1rcio Andr\u00e9 Martins<\/span><\/p>\n<p><span style=\"font-size: 12pt;font-family: arial, helvetica, sans-serif\"><strong>Vice-Coordena\u00e7\u00e3o: <\/strong>Prof\u00aa Dra. Elisa Aguayo da Rosa<\/span><\/p>\n<p><span style=\"font-size: 12pt;font-family: arial, helvetica, sans-serif\"><strong>Secret\u00e1ria:<\/strong> Giovana Carla Spassin<\/span><\/p>\n<p><span style=\"font-family: arial, helvetica, sans-serif;font-size: 12pt\"><strong>Contato<\/strong>:\u00a0<strong><a href=\"mailto:ppgen@unicentro.br\" target=\"_blank\" rel=\"noopener\">ppgen@unicentro.br<\/a><\/strong><\/span><\/p>\n<p><span style=\"font-family: arial, helvetica, sans-serif;font-size: 12pt\">(42) 3629 &#8211; 8319<\/span>[\/vc_column_text][\/vc_column][\/vc_row]<\/p>\n<\/div>","protected":false},"excerpt":{"rendered":"<p>[vc_row][vc_column][vc_column_text css=&#8221;&#8221;]O Programa de P\u00f3s-Gradua\u00e7\u00e3o em Ensino de Ci\u00eancias Naturais e Matem\u00e1tica (PPGEN) compreende os cursos de Mestrado e Doutorado Profissional, na \u00e1rea de Ensino, que integra a Grande \u00c1rea Multidisciplinar da Coordena\u00e7\u00e3o de Aperfei\u00e7oamento de Pessoal de N\u00edvel Superior, Capes. O PPGEN \u00e9 um Programa Stricto Sensu, com os cursos de Mestrado e de [&hellip;]<\/p>\n","protected":false},"author":3,"featured_media":0,"parent":0,"menu_order":0,"comment_status":"closed","ping_status":"closed","template":"","meta":{"_exactmetrics_skip_tracking":false,"_exactmetrics_sitenote_active":false,"_exactmetrics_sitenote_note":"","_exactmetrics_sitenote_category":0,"footnotes":"","_links_to":"","_links_to_target":""},"class_list":["post-27","page","type-page","status-publish","hentry"],"_links":{"self":[{"href":"https:\/\/www3.unicentro.br\/ppgen\/wp-json\/wp\/v2\/pages\/27","targetHints":{"allow":["GET"]}}],"collection":[{"href":"https:\/\/www3.unicentro.br\/ppgen\/wp-json\/wp\/v2\/pages"}],"about":[{"href":"https:\/\/www3.unicentro.br\/ppgen\/wp-json\/wp\/v2\/types\/page"}],"author":[{"embeddable":true,"href":"https:\/\/www3.unicentro.br\/ppgen\/wp-json\/wp\/v2\/users\/3"}],"replies":[{"embeddable":true,"href":"https:\/\/www3.unicentro.br\/ppgen\/wp-json\/wp\/v2\/comments?post=27"}],"version-history":[{"count":4,"href":"https:\/\/www3.unicentro.br\/ppgen\/wp-json\/wp\/v2\/pages\/27\/revisions"}],"predecessor-version":[{"id":3665,"href":"https:\/\/www3.unicentro.br\/ppgen\/wp-json\/wp\/v2\/pages\/27\/revisions\/3665"}],"wp:attachment":[{"href":"https:\/\/www3.unicentro.br\/ppgen\/wp-json\/wp\/v2\/media?parent=27"}],"curies":[{"name":"wp","href":"https:\/\/api.w.org\/{rel}","templated":true}]}}