{"id":2502,"date":"2023-10-11T12:07:42","date_gmt":"2023-10-11T15:07:42","guid":{"rendered":"https:\/\/www3.unicentro.br\/ppgen\/?page_id=2502"},"modified":"2023-10-17T13:15:14","modified_gmt":"2023-10-17T16:15:14","slug":"produtos-educacionais","status":"publish","type":"page","link":"https:\/\/www3.unicentro.br\/ppgen\/produtos-educacionais\/","title":{"rendered":"Produtos Educacionais"},"content":{"rendered":"<div class=\"wpb-content-wrapper\"><p>[vc_section][\/vc_section][vc_row][vc_column][vc_column_text]<\/p>\n<table style=\"width: 100%;height: 917px\">\n<tbody>\n<tr style=\"height: 23px\">\n<td style=\"text-align: center;height: 23px\"><span style=\"font-family: georgia, palatino, serif;font-size: 12pt\"><strong>Discente \u00a0<\/strong><\/span><\/td>\n<td style=\"text-align: center;height: 23px\"><span style=\"font-family: georgia, palatino, serif;font-size: 12pt\"><strong>Orientador (a)<\/strong><\/span><\/td>\n<td style=\"height: 23px\"><span style=\"font-family: georgia, palatino, serif;font-size: 12pt\"><strong>\u00a0 \u00a0 \u00a0 \u00a0 \u00a0 \u00a0 \u00a0 \u00a0 \u00a0 Produto Educacional<\/strong><\/span><\/td>\n<td style=\"height: 23px\"><\/td>\n<\/tr>\n<tr style=\"height: 47px\">\n<td style=\"height: 47px\"><span style=\"font-family: georgia, palatino, serif;font-size: 12pt\">Andr\u00e9ia Boeno de Lima<\/span><\/td>\n<td style=\"height: 47px\"><span style=\"font-family: georgia, palatino, serif;font-size: 12pt\">\u00a0Profa. Dra. Elisa Aguayo da Rosa<\/span><\/td>\n<td style=\"height: 47px\"><span style=\"font-family: georgia, palatino, serif;font-size: 12pt\"><a href=\"http:\/\/tede.unicentro.br:8080\/jspui\/handle\/tede\/552\" target=\"_blank\" rel=\"noopener noreferrer\">Sequ\u00eancia Did\u00e1tica para o Ensino de Qu\u00edmica Org\u00e2nica utilizando o tema plantas<\/a><\/span><\/td>\n<td style=\"height: 47px\"><\/td>\n<\/tr>\n<tr style=\"height: 55px\">\n<td style=\"height: 55px\"><span style=\"font-family: georgia, palatino, serif;font-size: 12pt\">Andreia Hornes Macedo<\/span><\/td>\n<td style=\"height: 55px\"><span style=\"font-family: georgia, palatino, serif;font-size: 12pt\">Prof. Dr. Sandro Aparecido dos Santos<\/span><\/td>\n<td style=\"height: 55px\">\n<p class=\"western\"><span style=\"font-family: georgia, palatino, serif;font-size: 12pt\"><a href=\"http:\/\/tede.unicentro.br:8080\/jspui\/handle\/jspui\/623\" target=\"_blank\" rel=\"noopener\">PROPOSTA HCTS: UMA PERSPECTIVA PARA O ENSINO DE F\u00cdSICA<\/a><\/span><\/p>\n<\/td>\n<td style=\"height: 55px\"><\/td>\n<\/tr>\n<tr style=\"height: 55px\">\n<td style=\"height: 55px\"><span style=\"font-family: georgia, palatino, serif;font-size: 12pt\">Cibelli Batista Belo<\/span><\/td>\n<td style=\"height: 55px\"><span style=\"font-family: georgia, palatino, serif;font-size: 12pt\">Prof. Dr. Dion\u00edsio Burak<\/span><\/td>\n<td style=\"height: 55px\">\n<p class=\"western\"><span style=\"font-family: georgia, palatino, serif;font-size: 12pt\"><a href=\"http:\/\/tede.unicentro.br:8080\/jspui\/handle\/tede\/546\" target=\"_blank\" rel=\"noopener\">ATIVIDADES DE MODELAGEM MATEM\u00c1TICA NA EDUCA\u00c7\u00c3O MATEM\u00c1TICA NA EDUCA\u00c7\u00c3O INFANTIL: CONTRIBUI\u00c7\u00c3O PARA A FORMA\u00c7\u00c3O DE CONCEITOS<\/a><\/span><\/p>\n<\/td>\n<td style=\"height: 55px\"><\/td>\n<\/tr>\n<tr style=\"height: 23px\">\n<td style=\"height: 23px\"><span style=\"font-family: georgia, palatino, serif;font-size: 12pt\">Cleber Adelar Boff<\/span><\/td>\n<td style=\"height: 23px\"><span style=\"font-family: georgia, palatino, serif;font-size: 12pt\">\u00a0Prof. Dr. Rodrigo Oliveira Bastos<\/span><\/td>\n<td style=\"height: 23px\"><span style=\"font-family: georgia, palatino, serif;font-size: 12pt\"><a href=\"http:\/\/tede.unicentro.br:8080\/jspui\/bitstream\/tede\/553\/4\/Produto%20educacional_Cleber.pdf\">CONSTRU\u00c7\u00c3O DE UM DETECTOR DE IONIZA\u00c7\u00c3O GASOSA COM MATERIAL DE BAIXO CUSTO PARA PR\u00c1TICAS EXPERIMENTAIS NO ENSINO DE F\u00cdSICA NUCLEAR<\/a><\/span><\/td>\n<td style=\"height: 23px\"><\/td>\n<\/tr>\n<tr style=\"height: 47px\">\n<td style=\"height: 47px\"><span style=\"font-family: georgia, palatino, serif;font-size: 12pt\">Cleuni Fretta Wiggers<\/span><\/td>\n<td style=\"height: 47px\"><span style=\"font-family: georgia, palatino, serif;font-size: 12pt\">Prof. Dr. Paulo Roberto da Silva<\/span><\/td>\n<td style=\"height: 47px\"><span style=\"font-family: georgia, palatino, serif;font-size: 12pt\"><a href=\"http:\/\/tede.unicentro.br:8080\/jspui\/bitstream\/tede\/554\/2\/PR%20Cleuni%20Fretta.pdf\">O Aluno como Sujeito central no Ensino: Elabora\u00e7\u00e3o de um guia did\u00e1tico para o ensino contextualizado de biotecnologia na regi\u00e3o centro-sul do Paran\u00e1<\/a><\/span><\/td>\n<td style=\"height: 47px\"><\/td>\n<\/tr>\n<tr style=\"height: 23px\">\n<td style=\"height: 23px\"><span style=\"font-family: georgia, palatino, serif;font-size: 12pt\">Daiana de Oliveira Schier<\/span><\/td>\n<td style=\"height: 23px\"><span style=\"font-family: georgia, palatino, serif;font-size: 12pt\">Prof. Dr. Dion\u00edsio Burak<\/span><\/td>\n<td style=\"height: 23px\"><span style=\"font-family: georgia, palatino, serif;font-size: 12pt\"><a href=\"http:\/\/tede.unicentro.br:8080\/jspui\/bitstream\/tede\/556\/4\/Produto%20Educacional_Daiana.pdf\" target=\"_blank\" rel=\"noopener\">MODELAGEM MATEM\u00c1TICA COM ESTUDANTES CEGOS: MANUAL DE PR\u00c1TICAS DID\u00c1TICAS.<\/a><\/span><\/td>\n<td style=\"height: 23px\"><\/td>\n<\/tr>\n<tr style=\"height: 119px\">\n<td style=\"height: 119px\"><span style=\"font-family: georgia, palatino, serif;font-size: 12pt\">\u00a0Elizabete Fran\u00e7a<\/span><\/td>\n<td style=\"height: 119px\"><span style=\"font-family: georgia, palatino, serif;font-size: 12pt\">Profa. Dra. Adriana Massa\u00ea Kataoka<\/span><\/p>\n<p><span style=\"font-family: georgia, palatino, serif;font-size: 12pt\">Coorientadora: Profa. Dra. Ana L\u00facia Suriani Affonso<\/span><\/td>\n<td style=\"height: 119px\"><span style=\"font-family: georgia, palatino, serif;font-size: 12pt\"><a href=\"http:\/\/tede.unicentro.br:8080\/jspui\/bitstream\/tede\/547\/3\/Produto%20educacional_Elizabete.pdf\" target=\"_blank\" rel=\"noopener\">Educomunica\u00e7\u00e3o Socioambiental: no contexto escolar<\/a><\/span><\/td>\n<td style=\"height: 119px\"><\/td>\n<\/tr>\n<tr style=\"height: 23px\">\n<td style=\"height: 23px\"><span style=\"font-family: georgia, palatino, serif;font-size: 12pt\">F\u00e1bio Augusto da Silva<\/span><\/td>\n<td style=\"height: 23px\"><span style=\"font-family: georgia, palatino, serif;font-size: 12pt\">Profa. Dra. Rosilene Rebeca<\/span><\/td>\n<td style=\"height: 23px\"><span style=\"font-family: georgia, palatino, serif;font-size: 12pt\"><a href=\"http:\/\/tede.unicentro.br:8080\/jspui\/bitstream\/tede\/558\/2\/PR%20Fabio%20Augusto%20da%20Silva.pdf\">Bioqu\u00edmica no Tabuleiro: Melhorias no Processo de Ensino Aprendizagem na Educa\u00e7\u00e3o B\u00e1sica<\/a><\/span><\/td>\n<td style=\"height: 23px\"><\/td>\n<\/tr>\n<tr style=\"height: 23px\">\n<td style=\"height: 23px\"><span style=\"font-family: georgia, palatino, serif;font-size: 12pt\">Franciele do Bel\u00e9m Makuch<\/span><\/td>\n<td style=\"height: 23px\"><span style=\"font-family: georgia, palatino, serif;font-size: 12pt\">Prof. Dr. M\u00e1rcio Andr\u00e9 Martins<\/span><\/td>\n<td style=\"height: 23px\"><span style=\"font-family: georgia, palatino, serif;font-size: 12pt\"><a href=\"http:\/\/tede.unicentro.br:8080\/jspui\/bitstream\/tede\/559\/4\/Produto%20Educacional_Franciele.pdf\" target=\"_blank\" rel=\"noopener\">PHET SIMULATIONS NO ENSINO DE FRA\u00c7\u00d5ES<\/a><\/span><\/td>\n<td style=\"height: 23px\"><\/td>\n<\/tr>\n<tr style=\"height: 23px\">\n<td style=\"height: 23px\"><span style=\"font-family: georgia, palatino, serif;font-size: 12pt\">Glauber Luciano Kitor<\/span><\/td>\n<td style=\"height: 23px\"><span style=\"font-family: georgia, palatino, serif;font-size: 12pt\">Prof. Dr. F\u00e1bio Luiz Melqu\u00edades<\/span><\/td>\n<td style=\"height: 23px\"><span style=\"font-family: georgia, palatino, serif;font-size: 12pt\"><a href=\"http:\/\/tede.unicentro.br:8080\/jspui\/handle\/tede\/560\">Feiras de Conhecimento na Educa\u00e7\u00e3o B\u00e1sica: Estudo de caso do munic\u00edpio de Cantagalo- PR<\/a><\/span><\/td>\n<td style=\"height: 23px\"><\/td>\n<\/tr>\n<tr style=\"height: 56px\">\n<td style=\"height: 56px\"><span style=\"font-family: georgia, palatino, serif;font-size: 12pt\">Jacieli Fatima Lyra Rebello<\/span><\/td>\n<td style=\"height: 56px\"><span style=\"font-family: georgia, palatino, serif;font-size: 12pt\">Prof. Dr. Ricardo Yoshimitsu Miyahara<\/span><\/td>\n<td style=\"height: 56px\"><span style=\"font-family: georgia, palatino, serif;font-size: 12pt\"><a href=\"http:\/\/tede.unicentro.br:8080\/jspui\/bitstream\/jspui\/1695\/3\/Objeto%20Educacional%20JACIELI%20FATIMA%20LYRA%20REBELLO.pdf\" target=\"_blank\" rel=\"noopener\">UNIDADE DID\u00c1TICA E METODOL\u00d3GICA PARA ATIVIDADES COMPLEMENTARES EM F\u00cdSICA<\/a><\/span><\/td>\n<td style=\"height: 56px\"><\/td>\n<\/tr>\n<tr style=\"height: 119px\">\n<td style=\"height: 119px\"><span style=\"font-family: georgia, palatino, serif;font-size: 12pt\">Marcos Freitas<\/span><\/td>\n<td style=\"height: 119px\"><span style=\"font-family: georgia, palatino, serif;font-size: 12pt\">Profa. Dra. Adriana Massa\u00ea Kataoka<\/span><\/p>\n<p><span style=\"font-family: georgia, palatino, serif;font-size: 12pt\">Coorientadora: Profa. Dra. Ana L\u00facia Suriani Affonso<\/span><\/td>\n<td style=\"height: 119px\"><span style=\"font-family: georgia, palatino, serif;font-size: 12pt\"><a href=\"http:\/\/tede.unicentro.br:8080\/jspui\/bitstream\/tede\/548\/4\/Produto%20Educacional_Marcos.pdf\" target=\"_blank\" rel=\"noopener\">Tutorial Site Educacional<\/a><\/span><\/td>\n<td style=\"height: 119px\"><\/td>\n<\/tr>\n<tr style=\"height: 23px\">\n<td style=\"height: 23px\"><span style=\"font-family: georgia, palatino, serif;font-size: 12pt\">Mariane Monteiro<\/span><\/td>\n<td style=\"height: 23px\"><span style=\"font-family: georgia, palatino, serif;font-size: 12pt\">Profa. Dra. Maria Jos\u00e9 de Paula Castanho<\/span><\/td>\n<td style=\"height: 23px\"><span style=\"font-family: georgia, palatino, serif;font-size: 12pt\"><a href=\"http:\/\/tede.unicentro.br:8080\/jspui\/bitstream\/tede\/561\/4\/Produto%20Educacional_Mariane.pdf\">MANUAL DID\u00c1TICO PARA ELABORA\u00c7\u00c3O E APLICA\u00c7\u00c3O DO PROJETO: PROBABILIDADE E A CONSTRU\u00c7\u00c3O DE JOGOS PARA UM TORNEIO<\/a><\/span><\/td>\n<td style=\"height: 23px\"><\/td>\n<\/tr>\n<tr style=\"height: 23px\">\n<td style=\"height: 23px\"><span style=\"font-family: georgia, palatino, serif;font-size: 12pt\">Maur\u00edcio Kuchla<\/span><\/td>\n<td style=\"height: 23px\"><span style=\"font-family: georgia, palatino, serif;font-size: 12pt\">Prof. Dr. Marcos Roberto da Rosa<\/span><\/td>\n<td style=\"height: 23px\"><span style=\"font-family: georgia, palatino, serif;font-size: 12pt\"><a href=\"http:\/\/tede.unicentro.br:8080\/jspui\/bitstream\/tede\/562\/4\/Produto%20Educacional_Maur%c3%adcio.pdf\" target=\"_blank\" rel=\"noopener\">CONSTRU\u00c7\u00c3O DE UM LABORAT\u00d3RIO COMPACTO PARA REA\u00c7\u00d5ES ORG\u00c2NICAS SUSTENTADO POR ENERGIA SOLAR<\/a><\/span><\/td>\n<td style=\"height: 23px\"><\/td>\n<\/tr>\n<tr style=\"height: 23px\">\n<td style=\"height: 23px\"><span style=\"font-family: georgia, palatino, serif;font-size: 12pt\">Micheli Kuchla<\/span><\/td>\n<td style=\"height: 23px\"><span style=\"font-family: georgia, palatino, serif;font-size: 12pt\">Profa. Dra. Luciana Boer de Souza<\/span><\/td>\n<td style=\"height: 23px\"><span style=\"font-family: georgia, palatino, serif;font-size: 12pt\"><a href=\"http:\/\/tede.unicentro.br:8080\/jspui\/bitstream\/tede\/563\/4\/Produto%20Educacional_Michele.pdf\" target=\"_blank\" rel=\"noopener\">GUIA DID\u00c1TICO PARA DESENSOLVIMENTO DE UM CASO SIMULADO CTS NO ENSINO DE FUN\u00c7\u00d5ES ORG\u00c2NICAS<\/a><\/span><\/td>\n<td style=\"height: 23px\"><\/td>\n<\/tr>\n<tr style=\"height: 23px\">\n<td style=\"height: 23px\"><span style=\"font-family: georgia, palatino, serif;font-size: 12pt\">Sonia Cristina Ferrari<\/span><\/td>\n<td style=\"height: 23px\"><span style=\"font-family: georgia, palatino, serif;font-size: 12pt\">Profa. Dra. Ana L\u00facia Crisostimo<\/span><\/td>\n<td style=\"height: 23px\"><span style=\"font-family: georgia, palatino, serif;font-size: 12pt\"><a href=\"http:\/\/tede.unicentro.br:8080\/jspui\/bitstream\/tede\/564\/3\/Sonia%20Ferrari%20-%20Produto%20Educacional.pdf\" target=\"_blank\" rel=\"noopener\">MAPA CONCEITUAL: UMA FERRAMENTA PARA ENSINAR ZOOLOGIA DE VERTEBRADOS NO ENSINO FUNDAMENTAL<\/a><\/span><\/td>\n<td style=\"height: 23px\"><\/td>\n<\/tr>\n<tr style=\"height: 55px\">\n<td style=\"height: 55px\"><span style=\"font-family: georgia, palatino, serif;font-size: 12pt\">Samuel Francisco Huf<\/span><\/td>\n<td style=\"height: 55px\"><span style=\"font-family: georgia, palatino, serif;font-size: 12pt\">Prof. Dr. Dion\u00edsio Burak<\/span><\/td>\n<td style=\"height: 55px\">\n<p class=\"western\"><span style=\"font-family: georgia, palatino, serif;font-size: 12pt\"><a href=\"http:\/\/tede.unicentro.br:8080\/jspui\/bitstream\/tede\/549\/3\/Produto%20Educacional_Samuel.wmv\" target=\"_blank\" rel=\"noopener\">Modelagem na Educa\u00e7\u00e3o Matem\u00e1tica no 9\u00ba Ano do Ensino Fundamental: Uma Perspectiva para o Ensino e a Aprendizagem<\/a><\/span><\/p>\n<\/td>\n<td style=\"height: 55px\"><\/td>\n<\/tr>\n<tr style=\"height: 55px\">\n<td style=\"height: 55px\">\n<p class=\"western\">Suelen Aparecida Felicetti<\/p>\n<\/td>\n<td style=\"height: 55px\">Prof. Dr. Sandro Aparecido dos Santos<\/td>\n<td style=\"height: 55px\">\n<p class=\"western\"><a href=\"http:\/\/tede.unicentro.br:8080\/jspui\/bitstream\/tede\/550\/3\/Produto%20educacional_Suelen.pdf\" target=\"_blank\" rel=\"noopener\">ORIENTA\u00c7\u00d5ES METODOL\u00d3GICAS PARA A UTILIZA\u00c7\u00c3O DO COMPUTADOR E DA INTERNET NA FACILITA\u00c7\u00c3O DO PROCESSO DE APRENDIZAGEM SIGNIFICATIVA DE ASTRONOMIA<\/a><\/p>\n<\/td>\n<td style=\"height: 55px\"><\/td>\n<\/tr>\n<tr style=\"height: 79px\">\n<td style=\"height: 79px\">\n<p class=\"western\">Viviane Bertuol Pietreski Padilha<\/p>\n<\/td>\n<td style=\"height: 79px\">Prof. Dr. Sandro Aparecido dos Santos<\/td>\n<td style=\"height: 79px\">\n<p class=\"western\"><a href=\"http:\/\/tede.unicentro.br:8080\/jspui\/bitstream\/tede\/551\/3\/Produto%20Educacional_viviane.pdf\" target=\"_blank\" rel=\"noopener\">\u201cO FILME E A WEB NO ENSINO DE CONCEITOS DE ECOLOGIA\u201d SEQU\u00caNCIA DID\u00c1TICA<\/a><\/p>\n<\/td>\n<td style=\"height: 79px\"><\/td>\n<\/tr>\n<\/tbody>\n<\/table>\n<p>[\/vc_column_text][\/vc_column][\/vc_row]<\/p>\n<\/div>","protected":false},"excerpt":{"rendered":"<p>[vc_section][\/vc_section][vc_row][vc_column][vc_column_text] Discente \u00a0 Orientador (a) \u00a0 \u00a0 \u00a0 \u00a0 \u00a0 \u00a0 \u00a0 \u00a0 \u00a0 Produto Educacional Andr\u00e9ia Boeno de Lima \u00a0Profa. Dra. Elisa Aguayo da Rosa Sequ\u00eancia Did\u00e1tica para o Ensino de Qu\u00edmica Org\u00e2nica utilizando o tema plantas Andreia Hornes Macedo Prof. Dr. Sandro Aparecido dos Santos PROPOSTA HCTS: UMA PERSPECTIVA PARA O ENSINO DE [&hellip;]<\/p>\n","protected":false},"author":3,"featured_media":0,"parent":0,"menu_order":0,"comment_status":"closed","ping_status":"closed","template":"","meta":{"_exactmetrics_skip_tracking":false,"_exactmetrics_sitenote_active":false,"_exactmetrics_sitenote_note":"","_exactmetrics_sitenote_category":0,"footnotes":"","_links_to":"","_links_to_target":""},"class_list":["post-2502","page","type-page","status-publish","hentry"],"_links":{"self":[{"href":"https:\/\/www3.unicentro.br\/ppgen\/wp-json\/wp\/v2\/pages\/2502","targetHints":{"allow":["GET"]}}],"collection":[{"href":"https:\/\/www3.unicentro.br\/ppgen\/wp-json\/wp\/v2\/pages"}],"about":[{"href":"https:\/\/www3.unicentro.br\/ppgen\/wp-json\/wp\/v2\/types\/page"}],"author":[{"embeddable":true,"href":"https:\/\/www3.unicentro.br\/ppgen\/wp-json\/wp\/v2\/users\/3"}],"replies":[{"embeddable":true,"href":"https:\/\/www3.unicentro.br\/ppgen\/wp-json\/wp\/v2\/comments?post=2502"}],"version-history":[{"count":2,"href":"https:\/\/www3.unicentro.br\/ppgen\/wp-json\/wp\/v2\/pages\/2502\/revisions"}],"predecessor-version":[{"id":2509,"href":"https:\/\/www3.unicentro.br\/ppgen\/wp-json\/wp\/v2\/pages\/2502\/revisions\/2509"}],"wp:attachment":[{"href":"https:\/\/www3.unicentro.br\/ppgen\/wp-json\/wp\/v2\/media?parent=2502"}],"curies":[{"name":"wp","href":"https:\/\/api.w.org\/{rel}","templated":true}]}}