{"id":1200,"date":"2019-06-25T18:20:57","date_gmt":"2019-06-25T21:20:57","guid":{"rendered":"https:\/\/www3.unicentro.br\/ppgen\/?page_id=1200"},"modified":"2025-04-07T15:16:16","modified_gmt":"2025-04-07T18:16:16","slug":"livros","status":"publish","type":"page","link":"https:\/\/www3.unicentro.br\/ppgen\/livros\/","title":{"rendered":"Livros"},"content":{"rendered":"<p>&nbsp;<\/p>\n<table style=\"border-collapse: collapse;width: 101.099%\">\n<tbody>\n<tr>\n<td style=\"width: 25.3862%;text-align: center\" colspan=\"4\"><span style=\"font-size: 14pt\"><strong>CLIQUE NA IMAGEM PARA ABRIR OS ARQUIVOS<\/strong><\/span><\/p>\n<p>&nbsp;<\/td>\n<\/tr>\n<tr>\n<td style=\"width: 25.3862%\"><a href=\"https:\/\/www3.unicentro.br\/ppgen\/wp-content\/uploads\/sites\/28\/2021\/04\/O-ensino-alicercado-em-fundamentos-Teorico-Metodologicos.pdf\" target=\"_blank\" rel=\"noopener\"><img loading=\"lazy\" decoding=\"async\" class=\"alignnone wp-image-1766 size-medium\" src=\"https:\/\/www3.unicentro.br\/ppgen\/wp-content\/uploads\/sites\/28\/2021\/04\/O-ensino-alicercado-em-fundamentos-Teorico-Metodologicos-1_page-0001-1-212x300.jpg\" alt=\"\" width=\"212\" height=\"300\" srcset=\"https:\/\/www3.unicentro.br\/ppgen\/wp-content\/uploads\/sites\/28\/2021\/04\/O-ensino-alicercado-em-fundamentos-Teorico-Metodologicos-1_page-0001-1-212x300.jpg 212w, https:\/\/www3.unicentro.br\/ppgen\/wp-content\/uploads\/sites\/28\/2021\/04\/O-ensino-alicercado-em-fundamentos-Teorico-Metodologicos-1_page-0001-1-724x1024.jpg 724w, https:\/\/www3.unicentro.br\/ppgen\/wp-content\/uploads\/sites\/28\/2021\/04\/O-ensino-alicercado-em-fundamentos-Teorico-Metodologicos-1_page-0001-1-768x1086.jpg 768w, https:\/\/www3.unicentro.br\/ppgen\/wp-content\/uploads\/sites\/28\/2021\/04\/O-ensino-alicercado-em-fundamentos-Teorico-Metodologicos-1_page-0001-1-255x360.jpg 255w, https:\/\/www3.unicentro.br\/ppgen\/wp-content\/uploads\/sites\/28\/2021\/04\/O-ensino-alicercado-em-fundamentos-Teorico-Metodologicos-1_page-0001-1.jpg 849w\" sizes=\"auto, (max-width: 212px) 100vw, 212px\" \/><\/a><\/td>\n<td style=\"width: 24.0445%\"><a href=\"https:\/\/www3.unicentro.br\/ppgen\/wp-content\/uploads\/sites\/28\/2020\/02\/01.pdf\" target=\"_blank\" rel=\"noopener\"><img loading=\"lazy\" decoding=\"async\" id=\"longdesc-return-1769\" class=\"alignnone wp-image-1769 size-medium\" src=\"https:\/\/www3.unicentro.br\/ppgen\/wp-content\/uploads\/sites\/28\/2021\/04\/A-EXTENSAO-UNIVERSITARIA-E-A-PRODUCAO-DO-CONHECIMENTO-1_page-0001-200x300.jpg\" alt=\"EXTENS\u00c3O UNIVERSIT\u00c1RIA PRODU\u00c7\u00c3O CONHECIMENTO\" width=\"200\" height=\"300\" longdesc=\"https:\/\/www3.unicentro.br\/ppgen?longdesc=1769&amp;referrer=1200\" srcset=\"https:\/\/www3.unicentro.br\/ppgen\/wp-content\/uploads\/sites\/28\/2021\/04\/A-EXTENSAO-UNIVERSITARIA-E-A-PRODUCAO-DO-CONHECIMENTO-1_page-0001-200x300.jpg 200w, https:\/\/www3.unicentro.br\/ppgen\/wp-content\/uploads\/sites\/28\/2021\/04\/A-EXTENSAO-UNIVERSITARIA-E-A-PRODUCAO-DO-CONHECIMENTO-1_page-0001-683x1024.jpg 683w, https:\/\/www3.unicentro.br\/ppgen\/wp-content\/uploads\/sites\/28\/2021\/04\/A-EXTENSAO-UNIVERSITARIA-E-A-PRODUCAO-DO-CONHECIMENTO-1_page-0001-768x1152.jpg 768w, https:\/\/www3.unicentro.br\/ppgen\/wp-content\/uploads\/sites\/28\/2021\/04\/A-EXTENSAO-UNIVERSITARIA-E-A-PRODUCAO-DO-CONHECIMENTO-1_page-0001-400x600.jpg 400w, https:\/\/www3.unicentro.br\/ppgen\/wp-content\/uploads\/sites\/28\/2021\/04\/A-EXTENSAO-UNIVERSITARIA-E-A-PRODUCAO-DO-CONHECIMENTO-1_page-0001.jpg 800w, https:\/\/www3.unicentro.br\/ppgen\/wp-content\/uploads\/sites\/28\/2021\/04\/A-EXTENSAO-UNIVERSITARIA-E-A-PRODUCAO-DO-CONHECIMENTO-1_page-0001-255x383.jpg 255w\" sizes=\"auto, (max-width: 200px) 100vw, 200px\" \/><\/a><\/td>\n<td style=\"width: 26.2157%\"><a href=\"https:\/\/www3.unicentro.br\/ppgen\/wp-content\/uploads\/sites\/28\/2022\/12\/03.pdf\" target=\"_blank\" rel=\"noopener\"><img loading=\"lazy\" decoding=\"async\" class=\"alignnone wp-image-1772 size-medium\" src=\"https:\/\/www3.unicentro.br\/ppgen\/wp-content\/uploads\/sites\/28\/2021\/04\/ESTRATEGIAS-DE-APRENDIZAGEM-PARA-O-ENSINO-DE-CIENCIAS-E-MATEMATICA-1_page-0001-199x300.jpg\" alt=\"ESTRAT\u00c9GIA DE APRENDIZAGEM MATEM\u00c1TICA\" width=\"199\" height=\"300\" srcset=\"https:\/\/www3.unicentro.br\/ppgen\/wp-content\/uploads\/sites\/28\/2021\/04\/ESTRATEGIAS-DE-APRENDIZAGEM-PARA-O-ENSINO-DE-CIENCIAS-E-MATEMATICA-1_page-0001-199x300.jpg 199w, https:\/\/www3.unicentro.br\/ppgen\/wp-content\/uploads\/sites\/28\/2021\/04\/ESTRATEGIAS-DE-APRENDIZAGEM-PARA-O-ENSINO-DE-CIENCIAS-E-MATEMATICA-1_page-0001-678x1024.jpg 678w, https:\/\/www3.unicentro.br\/ppgen\/wp-content\/uploads\/sites\/28\/2021\/04\/ESTRATEGIAS-DE-APRENDIZAGEM-PARA-O-ENSINO-DE-CIENCIAS-E-MATEMATICA-1_page-0001-768x1159.jpg 768w, https:\/\/www3.unicentro.br\/ppgen\/wp-content\/uploads\/sites\/28\/2021\/04\/ESTRATEGIAS-DE-APRENDIZAGEM-PARA-O-ENSINO-DE-CIENCIAS-E-MATEMATICA-1_page-0001-400x600.jpg 400w, https:\/\/www3.unicentro.br\/ppgen\/wp-content\/uploads\/sites\/28\/2021\/04\/ESTRATEGIAS-DE-APRENDIZAGEM-PARA-O-ENSINO-DE-CIENCIAS-E-MATEMATICA-1_page-0001-255x385.jpg 255w, https:\/\/www3.unicentro.br\/ppgen\/wp-content\/uploads\/sites\/28\/2021\/04\/ESTRATEGIAS-DE-APRENDIZAGEM-PARA-O-ENSINO-DE-CIENCIAS-E-MATEMATICA-1_page-0001.jpg 795w\" sizes=\"auto, (max-width: 199px) 100vw, 199px\" \/><\/a><\/td>\n<td style=\"width: 25.4525%\"><a href=\"https:\/\/drive.google.com\/open?id=1FAelD2ndIcMpROx2832_QB6NIPSTJF9E\" target=\"_blank\" rel=\"noopener\"><img loading=\"lazy\" decoding=\"async\" class=\"alignnone wp-image-1774 size-medium\" src=\"https:\/\/www3.unicentro.br\/ppgen\/wp-content\/uploads\/sites\/28\/2021\/04\/O-LUDICO-E-O-ENSINO-DE-CIENCIAS-1_page-0001-200x300.jpg\" alt=\"O L\u00daDICO E O ENSINO DE CI\u00caNCIAS\" width=\"200\" height=\"300\" srcset=\"https:\/\/www3.unicentro.br\/ppgen\/wp-content\/uploads\/sites\/28\/2021\/04\/O-LUDICO-E-O-ENSINO-DE-CIENCIAS-1_page-0001-200x300.jpg 200w, https:\/\/www3.unicentro.br\/ppgen\/wp-content\/uploads\/sites\/28\/2021\/04\/O-LUDICO-E-O-ENSINO-DE-CIENCIAS-1_page-0001-683x1024.jpg 683w, https:\/\/www3.unicentro.br\/ppgen\/wp-content\/uploads\/sites\/28\/2021\/04\/O-LUDICO-E-O-ENSINO-DE-CIENCIAS-1_page-0001-768x1152.jpg 768w, https:\/\/www3.unicentro.br\/ppgen\/wp-content\/uploads\/sites\/28\/2021\/04\/O-LUDICO-E-O-ENSINO-DE-CIENCIAS-1_page-0001-400x600.jpg 400w, https:\/\/www3.unicentro.br\/ppgen\/wp-content\/uploads\/sites\/28\/2021\/04\/O-LUDICO-E-O-ENSINO-DE-CIENCIAS-1_page-0001.jpg 800w, https:\/\/www3.unicentro.br\/ppgen\/wp-content\/uploads\/sites\/28\/2021\/04\/O-LUDICO-E-O-ENSINO-DE-CIENCIAS-1_page-0001-255x383.jpg 255w\" sizes=\"auto, (max-width: 200px) 100vw, 200px\" \/><\/a><\/td>\n<\/tr>\n<tr>\n<td style=\"width: 25.3862%\"><a href=\"https:\/\/www3.unicentro.br\/ppgen\/wp-content\/uploads\/sites\/28\/2025\/04\/Iniciacao-a-Docencia-e-Praticas-Laboratoriais-de-Ciencias-e-Biologia.pdf\" target=\"_blank\" rel=\"noopener\"><img loading=\"lazy\" decoding=\"async\" class=\"alignnone wp-image-1777 size-medium\" src=\"https:\/\/www3.unicentro.br\/ppgen\/wp-content\/uploads\/sites\/28\/2021\/04\/A-INICIACAO-A-DOCENCIA-E-AS-PRATICAS-LABORATORIAIS-DE-CIENCIAS-E-BIOLOGIA-1_page-0001-200x300.jpg\" alt=\"A INICIA\u00c7\u00c3O \u00c0 DOC\u00caNCIA E AS PR\u00c1TICAS LABORATORIAIS DE CI\u00caNCIAS E BIOLOGIA\" width=\"200\" height=\"300\" srcset=\"https:\/\/www3.unicentro.br\/ppgen\/wp-content\/uploads\/sites\/28\/2021\/04\/A-INICIACAO-A-DOCENCIA-E-AS-PRATICAS-LABORATORIAIS-DE-CIENCIAS-E-BIOLOGIA-1_page-0001-200x300.jpg 200w, https:\/\/www3.unicentro.br\/ppgen\/wp-content\/uploads\/sites\/28\/2021\/04\/A-INICIACAO-A-DOCENCIA-E-AS-PRATICAS-LABORATORIAIS-DE-CIENCIAS-E-BIOLOGIA-1_page-0001-683x1024.jpg 683w, https:\/\/www3.unicentro.br\/ppgen\/wp-content\/uploads\/sites\/28\/2021\/04\/A-INICIACAO-A-DOCENCIA-E-AS-PRATICAS-LABORATORIAIS-DE-CIENCIAS-E-BIOLOGIA-1_page-0001-768x1152.jpg 768w, https:\/\/www3.unicentro.br\/ppgen\/wp-content\/uploads\/sites\/28\/2021\/04\/A-INICIACAO-A-DOCENCIA-E-AS-PRATICAS-LABORATORIAIS-DE-CIENCIAS-E-BIOLOGIA-1_page-0001-400x600.jpg 400w, https:\/\/www3.unicentro.br\/ppgen\/wp-content\/uploads\/sites\/28\/2021\/04\/A-INICIACAO-A-DOCENCIA-E-AS-PRATICAS-LABORATORIAIS-DE-CIENCIAS-E-BIOLOGIA-1_page-0001.jpg 800w, https:\/\/www3.unicentro.br\/ppgen\/wp-content\/uploads\/sites\/28\/2021\/04\/A-INICIACAO-A-DOCENCIA-E-AS-PRATICAS-LABORATORIAIS-DE-CIENCIAS-E-BIOLOGIA-1_page-0001-255x383.jpg 255w\" sizes=\"auto, (max-width: 200px) 100vw, 200px\" \/><\/a><\/td>\n<td style=\"width: 24.0445%\"><a href=\"https:\/\/www3.unicentro.br\/ppgen\/wp-content\/uploads\/sites\/28\/2020\/03\/Educa\u00e7\u00e3o-ambiental-e-\u201cos-sete-saberes-digital.pdf\" target=\"_blank\" rel=\"noopener\"><img loading=\"lazy\" decoding=\"async\" class=\"alignnone wp-image-1779 size-medium\" src=\"https:\/\/www3.unicentro.br\/ppgen\/wp-content\/uploads\/sites\/28\/2021\/04\/Educacao-ambiental-e-os-sete-saberes-digital-1_page-0001-212x300.jpg\" alt=\"EDUCA\u00c7\u00c3O AMBIENTAL\" width=\"212\" height=\"300\" srcset=\"https:\/\/www3.unicentro.br\/ppgen\/wp-content\/uploads\/sites\/28\/2021\/04\/Educacao-ambiental-e-os-sete-saberes-digital-1_page-0001-212x300.jpg 212w, https:\/\/www3.unicentro.br\/ppgen\/wp-content\/uploads\/sites\/28\/2021\/04\/Educacao-ambiental-e-os-sete-saberes-digital-1_page-0001-722x1024.jpg 722w, https:\/\/www3.unicentro.br\/ppgen\/wp-content\/uploads\/sites\/28\/2021\/04\/Educacao-ambiental-e-os-sete-saberes-digital-1_page-0001-768x1089.jpg 768w, https:\/\/www3.unicentro.br\/ppgen\/wp-content\/uploads\/sites\/28\/2021\/04\/Educacao-ambiental-e-os-sete-saberes-digital-1_page-0001-255x362.jpg 255w, https:\/\/www3.unicentro.br\/ppgen\/wp-content\/uploads\/sites\/28\/2021\/04\/Educacao-ambiental-e-os-sete-saberes-digital-1_page-0001.jpg 846w\" sizes=\"auto, (max-width: 212px) 100vw, 212px\" \/><\/a><\/td>\n<td style=\"width: 26.2157%\"><a href=\"https:\/\/drive.google.com\/open?id=1whwVI__FYSpSbtL9LdPIJIl7q2Qk_Oox\" target=\"_blank\" rel=\"noopener\"><img loading=\"lazy\" decoding=\"async\" class=\"alignnone wp-image-1780 size-medium\" src=\"https:\/\/www3.unicentro.br\/ppgen\/wp-content\/uploads\/sites\/28\/2021\/04\/WEBQUEST-digital-1_page-0001-212x300.jpg\" alt=\"WEBQUEST EDUCA\u00c7\u00c3O AMBIENTAL\" width=\"212\" height=\"300\" srcset=\"https:\/\/www3.unicentro.br\/ppgen\/wp-content\/uploads\/sites\/28\/2021\/04\/WEBQUEST-digital-1_page-0001-212x300.jpg 212w, https:\/\/www3.unicentro.br\/ppgen\/wp-content\/uploads\/sites\/28\/2021\/04\/WEBQUEST-digital-1_page-0001-722x1024.jpg 722w, https:\/\/www3.unicentro.br\/ppgen\/wp-content\/uploads\/sites\/28\/2021\/04\/WEBQUEST-digital-1_page-0001-768x1089.jpg 768w, https:\/\/www3.unicentro.br\/ppgen\/wp-content\/uploads\/sites\/28\/2021\/04\/WEBQUEST-digital-1_page-0001-255x362.jpg 255w, https:\/\/www3.unicentro.br\/ppgen\/wp-content\/uploads\/sites\/28\/2021\/04\/WEBQUEST-digital-1_page-0001.jpg 846w\" sizes=\"auto, (max-width: 212px) 100vw, 212px\" \/><\/a><\/td>\n<td style=\"width: 25.4525%\"><a href=\"https:\/\/drive.google.com\/open?id=1J1H1XkwrXpk57sxxOCUqIntvwSUn4GnK\" target=\"_blank\" rel=\"noopener\"><img loading=\"lazy\" decoding=\"async\" class=\"alignnone wp-image-1781 size-medium\" src=\"https:\/\/www3.unicentro.br\/ppgen\/wp-content\/uploads\/sites\/28\/2021\/04\/Educomunicacao-socioambiental-digital-1_page-0001-212x300.jpg\" alt=\"EDUCA\u00c7\u00c3O SOCIOAMBIENTAL\" width=\"212\" height=\"300\" srcset=\"https:\/\/www3.unicentro.br\/ppgen\/wp-content\/uploads\/sites\/28\/2021\/04\/Educomunicacao-socioambiental-digital-1_page-0001-212x300.jpg 212w, https:\/\/www3.unicentro.br\/ppgen\/wp-content\/uploads\/sites\/28\/2021\/04\/Educomunicacao-socioambiental-digital-1_page-0001-722x1024.jpg 722w, https:\/\/www3.unicentro.br\/ppgen\/wp-content\/uploads\/sites\/28\/2021\/04\/Educomunicacao-socioambiental-digital-1_page-0001-768x1089.jpg 768w, https:\/\/www3.unicentro.br\/ppgen\/wp-content\/uploads\/sites\/28\/2021\/04\/Educomunicacao-socioambiental-digital-1_page-0001-255x362.jpg 255w, https:\/\/www3.unicentro.br\/ppgen\/wp-content\/uploads\/sites\/28\/2021\/04\/Educomunicacao-socioambiental-digital-1_page-0001.jpg 846w\" sizes=\"auto, (max-width: 212px) 100vw, 212px\" \/><\/a><\/td>\n<\/tr>\n<tr>\n<td style=\"width: 25.3862%\"><a href=\"https:\/\/www3.unicentro.br\/ppgen\/wp-content\/uploads\/sites\/28\/2021\/12\/fazer-ambiental_pdf-1.pdf\" target=\"_blank\" rel=\"noopener\"><img loading=\"lazy\" decoding=\"async\" class=\"alignnone wp-image-1891 size-medium\" src=\"https:\/\/www3.unicentro.br\/ppgen\/wp-content\/uploads\/sites\/28\/2021\/12\/capa-livro-o-fazer-educacao-ambiental-226x300.jpg\" alt=\"O FAZER EDUCA\u00c7\u00c3O AMBIENTAL - REFLEX\u00d5ES NECESS\u00c1RIAS\" width=\"226\" height=\"300\" srcset=\"https:\/\/www3.unicentro.br\/ppgen\/wp-content\/uploads\/sites\/28\/2021\/12\/capa-livro-o-fazer-educacao-ambiental-226x300.jpg 226w, https:\/\/www3.unicentro.br\/ppgen\/wp-content\/uploads\/sites\/28\/2021\/12\/capa-livro-o-fazer-educacao-ambiental-255x338.jpg 255w, https:\/\/www3.unicentro.br\/ppgen\/wp-content\/uploads\/sites\/28\/2021\/12\/capa-livro-o-fazer-educacao-ambiental.jpg 653w\" sizes=\"auto, (max-width: 226px) 100vw, 226px\" \/><\/a><\/td>\n<td style=\"width: 24.0445%\"><a href=\"https:\/\/www3.unicentro.br\/ppgen\/wp-content\/uploads\/sites\/28\/2022\/03\/Para-ensinar-melhor-ciencias-naturais-e-matematica_Final.pdf\" target=\"_blank\" rel=\"noopener\"><img loading=\"lazy\" decoding=\"async\" class=\"alignnone wp-image-1971 size-medium\" src=\"https:\/\/www3.unicentro.br\/ppgen\/wp-content\/uploads\/sites\/28\/2022\/03\/Para-ensinar-melhor-ciencias-naturais-e-matematica_Final-1_page-0001-207x300.jpg\" alt=\"PARA ENSINAR MELHOR CI\u00caNCIAS NATURAIS E MATEM\u00c1TICA\" width=\"207\" height=\"300\" srcset=\"https:\/\/www3.unicentro.br\/ppgen\/wp-content\/uploads\/sites\/28\/2022\/03\/Para-ensinar-melhor-ciencias-naturais-e-matematica_Final-1_page-0001-207x300.jpg 207w, https:\/\/www3.unicentro.br\/ppgen\/wp-content\/uploads\/sites\/28\/2022\/03\/Para-ensinar-melhor-ciencias-naturais-e-matematica_Final-1_page-0001-706x1024.jpg 706w, https:\/\/www3.unicentro.br\/ppgen\/wp-content\/uploads\/sites\/28\/2022\/03\/Para-ensinar-melhor-ciencias-naturais-e-matematica_Final-1_page-0001-768x1114.jpg 768w, https:\/\/www3.unicentro.br\/ppgen\/wp-content\/uploads\/sites\/28\/2022\/03\/Para-ensinar-melhor-ciencias-naturais-e-matematica_Final-1_page-0001-255x370.jpg 255w, https:\/\/www3.unicentro.br\/ppgen\/wp-content\/uploads\/sites\/28\/2022\/03\/Para-ensinar-melhor-ciencias-naturais-e-matematica_Final-1_page-0001.jpg 827w\" sizes=\"auto, (max-width: 207px) 100vw, 207px\" \/><\/a><\/td>\n<td style=\"width: 26.2157%\">\n<div class=\"wp-block-image\"><a href=\"https:\/\/www3.unicentro.br\/ppgen\/wp-content\/uploads\/sites\/28\/2023\/06\/PESQUISA-E-PRATICA-PEDAGOGICA-3.pdf\" target=\"_blank\" rel=\"noopener\"><img loading=\"lazy\" decoding=\"async\" class=\"alignnone wp-image-2391 size-medium\" src=\"https:\/\/www3.unicentro.br\/ppgen\/wp-content\/uploads\/sites\/28\/2023\/05\/PESQUISA-E-PRATICA-PEDAGOGICA-17-02-2023-3-1-1_page-0001-209x300.jpg\" alt=\"PESQUISA E PR\u00c1TICA PEDAG\u00d3GICA - Ci\u00eancias Naturais e Matem\u00e1tica\" width=\"209\" height=\"300\" srcset=\"https:\/\/www3.unicentro.br\/ppgen\/wp-content\/uploads\/sites\/28\/2023\/05\/PESQUISA-E-PRATICA-PEDAGOGICA-17-02-2023-3-1-1_page-0001-209x300.jpg 209w, https:\/\/www3.unicentro.br\/ppgen\/wp-content\/uploads\/sites\/28\/2023\/05\/PESQUISA-E-PRATICA-PEDAGOGICA-17-02-2023-3-1-1_page-0001-712x1024.jpg 712w, https:\/\/www3.unicentro.br\/ppgen\/wp-content\/uploads\/sites\/28\/2023\/05\/PESQUISA-E-PRATICA-PEDAGOGICA-17-02-2023-3-1-1_page-0001-768x1105.jpg 768w, https:\/\/www3.unicentro.br\/ppgen\/wp-content\/uploads\/sites\/28\/2023\/05\/PESQUISA-E-PRATICA-PEDAGOGICA-17-02-2023-3-1-1_page-0001-255x367.jpg 255w, https:\/\/www3.unicentro.br\/ppgen\/wp-content\/uploads\/sites\/28\/2023\/05\/PESQUISA-E-PRATICA-PEDAGOGICA-17-02-2023-3-1-1_page-0001.jpg 834w\" sizes=\"auto, (max-width: 209px) 100vw, 209px\" \/><\/a><\/div>\n<\/td>\n<td style=\"width: 25.4525%\">\n<div class=\"wp-block-image\"><a href=\"https:\/\/www3.unicentro.br\/ppgen\/wp-content\/uploads\/sites\/28\/2024\/03\/RESIDENCIA-PEDAGO\u0301GICA-COMPLETO-CORRIGIDO-4-1.pdf\" target=\"_blank\" rel=\"noopener\"><img loading=\"lazy\" decoding=\"async\" class=\"wpa-warning wpa-image-missing-alt alignnone wp-image-2865 size-medium\" src=\"https:\/\/www3.unicentro.br\/ppgen\/wp-content\/uploads\/sites\/28\/2024\/03\/formacao-inicial-de-professores-de-biologia-209x300.jpg\" alt=\"\" width=\"209\" height=\"300\" data-warning=\"Missing alt text\" srcset=\"https:\/\/www3.unicentro.br\/ppgen\/wp-content\/uploads\/sites\/28\/2024\/03\/formacao-inicial-de-professores-de-biologia-209x300.jpg 209w, https:\/\/www3.unicentro.br\/ppgen\/wp-content\/uploads\/sites\/28\/2024\/03\/formacao-inicial-de-professores-de-biologia-255x366.jpg 255w, https:\/\/www3.unicentro.br\/ppgen\/wp-content\/uploads\/sites\/28\/2024\/03\/formacao-inicial-de-professores-de-biologia.jpg 698w\" sizes=\"auto, (max-width: 209px) 100vw, 209px\" \/><\/a><\/div>\n<\/td>\n<\/tr>\n<\/tbody>\n<\/table>\n<p>&nbsp;<\/p>\n","protected":false},"excerpt":{"rendered":"<p>&nbsp; CLIQUE NA IMAGEM PARA ABRIR OS ARQUIVOS &nbsp; &nbsp;<\/p>\n","protected":false},"author":3,"featured_media":0,"parent":0,"menu_order":0,"comment_status":"closed","ping_status":"closed","template":"","meta":{"_exactmetrics_skip_tracking":false,"_exactmetrics_sitenote_active":false,"_exactmetrics_sitenote_note":"","_exactmetrics_sitenote_category":0,"footnotes":"","_links_to":"","_links_to_target":""},"class_list":["post-1200","page","type-page","status-publish","hentry"],"_links":{"self":[{"href":"https:\/\/www3.unicentro.br\/ppgen\/wp-json\/wp\/v2\/pages\/1200","targetHints":{"allow":["GET"]}}],"collection":[{"href":"https:\/\/www3.unicentro.br\/ppgen\/wp-json\/wp\/v2\/pages"}],"about":[{"href":"https:\/\/www3.unicentro.br\/ppgen\/wp-json\/wp\/v2\/types\/page"}],"author":[{"embeddable":true,"href":"https:\/\/www3.unicentro.br\/ppgen\/wp-json\/wp\/v2\/users\/3"}],"replies":[{"embeddable":true,"href":"https:\/\/www3.unicentro.br\/ppgen\/wp-json\/wp\/v2\/comments?post=1200"}],"version-history":[{"count":2,"href":"https:\/\/www3.unicentro.br\/ppgen\/wp-json\/wp\/v2\/pages\/1200\/revisions"}],"predecessor-version":[{"id":3248,"href":"https:\/\/www3.unicentro.br\/ppgen\/wp-json\/wp\/v2\/pages\/1200\/revisions\/3248"}],"wp:attachment":[{"href":"https:\/\/www3.unicentro.br\/ppgen\/wp-json\/wp\/v2\/media?parent=1200"}],"curies":[{"name":"wp","href":"https:\/\/api.w.org\/{rel}","templated":true}]}}