{"id":60,"date":"2021-04-26T16:49:48","date_gmt":"2021-04-26T19:49:48","guid":{"rendered":"https:\/\/www3.unicentro.br\/ppgdc\/?page_id=60"},"modified":"2026-04-06T23:06:38","modified_gmt":"2026-04-07T02:06:38","slug":"legislacao","status":"publish","type":"page","link":"https:\/\/www3.unicentro.br\/ppgdc\/legislacao\/","title":{"rendered":"Legisla\u00e7\u00e3o\/Rules"},"content":{"rendered":"<div class=\"wpb-content-wrapper\"><p>[vc_row][vc_column][vc_column_text css=&#8221;&#8221;]<a href=\"https:\/\/www3.unicentro.br\/ppgadm\/wp-content\/uploads\/sites\/16\/2021\/04\/04-Regulamento-da-Pos-Graduacao-da-UNICENTRO.pdf\">Resolu\u00e7\u00e3o 67-CEPE\/UNICENTRO, de 18 de dezembro de 2020. Aprova o Regulamento de P\u00f3s-Gradua\u00e7\u00e3o Stricto Sensu da UNICENTRO\u00a0 e d\u00e1 outras provid\u00eancias<\/a><\/p>\n<p><a href=\"https:\/\/sgu.unicentro.br\/pcatooficiais\/imprimir\/61C10BD6\">Regulamento do Programa de P\u00f3s-Gradua\u00e7\u00e3o Interdisciplinar em Desenvolvimento Comunit\u00e1rio (Resolu\u00e7\u00e3o n. 8-COU\/Unicentro, de 6 de fevereiro de 2019) <span style=\"text-decoration: underline;color: #ff0000\">ESTE REGULAMENTO FOI V\u00c1LIDO PARA AS TURMAS QUE INGRESSARAM NO PPGDC AT\u00c9 2021<\/span><\/a><\/p>\n<p><a href=\"https:\/\/sgu.unicentro.br\/pcatooficiais\/imprimir\/181F8578\">Regulamento do Programa de P\u00f3s-Gradua\u00e7\u00e3o Interdisciplinar em Desenvolvimento Comunit\u00e1rio (Resolu\u00e7\u00e3o n. 16-PROPESP\/UNICENTRO, de 21 de dezembro de 2021)<span style=\"color: #ff0000\"> ESTE REGULAMENTO VIGORA A PARTIR DA TURMA 2022<\/span><\/a><\/p>\n<p>GUIA ACAD\u00caMICO PPGDC:<\/p>\n<p><a href=\"https:\/\/www3.unicentro.br\/ppgdc\/wp-content\/uploads\/sites\/121\/2026\/01\/Guia-vida-academica_2025.pdf\">Guia-vida-academica_2025<\/a><\/p>\n<p>GRADE CURRICULAR:<\/p>\n<p><a href=\"https:\/\/www3.unicentro.br\/ppgdc\/wp-content\/uploads\/sites\/121\/2025\/11\/Aprova-a-oferta-de-disciplinas-do-Curso-de-Mestrado-Academico-em-Desenvolvimento-Comunitario-Resolucao-n.-24-CEPE-de-29-de-outubro-de-2025.pdf\">Aprova a oferta de disciplinas do Curso de Mestrado Acad\u00eamico em Desenvolvimento Comunit\u00e1rio (Resolu\u00e7\u00e3o n. 24-CEPE\/UNICENTRO, de 29 de outubro de 2025)<\/a><\/p>\n<p><a href=\"https:\/\/www3.unicentro.br\/ppgdc\/wp-content\/uploads\/sites\/121\/2025\/11\/Aprova-a-oferta-de-disciplinas-do-Curso-de-Mestrado-Academico-em-Desenvolvimento-Comunitario-Resolucao-n.-24-CEPE-de-29-de-outubro-de-2025.pdf\">Aprova a oferta de disciplinas do Curso de Doutorado Acad\u00eamico em Desenvolvimento Comunit\u00e1rio (<\/a><a href=\"https:\/\/www3.unicentro.br\/ppgdc\/wp-content\/uploads\/sites\/121\/2025\/11\/Res.-n.-25-CEPE-de-29-de-outubro-de-2025.pdf\">Resolu\u00e7\u00e3o n. 25-CEPE\/UNICENTRO, de 29 de outubro de 2025)<\/a><\/p>\n<p><a href=\"https:\/\/www3.unicentro.br\/ppgdc\/wp-content\/uploads\/sites\/121\/2025\/11\/Aprova-alteracoes-no-Projeto-Pedagogico-do-Res.-n.-26-CEPE-de-29-de-outubro-de-2025.pdf\">Aprova altera\u00e7\u00f5es no Projeto Pedag\u00f3gico do Curso de Mestrado Acad\u00eamico em Desenvolvimento Comunit\u00e1rio (Resolu\u00e7\u00e3o n. 26-CEPE\/UNICENTRO, de 29 de outubro de 2025)<\/a><\/p>\n<p><a href=\"https:\/\/www3.unicentro.br\/ppgdc\/wp-content\/uploads\/sites\/121\/2025\/11\/Res.-n.-27-CEPE-de-29-de-outubro-de-2025-1.pdf\">Aprova altera\u00e7\u00f5es no Projeto Pedag\u00f3gico do Curso de Doutorado Acad\u00eamico em Desenvolvimento Comunit\u00e1rio (Resolu\u00e7\u00e3o n. 27-CEPE\/UNICENTRO, de 29 de outubro de 2025)<\/a><\/p>\n<p>PPGDC:<\/p>\n<p><a href=\"https:\/\/www3.unicentro.br\/ppgdc\/wp-content\/uploads\/sites\/121\/2026\/04\/Instrucao-Normativa-01-2026-Defesa-de-Dissertacao-e-Tese.pdf\">Instru\u00e7\u00e3o Normativa 01-2026 &#8211; Defesa de Disserta\u00e7\u00e3o e Tese &#8211; <span style=\"color: #ff0000\">ESTA INSTRU\u00c7\u00c3O NORMATIVA VIGORA A PARTIR DA TURMA 2026<\/span><\/a><\/p>\n<p><a href=\"https:\/\/www3.unicentro.br\/ppgdc\/wp-content\/uploads\/sites\/121\/2024\/07\/Instrucao-Normativa-01-2024-PPGDC-Tramitacao-padrao-de-documentos-1.pdf\">Instru\u00e7\u00e3o Normativa 01-2024 &#8211; Normas para a Tramita\u00e7\u00e3o de Documentos<\/a><\/p>\n<p><a href=\"https:\/\/www3.unicentro.br\/ppgdc\/wp-content\/uploads\/sites\/121\/2023\/10\/Instrucao-Normativa-03-2023-PPGDC-Concessao-e-Manutencao-de-Bolsas-Completa.pdf\">Instru\u00e7\u00e3o Normativa 03-2023 &#8211; Concess\u00e3o e Manuten\u00e7\u00e3o de Bolsas<\/a><\/p>\n<p><a href=\"https:\/\/www3.unicentro.br\/ppgdc\/wp-content\/uploads\/sites\/121\/2024\/05\/Instrucao-Normativa-02-2023-PPGDC-Defesa-de-Dissertacao-e-Tese-modificado.pdf\">Instru\u00e7\u00e3o Normativa 02-2023 &#8211; Defesa de Disserta\u00e7\u00e3o e Tese<\/a><\/p>\n<p><a href=\"https:\/\/www3.unicentro.br\/ppgdc\/wp-content\/uploads\/sites\/121\/2023\/08\/INSTRUCAO-NORMATIVA-01-2023-PPGDC-Credenciamento-e-Recredenciamento.pdf\">Instru\u00e7\u00e3o Normativa 01-2023 &#8211; Credenciamento e Recredenciamento<\/a><\/p>\n<p><a href=\"https:\/\/www3.unicentro.br\/ppgdc\/wp-content\/uploads\/sites\/121\/2022\/05\/Instrucao-Normativa-18-2022-Aproveitamento-de-Disciplinas.pdf\">Instru\u00e7\u00e3o Normativa 18-2022 &#8211; Aproveitamento de Disciplinas<\/a><\/p>\n<p><a href=\"https:\/\/www3.unicentro.br\/ppgdc\/wp-content\/uploads\/sites\/121\/2024\/05\/Instrucao-Normativa-17-2021-Qualificacao-de-Mestrado-e-Doutorado-1-modificado.pdf\">Instru\u00e7\u00e3o Normativa 17-2021 &#8211; Qualifica\u00e7\u00e3o de Mestrado e Doutorado<\/a><\/p>\n<p><a href=\"https:\/\/www3.unicentro.br\/ppgdc\/wp-content\/uploads\/sites\/121\/2021\/10\/Instrucao-Normativa-16-2021-ATIVIDADE-EM-NUCLEOS-LABORATORIOS-E-GRUPOS-DE-PESQUISA.pdf\">Instru\u00e7\u00e3o Normativa 16-2021 &#8211; Atividades em N\u00facleos, Laborat\u00f3rios e Grupos de Pesquisa<\/a><\/p>\n<p><a href=\"https:\/\/www3.unicentro.br\/ppgdc\/wp-content\/uploads\/sites\/121\/2021\/10\/Instrucao-Normativa-15-2021-ESTAGIO-DE-DOCENCIA.pdf\">Instru\u00e7\u00e3o Normativa 15-2021 &#8211; Est\u00e1gio de Doc\u00eancia<\/a><\/p>\n<p><a href=\"https:\/\/www3.unicentro.br\/ppgdc\/wp-content\/uploads\/sites\/121\/2024\/05\/Instrucao-Normativa-14-2021-Dissertacoes-e-Teses-modificado.pdf\">Instru\u00e7\u00e3o Normativa 14-2021 &#8211; Disserta\u00e7\u00f5es e Teses<\/a><\/p>\n<p><a href=\"https:\/\/www3.unicentro.br\/ppgdc\/wp-content\/uploads\/sites\/121\/2021\/10\/Instrucao-Normativa-13-2021-Atividades-Complementares.pdf\">Instru\u00e7\u00e3o Normativa 13-2021 &#8211; Atividades Complementares<\/a><\/p>\n<p>PROPESP:<\/p>\n<p><a href=\"https:\/\/www3.unicentro.br\/ppgdc\/wp-content\/uploads\/sites\/121\/2023\/09\/IN_01_23_PROPESP_Estabelece_par_metros_e_condi_es_para_comprova_o_de_profici_ncia_em_l_ngua_estrangeira_ver.pdf\">Instru\u00e7\u00e3o Normativa 01-2023 &#8211; PROPESP &#8211; Profici\u00eancia em L\u00edngua Estrangeira<\/a><\/p>\n<p><a href=\"https:\/\/www3.unicentro.br\/ppgdc\/wp-content\/uploads\/sites\/121\/2022\/07\/APCN-DC.pdf\">Nosso APCN<\/a>[\/vc_column_text][\/vc_column][\/vc_row]<\/p>\n<\/div>","protected":false},"excerpt":{"rendered":"<p>[vc_row][vc_column][vc_column_text css=&#8221;&#8221;]Resolu\u00e7\u00e3o 67-CEPE\/UNICENTRO, de 18 de dezembro de 2020. Aprova o Regulamento de P\u00f3s-Gradua\u00e7\u00e3o Stricto Sensu da UNICENTRO\u00a0 e d\u00e1 outras provid\u00eancias Regulamento do Programa de P\u00f3s-Gradua\u00e7\u00e3o Interdisciplinar em Desenvolvimento Comunit\u00e1rio (Resolu\u00e7\u00e3o n. 8-COU\/Unicentro, de 6 de fevereiro de 2019) ESTE REGULAMENTO FOI V\u00c1LIDO PARA AS TURMAS QUE INGRESSARAM NO PPGDC AT\u00c9 2021 Regulamento do [&hellip;]<\/p>\n","protected":false},"author":3,"featured_media":0,"parent":0,"menu_order":0,"comment_status":"closed","ping_status":"closed","template":"","meta":{"_exactmetrics_skip_tracking":false,"_exactmetrics_sitenote_active":false,"_exactmetrics_sitenote_note":"","_exactmetrics_sitenote_category":0,"footnotes":"","_links_to":"","_links_to_target":""},"class_list":["post-60","page","type-page","status-publish","hentry"],"_links":{"self":[{"href":"https:\/\/www3.unicentro.br\/ppgdc\/wp-json\/wp\/v2\/pages\/60","targetHints":{"allow":["GET"]}}],"collection":[{"href":"https:\/\/www3.unicentro.br\/ppgdc\/wp-json\/wp\/v2\/pages"}],"about":[{"href":"https:\/\/www3.unicentro.br\/ppgdc\/wp-json\/wp\/v2\/types\/page"}],"author":[{"embeddable":true,"href":"https:\/\/www3.unicentro.br\/ppgdc\/wp-json\/wp\/v2\/users\/3"}],"replies":[{"embeddable":true,"href":"https:\/\/www3.unicentro.br\/ppgdc\/wp-json\/wp\/v2\/comments?post=60"}],"version-history":[{"count":4,"href":"https:\/\/www3.unicentro.br\/ppgdc\/wp-json\/wp\/v2\/pages\/60\/revisions"}],"predecessor-version":[{"id":3858,"href":"https:\/\/www3.unicentro.br\/ppgdc\/wp-json\/wp\/v2\/pages\/60\/revisions\/3858"}],"wp:attachment":[{"href":"https:\/\/www3.unicentro.br\/ppgdc\/wp-json\/wp\/v2\/media?parent=60"}],"curies":[{"name":"wp","href":"https:\/\/api.w.org\/{rel}","templated":true}]}}