{"id":58,"date":"2021-04-26T16:49:28","date_gmt":"2021-04-26T19:49:28","guid":{"rendered":"https:\/\/www3.unicentro.br\/ppgdc\/?page_id=58"},"modified":"2025-09-26T17:14:30","modified_gmt":"2025-09-26T20:14:30","slug":"formularios","status":"publish","type":"page","link":"https:\/\/www3.unicentro.br\/ppgdc\/formularios\/","title":{"rendered":"Formul\u00e1rios\/Forms"},"content":{"rendered":"<div class=\"wpb-content-wrapper\"><p>[vc_row][vc_column][vc_column_text css=&#8221;&#8221;]<strong>Formul\u00e1rios e documentos necess\u00e1rios para solicitar DEFESA de Disserta\u00e7\u00e3o \/ Tese:<\/strong><\/p>\n<ul>\n<li><a href=\"https:\/\/www3.unicentro.br\/ppgdc\/wp-content\/uploads\/sites\/121\/2023\/10\/Solicitacao-de-DEFESA-de-Dissertacao-ou-Tese-PDF-Editavel.pdf\">Solicita\u00e7\u00e3o de DEFESA de Disserta\u00e7\u00e3o \/ Tese<\/a><\/li>\n<li>Artigo Completo Submetido para a Defesa<\/li>\n<li>Print do Envio do Artigo ou E-mail resposta da Submiss\u00e3o<\/li>\n<li><a href=\"https:\/\/www3.unicentro.br\/ppgdc\/wp-content\/uploads\/sites\/121\/2023\/10\/Cadastro-de-Membros-Externos-de-Banca-de-DEFESA-de-Dissertacao-ou-Tese.pdf\">Cadastro de Membros da Banca Examinadora que n\u00e3o s\u00e3o do PPGDC<\/a><\/li>\n<li><a href=\"https:\/\/www3.unicentro.br\/ppgdc\/wp-content\/uploads\/sites\/121\/2023\/10\/Checklist-das-Atividades-exigidas-para-a-Defesa-de-Dissertacao-ou-TESE.pdf\">Checklist de Atividades Exigidas para a DEFESA<\/a><\/li>\n<li><a href=\"https:\/\/www3.unicentro.br\/ppgdc\/wp-content\/uploads\/sites\/121\/2022\/10\/Comprovante-de-orientacao.pdf\">Comprovante de Orienta\u00e7\u00e3o<\/a><\/li>\n<li><a href=\"https:\/\/www3.unicentro.br\/ppgdc\/wp-content\/uploads\/sites\/121\/2022\/10\/Termo-de-Ciencia-Diploma.pdf\">Termo de Ci\u00eancia<\/a><\/li>\n<li><a href=\"https:\/\/www3.unicentro.br\/ppgdc\/wp-content\/uploads\/sites\/121\/2022\/10\/Autorizacao-Dissertacao-TESE-Internet.pdf\">Autoriza\u00e7\u00e3o para disponibiliza\u00e7\u00e3o on-line da disserta\u00e7\u00e3o \/ Tese<\/a><\/li>\n<li><a href=\"https:\/\/www3.unicentro.br\/ppgdc\/wp-content\/uploads\/sites\/121\/2022\/10\/Atividades-Complementares.pdf\">Atividades complementares (Formul\u00e1rio acompanhado dos comprovantes)<\/a><\/li>\n<li><a href=\"https:\/\/www3.unicentro.br\/ppgdc\/wp-content\/uploads\/sites\/121\/2022\/05\/Relatorio-de-Estagio-Docencia-PDF-Editavel.pdf\">Relat\u00f3rio da Realiza\u00e7\u00e3o do Est\u00e1gio de Doc\u00eancia (obrigat\u00f3rio para bolsistas)<\/a><\/li>\n<li><a href=\"https:\/\/www3.unicentro.br\/ppgdc\/wp-content\/uploads\/sites\/121\/2023\/08\/Declaracao-de-Envio-de-Artigo-para-Revista.pdf\">Declara\u00e7\u00e3o de Envio de Artigo para Revista<\/a><\/li>\n<li><a href=\"https:\/\/www3.unicentro.br\/ppgdc\/wp-content\/uploads\/sites\/121\/2022\/10\/Revisao-e-Correcao-final-da-dissertacao-ou-TESE.pdf\">Comprovante de Revis\u00e3o e Corre\u00e7\u00e3o (Entregue com a vers\u00e3o final da disserta\u00e7\u00e3o ou tese)<\/a><\/li>\n<li>Ficha Catalogr\u00e1fica (Entregue com a vers\u00e3o final da disserta\u00e7\u00e3o ou Tese)<\/li>\n<\/ul>\n<p>&nbsp;<\/p>\n<p><strong>Formul\u00e1rios e documentos necess\u00e1rios para solicitar Qualifica\u00e7\u00e3o de Disserta\u00e7\u00e3o \/ Tese:<\/strong><\/p>\n<ul>\n<li><a href=\"https:\/\/www3.unicentro.br\/ppgdc\/wp-content\/uploads\/sites\/121\/2023\/10\/Solicitacao-de-Exame-de-Qualificacao-de-Dissertacao-ou-Tese-PDF-Editavel.pdf\">Solicita\u00e7\u00e3o de Exame de Qualifica\u00e7\u00e3o da Disserta\u00e7\u00e3o \/ Tese<\/a><\/li>\n<li>Comprovantes de Profici\u00eancia em L\u00edngua Estrangeira<\/li>\n<li><a href=\"https:\/\/www3.unicentro.br\/ppgdc\/wp-content\/uploads\/sites\/121\/2023\/10\/Cadastro-de-Membros-Externos-de-Banca-de-Qualificacao-de-Dissertacao-ou-Tese.pdf\">Cadastro de Membros da Banca que n\u00e3o s\u00e3o do PPGDC<\/a><\/li>\n<li><a href=\"https:\/\/www3.unicentro.br\/ppgdc\/wp-content\/uploads\/sites\/121\/2023\/10\/Checklist-das-Atividades-para-QUALIFICACAO-de-Dissertacao-ou-Tese-PDF-Editavel.pdf\">Checklist de Atividades Exigidas para a Qualifica\u00e7\u00e3o<\/a><\/li>\n<\/ul>\n<p><strong>Formul\u00e1rios Diversos:<\/strong><\/p>\n<ul>\n<li>Requerimento Geral <a href=\"https:\/\/www3.unicentro.br\/ppgdc\/wp-content\/uploads\/sites\/121\/2025\/09\/Requerimento_geral.doc\">[.doc<\/a>] <a href=\"https:\/\/www3.unicentro.br\/ppgdc\/wp-content\/uploads\/sites\/121\/2025\/09\/Requerimento-geral.pdf\">[.pdf]<\/a><\/li>\n<li><a href=\"https:\/\/www3.unicentro.br\/ppgdc\/wp-content\/uploads\/sites\/121\/2022\/07\/Plano-de-Atividades-de-Estagio-Docencia-Mestrado-e-Doutorado.pdf\">Plano de Atividades de Est\u00e1gio Doc\u00eancia<\/a><\/li>\n<li><a href=\"https:\/\/www3.unicentro.br\/ppgdc\/wp-content\/uploads\/sites\/121\/2022\/07\/Relatorio-de-Estagio-Docencia-PDF-Editavel.pdf\">Relat\u00f3rio da Realiza\u00e7\u00e3o do Est\u00e1gio de Doc\u00eancia (obrigat\u00f3rio para bolsistas)<\/a><\/li>\n<\/ul>\n<p>[\/vc_column_text][\/vc_column][\/vc_row]<\/p>\n<\/div>","protected":false},"excerpt":{"rendered":"<p>[vc_row][vc_column][vc_column_text css=&#8221;&#8221;]Formul\u00e1rios e documentos necess\u00e1rios para solicitar DEFESA de Disserta\u00e7\u00e3o \/ Tese: Solicita\u00e7\u00e3o de DEFESA de Disserta\u00e7\u00e3o \/ Tese Artigo Completo Submetido para a Defesa Print do Envio do Artigo ou E-mail resposta da Submiss\u00e3o Cadastro de Membros da Banca Examinadora que n\u00e3o s\u00e3o do PPGDC Checklist de Atividades Exigidas para a DEFESA Comprovante de [&hellip;]<\/p>\n","protected":false},"author":3,"featured_media":0,"parent":0,"menu_order":0,"comment_status":"closed","ping_status":"closed","template":"","meta":{"_exactmetrics_skip_tracking":false,"_exactmetrics_sitenote_active":false,"_exactmetrics_sitenote_note":"","_exactmetrics_sitenote_category":0,"footnotes":"","_links_to":"","_links_to_target":""},"class_list":["post-58","page","type-page","status-publish","hentry"],"_links":{"self":[{"href":"https:\/\/www3.unicentro.br\/ppgdc\/wp-json\/wp\/v2\/pages\/58","targetHints":{"allow":["GET"]}}],"collection":[{"href":"https:\/\/www3.unicentro.br\/ppgdc\/wp-json\/wp\/v2\/pages"}],"about":[{"href":"https:\/\/www3.unicentro.br\/ppgdc\/wp-json\/wp\/v2\/types\/page"}],"author":[{"embeddable":true,"href":"https:\/\/www3.unicentro.br\/ppgdc\/wp-json\/wp\/v2\/users\/3"}],"replies":[{"embeddable":true,"href":"https:\/\/www3.unicentro.br\/ppgdc\/wp-json\/wp\/v2\/comments?post=58"}],"version-history":[{"count":2,"href":"https:\/\/www3.unicentro.br\/ppgdc\/wp-json\/wp\/v2\/pages\/58\/revisions"}],"predecessor-version":[{"id":3045,"href":"https:\/\/www3.unicentro.br\/ppgdc\/wp-json\/wp\/v2\/pages\/58\/revisions\/3045"}],"wp:attachment":[{"href":"https:\/\/www3.unicentro.br\/ppgdc\/wp-json\/wp\/v2\/media?parent=58"}],"curies":[{"name":"wp","href":"https:\/\/api.w.org\/{rel}","templated":true}]}}