{"id":49,"date":"2021-04-26T16:46:52","date_gmt":"2021-04-26T19:46:52","guid":{"rendered":"https:\/\/www3.unicentro.br\/ppgdc\/?page_id=49"},"modified":"2024-08-01T10:56:50","modified_gmt":"2024-08-01T13:56:50","slug":"disciplinas","status":"publish","type":"page","link":"https:\/\/www3.unicentro.br\/ppgdc\/disciplinas\/","title":{"rendered":"Disciplinas\/Courses and Syllabi"},"content":{"rendered":"<p>A ESTRUTURA CURRICULAR, do Curso de Mestrado compreende 40 cr\u00e9ditos (20 cr\u00e9ditos em disciplinas, 2 obrigat\u00f3rias e 3 eletivas; 12 cr\u00e9ditos na elabora\u00e7\u00e3o da disserta\u00e7\u00e3o e 8 cr\u00e9ditos divididos em 4 cr\u00e9ditos no Projeto de Investiga\u00e7\u00e3o Explorat\u00f3ria na Comunidade (Piec) e 4 cr\u00e9ditos em Atividades Complementares), sendo obrigat\u00f3rio Est\u00e1gio de Doc\u00eancia para estudantes bolsistas. As atividades complementares s\u00e3o reguladas por Instru\u00e7\u00e3o Normativa.<\/p>\n<p>No Curso e Doutorado, s\u00e3o obrigat\u00f3rios 60 cr\u00e9ditos (32 cr\u00e9ditos em disciplinas, 2 obrigat\u00f3rias e 6 eletivas; 18 cr\u00e9ditos em orienta\u00e7\u00e3o e elabora\u00e7\u00e3o da tese e 10 cr\u00e9ditos em outras atividades, sendo estes divididos em 4 cr\u00e9ditos no Piec, 4 cr\u00e9ditos em atividades nos N\u00facleos de Estudos e 2 cr\u00e9ditos em Atividades Complementares. O cumprimento do est\u00e1gio de doc\u00eancia \u00e9 obrigat\u00f3rio para bolsistas.<\/p>\n<p>Os N\u00facleos de Estudo s\u00e3o um componente curricular apresentado na proposta de Doutorado concebidos para atender a uma meta estabelecida pelo PPGDC. Eles compreendem a realiza\u00e7\u00e3o de atividades te\u00f3rico-metodol\u00f3gicas promovidas por diferentes grupos de pesquisa do PPG, tendo o desafio de provocar novos olhares sobre Desenvolvimento Comunit\u00e1rio. Nesse sentido, pretende-se que este componente curricular seja um espa\u00e7o de fomento ao estudo, pesquisa e interc\u00e2mbio de temas e perspectivas te\u00f3rico-metodol\u00f3gicas de interesse comum de cada n\u00facleo.<\/p>\n<p>Cada n\u00facleo \u00e9 composto por docentes e investigadores\/as do PPGDC, aberto a estudantes de gradua\u00e7\u00e3o e de p\u00f3s-gradua\u00e7\u00e3o, e pesquisadores\/as externos\/as ao programa. Podem ser tempor\u00e1rios ou permanentes e um ano de atividade no n\u00facleo corresponde a um cr\u00e9dito, que n\u00e3o pode ser validado no caso de o\/a mestrando\/a do programa continuar no programa no doutorado. Ele tamb\u00e9m n\u00e3o pode ser contabilizado duplamente, no caso da participa\u00e7\u00e3o de atividades em mais de um grupo. Dessa maneira, o ideal \u00e9 que mestrandos\/as participem de n\u00facleos nos 4 semestres em que permanecem matriculados\/as e doutorandos\/as durante os 48 meses de matr\u00edcula no programa.<\/p>\n<p>A COMUNIDADE DISCENTE obrigatoriamente precisa realizar atividades complementares, previstas em Instru\u00e7\u00e3o Normativa para essa finalidade.<\/p>\n","protected":false},"excerpt":{"rendered":"<p>A ESTRUTURA CURRICULAR, do Curso de Mestrado compreende 40 cr\u00e9ditos (20 cr\u00e9ditos em disciplinas, 2 obrigat\u00f3rias e 3 eletivas; 12 cr\u00e9ditos na elabora\u00e7\u00e3o da disserta\u00e7\u00e3o e 8 cr\u00e9ditos divididos em 4 cr\u00e9ditos no Projeto de Investiga\u00e7\u00e3o Explorat\u00f3ria na Comunidade (Piec) e 4 cr\u00e9ditos em Atividades Complementares), sendo obrigat\u00f3rio Est\u00e1gio de Doc\u00eancia para estudantes bolsistas. As [&hellip;]<\/p>\n","protected":false},"author":3,"featured_media":0,"parent":0,"menu_order":0,"comment_status":"closed","ping_status":"closed","template":"","meta":{"_exactmetrics_skip_tracking":false,"_exactmetrics_sitenote_active":false,"_exactmetrics_sitenote_note":"","_exactmetrics_sitenote_category":0,"footnotes":"","_links_to":"","_links_to_target":""},"class_list":["post-49","page","type-page","status-publish","hentry"],"_links":{"self":[{"href":"https:\/\/www3.unicentro.br\/ppgdc\/wp-json\/wp\/v2\/pages\/49","targetHints":{"allow":["GET"]}}],"collection":[{"href":"https:\/\/www3.unicentro.br\/ppgdc\/wp-json\/wp\/v2\/pages"}],"about":[{"href":"https:\/\/www3.unicentro.br\/ppgdc\/wp-json\/wp\/v2\/types\/page"}],"author":[{"embeddable":true,"href":"https:\/\/www3.unicentro.br\/ppgdc\/wp-json\/wp\/v2\/users\/3"}],"replies":[{"embeddable":true,"href":"https:\/\/www3.unicentro.br\/ppgdc\/wp-json\/wp\/v2\/comments?post=49"}],"version-history":[{"count":2,"href":"https:\/\/www3.unicentro.br\/ppgdc\/wp-json\/wp\/v2\/pages\/49\/revisions"}],"predecessor-version":[{"id":1578,"href":"https:\/\/www3.unicentro.br\/ppgdc\/wp-json\/wp\/v2\/pages\/49\/revisions\/1578"}],"wp:attachment":[{"href":"https:\/\/www3.unicentro.br\/ppgdc\/wp-json\/wp\/v2\/media?parent=49"}],"curies":[{"name":"wp","href":"https:\/\/api.w.org\/{rel}","templated":true}]}}