{"id":47,"date":"2021-04-26T16:31:48","date_gmt":"2021-04-26T19:31:48","guid":{"rendered":"https:\/\/www3.unicentro.br\/ppgdc\/?page_id=47"},"modified":"2025-09-16T10:36:10","modified_gmt":"2025-09-16T13:36:10","slug":"secretaria-e-coordenacao","status":"publish","type":"page","link":"https:\/\/www3.unicentro.br\/ppgdc\/o-programa\/secretaria-e-coordenacao\/","title":{"rendered":"Secretaria e Coordena\u00e7\u00e3o\/Secretary and Coordination"},"content":{"rendered":"<div class=\"wpb-content-wrapper\"><p>[vc_row][vc_column][vc_column_text css=&#8221;&#8221;]Secret\u00e1ria: Karla Nadal<\/p>\n<p>&nbsp;<\/p>\n<p>Coordena\u00e7\u00e3o (2025-2027):<\/p>\n<p>Prof. Dr. CARLOS ALBERTO MAR\u00c7AL GONZAGA<\/p>\n<p>Prof. Dr. SILVIO ROBERTO STEFANI[\/vc_column_text][\/vc_column][\/vc_row]<\/p>\n<\/div>","protected":false},"excerpt":{"rendered":"<p>[vc_row][vc_column][vc_column_text css=&#8221;&#8221;]Secret\u00e1ria: Karla Nadal &nbsp; Coordena\u00e7\u00e3o (2025-2027): Prof. Dr. CARLOS ALBERTO MAR\u00c7AL GONZAGA Prof. Dr. SILVIO ROBERTO STEFANI[\/vc_column_text][\/vc_column][\/vc_row]<\/p>\n","protected":false},"author":3,"featured_media":0,"parent":20,"menu_order":0,"comment_status":"closed","ping_status":"closed","template":"","meta":{"_exactmetrics_skip_tracking":false,"_exactmetrics_sitenote_active":false,"_exactmetrics_sitenote_note":"","_exactmetrics_sitenote_category":0,"footnotes":"","_links_to":"","_links_to_target":""},"class_list":["post-47","page","type-page","status-publish","hentry"],"_links":{"self":[{"href":"https:\/\/www3.unicentro.br\/ppgdc\/wp-json\/wp\/v2\/pages\/47","targetHints":{"allow":["GET"]}}],"collection":[{"href":"https:\/\/www3.unicentro.br\/ppgdc\/wp-json\/wp\/v2\/pages"}],"about":[{"href":"https:\/\/www3.unicentro.br\/ppgdc\/wp-json\/wp\/v2\/types\/page"}],"author":[{"embeddable":true,"href":"https:\/\/www3.unicentro.br\/ppgdc\/wp-json\/wp\/v2\/users\/3"}],"replies":[{"embeddable":true,"href":"https:\/\/www3.unicentro.br\/ppgdc\/wp-json\/wp\/v2\/comments?post=47"}],"version-history":[{"count":2,"href":"https:\/\/www3.unicentro.br\/ppgdc\/wp-json\/wp\/v2\/pages\/47\/revisions"}],"predecessor-version":[{"id":2979,"href":"https:\/\/www3.unicentro.br\/ppgdc\/wp-json\/wp\/v2\/pages\/47\/revisions\/2979"}],"up":[{"embeddable":true,"href":"https:\/\/www3.unicentro.br\/ppgdc\/wp-json\/wp\/v2\/pages\/20"}],"wp:attachment":[{"href":"https:\/\/www3.unicentro.br\/ppgdc\/wp-json\/wp\/v2\/media?parent=47"}],"curies":[{"name":"wp","href":"https:\/\/api.w.org\/{rel}","templated":true}]}}