{"id":45,"date":"2021-04-26T16:31:31","date_gmt":"2021-04-26T19:31:31","guid":{"rendered":"https:\/\/www3.unicentro.br\/ppgdc\/?page_id=45"},"modified":"2024-04-16T15:38:08","modified_gmt":"2024-04-16T18:38:08","slug":"laboratorios-e-nucleos","status":"publish","type":"page","link":"https:\/\/www3.unicentro.br\/ppgdc\/o-programa\/laboratorios-e-nucleos\/","title":{"rendered":"Laborat\u00f3rios e N\u00facleos\/Laboratories and Centers"},"content":{"rendered":"<p class=\"western\">CENTRO INTERDISCIPLINAR DE ESTUDOS DE G\u00caNERO (CIEG) est\u00e1 localizado no campus Santa Cruz, da Unicentro<\/p>\n<p class=\"western\">LABORAT\u00d3RIO DE HIST\u00d3RIA AMBIENTAL (LHA) est\u00e1 localizado no campus Santa Cruz, da Unicentro, Guarapuava<\/p>\n<p class=\"western\">LABORAT\u00d3RIO DE NEUROCI\u00caNCIAS est\u00e1 localizado no campus Irati<\/p>\n<p class=\"western\">NUCLEO DE ESTUDOS EM SUSTENTABILIDADE, SA\u00daDE E DC (NESSDC), est\u00e1 localizado no campus Irati<\/p>\n<p class=\"western\">LABORAT\u00d3RIO DE VIROLOGIA HUMANA est\u00e1 localizado no campus CEDETEG<\/p>\n<p class=\"western\">LABORAT\u00d3RIO DE PESQUISA INF\u00c2NCIA, FAM\u00cdLIA E COMUNIDADE (LABI) est\u00e1 localizado no campus Irati<\/p>\n<p class=\"western\">LABORAT\u00d3RIO DE PSICOLOGIA SOCIAL E PROCESSOS INSTITUCIONAIS est\u00e1 localizado no campus Irati<\/p>\n<p class=\"western\">LABORAT\u00d3RIO CIDADES E DESENVOLVIMENTO SUSTENT\u00c1VEL campus Santa Cruz, da Unicentro, Guarapuava<\/p>\n<p class=\"western\">LABORAT\u00d3RIO DE PSICOLOGIA DO BILINGUALISMO (LABLINGUE)<\/p>\n<p class=\"western\">LABORAT\u00d3RIO DOS POVOS ESLAVOS E FAXINALENSES (LAPEF)<\/p>\n<p class=\"western\">LABORAT\u00d3RIO ESTUDOS EM EDUCA\u00c7\u00c3O F\u00cdSICA, SA\u00daDE COLETIVA E ENVELHECIMENTO HUMANO<\/p>\n<p class=\"western\">LABORAT\u00d3RIO MULHERES, DISCURSIVIDADES E VIOL\u00caNCIA<\/p>\n<p class=\"western\">LABORAT\u00d3RIO DE VOZ (LABORVOZ)<\/p>\n","protected":false},"excerpt":{"rendered":"<p>CENTRO INTERDISCIPLINAR DE ESTUDOS DE G\u00caNERO (CIEG) est\u00e1 localizado no campus Santa Cruz, da Unicentro LABORAT\u00d3RIO DE HIST\u00d3RIA AMBIENTAL (LHA) est\u00e1 localizado no campus Santa Cruz, da Unicentro, Guarapuava LABORAT\u00d3RIO DE NEUROCI\u00caNCIAS est\u00e1 localizado no campus Irati NUCLEO DE ESTUDOS EM SUSTENTABILIDADE, SA\u00daDE E DC (NESSDC), est\u00e1 localizado no campus Irati LABORAT\u00d3RIO DE VIROLOGIA HUMANA [&hellip;]<\/p>\n","protected":false},"author":3,"featured_media":0,"parent":20,"menu_order":0,"comment_status":"closed","ping_status":"closed","template":"","meta":{"_exactmetrics_skip_tracking":false,"_exactmetrics_sitenote_active":false,"_exactmetrics_sitenote_note":"","_exactmetrics_sitenote_category":0,"footnotes":"","_links_to":"","_links_to_target":""},"class_list":["post-45","page","type-page","status-publish","hentry"],"_links":{"self":[{"href":"https:\/\/www3.unicentro.br\/ppgdc\/wp-json\/wp\/v2\/pages\/45","targetHints":{"allow":["GET"]}}],"collection":[{"href":"https:\/\/www3.unicentro.br\/ppgdc\/wp-json\/wp\/v2\/pages"}],"about":[{"href":"https:\/\/www3.unicentro.br\/ppgdc\/wp-json\/wp\/v2\/types\/page"}],"author":[{"embeddable":true,"href":"https:\/\/www3.unicentro.br\/ppgdc\/wp-json\/wp\/v2\/users\/3"}],"replies":[{"embeddable":true,"href":"https:\/\/www3.unicentro.br\/ppgdc\/wp-json\/wp\/v2\/comments?post=45"}],"version-history":[{"count":2,"href":"https:\/\/www3.unicentro.br\/ppgdc\/wp-json\/wp\/v2\/pages\/45\/revisions"}],"predecessor-version":[{"id":1330,"href":"https:\/\/www3.unicentro.br\/ppgdc\/wp-json\/wp\/v2\/pages\/45\/revisions\/1330"}],"up":[{"embeddable":true,"href":"https:\/\/www3.unicentro.br\/ppgdc\/wp-json\/wp\/v2\/pages\/20"}],"wp:attachment":[{"href":"https:\/\/www3.unicentro.br\/ppgdc\/wp-json\/wp\/v2\/media?parent=45"}],"curies":[{"name":"wp","href":"https:\/\/api.w.org\/{rel}","templated":true}]}}