{"id":432,"date":"2022-01-18T15:40:00","date_gmt":"2022-01-18T18:40:00","guid":{"rendered":"https:\/\/www3.unicentro.br\/ppgdc\/?page_id=432"},"modified":"2025-02-05T15:55:56","modified_gmt":"2025-02-05T18:55:56","slug":"credenciamento-e-recredenciamento-docente","status":"publish","type":"page","link":"https:\/\/www3.unicentro.br\/ppgdc\/o-programa\/credenciamento-e-recredenciamento-docente\/","title":{"rendered":"Credenciamento e Recredenciamento Docente\/Faculty Accreditation"},"content":{"rendered":"<p><strong><a href=\"https:\/\/www3.unicentro.br\/ppgdc\/wp-content\/uploads\/sites\/121\/2025\/02\/EDITAL-74-2024-PPGDC_credenciamento_novos_docentes.pdf\">EDITAL-74-2024-PPGDC_credenciamento_novos_docentes<\/a>CREDENCIAMENTO<\/strong><\/p>\n<p style=\"text-align: justify\">\u00a0 \u00a0 \u00a0O ingresso no corpo Docente do Programa de P\u00f3s-Gradua\u00e7\u00e3o em Desenvolvimento Comunit\u00e1rio, como professor(a) do PPGDC para o exerc\u00edcio das atividades de ensino, pesquisa e orienta\u00e7\u00e3o, \u00e9 realizado via processo de credenciamento, conforme editais espec\u00edficos para este fim.<\/p>\n<p><strong>Abaixo a instru\u00e7\u00e3o normativa que regulamenta o processo:<\/strong><\/p>\n<p><a href=\"https:\/\/www3.unicentro.br\/ppgdc\/wp-content\/uploads\/sites\/121\/2023\/08\/INSTRUCAO-NORMATIVA-01-2023-PPGDC-Credenciamento-e-Recredenciamento.pdf\">Instru\u00e7\u00e3o Normativa 01-2023 &#8211; Credenciamento e Recredenciamento<\/a><\/p>\n<p><strong>Editais sobre credenciamento e recredenciamento<\/strong><\/p>\n<p><a href=\"https:\/\/www3.unicentro.br\/ppgdc\/wp-content\/uploads\/sites\/121\/2025\/01\/EDITAL-01-2025-PPGDC_retificacao_credenciamento_novos_docentes.pdf\">EDITAL 01-2025 PPGD &#8211; Retifica o EDITAL 74-2024 PPGDC<\/a><\/p>\n<p><a href=\"https:\/\/www3.unicentro.br\/ppgdc\/2024\/12\/18\/edital-74-2024-ppgdc-credenciamento-de-novos-docentes-para-o-ppgdc\/\">EDITAL 74-2024 PPGDC &#8211; Credenciamento de Novos Docentes no PPGDC<\/a><\/p>\n<p><a href=\"https:\/\/www3.unicentro.br\/ppgdc\/wp-content\/uploads\/sites\/121\/2023\/10\/EDITAL-49-2023-PPGDC-Resultado-FINAL-do-Recredenciamento-Docente.pdf\">EDITAL 49-2023 PPGDC &#8211; Resultado FINAL do Recredenciamento Docente<\/a><\/p>\n<p><a href=\"https:\/\/www3.unicentro.br\/ppgdc\/wp-content\/uploads\/sites\/121\/2023\/10\/EDITAL-48-2023-PPGDC-Homologacao-de-Recursos-do-Recredenciamento-Docente.pdf\">EDITAL 48-2023 PPGDC &#8211; Homologa\u00e7\u00e3o de Recursos do Recredenciamento Docente<\/a><\/p>\n<p><a href=\"https:\/\/www3.unicentro.br\/ppgdc\/wp-content\/uploads\/sites\/121\/2023\/10\/EDITAL-45-2023-PPGDC-Resultado-do-Recredenciamento-Docente.pdf\">EDITAL 45-2023 PPGDC &#8211; Resultado do Recredenciamento Docente<\/a><\/p>\n<p><a href=\"https:\/\/www3.unicentro.br\/ppgdc\/wp-content\/uploads\/sites\/121\/2023\/10\/EDITAL-44-2023-PPGDC-Recurso-para-Recredenciamento.pdf\">EDITAL 44-2023 PPGDC &#8211; Recurso para Recredenciamento<\/a><\/p>\n<p><a href=\"https:\/\/www3.unicentro.br\/ppgdc\/wp-content\/uploads\/sites\/121\/2023\/09\/EDITAL-42-2023-PPGDC-Homologacao-das-Inscricoes-para-o-Recredenciamento-Docente.pdf\">EDITAL 42-2023 PPGDC &#8211; Homologa\u00e7\u00e3o das Inscri\u00e7\u00f5es para o Recredenciamento Docente<\/a><\/p>\n<p><a href=\"https:\/\/www3.unicentro.br\/ppgdc\/wp-content\/uploads\/sites\/121\/2023\/08\/EDITAL-34-2023-PPGDC-Recredenciamento-Docente.pdf\">EDITAL 34-2023 PPGDC &#8211; Recredenciamento Docente<\/a><\/p>\n<p><a href=\"https:\/\/www3.unicentro.br\/ppgdc\/wp-content\/uploads\/sites\/121\/2024\/04\/EDITAL-02-2021-PPGDC-Resultado-do-Recredenciamento-dos-Professores-do-PPGDC.pdf\">EDITAL 02-2021 PPGDC &#8211; Resultado-do-Recredenciamento-dos-Professores-do-PPGDC<\/a><\/p>\n<p><a href=\"https:\/\/www3.unicentro.br\/ppgdc\/wp-content\/uploads\/sites\/121\/2024\/04\/EDITAL-009-2020-PPGDC-Recredenciamento-de-Professores-do-PPGDC.pdf\">EDITAL 09-2020 PPGDC &#8211; Recredenciamento-de-Professores-do-PPGDC<\/a><\/p>\n<p><a href=\"https:\/\/www3.unicentro.br\/ppgdc\/wp-content\/uploads\/sites\/121\/2024\/04\/EDITAL-036-2019-PPGDC-Divulga-o-Resultado-do-Credenciamento-de-Novos-Professores-para-o-PPGDC.pdf\">EDITAL 36-2019 PPGDC &#8211; Resultado do Credenciamento de Novos Professores para o PPGDC<\/a><\/p>\n<p><a href=\"https:\/\/www3.unicentro.br\/ppgdc\/wp-content\/uploads\/sites\/121\/2024\/04\/EDITAL-035-2019-PPGDC-Anula-o-Edital-de-Resultados-do-Credenciamento-de-Novos-Professores-no-PPGDC.pdf\">EDITAL 35-2019 PPGDC &#8211; Anula o Edital de Resultados do Credenciamento de Novos Professores no PPGDC<\/a><\/p>\n<p><a href=\"https:\/\/www3.unicentro.br\/ppgdc\/wp-content\/uploads\/sites\/121\/2024\/04\/EDITAL-021-2019-PPGDC-RETIFICA-O-EDITAL-018-2019-PPGDC.pdf\">EDITAL 21-2019 PPGDC &#8211; RETIFICA O EDITAL\u00a0 18-2019 PPGDC<\/a><\/p>\n<p><a href=\"https:\/\/www3.unicentro.br\/ppgdc\/wp-content\/uploads\/sites\/121\/2024\/04\/EDITAL-018-2019-PPGDC-\u2013-Credenciamento-de-Novos-Professores-no-PPGDC.pdf\">EDITAL 18-2019 PPGDC &#8211; Credenciamento de Novos Professores no PPGDC<\/a><\/p>\n<p><a href=\"https:\/\/www3.unicentro.br\/ppgdc\/wp-content\/uploads\/sites\/121\/2024\/04\/Edital-042_2016-PPGDC-Resultado-do-Recredenciamento-Docentes-PPGDC.pdf\">EDITAL 42-2016 PPGDC &#8211; Resultado do Recredenciamento Docentes PPGDC<\/a><\/p>\n<p><a href=\"https:\/\/www3.unicentro.br\/ppgdc\/wp-content\/uploads\/sites\/121\/2024\/04\/Edital-023_2015-PPGDC-Resultado-Recurso-credenciamento-docentes-2015.pdf\">EDITAL 23-2015 PPGDC &#8211; Resultado Recurso credenciamento docentes 2015<\/a><\/p>\n<p><a href=\"https:\/\/www3.unicentro.br\/ppgdc\/wp-content\/uploads\/sites\/121\/2024\/04\/Edital-020_2015-PPGDC-Credenciamento-Docentes-2015-Retificacao.pdf\">EDITAL 20-2015 PPGDC &#8211; Credenciamento Docentes 2015 &#8211; Retifica\u00e7\u00e3o<\/a><\/p>\n<p><a href=\"https:\/\/www3.unicentro.br\/ppgdc\/wp-content\/uploads\/sites\/121\/2024\/04\/Edital-019_2015-PPGDC-Credenciamento-Docentes-2015-Retificado.pdf\">EDITAL 19-2015 PPGDC &#8211; Credenciamento Docentes 2015 &#8211; Retificado<\/a><\/p>\n<p><a href=\"https:\/\/www3.unicentro.br\/ppgdc\/wp-content\/uploads\/sites\/121\/2024\/04\/Edital-22_2014-PPGDC-resultado-credenciamento-2014.pdf\">EDITAL 22-2014 PPGDC &#8211; Resultado do Credenciamento 2014<\/a><\/p>\n<p><a href=\"https:\/\/www3.unicentro.br\/ppgdc\/wp-content\/uploads\/sites\/121\/2024\/04\/Edital-20_2014-PPGDC-credenciamento-docentes-2014.pdf\">EDITAL 20-2014 PPGDC &#8211;\u00a0 Credenciamento de Docentes 2014<\/a><\/p>\n<p><a href=\"https:\/\/www3.unicentro.br\/ppgdc\/wp-content\/uploads\/sites\/121\/2024\/04\/EDITAL-26_2013-PPGDC-resultado-credenciamento-2013.pdf\">EDITAL 26-2013 PPGDC &#8211; Resultado do Credenciamento 2013<\/a><\/p>\n<p><a href=\"https:\/\/www3.unicentro.br\/ppgdc\/wp-content\/uploads\/sites\/121\/2024\/04\/EDITAL-18_2013-PPGDC-credenciamento-2013.pdf\">EDITAL 18-2013 PPGDC &#8211; Credenciamento 2013<\/a><\/p>\n","protected":false},"excerpt":{"rendered":"<p>EDITAL-74-2024-PPGDC_credenciamento_novos_docentesCREDENCIAMENTO \u00a0 \u00a0 \u00a0O ingresso no corpo Docente do Programa de P\u00f3s-Gradua\u00e7\u00e3o em Desenvolvimento Comunit\u00e1rio, como professor(a) do PPGDC para o exerc\u00edcio das atividades de ensino, pesquisa e orienta\u00e7\u00e3o, \u00e9 realizado via processo de credenciamento, conforme editais espec\u00edficos para este fim. Abaixo a instru\u00e7\u00e3o normativa que regulamenta o processo: Instru\u00e7\u00e3o Normativa 01-2023 &#8211; Credenciamento e [&hellip;]<\/p>\n","protected":false},"author":3,"featured_media":0,"parent":20,"menu_order":0,"comment_status":"closed","ping_status":"closed","template":"","meta":{"_exactmetrics_skip_tracking":false,"_exactmetrics_sitenote_active":false,"_exactmetrics_sitenote_note":"","_exactmetrics_sitenote_category":0,"footnotes":"","_links_to":"","_links_to_target":""},"class_list":["post-432","page","type-page","status-publish","hentry"],"_links":{"self":[{"href":"https:\/\/www3.unicentro.br\/ppgdc\/wp-json\/wp\/v2\/pages\/432","targetHints":{"allow":["GET"]}}],"collection":[{"href":"https:\/\/www3.unicentro.br\/ppgdc\/wp-json\/wp\/v2\/pages"}],"about":[{"href":"https:\/\/www3.unicentro.br\/ppgdc\/wp-json\/wp\/v2\/types\/page"}],"author":[{"embeddable":true,"href":"https:\/\/www3.unicentro.br\/ppgdc\/wp-json\/wp\/v2\/users\/3"}],"replies":[{"embeddable":true,"href":"https:\/\/www3.unicentro.br\/ppgdc\/wp-json\/wp\/v2\/comments?post=432"}],"version-history":[{"count":3,"href":"https:\/\/www3.unicentro.br\/ppgdc\/wp-json\/wp\/v2\/pages\/432\/revisions"}],"predecessor-version":[{"id":1992,"href":"https:\/\/www3.unicentro.br\/ppgdc\/wp-json\/wp\/v2\/pages\/432\/revisions\/1992"}],"up":[{"embeddable":true,"href":"https:\/\/www3.unicentro.br\/ppgdc\/wp-json\/wp\/v2\/pages\/20"}],"wp:attachment":[{"href":"https:\/\/www3.unicentro.br\/ppgdc\/wp-json\/wp\/v2\/media?parent=432"}],"curies":[{"name":"wp","href":"https:\/\/api.w.org\/{rel}","templated":true}]}}