{"id":430,"date":"2022-01-18T15:39:35","date_gmt":"2022-01-18T18:39:35","guid":{"rendered":"https:\/\/www3.unicentro.br\/ppgdc\/?page_id=430"},"modified":"2025-09-16T13:11:39","modified_gmt":"2025-09-16T16:11:39","slug":"pos-doutorado-2","status":"publish","type":"page","link":"https:\/\/www3.unicentro.br\/ppgdc\/o-programa\/pos-doutorado-2\/","title":{"rendered":"P\u00f3s-Doutorado\/Post Doc and Visiting Researchers"},"content":{"rendered":"<div class=\"wpb-content-wrapper\"><p>[vc_row][vc_column][vc_column_text css_animation=&#8221;none&#8221; css=&#8221;&#8221;]<strong>Programa Nacional de P\u00f3s-Doutorado (PNPD, bolsa CAPES)\/Brazilian Program for Post-Doctorate Research, CAPES Fellowship)<\/strong><br \/>\nReinaldo Knorek (Lattes)<br \/>\nPer\u00edodo: 2019 &#8211; 2023<br \/>\nSupervisor\/Tutor: Prof. Dr. Carlos Alberto Mar\u00e7al Gonzaga<\/p>\n<p><strong>Programa de P\u00f3s-Doutorado Estrat\u00e9gico (PDPG-CAPES)\/CAPES Strategic Post-Doc Program Fellowship (PDPG-CAPES)<\/strong><br \/>\nAnderson Teixeira Renzcherchen (Lattes)<br \/>\nPer\u00edodo: 2023 &#8211; 2025<br \/>\nSupervisor\/Tutor: Prof. Dr. Prof. Dr. Silvio Roberto St\u00e9fani<\/p>\n<p>Josiane Caldas (Lattes)<br \/>\nPer\u00edodo: 2023 &#8211; em andamento<br \/>\nSupervisor\/Tutor: Prof. Dr. Carlos Alberto Mar\u00e7al Gonzaga<\/p>\n<p><strong>PDPG-CAPES Voluntary Post-Doc Researchers<\/strong><br \/>\nMariulce da Silva Lima Leineker (Lattes)<br \/>\nPer\u00edodo: 03\/2024 a 03\/2025<br \/>\nSupervisor\/Tutor: Prof. Dr. Silvio Roberto St\u00e9fani<\/p>\n<p>Priscila Meier de Andrade Tribeck (Lattes)<br \/>\nPer\u00edodo: 04\/2023 a 12\/2023<\/p>\n<p>Ana Claudia da Silva Abreu (Lattes)<br \/>\nPer\u00edodo: 04\/2023 a 12\/2023<br \/>\nSupervisor\/Tutor: Dr.\u00aa Luciana Rosar Fornazari Klanovicz<\/p>\n<p>Bruno Pedroso (Lattes)<br \/>\nPer\u00edodo: 02\/2022 a 06\/2023<br \/>\nSupervisor\/Tutor: Dr.\u00aa Cristina Ide Fujinaga[\/vc_column_text][\/vc_column][\/vc_row]<\/p>\n<\/div>","protected":false},"excerpt":{"rendered":"<p>[vc_row][vc_column][vc_column_text css_animation=&#8221;none&#8221; css=&#8221;&#8221;]Programa Nacional de P\u00f3s-Doutorado (PNPD, bolsa CAPES)\/Brazilian Program for Post-Doctorate Research, CAPES Fellowship) Reinaldo Knorek (Lattes) Per\u00edodo: 2019 &#8211; 2023 Supervisor\/Tutor: Prof. Dr. Carlos Alberto Mar\u00e7al Gonzaga Programa de P\u00f3s-Doutorado Estrat\u00e9gico (PDPG-CAPES)\/CAPES Strategic Post-Doc Program Fellowship (PDPG-CAPES) Anderson Teixeira Renzcherchen (Lattes) Per\u00edodo: 2023 &#8211; 2025 Supervisor\/Tutor: Prof. Dr. Prof. Dr. Silvio Roberto St\u00e9fani [&hellip;]<\/p>\n","protected":false},"author":3,"featured_media":0,"parent":20,"menu_order":0,"comment_status":"closed","ping_status":"closed","template":"","meta":{"_exactmetrics_skip_tracking":false,"_exactmetrics_sitenote_active":false,"_exactmetrics_sitenote_note":"","_exactmetrics_sitenote_category":0,"footnotes":"","_links_to":"","_links_to_target":""},"class_list":["post-430","page","type-page","status-publish","hentry"],"_links":{"self":[{"href":"https:\/\/www3.unicentro.br\/ppgdc\/wp-json\/wp\/v2\/pages\/430","targetHints":{"allow":["GET"]}}],"collection":[{"href":"https:\/\/www3.unicentro.br\/ppgdc\/wp-json\/wp\/v2\/pages"}],"about":[{"href":"https:\/\/www3.unicentro.br\/ppgdc\/wp-json\/wp\/v2\/types\/page"}],"author":[{"embeddable":true,"href":"https:\/\/www3.unicentro.br\/ppgdc\/wp-json\/wp\/v2\/users\/3"}],"replies":[{"embeddable":true,"href":"https:\/\/www3.unicentro.br\/ppgdc\/wp-json\/wp\/v2\/comments?post=430"}],"version-history":[{"count":4,"href":"https:\/\/www3.unicentro.br\/ppgdc\/wp-json\/wp\/v2\/pages\/430\/revisions"}],"predecessor-version":[{"id":2988,"href":"https:\/\/www3.unicentro.br\/ppgdc\/wp-json\/wp\/v2\/pages\/430\/revisions\/2988"}],"up":[{"embeddable":true,"href":"https:\/\/www3.unicentro.br\/ppgdc\/wp-json\/wp\/v2\/pages\/20"}],"wp:attachment":[{"href":"https:\/\/www3.unicentro.br\/ppgdc\/wp-json\/wp\/v2\/media?parent=430"}],"curies":[{"name":"wp","href":"https:\/\/api.w.org\/{rel}","templated":true}]}}