{"id":43,"date":"2021-04-26T16:30:08","date_gmt":"2021-04-26T19:30:08","guid":{"rendered":"https:\/\/www3.unicentro.br\/ppgdc\/?page_id=43"},"modified":"2025-10-27T11:30:44","modified_gmt":"2025-10-27T14:30:44","slug":"colegiado-e-comissoes","status":"publish","type":"page","link":"https:\/\/www3.unicentro.br\/ppgdc\/o-programa\/colegiado-e-comissoes\/","title":{"rendered":"Colegiado e Comiss\u00f5es\/Committees"},"content":{"rendered":"<div class=\"wpb-content-wrapper\"><p>[vc_row][vc_column][vc_column_text css=&#8221;&#8221;]<strong>COLEGIADO DO PPGDC <\/strong><span style=\"font-size: 14px;color: #0000ff\">(<a style=\"color: #0000ff\" href=\"https:\/\/www3.unicentro.br\/ppgdc\/wp-content\/uploads\/sites\/121\/2025\/08\/Portaria-no-25-PROPESP-UNICENTRO-de-30-de-junho-de-2025.pdf\">Portaria n\u00ba 25-PROPESP-UNICENTRO, de 30 de junho de 2025<\/a>)<\/span><\/p>\n<p>Presidente: Prof. Carlos Alberto Mar\u00e7al Gonzaga;<br \/>\nVice-Presidente: Prof. Silvio Roberto Stefani;<\/p>\n<p><strong>Membros da Linha de Pesquisa \u201cCultura, pr\u00e1ticas sociais, forma\u00e7\u00e3o humana e desenvolvimento comunit\u00e1rio\u201d:<\/strong><br \/>\nProf. J\u00f3 Klanovicz;<br \/>\nProf. S\u00e9rgio Luis Dias Doliveira;<br \/>\nProf\u00aa Adriana Massa\u00ea Kataoka.<\/p>\n<p><strong>Membros da Linha de Pesquisa \u201cProcessos do desenvolvimento humano nos contextos comunit\u00e1rios\u201d:<\/strong><br \/>\nProf. Gustavo Zambenedetti;<br \/>\nProf\u00aa Maria Ang\u00e9lica Binotto;<br \/>\nProf. Andersom Ricardo Fr\u00e9z.<\/p>\n<p><strong>COMISS\u00c3O DE ORGANIZA\u00c7\u00c3O DE EVENTOS <\/strong><span style=\"font-size: 14px;color: #0000ff\">(<a style=\"color: #0000ff\" href=\"https:\/\/www3.unicentro.br\/ppgdc\/wp-content\/uploads\/sites\/121\/2025\/08\/Portaria-no-002-PPGDC-UNICENTRO-de-4-de-agosto-de-2025.pdf\">Portaria n\u00ba 002-PPGDC- UNICENTRO, de 4 de agosto de 2025)<\/a><\/span><\/p>\n<p><strong>Representantes docentes:<\/strong><br \/>\nProf. Dr. Silvio Roberto St\u00e9fani (supervisor);<br \/>\nProf\u00aa Dr\u00aa Adriana Massa\u00ea Kataoka;<br \/>\nProf. Dr. Cl\u00e1udio Shigueki Suzuki;<br \/>\nProf. Dr. Emerson Lu\u00eds Velozo.<\/p>\n<p style=\"text-align: justify\"><strong>Representantes discentes:<\/strong><br \/>\nAnna Flavia de Freitas Loiola;<br \/>\nBruna Eduarda Fiorentin;<br \/>\nCarine Suder Fernandes;<br \/>\nEverly Maltaca Pypcak;<br \/>\nKeila Faria;<br \/>\nLuane Kafcka Sanzovo;<br \/>\nMarcelo de Oliveira;<br \/>\nMarcio Dias de Souza;<br \/>\nMaycon Luiz Tchmolo;<br \/>\nNajila Cristina Camargo;<br \/>\nPatrycia Fonseca;<br \/>\nPedro Felipe Schinemann;<br \/>\nValeria Aparecida Monteiro de Oliveira.<\/p>\n<p><strong>COMISS\u00c3O DE BOLSAS <\/strong><span style=\"font-size: 14px;color: #0000ff\">(<a style=\"color: #0000ff\" href=\"https:\/\/www3.unicentro.br\/ppgdc\/wp-content\/uploads\/sites\/121\/2025\/10\/Portaria-no-007-PPGDC-UNICENTRO-de-08-de-agosto-de-2025.pdf\">Portaria n\u00ba 007-PPGDC &#8211; UNICENTRO, de 08 de agosto de 2025<\/a>)<\/span><\/p>\n<p>Prof\u00aa Dr\u00aa Maria Ang\u00e9lica Binotto (presidente);<br \/>\nProf. Dr. Dr. Andersom Ricardo Fr\u00e9z;<br \/>\nProf. Dr. Silvio Roberto St\u00e9fani;<br \/>\nProf\u00aa Dr\u00aa Luciana Rosar Fornazari Klanovicz.<\/p>\n<p><strong>COMISS\u00c3O DE CREDENCIAMENTO<\/strong><span style=\"font-size: 14px;color: #0000ff\"> (<a style=\"color: #0000ff\" href=\"https:\/\/www3.unicentro.br\/ppgdc\/wp-content\/uploads\/sites\/121\/2025\/08\/Portaria-no-005-PPGDC-UNICENTRO-de-4-de-agosto-de-2025.pdf\">Portaria n\u00ba 005-PPGDC-UNICENTRO, de 4 de agosto de 2025)<\/a><\/span><\/p>\n<p>Prof. Dr. Gustavo Zambenedetti (presidente);<br \/>\nProf\u00aa Dr\u00aa Cristina Ide Fujinaga;<br \/>\nProf. Dr. Emerson Carraro;<br \/>\nProf. Dr. S\u00e9rgio Luis Dias Doliveira;<br \/>\nProf. Dr. Silvio Roberto St\u00e9fani.<\/p>\n<p><strong>COMISS\u00c3O DE SELE\u00c7\u00c3O <\/strong><span style=\"color: #0000ff;font-size: 14px\">(<a style=\"color: #0000ff\" href=\"https:\/\/www3.unicentro.br\/ppgdc\/wp-content\/uploads\/sites\/121\/2025\/08\/Portaria-no-001-PPGDC-UNICENTRO-de-4-de-agosto-de-2025.pdf\">Portaria n\u00ba 001-PPGDC-UNICENTRO, de 4 de agosto de 2025)<\/a><\/span><\/p>\n<p>Prof. Dr. Carlos Alberto Marcal Gonzaga (presidente);<br \/>\nProf\u00aa Dr\u00aa Raquel Dorigan de Mattos;<br \/>\nProf. Dr. Silvio Roberto St\u00e9fani;<br \/>\nProf. Dr. Reinaldo Knorek (Prof. S\u00eanior do PPGDC).<\/p>\n<p><strong>COMISS\u00c3O DE AUTOAVALIA\u00c7\u00c3O <\/strong><span style=\"font-size: 14px;color: #0000ff\">(<a style=\"color: #0000ff\" href=\"https:\/\/www3.unicentro.br\/ppgdc\/wp-content\/uploads\/sites\/121\/2025\/10\/PORTARIA-no-003-PPGDC-UNICENTRO-Autoavaliacao.pdf\">PORTARIA n\u00ba 003-PPGDC &#8211; UNICENTRO &#8211; Autoavalia\u00e7\u00e3o<\/a><a style=\"color: #0000ff\" href=\"https:\/\/www3.unicentro.br\/ppgdc\/wp-content\/uploads\/sites\/121\/2025\/08\/Portaria-no-003-PPGDC-UNICENTRO-de-4-de-agosto-de-2025.pdf\">)<\/a><\/span><\/p>\n<p>Prof. Carlos Alberto Mar\u00e7al Gonzaga (presidente);<br \/>\nProf\u00aa Cristiana Magni;<br \/>\nProf. Luis Paulo Gomes Mascarenhas.<\/p>\n<p><strong>COMISS\u00c3O DE DIVULGA\u00c7\u00c3O <\/strong><span style=\"font-size: 14px;color: #0000ff\">(<a style=\"color: #0000ff\" href=\"https:\/\/www3.unicentro.br\/ppgdc\/wp-content\/uploads\/sites\/121\/2025\/08\/Portaria-no-006-PPGDC-UNICENTRO-de-4-de-agosto-de-2025.pdf\">Portaria n\u00ba 006-PPGDC-UNICENTRO, de 4 de agosto de 2025)<\/a><\/span><\/p>\n<p><strong>Representantes docentes:<\/strong><br \/>\nProf. Dr. Silvio Roberto St\u00e9fani (supervisor);<br \/>\nProf. Dr. Carlos Alberto Marcal Gonzaga;<br \/>\nProf. Dr. Claudio Luiz Chiusoli;<br \/>\nProf\u00aa Dr\u00aa Cristina Ide Fujinaga.<\/p>\n<p><strong>Representantes discentes:<\/strong><br \/>\nAngelo Altair de Oliveira;<\/p>\n<p>Amanda Carolina Gomes;<br \/>\nCaroline Neves Pimentel;<br \/>\nCelia Kozak;<br \/>\nFernando Jose Krause Rodrigues;<br \/>\nGilaine de F\u00e1tima de Oliveira;<br \/>\nIris Parada Soares de Souza;<br \/>\nJosiane Rodrigues dos Santos;<br \/>\nJuliane Nunes Jose;<br \/>\nKatielli Carina Almeida Marcon;<br \/>\nLeandro Jose Michelon;<br \/>\nLucy Victoria Chimilowski;<br \/>\nSamanta Raue Massuga;<br \/>\nThais Carvalho Santos;<br \/>\nVanderleia Rosa Siqueira.<\/p>\n<p><strong>COMISS\u00c3O DE AN\u00c1LISE DE TESES <\/strong><span style=\"color: #0000ff;font-size: 14px\">(<a style=\"color: #0000ff\" href=\"https:\/\/www3.unicentro.br\/ppgdc\/wp-content\/uploads\/sites\/121\/2025\/08\/Portaria-no-004-PPGDC-UNICENTRO-de-4-de-agosto-de-2025.pdf\">Portaria n\u00ba 004-PPGDC-UNICENTRO, de 4 de agosto de 2025<\/a>)\u00a0<\/span><\/p>\n<p>Prof\u00aa Katia Alexsandra dos Santos;<br \/>\nProf\u00aa Raquel Dorigan de Matos;<br \/>\nProf. Reinaldo Knorek.<\/p>\n<p><strong>COMISS\u00c3O FINANCEIRA <\/strong><span style=\"font-size: 14px;color: #0000ff\">(<a style=\"color: #0000ff\" href=\"https:\/\/www3.unicentro.br\/ppgdc\/wp-content\/uploads\/sites\/121\/2025\/08\/Portaria-no-008-PPGDC-UNICENTRO-de-4-de-agosto-de-2025-1.pdf\">Portaria n\u00ba 008-PPGDC-UNICENTRO, de 4 de agosto de 2025)<\/a><\/span><\/p>\n<p>Prof. Dr. Carlos Alberto Marcal Gonzaga (presidente);<br \/>\nProf\u00aa Dr\u00aa Cristiana Magni;<br \/>\nProf. Dr. S\u00e9rgio Luis Dias Doliveira;<br \/>\nProf. Dr. Claudio Luiz chiusoli.<\/p>\n<p><strong>COMISS\u00c3O DA REVISTA AMBI\u00caNCIA <\/strong><span style=\"font-size: 14px;color: #0000ff\">(<a style=\"color: #0000ff\" href=\"https:\/\/www3.unicentro.br\/ppgdc\/wp-content\/uploads\/sites\/121\/2025\/08\/Portaria-no-009-PPGDC-UNICENTRO-de-4-de-agosto-de-2025.pdf\">Portaria n\u00ba 009-PPGDC-UNICENTRO, de 4 de agosto de 2025)<\/a><\/span><\/p>\n<p><strong>Representantes docentes:<\/strong><br \/>\nProf. Dr. J\u00f3 Klanovicz (supervisor);<br \/>\nProf\u00aa Dr\u00aa Cristiana Magni;<br \/>\nProf. Dr. S\u00e9rgio Luis Dias Doliveira;<br \/>\nProf. Dr. Claudio Luiz chiusoli.<\/p>\n<p><strong>Representantes discentes:<\/strong><br \/>\nAmanda Carolina Gomes;<br \/>\nCamila da Luz Eltchechem;<br \/>\nC\u00e9lia Kozak;<br \/>\nFernanda Viero Dias Putin;<br \/>\nIone Rodrigues Correia Woynaroski;<br \/>\nJaqueline Machado Soares;<br \/>\nJosiane Caldas (P\u00f3s-doutoranda do PPGDC);<br \/>\nJosiane Rodrigues dos Santos.[\/vc_column_text][\/vc_column][vc_column][\/vc_column][vc_column][\/vc_column][vc_column][\/vc_column][\/vc_row]<\/p>\n<\/div>","protected":false},"excerpt":{"rendered":"<p>[vc_row][vc_column][vc_column_text css=&#8221;&#8221;]COLEGIADO DO PPGDC (Portaria n\u00ba 25-PROPESP-UNICENTRO, de 30 de junho de 2025) Presidente: Prof. Carlos Alberto Mar\u00e7al Gonzaga; Vice-Presidente: Prof. Silvio Roberto Stefani; Membros da Linha de Pesquisa \u201cCultura, pr\u00e1ticas sociais, forma\u00e7\u00e3o humana e desenvolvimento comunit\u00e1rio\u201d: Prof. J\u00f3 Klanovicz; Prof. S\u00e9rgio Luis Dias Doliveira; Prof\u00aa Adriana Massa\u00ea Kataoka. Membros da Linha de Pesquisa \u201cProcessos [&hellip;]<\/p>\n","protected":false},"author":3,"featured_media":0,"parent":20,"menu_order":0,"comment_status":"closed","ping_status":"closed","template":"","meta":{"_exactmetrics_skip_tracking":false,"_exactmetrics_sitenote_active":false,"_exactmetrics_sitenote_note":"","_exactmetrics_sitenote_category":0,"footnotes":"","_links_to":"","_links_to_target":""},"class_list":["post-43","page","type-page","status-publish","hentry"],"_links":{"self":[{"href":"https:\/\/www3.unicentro.br\/ppgdc\/wp-json\/wp\/v2\/pages\/43","targetHints":{"allow":["GET"]}}],"collection":[{"href":"https:\/\/www3.unicentro.br\/ppgdc\/wp-json\/wp\/v2\/pages"}],"about":[{"href":"https:\/\/www3.unicentro.br\/ppgdc\/wp-json\/wp\/v2\/types\/page"}],"author":[{"embeddable":true,"href":"https:\/\/www3.unicentro.br\/ppgdc\/wp-json\/wp\/v2\/users\/3"}],"replies":[{"embeddable":true,"href":"https:\/\/www3.unicentro.br\/ppgdc\/wp-json\/wp\/v2\/comments?post=43"}],"version-history":[{"count":4,"href":"https:\/\/www3.unicentro.br\/ppgdc\/wp-json\/wp\/v2\/pages\/43\/revisions"}],"predecessor-version":[{"id":3134,"href":"https:\/\/www3.unicentro.br\/ppgdc\/wp-json\/wp\/v2\/pages\/43\/revisions\/3134"}],"up":[{"embeddable":true,"href":"https:\/\/www3.unicentro.br\/ppgdc\/wp-json\/wp\/v2\/pages\/20"}],"wp:attachment":[{"href":"https:\/\/www3.unicentro.br\/ppgdc\/wp-json\/wp\/v2\/media?parent=43"}],"curies":[{"name":"wp","href":"https:\/\/api.w.org\/{rel}","templated":true}]}}