{"id":426,"date":"2022-01-18T15:38:56","date_gmt":"2022-01-18T18:38:56","guid":{"rendered":"https:\/\/www3.unicentro.br\/ppgdc\/?page_id=426"},"modified":"2026-02-05T15:34:12","modified_gmt":"2026-02-05T18:34:12","slug":"prazos-para-qualificacao-e-defesa","status":"publish","type":"page","link":"https:\/\/www3.unicentro.br\/ppgdc\/o-programa\/prazos-para-qualificacao-e-defesa\/","title":{"rendered":"Prazos para qualifica\u00e7\u00e3o e defesa\/Graduate Studies Deadlines"},"content":{"rendered":"<div class=\"wpb-content-wrapper\"><p>[vc_row][vc_column][vc_column_text css=&#8221;&#8221;]<strong>Turma 2022 &#8211; DOUTORADO<\/strong><br \/>\nIn\u00edcio da contagem de tempo de curso: mar\u00e7o de 2022<br \/>\nPrazo para qualifica\u00e7\u00e3o: mar\u00e7o de 2025<br \/>\nPrazo m\u00e1ximo para defesa da tese: fevereiro de 2026<\/p>\n<p><strong>Turma 2023 &#8211; DOUTORADO<\/strong><br \/>\nIn\u00edcio da contagem de tempo de curso: mar\u00e7o de 2023<br \/>\nPrazo para qualifica\u00e7\u00e3o: mar\u00e7o de 2026<br \/>\nPrazo m\u00e1ximo para defesa da tese: fevereiro de 2027<\/p>\n<p><strong>Turma 2024 &#8211; MESTRADO<\/strong><br \/>\nIn\u00edcio da contagem de tempo de curso: mar\u00e7o de 2024<br \/>\nPrazo para qualifica\u00e7\u00e3o: setembro de 2025<br \/>\nPrazo para defesa de disserta\u00e7\u00e3o: fevereiro de 2026<\/p>\n<p><strong>Turma 2024 &#8211; DOUTORADO<\/strong><br \/>\nIn\u00edcio da contagem de tempo de curso: mar\u00e7o de 2024<br \/>\nPrazo para qualifica\u00e7\u00e3o: mar\u00e7o de 2027<br \/>\nPrazo m\u00e1ximo para defesa da tese: fevereiro de 2028<\/p>\n<p><strong>Turma 2025 &#8211; MESTRADO<\/strong><br \/>\nIn\u00edcio da contagem de tempo de curso: maio de 2025<br \/>\nPrazo para qualifica\u00e7\u00e3o: novembro de 2026<br \/>\nPrazo para defesa de disserta\u00e7\u00e3o: abril de 2027<\/p>\n<p><strong>Turma 2025 &#8211; DOUTORADO<\/strong><br \/>\nIn\u00edcio da contagem de tempo de curso: maio de 2025<br \/>\nPrazo para qualifica\u00e7\u00e3o: maio de 2028<br \/>\nPrazo m\u00e1ximo para defesa da tese: abril de 2029[\/vc_column_text][\/vc_column][\/vc_row]<\/p>\n<\/div>","protected":false},"excerpt":{"rendered":"<p>[vc_row][vc_column][vc_column_text css=&#8221;&#8221;]Turma 2022 &#8211; DOUTORADO In\u00edcio da contagem de tempo de curso: mar\u00e7o de 2022 Prazo para qualifica\u00e7\u00e3o: mar\u00e7o de 2025 Prazo m\u00e1ximo para defesa da tese: fevereiro de 2026 Turma 2023 &#8211; DOUTORADO In\u00edcio da contagem de tempo de curso: mar\u00e7o de 2023 Prazo para qualifica\u00e7\u00e3o: mar\u00e7o de 2026 Prazo m\u00e1ximo para defesa da [&hellip;]<\/p>\n","protected":false},"author":3,"featured_media":0,"parent":20,"menu_order":0,"comment_status":"closed","ping_status":"closed","template":"","meta":{"_exactmetrics_skip_tracking":false,"_exactmetrics_sitenote_active":false,"_exactmetrics_sitenote_note":"","_exactmetrics_sitenote_category":0,"footnotes":"","_links_to":"","_links_to_target":""},"class_list":["post-426","page","type-page","status-publish","hentry"],"_links":{"self":[{"href":"https:\/\/www3.unicentro.br\/ppgdc\/wp-json\/wp\/v2\/pages\/426","targetHints":{"allow":["GET"]}}],"collection":[{"href":"https:\/\/www3.unicentro.br\/ppgdc\/wp-json\/wp\/v2\/pages"}],"about":[{"href":"https:\/\/www3.unicentro.br\/ppgdc\/wp-json\/wp\/v2\/types\/page"}],"author":[{"embeddable":true,"href":"https:\/\/www3.unicentro.br\/ppgdc\/wp-json\/wp\/v2\/users\/3"}],"replies":[{"embeddable":true,"href":"https:\/\/www3.unicentro.br\/ppgdc\/wp-json\/wp\/v2\/comments?post=426"}],"version-history":[{"count":3,"href":"https:\/\/www3.unicentro.br\/ppgdc\/wp-json\/wp\/v2\/pages\/426\/revisions"}],"predecessor-version":[{"id":3516,"href":"https:\/\/www3.unicentro.br\/ppgdc\/wp-json\/wp\/v2\/pages\/426\/revisions\/3516"}],"up":[{"embeddable":true,"href":"https:\/\/www3.unicentro.br\/ppgdc\/wp-json\/wp\/v2\/pages\/20"}],"wp:attachment":[{"href":"https:\/\/www3.unicentro.br\/ppgdc\/wp-json\/wp\/v2\/media?parent=426"}],"curies":[{"name":"wp","href":"https:\/\/api.w.org\/{rel}","templated":true}]}}