{"id":3214,"date":"2025-11-10T09:14:26","date_gmt":"2025-11-10T12:14:26","guid":{"rendered":"https:\/\/www3.unicentro.br\/ppgdc\/?page_id=3214"},"modified":"2026-04-09T15:19:16","modified_gmt":"2026-04-09T18:19:16","slug":"atas","status":"publish","type":"page","link":"https:\/\/www3.unicentro.br\/ppgdc\/atas\/","title":{"rendered":"Atas do Colegiado do PPGDC"},"content":{"rendered":"<div class=\"wpb-content-wrapper\"><p>[vc_row][vc_column][vc_tta_accordion][vc_tta_section title=&#8221;2025&#8243; tab_id=&#8221;1762884743723-d754796d-ed5f&#8221;][vc_column_text css=&#8221;&#8221;]<a href=\"https:\/\/www3.unicentro.br\/ppgdc\/wp-content\/uploads\/sites\/121\/2025\/11\/Ata-01-2025-Gestao-2023-2025-PPGDC_Reuniao-Ordinaria.pdf\">Ata 01-2025 &#8211; Gest\u00e3o 2023-2025-PPGDC_Reuni\u00e3o Ordin\u00e1ria<\/a><\/p>\n<p><a href=\"https:\/\/www3.unicentro.br\/ppgdc\/wp-content\/uploads\/sites\/121\/2025\/11\/Ata-02-2025-Gestao-2023-2025-PPGDC_Reuniao-Extraordinaria.pdf\">Ata 02-2025 &#8211; Gest\u00e3o 2023-2025-PPGDC_Reuni\u00e3o Extraordin\u00e1ria<\/a><\/p>\n<p><a href=\"https:\/\/www3.unicentro.br\/ppgdc\/wp-content\/uploads\/sites\/121\/2025\/11\/Ata-03-2025-Gestao-2023-2025-PPGDC_Reuniao-Ordinaria.pdf\">Ata 03-2025 &#8211; Gest\u00e3o 2023-2025-PPGDC_Reuni\u00e3o Ordin\u00e1ria<\/a><\/p>\n<p><a href=\"https:\/\/www3.unicentro.br\/ppgdc\/wp-content\/uploads\/sites\/121\/2025\/11\/Ata-04-2025-Gestao-2023-2025-PPGDC_Reuniao-Ordinaria.pdf\">Ata 04-2025 &#8211; Gest\u00e3o 2023-2025-PPGDC_Reuni\u00e3o Ordin\u00e1ria<\/a><\/p>\n<p><a href=\"https:\/\/www3.unicentro.br\/ppgdc\/wp-content\/uploads\/sites\/121\/2025\/11\/Ata-05-2025-Gestao-2023-2025-PPGDC_Reuniao-Ordinaria.pdf\">Ata 05-2025 &#8211; Gest\u00e3o 2023-2025-PPGDC_Reuni\u00e3o Ordin\u00e1ria<\/a><\/p>\n<p><a href=\"https:\/\/www3.unicentro.br\/ppgdc\/wp-content\/uploads\/sites\/121\/2025\/11\/Ata-06-2025-Gestao-2023-2025-PPGDC_Reuniao-Ordinaria.pdf\">Ata 06-2025 &#8211; Gest\u00e3o 2023-2025-PPGDC_Reuni\u00e3o Ordin\u00e1ria<\/a><\/p>\n<p><a href=\"https:\/\/www3.unicentro.br\/ppgdc\/wp-content\/uploads\/sites\/121\/2025\/11\/Ata-07-2025-Gestao-2023-2025-PPGDC_Reuniao-Extraordinaria.pdf\">Ata 07-2025 &#8211; Gest\u00e3o 2023-2025-PPGDC_Reuni\u00e3o Extraordin\u00e1ria<\/a><\/p>\n<p><a href=\"https:\/\/www3.unicentro.br\/ppgdc\/wp-content\/uploads\/sites\/121\/2025\/11\/Ata-08-2025-Gestao-2025-2027-PPGDC_Reuniao-Ordinaria-1.pdf\">Ata 08-2025 &#8211; Gest\u00e3o 2025-2027-PPGDC_Reuni\u00e3o Ordin\u00e1ria<\/a><\/p>\n<p><a href=\"https:\/\/www3.unicentro.br\/ppgdc\/wp-content\/uploads\/sites\/121\/2025\/11\/Ata-09-2025-Gestao-2025-2027-PPGDC_Reuniao-Ordinaria-2.pdf\">Ata 09-2025 &#8211; Gest\u00e3o 2025-2027-PPGDC_Reuni\u00e3o Ordin\u00e1ria<\/a><\/p>\n<p><a href=\"https:\/\/www3.unicentro.br\/ppgdc\/wp-content\/uploads\/sites\/121\/2025\/11\/Ata-10-2025-Gestao-2025-2027-PPGDC_Reuniao-Ordinaria-2.pdf\">Ata 10-2025 &#8211; Gest\u00e3o 2025-2027-PPGDC_Reuni\u00e3o Ordin\u00e1ria<\/a><\/p>\n<p><a href=\"https:\/\/www3.unicentro.br\/ppgdc\/wp-content\/uploads\/sites\/121\/2026\/04\/Ata-11-2025-Gestao-23-25-PPGDC_Reuniao-Ordinaria.pdf\">Ata 11-2025 &#8211; Gest\u00e3o 23-25-PPGDC_Reuni\u00e3o Ordin\u00e1ria<\/a><\/p>\n<p><a href=\"https:\/\/www3.unicentro.br\/ppgdc\/wp-content\/uploads\/sites\/121\/2026\/04\/Ata-12-2025-Gestao-25-27-PPGDC-_Reuniao-Ordinaria.pdf\">Ata 12-2025 &#8211; Gest\u00e3o 25-27-PPGDC _Reuni\u00e3o Ordin\u00e1ria<\/a><\/p>\n<p><a href=\"https:\/\/www3.unicentro.br\/ppgdc\/wp-content\/uploads\/sites\/121\/2026\/04\/Ata-13-2025-Gestao-25-27-PPGDC_Reuniao-Ordinaria.pdf\">Ata 13-2025 &#8211; Gest\u00e3o 25-27-PPGDC_Reuni\u00e3o Ordin\u00e1ria<\/a>[\/vc_column_text][\/vc_tta_section][vc_tta_section title=&#8221;2024&#8243; tab_id=&#8221;1763039724013-91985b67-318b&#8221;][vc_column_text css=&#8221;&#8221;]<a href=\"https:\/\/www3.unicentro.br\/ppgdc\/wp-content\/uploads\/sites\/121\/2025\/11\/Ata-01-2024-Gestao-2023-2025-PPGDC_Reuniao-Ordinaria-1.pdf\">Ata 01-2024 &#8211; Gest\u00e3o 2023-2025-PPGDC_Reuni\u00e3o Ordin\u00e1ria<\/a><\/p>\n<p><a href=\"https:\/\/www3.unicentro.br\/ppgdc\/wp-content\/uploads\/sites\/121\/2025\/11\/Ata-02-2024-Gestao-2023-2025-PPGDC_Reuniao-Ordinaria-1.pdf\">Ata 02-2024 &#8211; Gest\u00e3o 2023-2025-PPGDC_Reuni\u00e3o Ordin\u00e1ria<\/a><\/p>\n<p><a href=\"https:\/\/www3.unicentro.br\/ppgdc\/wp-content\/uploads\/sites\/121\/2025\/11\/Ata-03-2024-Gestao-2023-2025-PPGDC_Reuniao-Ordinaria.pdf\">Ata 03-2024 &#8211; Gest\u00e3o 2023-2025-PPGDC_Reuni\u00e3o Ordin\u00e1ria<\/a><\/p>\n<p><a href=\"https:\/\/www3.unicentro.br\/ppgdc\/wp-content\/uploads\/sites\/121\/2025\/11\/Ata-04-2024-Gestao-2023-2025-PPGDC_Reuniao-Ordinaria.pdf\">Ata 04-2024 &#8211; Gest\u00e3o 2023-2025-PPGDC_Reuni\u00e3o Ordin\u00e1ria<\/a><\/p>\n<p><a href=\"https:\/\/www3.unicentro.br\/ppgdc\/wp-content\/uploads\/sites\/121\/2025\/11\/Ata-05-2024-Gestao-2023-2025-PPGDC_Reuniao-Ordinaria.pdf\">Ata 05-2024 &#8211; Gest\u00e3o 2023-2025-PPGDC_Reuni\u00e3o Ordin\u00e1ria<\/a><\/p>\n<p><a href=\"https:\/\/www3.unicentro.br\/ppgdc\/wp-content\/uploads\/sites\/121\/2025\/11\/Ata-06-2024-Gestao-2023-2025-PPGDC_Reuniao-Ordinaria-1.pdf\">Ata 06-2024 &#8211; Gest\u00e3o 2023-2025-PPGDC_Reuni\u00e3o Ordin\u00e1ria<\/a><\/p>\n<p><a href=\"https:\/\/www3.unicentro.br\/ppgdc\/wp-content\/uploads\/sites\/121\/2025\/11\/Ata-07-2024-Gestao-2023-2025-PPGDC_Reuniao-Ordinaria-1.pdf\">Ata 07-2024 &#8211; Gest\u00e3o 2023-2025-PPGDC_Reuni\u00e3o Ordin\u00e1ria<\/a><\/p>\n<p><a href=\"https:\/\/www3.unicentro.br\/ppgdc\/wp-content\/uploads\/sites\/121\/2025\/11\/Ata-08-2024-Gestao-2023-2025-PPGDC_Reuniao-Ordinaria-1.pdf\">Ata 08-2024 &#8211; Gest\u00e3o 2023-2025-PPGDC_Reuni\u00e3o Ordin\u00e1ria<\/a><\/p>\n<p><a href=\"https:\/\/www3.unicentro.br\/ppgdc\/wp-content\/uploads\/sites\/121\/2025\/11\/Ata-09-2024-Gestao-2023-2025-PPGDC_Reuniao-Ordinaria-1.pdf\">Ata 09-2024 &#8211; Gest\u00e3o 2023-2025-PPGDC_Reuni\u00e3o Ordin\u00e1ria<\/a><\/p>\n<p><a href=\"https:\/\/www3.unicentro.br\/ppgdc\/wp-content\/uploads\/sites\/121\/2025\/11\/Ata-10-2024-Gestao-2023-2025-PPGDC_Reuniao-Ordinaria-1.pdf\">Ata 10-2024 &#8211; Gest\u00e3o 2023-2025-PPGDC_Reuni\u00e3o Ordin\u00e1ria<\/a><\/p>\n<p><a href=\"https:\/\/www3.unicentro.br\/ppgdc\/wp-content\/uploads\/sites\/121\/2025\/11\/Ata-11-2024-Gestao-2023-2025-PPGDC_Reuniao-Ordinaria-1.pdf\">Ata 11-2024 &#8211; Gest\u00e3o 2023-2025-PPGDC_Reuni\u00e3o Ordin\u00e1ria<\/a>[\/vc_column_text][\/vc_tta_section][\/vc_tta_accordion][\/vc_column][\/vc_row]<\/p>\n<\/div>","protected":false},"excerpt":{"rendered":"<p>[vc_row][vc_column][vc_tta_accordion][vc_tta_section title=&#8221;2025&#8243; tab_id=&#8221;1762884743723-d754796d-ed5f&#8221;][vc_column_text css=&#8221;&#8221;]Ata 01-2025 &#8211; Gest\u00e3o 2023-2025-PPGDC_Reuni\u00e3o Ordin\u00e1ria Ata 02-2025 &#8211; Gest\u00e3o 2023-2025-PPGDC_Reuni\u00e3o Extraordin\u00e1ria Ata 03-2025 &#8211; Gest\u00e3o 2023-2025-PPGDC_Reuni\u00e3o Ordin\u00e1ria Ata 04-2025 &#8211; Gest\u00e3o 2023-2025-PPGDC_Reuni\u00e3o Ordin\u00e1ria Ata 05-2025 &#8211; Gest\u00e3o 2023-2025-PPGDC_Reuni\u00e3o Ordin\u00e1ria Ata 06-2025 &#8211; Gest\u00e3o 2023-2025-PPGDC_Reuni\u00e3o Ordin\u00e1ria Ata 07-2025 &#8211; Gest\u00e3o 2023-2025-PPGDC_Reuni\u00e3o Extraordin\u00e1ria Ata 08-2025 &#8211; Gest\u00e3o 2025-2027-PPGDC_Reuni\u00e3o Ordin\u00e1ria Ata 09-2025 &#8211; Gest\u00e3o [&hellip;]<\/p>\n","protected":false},"author":6,"featured_media":0,"parent":0,"menu_order":0,"comment_status":"closed","ping_status":"closed","template":"","meta":{"_exactmetrics_skip_tracking":false,"_exactmetrics_sitenote_active":false,"_exactmetrics_sitenote_note":"","_exactmetrics_sitenote_category":0,"footnotes":"","_links_to":"","_links_to_target":""},"class_list":["post-3214","page","type-page","status-publish","hentry"],"_links":{"self":[{"href":"https:\/\/www3.unicentro.br\/ppgdc\/wp-json\/wp\/v2\/pages\/3214","targetHints":{"allow":["GET"]}}],"collection":[{"href":"https:\/\/www3.unicentro.br\/ppgdc\/wp-json\/wp\/v2\/pages"}],"about":[{"href":"https:\/\/www3.unicentro.br\/ppgdc\/wp-json\/wp\/v2\/types\/page"}],"author":[{"embeddable":true,"href":"https:\/\/www3.unicentro.br\/ppgdc\/wp-json\/wp\/v2\/users\/6"}],"replies":[{"embeddable":true,"href":"https:\/\/www3.unicentro.br\/ppgdc\/wp-json\/wp\/v2\/comments?post=3214"}],"version-history":[{"count":4,"href":"https:\/\/www3.unicentro.br\/ppgdc\/wp-json\/wp\/v2\/pages\/3214\/revisions"}],"predecessor-version":[{"id":3878,"href":"https:\/\/www3.unicentro.br\/ppgdc\/wp-json\/wp\/v2\/pages\/3214\/revisions\/3878"}],"wp:attachment":[{"href":"https:\/\/www3.unicentro.br\/ppgdc\/wp-json\/wp\/v2\/media?parent=3214"}],"curies":[{"name":"wp","href":"https:\/\/api.w.org\/{rel}","templated":true}]}}