{"id":29,"date":"2021-04-16T16:25:08","date_gmt":"2021-04-16T19:25:08","guid":{"rendered":"https:\/\/www3.unicentro.br\/ppgdc\/?page_id=29"},"modified":"2023-10-09T23:05:23","modified_gmt":"2023-10-10T02:05:23","slug":"linhas-de-pesquisa","status":"publish","type":"page","link":"https:\/\/www3.unicentro.br\/ppgdc\/o-programa\/linhas-de-pesquisa\/","title":{"rendered":"Linhas de Pesquisa\/Research Lines"},"content":{"rendered":"<p><strong><em>Linha de pesquisa 1:<\/em> Cultura, pr\u00e1ticas sociais, forma\u00e7\u00e3o humana e desenvolvimento comunit\u00e1rio<\/strong><\/p>\n<p><strong>Descri\u00e7\u00e3o:<\/strong> Saberes e pr\u00e1ticas sociais, culturais, educacionais, ambientais e suas rela\u00e7\u00f5es com a forma\u00e7\u00e3o humana, englobando subjetividades no contexto comunit\u00e1rio.<\/p>\n<hr \/>\n<p><strong><em>Linha de pesquisa 2:<\/em> Processos do desenvolvimento humano nos contextos comunit\u00e1rios<\/strong><\/p>\n<p><strong>Descri\u00e7\u00e3o:<\/strong> Saberes e pr\u00e1ticas dos processos do desenvolvimento humano e as dimens\u00f5es institucionais, organizacionais, de sa\u00fade, de trabalho e de pol\u00edticas p\u00fablicas em suas rela\u00e7\u00f5es com a comunidade.<\/p>\n","protected":false},"excerpt":{"rendered":"<p>Linha de pesquisa 1: Cultura, pr\u00e1ticas sociais, forma\u00e7\u00e3o humana e desenvolvimento comunit\u00e1rio Descri\u00e7\u00e3o: Saberes e pr\u00e1ticas sociais, culturais, educacionais, ambientais e suas rela\u00e7\u00f5es com a forma\u00e7\u00e3o humana, englobando subjetividades no contexto comunit\u00e1rio. Linha de pesquisa 2: Processos do desenvolvimento humano nos contextos comunit\u00e1rios Descri\u00e7\u00e3o: Saberes e pr\u00e1ticas dos processos do desenvolvimento humano e as dimens\u00f5es [&hellip;]<\/p>\n","protected":false},"author":3,"featured_media":0,"parent":20,"menu_order":0,"comment_status":"closed","ping_status":"closed","template":"","meta":{"_exactmetrics_skip_tracking":false,"_exactmetrics_sitenote_active":false,"_exactmetrics_sitenote_note":"","_exactmetrics_sitenote_category":0,"footnotes":"","_links_to":"","_links_to_target":""},"class_list":["post-29","page","type-page","status-publish","hentry"],"_links":{"self":[{"href":"https:\/\/www3.unicentro.br\/ppgdc\/wp-json\/wp\/v2\/pages\/29","targetHints":{"allow":["GET"]}}],"collection":[{"href":"https:\/\/www3.unicentro.br\/ppgdc\/wp-json\/wp\/v2\/pages"}],"about":[{"href":"https:\/\/www3.unicentro.br\/ppgdc\/wp-json\/wp\/v2\/types\/page"}],"author":[{"embeddable":true,"href":"https:\/\/www3.unicentro.br\/ppgdc\/wp-json\/wp\/v2\/users\/3"}],"replies":[{"embeddable":true,"href":"https:\/\/www3.unicentro.br\/ppgdc\/wp-json\/wp\/v2\/comments?post=29"}],"version-history":[{"count":1,"href":"https:\/\/www3.unicentro.br\/ppgdc\/wp-json\/wp\/v2\/pages\/29\/revisions"}],"predecessor-version":[{"id":1012,"href":"https:\/\/www3.unicentro.br\/ppgdc\/wp-json\/wp\/v2\/pages\/29\/revisions\/1012"}],"up":[{"embeddable":true,"href":"https:\/\/www3.unicentro.br\/ppgdc\/wp-json\/wp\/v2\/pages\/20"}],"wp:attachment":[{"href":"https:\/\/www3.unicentro.br\/ppgdc\/wp-json\/wp\/v2\/media?parent=29"}],"curies":[{"name":"wp","href":"https:\/\/api.w.org\/{rel}","templated":true}]}}