{"id":64,"date":"2017-05-09T09:35:45","date_gmt":"2017-05-09T12:35:45","guid":{"rendered":"https:\/\/www3.unicentro.br\/ppgcf\/?page_id=64"},"modified":"2024-06-14T13:11:18","modified_gmt":"2024-06-14T16:11:18","slug":"grupos-de-pesquisa","status":"publish","type":"page","link":"https:\/\/www3.unicentro.br\/ppgcf\/grupos-de-pesquisa\/","title":{"rendered":"Grupos de Pesquisa"},"content":{"rendered":"<ul>\n<li><strong>Anclinfar &#8211; Pesquisa em An\u00e1lises Cl\u00ednicas e Bioci\u00eancias Aplicadas \u00e0 Farm\u00e1cia:<\/strong> (<a href=\"http:\/\/dgp.cnpq.br\/dgp\/espelhogrupo\/7071000470351951\" target=\"_blank\" rel=\"noopener noreferrer\">http:\/\/dgp.cnpq.br\/dgp\/espelhogrupo\/7071000470351951<\/a>): Jos\u00e9 Carlos Rebuglio Vellosa<\/li>\n<li><strong>Aplicabilidade de produtos naturais no campo biotecnol\u00f3gico e nas ci\u00eancias biom\u00e9dicas: <\/strong>(<a href=\"http:\/\/dgp.cnpq.br\/dgp\/espelhogrupo\/2969300706036296\" target=\"_blank\" rel=\"noopener noreferrer\">http:\/\/dgp.cnpq.br\/dgp\/espelhogrupo\/2969300706036296<\/a>): Carlos Ricardo Maneck Malfatti<\/li>\n<li><strong>Applied Nanostructured Systems Laboratory<\/strong> (<a href=\"https:\/\/dgp.cnpq.br\/dgp\/espelhogrupo\/772757\">https:\/\/dgp.cnpq.br\/dgp\/espelhogrupo\/772757<\/a>) : Najeh Maissar Khalil<\/li>\n<li><strong>Avalia\u00e7\u00e3o de F\u00e1rmacos, Medicamentos e Servi\u00e7os Farmac\u00eauticos:<\/strong> (<a href=\"http:\/\/dgp.cnpq.br\/dgp\/espelhogrupo\/1875414593742064\" target=\"_blank\" rel=\"noopener noreferrer\">http:\/\/dgp.cnpq.br\/dgp\/espelhogrupo\/1875414593742064<\/a>): Paulo Vitor Farago<\/li>\n<li><strong>Desenvolvimento Tecnol\u00f3gico e Controle da Qualidade de F\u00e1rmacos e Medicamentos:<\/strong> (<a href=\"http:\/\/dgp.cnpq.br\/dgp\/espelhogrupo\/4205346801159860\" target=\"_blank\" rel=\"noopener noreferrer\">http:\/\/dgp.cnpq.br\/dgp\/espelhogrupo\/4205346801159860<\/a>): Paulo Renato de Oiveira<\/li>\n<li><strong>Farmacia Chimica :<\/strong> (<a href=\"http:\/\/dgp.cnpq.br\/dgp\/espelhogrupo\/2365652919421711\" target=\"_blank\" rel=\"noopener noreferrer\">http:\/\/dgp.cnpq.br\/dgp\/espelhogrupo\/2365652919421711<\/a>): Fl\u00e1vio Lu\u00eds Beltrame<\/li>\n<li><strong>Farmacologia Molecular:<\/strong> (<a href=\"http:\/\/dgp.cnpq.br\/dgp\/espelhogrupo\/0127874570633137\" target=\"_blank\" rel=\"noopener noreferrer\">http:\/\/dgp.cnpq.br\/dgp\/espelhogrupo\/0127874570633137<\/a>) : Daniel Fernandes<\/li>\n<li><strong>Fisiopatogenia e controle de processos infecciosos : <\/strong>(<a href=\"http:\/\/dgp.cnpq.br\/dgp\/espelhogrupo\/9187062219542369\" target=\"_blank\" rel=\"noopener noreferrer\">http:\/\/dgp.cnpq.br\/dgp\/espelhogrupo\/9187062219542369<\/a>) : Emerson Carraro<\/li>\n<li><strong>Fisiopatologia Integrada da resposta Imune :<\/strong> (<a href=\"http:\/\/dgp.cnpq.br\/dgp\/espelhogrupo\/8509721650263059\" target=\"_blank\" rel=\"noopener noreferrer\">http:\/\/dgp.cnpq.br\/dgp\/espelhogrupo\/8509721650263059<\/a>): Giovani Marino F\u00e1vero<\/li>\n<li><strong>Laborat\u00f3rios de Pesquisas em Processos Infecciosos e Toxicol\u00f3gicos: <\/strong>(<a href=\"http:\/\/dgp.cnpq.br\/dgp\/espelhogrupo\/2778563985180528\" target=\"_blank\" rel=\"noopener noreferrer\">http:\/\/dgp.cnpq.br\/dgp\/espelhogrupo\/2778563985180528<\/a>) : Marco Aur\u00e9lio Romano<\/li>\n<li><strong>Neuroci\u00eancias e Comportamento :<\/strong> (<a href=\"http:\/\/dgp.cnpq.br\/dgp\/espelhogrupo\/0658022523637168\" target=\"_blank\" rel=\"noopener noreferrer\">http:\/\/dgp.cnpq.br\/dgp\/espelhogrupo\/0658022523637168<\/a>): Juliana Sartori Bonini<\/li>\n<li><strong>Neuropsicofarmacologia :<\/strong> (<a href=\"http:\/\/dgp.cnpq.br\/dgp\/espelhogrupo\/1953073274091784\" target=\"_blank\" rel=\"noopener noreferrer\">http:\/\/dgp.cnpq.br\/dgp\/espelhogrupo\/1953073274091784<\/a>): Weber Cl\u00e1udio Francisco Nunes da Silva<\/li>\n<li><strong>N\u00facleo de Pesquisa em Nanoci\u00eancias (Unicentro \u2013 Guarapuava\/PR):\u00a0<\/strong>(<a href=\"http:\/\/dgp.cnpq.br\/dgp\/espelhogrupo\/4785614826871885\" target=\"_blank\" rel=\"noopener noreferrer\">http:\/\/dgp.cnpq.br\/dgp\/espelhogrupo\/4785614826871885<\/a>) : Najeh Maissar Khalil e Rubiana Mara Mainardes<\/li>\n<\/ul>\n","protected":false},"excerpt":{"rendered":"<p>Anclinfar &#8211; Pesquisa em An\u00e1lises Cl\u00ednicas e Bioci\u00eancias Aplicadas \u00e0 Farm\u00e1cia: (http:\/\/dgp.cnpq.br\/dgp\/espelhogrupo\/7071000470351951): Jos\u00e9 Carlos Rebuglio Vellosa Aplicabilidade de produtos naturais no campo biotecnol\u00f3gico e nas ci\u00eancias biom\u00e9dicas: (http:\/\/dgp.cnpq.br\/dgp\/espelhogrupo\/2969300706036296): Carlos Ricardo Maneck Malfatti Applied Nanostructured Systems Laboratory (https:\/\/dgp.cnpq.br\/dgp\/espelhogrupo\/772757) : Najeh Maissar Khalil Avalia\u00e7\u00e3o de F\u00e1rmacos, Medicamentos e Servi\u00e7os Farmac\u00eauticos: (http:\/\/dgp.cnpq.br\/dgp\/espelhogrupo\/1875414593742064): Paulo Vitor Farago Desenvolvimento Tecnol\u00f3gico e [&hellip;]<\/p>\n","protected":false},"author":3,"featured_media":0,"parent":0,"menu_order":0,"comment_status":"closed","ping_status":"closed","template":"","meta":{"_exactmetrics_skip_tracking":false,"_exactmetrics_sitenote_active":false,"_exactmetrics_sitenote_note":"","_exactmetrics_sitenote_category":0,"footnotes":"","_links_to":"","_links_to_target":""},"class_list":["post-64","page","type-page","status-publish","hentry"],"_links":{"self":[{"href":"https:\/\/www3.unicentro.br\/ppgcf\/wp-json\/wp\/v2\/pages\/64","targetHints":{"allow":["GET"]}}],"collection":[{"href":"https:\/\/www3.unicentro.br\/ppgcf\/wp-json\/wp\/v2\/pages"}],"about":[{"href":"https:\/\/www3.unicentro.br\/ppgcf\/wp-json\/wp\/v2\/types\/page"}],"author":[{"embeddable":true,"href":"https:\/\/www3.unicentro.br\/ppgcf\/wp-json\/wp\/v2\/users\/3"}],"replies":[{"embeddable":true,"href":"https:\/\/www3.unicentro.br\/ppgcf\/wp-json\/wp\/v2\/comments?post=64"}],"version-history":[{"count":2,"href":"https:\/\/www3.unicentro.br\/ppgcf\/wp-json\/wp\/v2\/pages\/64\/revisions"}],"predecessor-version":[{"id":2062,"href":"https:\/\/www3.unicentro.br\/ppgcf\/wp-json\/wp\/v2\/pages\/64\/revisions\/2062"}],"wp:attachment":[{"href":"https:\/\/www3.unicentro.br\/ppgcf\/wp-json\/wp\/v2\/media?parent=64"}],"curies":[{"name":"wp","href":"https:\/\/api.w.org\/{rel}","templated":true}]}}