{"id":48,"date":"2017-05-08T17:09:54","date_gmt":"2017-05-08T20:09:54","guid":{"rendered":"https:\/\/www3.unicentro.br\/ppgcf\/?page_id=48"},"modified":"2025-09-19T11:17:00","modified_gmt":"2025-09-19T14:17:00","slug":"formularios","status":"publish","type":"page","link":"https:\/\/www3.unicentro.br\/ppgcf\/formularios\/","title":{"rendered":"Formul\u00e1rios"},"content":{"rendered":"<div class=\"wpb-content-wrapper\"><p>[vc_row][vc_column][vc_column_text css=&#8221;&#8221;]<strong>Termo de Ci\u00eancia<\/strong> (<a href=\"https:\/\/www.unicentro.br\/posgraduacao\/mestrado\/farmacia\/formularios\/TERMO%20DE%20CI%C3%8ANCIA.doc\">.doc<\/a>) (<a href=\"https:\/\/www.unicentro.br\/posgraduacao\/mestrado\/farmacia\/formularios\/TERMO%20DE%20CI%C3%8ANCIA.pdf\">.pdf<\/a>)<\/p>\n<p><strong>Sele\u00e7\u00e3o<\/strong><\/p>\n<p style=\"padding-left: 30px\"><strong>ANEXO I <\/strong>\u2013 Formul\u00e1rio de Inscri\u00e7\u00e3o (<a href=\"https:\/\/www.unicentro.br\/posgraduacao\/mestrado\/farmacia\/formularios\/ANEXO_I_formul_rio_de_inscri_o_aluno_regular_500eb1b7aae9a.doc\">.doc<\/a>) (<a href=\"https:\/\/www.unicentro.br\/posgraduacao\/mestrado\/farmacia\/formularios\/ANEXO_I_formul_rio_de_inscri_o_aluno_regular_500eb1eb02976.pdf\">.pdf<\/a>)<br \/>\n<strong>ANEXO II<\/strong> &#8211; Carta de Aceite (<a href=\"https:\/\/www.unicentro.br\/posgraduacao\/mestrado\/farmacia\/formularios\/ANEXO_II_carta_de_aceite_500eb1db08956.doc\">.doc<\/a>) (<a href=\"https:\/\/www.unicentro.br\/posgraduacao\/mestrado\/farmacia\/formularios\/ANEXO_II_carta_de_aceite_500eb200171a2.pdf\">.pdf<\/a>)<\/p>\n<p align=\"left\"><strong>Est\u00e1gio de doc\u00eancia<\/strong><\/p>\n<p style=\"padding-left: 30px\" align=\"left\">&#8211; Plano de Atividades (<a href=\"https:\/\/www.unicentro.br\/posgraduacao\/mestrado\/farmacia\/formularios\/PLANO%20DE%20ATIVIDADES%20-%20EST%C3%81GIO%20DE%20DOC%C3%8ANCIA.doc\">.doc<\/a>) (<a href=\"https:\/\/www.unicentro.br\/posgraduacao\/mestrado\/farmacia\/formularios\/PLANO%20DE%20ATIVIDADES%20-%20EST%C3%81GIO%20DE%20DOC%C3%8ANCIA.pdf\">.pdf<\/a>)<br \/>\n&#8211; Modelo de relat\u00f3rio (<a href=\"https:\/\/www.unicentro.br\/posgraduacao\/mestrado\/farmacia\/formularios\/MODELO_DE_RELAT_RIO_EST_GIO_DE_DOC_NCIA_502cf0f0a462e.doc\">.doc<\/a>) (<a href=\"https:\/\/www.unicentro.br\/posgraduacao\/mestrado\/farmacia\/formularios\/MODELO_DE_RELAT_RIO_EST_GIO_DE_DOC_NCIA_502cf10541e11.pdf\">.pdf<\/a>)<\/p>\n<p align=\"left\"><strong>Bolsista<\/strong><\/p>\n<p style=\"padding-left: 30px\" align=\"left\">&#8211; Modelo de relat\u00f3rio semestral (<a href=\"https:\/\/www.unicentro.br\/posgraduacao\/mestrado\/farmacia\/formularios\/MODELO%20DE%20RELAT%C3%93RIO%20SEMESTRAL%20DO%20BOLSISTA.doc\">.doc<\/a>) (<a href=\"https:\/\/www.unicentro.br\/posgraduacao\/mestrado\/farmacia\/formularios\/MODELO%20DE%20RELAT%C3%93RIO%20SEMESTRAL%20DO%20BOLSISTA.pdf\">.pdf<\/a>)<\/p>\n<p align=\"left\"><strong>Aluno regular<\/strong><\/p>\n<p style=\"padding-left: 30px\" align=\"left\">&#8211; Relat\u00f3rio Aux\u00edlio Discente (<a href=\"https:\/\/www3.unicentro.br\/ppgcf\/wp-content\/uploads\/sites\/12\/2017\/11\/01_Modelo_de_relat_rio_aux_lio_discente_5a16b1ec1258a.doc\">.doc<\/a>) (<a href=\"https:\/\/www3.unicentro.br\/ppgcf\/wp-content\/uploads\/sites\/12\/2017\/11\/01_Modelo_de_relat_rio_aux_lio_discente_5a16b25f68401.pdf\">.pdf<\/a>)<br \/>\n&#8211; Formul\u00e1rios para solicita\u00e7\u00e3o de aux\u00edlio discente &#8211; Eventos (<a href=\"https:\/\/www3.unicentro.br\/ppgcf\/wp-content\/uploads\/sites\/12\/2017\/11\/02_Requerimento_Aux_lio_Discente_Eventos_5a16b1f5bbca6.doc\">.doc<\/a>) (<a href=\"https:\/\/www3.unicentro.br\/ppgcf\/wp-content\/uploads\/sites\/12\/2017\/11\/02_Requerimento_Aux_lio_Discente_Eventos_5a16b26ac51c6.pdf\">.pdf<\/a>)<br \/>\n&#8211; Formul\u00e1rios para solicita\u00e7\u00e3o de aux\u00edlio discente &#8211; Pesquisa (<a href=\"https:\/\/www3.unicentro.br\/ppgcf\/wp-content\/uploads\/sites\/12\/2017\/11\/03_Requerimento_Aux_lio_Discente_Pesquisa_5a16b1feba253.doc\">.doc<\/a>) (<a href=\"https:\/\/www3.unicentro.br\/ppgcf\/wp-content\/uploads\/sites\/12\/2017\/11\/03_Requerimento_Aux_lio_Discente_Pesquisa_5a16b27396a4f.pdf\">.pdf<\/a>)<br \/>\n&#8211; Modelo de relat\u00f3rio semestral (<a href=\"https:\/\/www.unicentro.br\/posgraduacao\/mestrado\/farmacia\/formularios\/RELAT%C3%93RIO%20SEMESTRAL%20ALUNOS%20REGULARES1.doc\">.doc<\/a>) (<a href=\"https:\/\/www.unicentro.br\/posgraduacao\/mestrado\/farmacia\/formularios\/RELAT%C3%93RIO%20SEMESTRAL%20ALUNOS%20REGULARES.pdf\">.pdf<\/a>)<br \/>\n&#8211; Requerimento de transfer\u00eancia de orientador (<a href=\"https:\/\/www.unicentro.br\/posgraduacao\/mestrado\/farmacia\/formularios\/REQUERIMENTO%20TRANSFER%C3%8ANCIA%20DE%20ORIENTADOR.doc\">.doc<\/a>) (<a href=\"https:\/\/www.unicentro.br\/posgraduacao\/mestrado\/farmacia\/formularios\/REQUERIMENTO%20TRANSFER%C3%8ANCIA%20DE%20ORIENTADOR.pdf\">.pdf<\/a>)<br \/>\n&#8211; Solicita\u00e7\u00e3o de altera\u00e7\u00e3o do objeto de estudo (<a href=\"https:\/\/www.unicentro.br\/posgraduacao\/mestrado\/farmacia\/formularios\/SOLICITA%C3%87%C3%83O%20DE%20ALTERA%C3%87%C3%83O%20DO%20OBJETO%20DE%20PESQUISA.doc\">.doc<\/a>) (<a href=\"https:\/\/www.unicentro.br\/posgraduacao\/mestrado\/farmacia\/formularios\/SOLICITA%C3%87%C3%83O%20DE%20ALTERA%C3%87%C3%83O%20DO%20OBJETO%20DE%20PESQUISA.pdf\">.pdf<\/a>)<br \/>\n&#8211; Solicita\u00e7\u00e3o de aproveitamento &#8211; Profici\u00eancia (<a href=\"https:\/\/www.unicentro.br\/posgraduacao\/mestrado\/farmacia\/formularios\/aproveitamento_proficiencia.doc\">.doc<\/a>) (<a href=\"https:\/\/www.unicentro.br\/posgraduacao\/mestrado\/farmacia\/formularios\/aproveitamento_proficiencia.pdf\">.pdf<\/a>)<br \/>\n&#8211; Solicita\u00e7\u00e3o de aproveitamento de cr\u00e9ditos cursados (<a href=\"https:\/\/www.unicentro.br\/posgraduacao\/mestrado\/farmacia\/formularios\/SOLICITA%C3%87%C3%83O%20DE%20APROVEITAMENTO%20DE%20CR%C3%89DITOS.doc\">.doc<\/a>) (<a href=\"https:\/\/www.unicentro.br\/posgraduacao\/mestrado\/farmacia\/formularios\/SOLICITA%C3%87%C3%83O%20DE%20APROVEITAMENTO%20DE%20CR%C3%89DITOS.pdf\">.pdf<\/a>)<br \/>\n&#8211; Solicita\u00e7\u00e3o de cancelamento de disciplinas (<a href=\"https:\/\/www.unicentro.br\/posgraduacao\/mestrado\/farmacia\/formularios\/cancelamento_disciplinas.doc\">.doc<\/a>) (<a href=\"https:\/\/www.unicentro.br\/posgraduacao\/mestrado\/farmacia\/formularios\/cancelamento_disciplinas.pdf\">.pdf<\/a>)<br \/>\n&#8211; Solicita\u00e7\u00e3o de prorroga\u00e7\u00e3o de prazo de defesa (<a href=\"https:\/\/www.unicentro.br\/posgraduacao\/mestrado\/farmacia\/formularios\/SOLICITA%C3%87%C3%83O%20DE%20PRORROGA%C3%87%C3%83O%20DE%20PRAZO%20DE%20DEFESA.doc\">.doc<\/a>) (<a href=\"https:\/\/www.unicentro.br\/posgraduacao\/mestrado\/farmacia\/formularios\/SOLICITA%C3%87%C3%83O%20DE%20PRORROGA%C3%87%C3%83O%20DE%20PRAZO%20DE%20DEFESA.pdf\">.pdf<\/a>)<br \/>\n&#8211; Solicita\u00e7\u00e3o de prorroga\u00e7\u00e3o de prazo para entrega do certificado de Profici\u00eancia (<a href=\"https:\/\/www3.unicentro.br\/ppgcf\/wp-content\/uploads\/sites\/12\/2021\/04\/SOLICITA_O_DE_PRORROGA_O_DE_PROFICI_NCIA_6083017690000.doc\">.doc<\/a>) (<a href=\"https:\/\/www3.unicentro.br\/ppgcf\/wp-content\/uploads\/sites\/12\/2021\/04\/SOLICITA_O_DE_PRORROGA_O_DE_PROFICI_NCIA_60830186ed907.pdf\">.pdf<\/a>)<br \/>\n&#8211; Autoriza\u00e7\u00e3o para disponibiliza\u00e7\u00e3o da disserta\u00e7\u00e3o\/tese via Internet (<a href=\"https:\/\/www3.unicentro.br\/ppgcf\/wp-content\/uploads\/sites\/12\/2018\/02\/Autoriza_o_Disponibiliza_o_da_Disserta_o_5a6f1e50cb085.pdf\">.pdf<\/a>)<br \/>\n&#8211; Solicita\u00e7\u00e3o de Desligamento do Programa (<a href=\"https:\/\/www3.unicentro.br\/ppgcf\/wp-content\/uploads\/sites\/12\/2023\/05\/Requerimento_de_Desligamento_do_Curso_6463c06d50743.pdf\">.pdf<\/a>)<\/p>\n<p><strong>Qualifica\u00e7\u00e3o<\/strong><\/p>\n<p style=\"padding-left: 40px\">\u2013 Agendamento (<a href=\"https:\/\/www3.unicentro.br\/ppgcf\/wp-content\/uploads\/sites\/12\/2022\/09\/QUALIFICA_O_AGENDAMENTO_DE_LOCAL_6323193c68da2.docx\">.doc<\/a>) (<a href=\"https:\/\/www3.unicentro.br\/ppgcf\/wp-content\/uploads\/sites\/12\/2022\/09\/QUALIFICA_O_AGENDAMENTO_DE_LOCAL_6323194b3a282.pdf\">.pdf<\/a>)<br \/>\n\u2013 Requerimento (<a href=\"https:\/\/www3.unicentro.br\/ppgcf\/wp-content\/uploads\/sites\/12\/2022\/09\/QUALIFICA_O_REQUERIMENTO_6323195e777ad.docx\">.doc<\/a>) (<a href=\"https:\/\/www3.unicentro.br\/ppgcf\/wp-content\/uploads\/sites\/12\/2022\/09\/QUALIFICA_O_REQUERIMENTO_63231969e82b1.pdf\">.pdf<\/a>)<\/p>\n<p><strong>Defesa<\/strong><\/p>\n<p style=\"padding-left: 40px\">\u2013 Agendamento da defesa da disserta\u00e7\u00e3o (<a href=\"https:\/\/www3.unicentro.br\/ppgcf\/wp-content\/uploads\/sites\/12\/2022\/09\/DEFESA_DISSERTA_O_AGENDAMENTO_6323197905a2f.docx\">.doc<\/a>) (<a href=\"https:\/\/www3.unicentro.br\/ppgcf\/wp-content\/uploads\/sites\/12\/2022\/09\/DEFESA_DISSERTA_O_AGENDAMENTO_632319835ef13.pdf\">.pdf<\/a>)<br \/>\n\u2013 Requerimento da defesa da disserta\u00e7\u00e3o (<a href=\"https:\/\/www3.unicentro.br\/ppgcf\/wp-content\/uploads\/sites\/12\/2025\/09\/DEFESA_DISSERTA_O_REQUERIMENTO_68cd6076cccf3.docx\">.doc<\/a>) (<a href=\"https:\/\/www3.unicentro.br\/ppgcf\/wp-content\/uploads\/sites\/12\/2025\/09\/DEFESA_DISSERTA_O_REQUERIMENTO_68cd607b985c2.pdf\">.pdf<\/a>)<br \/>\n\u2013 Agendamento da defesa da tese (<a href=\"https:\/\/www3.unicentro.br\/ppgcf\/wp-content\/uploads\/sites\/12\/2022\/09\/DEFESA_TESE_AGENDAMENTO_632319a61f392.docx\">.doc<\/a>) (<a href=\"https:\/\/www3.unicentro.br\/ppgcf\/wp-content\/uploads\/sites\/12\/2022\/09\/DEFESA_TESE_AGENDAMENTO_632319b096470.pdf\">.pdf<\/a>)<br \/>\n\u2013 Requerimento da defesa da tese (<a href=\"https:\/\/www3.unicentro.br\/ppgcf\/wp-content\/uploads\/sites\/12\/2025\/09\/DEFESA_TESE_REQUERIMENTO_68cd6080354ca.docx\">.doc<\/a>) (<a href=\"https:\/\/www3.unicentro.br\/ppgcf\/wp-content\/uploads\/sites\/12\/2025\/09\/DEFESA_TESE_REQUERIMENTO_68cd6097313d5.pdf\">.pdf<\/a>)<\/p>\n<p><strong>Docentes<\/strong><\/p>\n<p style=\"padding-left: 30px\">&#8211; Requerimento de Coorienta\u00e7\u00e3o (<a href=\"https:\/\/www3.unicentro.br\/ppgcf\/wp-content\/uploads\/sites\/12\/2017\/11\/04_Requerimento_de_coorientador_5a16b2079fab6.doc\">.doc<\/a>) (<a href=\"https:\/\/www3.unicentro.br\/ppgcf\/wp-content\/uploads\/sites\/12\/2017\/11\/04_Requerimento_de_coorientador_5a16b2a22fa6b.pdf\">.pdf<\/a>)<br \/>\n&#8211; <a href=\"https:\/\/www.unicentro.br\/posgraduacao\/mestrado\/farmacia\/formularios\/MODELO%20DE%20TERMO%20DE%20COMPROMISSO%20-%20MINISTRAR%20DISCIPLINA.pdf\">Termo de compromisso em ministrar disciplina<\/a><br \/>\n&#8211; Avalia\u00e7\u00e3o de projeto de pesquisa (<a href=\"https:\/\/www.unicentro.br\/posgraduacao\/mestrado\/farmacia\/formularios\/AVALIA%C3%87%C3%83O%20PROJETO%20DE%20PESQUISA.doc\">.doc<\/a>) (<a href=\"https:\/\/www.unicentro.br\/posgraduacao\/mestrado\/farmacia\/formularios\/AVALIA%C3%87%C3%83O%20PROJETO%20DE%20PESQUISA.pdf\">.pdf<\/a>)<br \/>\n&#8211; <a href=\"https:\/\/www.unicentro.br\/posgraduacao\/mestrado\/farmacia\/formularios\/REQUERIMENTO%20CREDENCIAMENTO%20NO%20PPGCF.pdf\">Requerimento de credenciamento no PPGCF<\/a><br \/>\n&#8211; Requerimento de co-orienta\u00e7\u00e3o no PPGCF (<a href=\"https:\/\/www.unicentro.br\/posgraduacao\/mestrado\/farmacia\/formularios\/REQUERIMENTO%20DE%20CO-ORIENTADOR.doc\">.doc<\/a>) (<a href=\"https:\/\/www.unicentro.br\/posgraduacao\/mestrado\/farmacia\/formularios\/REQUERIMENTO%20DE%20CO-ORIENTADOR.pdf\">.pdf<\/a>)<\/p>\n<p>[\/vc_column_text][\/vc_column][\/vc_row]<\/p>\n<\/div>","protected":false},"excerpt":{"rendered":"<p>[vc_row][vc_column][vc_column_text css=&#8221;&#8221;]Termo de Ci\u00eancia (.doc) (.pdf) Sele\u00e7\u00e3o ANEXO I \u2013 Formul\u00e1rio de Inscri\u00e7\u00e3o (.doc) (.pdf) ANEXO II &#8211; Carta de Aceite (.doc) (.pdf) Est\u00e1gio de doc\u00eancia &#8211; Plano de Atividades (.doc) (.pdf) &#8211; Modelo de relat\u00f3rio (.doc) (.pdf) Bolsista &#8211; Modelo de relat\u00f3rio semestral (.doc) (.pdf) Aluno regular &#8211; Relat\u00f3rio Aux\u00edlio Discente (.doc) (.pdf) &#8211; [&hellip;]<\/p>\n","protected":false},"author":3,"featured_media":0,"parent":0,"menu_order":0,"comment_status":"closed","ping_status":"closed","template":"","meta":{"_exactmetrics_skip_tracking":false,"_exactmetrics_sitenote_active":false,"_exactmetrics_sitenote_note":"","_exactmetrics_sitenote_category":0,"footnotes":"","_links_to":"","_links_to_target":""},"class_list":["post-48","page","type-page","status-publish","hentry"],"_links":{"self":[{"href":"https:\/\/www3.unicentro.br\/ppgcf\/wp-json\/wp\/v2\/pages\/48","targetHints":{"allow":["GET"]}}],"collection":[{"href":"https:\/\/www3.unicentro.br\/ppgcf\/wp-json\/wp\/v2\/pages"}],"about":[{"href":"https:\/\/www3.unicentro.br\/ppgcf\/wp-json\/wp\/v2\/types\/page"}],"author":[{"embeddable":true,"href":"https:\/\/www3.unicentro.br\/ppgcf\/wp-json\/wp\/v2\/users\/3"}],"replies":[{"embeddable":true,"href":"https:\/\/www3.unicentro.br\/ppgcf\/wp-json\/wp\/v2\/comments?post=48"}],"version-history":[{"count":1,"href":"https:\/\/www3.unicentro.br\/ppgcf\/wp-json\/wp\/v2\/pages\/48\/revisions"}],"predecessor-version":[{"id":2347,"href":"https:\/\/www3.unicentro.br\/ppgcf\/wp-json\/wp\/v2\/pages\/48\/revisions\/2347"}],"wp:attachment":[{"href":"https:\/\/www3.unicentro.br\/ppgcf\/wp-json\/wp\/v2\/media?parent=48"}],"curies":[{"name":"wp","href":"https:\/\/api.w.org\/{rel}","templated":true}]}}