{"id":187,"date":"2017-05-11T11:05:18","date_gmt":"2017-05-11T14:05:18","guid":{"rendered":"https:\/\/www3.unicentro.br\/ppgcf\/?page_id=187"},"modified":"2017-05-11T11:05:18","modified_gmt":"2017-05-11T14:05:18","slug":"noticias","status":"publish","type":"page","link":"https:\/\/www3.unicentro.br\/ppgcf\/noticias\/","title":{"rendered":"Not\u00edcias"},"content":{"rendered":"<div class=\"wpb-content-wrapper\"><p>[vc_row][vc_column]    \t<section class=\"un-post-listing shortcode-blog-7241 \" data-delay=0>\n            <div class=\"section-inner\">\n                <div class=\"section-header\">\n                    <h1 class=\"pull-left main-color-2\">Not\u00edcias<\/h1>                                        <div class=\"clearfix\"><\/div>\n                <\/div><!--\/section-header-->\n                <div class=\"section-body\">\n                \t<div class=\"row\">\n                \t\t\t\t\t\t\t\t<div class=\"col-md-12 shortcode-blog-item\">\n                                <div class=\"content-pad\">\n                                    <div class=\"post-item row\">\n                                        <div class=\"col-md-6 col-sm-12\">\n                                            <div class=\"content-pad\">\n                                                <div class=\"item-thumbnail\">\n                                                    <a href=\"https:\/\/www3.unicentro.br\/noticias\/2017\/09\/29\/interdisciplinaridade-e-foco-central-do-1-encontro-de-nanociencias-e-biociencias\/\" title=\"Interdisciplinaridade \u00e9 foco central do 1\u00ba Encontro de Nanoci\u00eancias e Bioci\u00eancias\">\n\t\t\t\t\t\t\t\t\t\t\t\t\t\t                                                        <img loading=\"lazy\" decoding=\"async\" src=\"https:\/\/www3.unicentro.br\/ppgcf\/wp-content\/uploads\/sites\/12\/2017\/11\/encontro_nano1.jpg\" width=\"410\" height=\"270\" title=\"Interdisciplinaridade \u00e9 foco central do 1\u00ba Encontro de Nanoci\u00eancias e Bioci\u00eancias\" alt=\"Interdisciplinaridade \u00e9 foco central do 1\u00ba Encontro de Nanoci\u00eancias e Bioci\u00eancias\">\n                                                                                                            <\/a>\n                                                <\/div>\n                                            <\/div>\n                                        <\/div>\n                                        <div class=\"col-md-6 col-sm-12\">\n                                            <div class=\"content-pad\">\n                                                <div class=\"item-content\">\n                                                    <h3 class=\"item-title\"><a href=\"https:\/\/www3.unicentro.br\/noticias\/2017\/09\/29\/interdisciplinaridade-e-foco-central-do-1-encontro-de-nanociencias-e-biociencias\/\" title=\"Interdisciplinaridade \u00e9 foco central do 1\u00ba Encontro de Nanoci\u00eancias e Bioci\u00eancias\" class=\"main-color-1-hover\">Interdisciplinaridade \u00e9 foco central do 1\u00ba Encontro de Nanoci\u00eancias e Bioci\u00eancias<\/a><\/h3>\n                                                                                                        <div class=\"shortcode-blog-excerpt\"><\/div>\n                                                                                                        <div class=\"item-meta\">\n                                                    \t                                                                                                            <\/div>\n                                                <\/div>\n                                            <\/div>\n                                        <\/div>\n                                    <\/div><!--\/post-item-->\n                                <\/div>\n                            <\/div><!--\/shortcode-blog-item-->\n\t\t\t\t\t\t\t\t\t\t\t\t\t\t<div class=\"col-md-12 shortcode-blog-item\">\n                                <div class=\"content-pad\">\n                                    <div class=\"post-item row\">\n                                        <div class=\"col-md-6 col-sm-12\">\n                                            <div class=\"content-pad\">\n                                                <div class=\"item-thumbnail\">\n                                                    <a href=\"http:\/\/www.unicentro.br\/posgraduacao\/mestrado\/farmacia\/noticias\/Curso_Estat_srtica_INTEG_2_58e77f1652a5f.pdf\" title=\"Curso de Estat\u00edstica B\u00e1sica\">\n\t\t\t\t\t\t\t\t\t\t\t\t\t\t                                                        <img loading=\"lazy\" decoding=\"async\" src=\"https:\/\/www3.unicentro.br\/ppgcf\/wp-content\/uploads\/sites\/12\/2017\/05\/noticia-curso.jpg\" width=\"480\" height=\"315\" title=\"Curso de Estat\u00edstica B\u00e1sica\" alt=\"Curso de Estat\u00edstica B\u00e1sica\">\n                                                                                                            <\/a>\n                                                <\/div>\n                                            <\/div>\n                                        <\/div>\n                                        <div class=\"col-md-6 col-sm-12\">\n                                            <div class=\"content-pad\">\n                                                <div class=\"item-content\">\n                                                    <h3 class=\"item-title\"><a href=\"http:\/\/www.unicentro.br\/posgraduacao\/mestrado\/farmacia\/noticias\/Curso_Estat_srtica_INTEG_2_58e77f1652a5f.pdf\" title=\"Curso de Estat\u00edstica B\u00e1sica\" class=\"main-color-1-hover\">Curso de Estat\u00edstica B\u00e1sica<\/a><\/h3>\n                                                                                                        <div class=\"shortcode-blog-excerpt\"><\/div>\n                                                                                                        <div class=\"item-meta\">\n                                                    \t                                                                                                            <\/div>\n                                                <\/div>\n                                            <\/div>\n                                        <\/div>\n                                    <\/div><!--\/post-item-->\n                                <\/div>\n                            <\/div><!--\/shortcode-blog-item-->\n\t\t\t\t\t\t\t                            \t<\/div><!--\/row-->\n                                <div class=\"row\">\n\t\t\t\t\t\t\t\t\t\t\t\t\t\t<div class=\"col-md-12 shortcode-blog-item\">\n                                <div class=\"content-pad\">\n                                    <div class=\"post-item row\">\n                                        <div class=\"col-md-6 col-sm-12\">\n                                            <div class=\"content-pad\">\n                                                <div class=\"item-thumbnail\">\n                                                    <a href=\"http:\/\/jornadauepgunicentro.blogspot.com.br\/\" title=\"X Jornada Farmac\u00eautica e II Encontro de P\u00f3s Gradua\u00e7\u00e3o UEPG\/Unicentro\">\n\t\t\t\t\t\t\t\t\t\t\t\t\t\t                                                        <img loading=\"lazy\" decoding=\"async\" src=\"https:\/\/www3.unicentro.br\/ppgcf\/wp-content\/uploads\/sites\/12\/2017\/05\/noticia-jornada.jpg\" width=\"480\" height=\"315\" title=\"X Jornada Farmac\u00eautica e II Encontro de P\u00f3s Gradua\u00e7\u00e3o UEPG\/Unicentro\" alt=\"X Jornada Farmac\u00eautica e II Encontro de P\u00f3s Gradua\u00e7\u00e3o UEPG\/Unicentro\">\n                                                                                                            <\/a>\n                                                <\/div>\n                                            <\/div>\n                                        <\/div>\n                                        <div class=\"col-md-6 col-sm-12\">\n                                            <div class=\"content-pad\">\n                                                <div class=\"item-content\">\n                                                    <h3 class=\"item-title\"><a href=\"http:\/\/jornadauepgunicentro.blogspot.com.br\/\" title=\"X Jornada Farmac\u00eautica e II Encontro de P\u00f3s Gradua\u00e7\u00e3o UEPG\/Unicentro\" class=\"main-color-1-hover\">X Jornada Farmac\u00eautica e II Encontro de P\u00f3s Gradua\u00e7\u00e3o UEPG\/Unicentro<\/a><\/h3>\n                                                                                                        <div class=\"shortcode-blog-excerpt\"><\/div>\n                                                                                                        <div class=\"item-meta\">\n                                                    \t                                                                                                            <\/div>\n                                                <\/div>\n                                            <\/div>\n                                        <\/div>\n                                    <\/div><!--\/post-item-->\n                                <\/div>\n                            <\/div><!--\/shortcode-blog-item-->\n\t\t\t\t\t\t\t\t\t\t\t\t\t\t<div class=\"col-md-12 shortcode-blog-item\">\n                                <div class=\"content-pad\">\n                                    <div class=\"post-item row\">\n                                        <div class=\"col-md-6 col-sm-12\">\n                                            <div class=\"content-pad\">\n                                                <div class=\"item-thumbnail\">\n                                                    <a href=\"https:\/\/www3.unicentro.br\/ppgcf\/2017\/05\/09\/disciplina-ministrada-em-convenio-com-ufrgs\/\" title=\"Disciplina ministrada em conv\u00eanio com UFRGS\">\n\t\t\t\t\t\t\t\t\t\t\t\t\t\t                                                        <img loading=\"lazy\" decoding=\"async\" src=\"https:\/\/www3.unicentro.br\/ppgcf\/wp-content\/uploads\/sites\/12\/2017\/05\/0325_501046dc16f07.jpg\" width=\"300\" height=\"225\" title=\"Disciplina ministrada em conv\u00eanio com UFRGS\" alt=\"Disciplina ministrada em conv\u00eanio com UFRGS\">\n                                                                                                            <\/a>\n                                                <\/div>\n                                            <\/div>\n                                        <\/div>\n                                        <div class=\"col-md-6 col-sm-12\">\n                                            <div class=\"content-pad\">\n                                                <div class=\"item-content\">\n                                                    <h3 class=\"item-title\"><a href=\"https:\/\/www3.unicentro.br\/ppgcf\/2017\/05\/09\/disciplina-ministrada-em-convenio-com-ufrgs\/\" title=\"Disciplina ministrada em conv\u00eanio com UFRGS\" class=\"main-color-1-hover\">Disciplina ministrada em conv\u00eanio com UFRGS<\/a><\/h3>\n                                                                                                        <div class=\"shortcode-blog-excerpt\">Realizou-se na Unicentro nos dias 2 a 5 de julho de 2012, a disciplina \u201cDesenvolvimento de nanopart\u00edculas polim\u00e9ricas e nanopart\u00edculas lip\u00eddicas: aspectos f\u00edsico-qu\u00edmicos e aplica\u00e7\u00f5es farmac\u00eauticas\u201d. A disciplina foi ministrada pelas professoras Dra. Silvia Stanis\u00e7uaski Guterres e Dra. Adriana Raffin Pohlmann, da Universidade Federal do Rio Grande do Sul (UFRGS). As pesquisadoras s\u00e3o bolsistas de [&hellip;]<\/div>\n                                                                                                        <div class=\"item-meta\">\n                                                    \t                                                                                                            <\/div>\n                                                <\/div>\n                                            <\/div>\n                                        <\/div>\n                                    <\/div><!--\/post-item-->\n                                <\/div>\n                            <\/div><!--\/shortcode-blog-item-->\n\t\t\t\t\t\t\t                            \t<\/div><!--\/row-->\n                                <div class=\"row\">\n\t\t\t\t\t\t\t\t\t\t\t\t\t\t<div class=\"col-md-12 shortcode-blog-item\">\n                                <div class=\"content-pad\">\n                                    <div class=\"post-item row\">\n                                        <div class=\"col-md-6 col-sm-12\">\n                                            <div class=\"content-pad\">\n                                                <div class=\"item-thumbnail\">\n                                                    <a href=\"https:\/\/www3.unicentro.br\/ppgcf\/2017\/05\/09\/palestra-nanotecnologia-em-cosmetologia-proferida-pela-profa-dra-silvia-s-guterres-ufrgs-na-unicentro\/\" title=\"Palestra \u201cNanotecnologia em Cosmetologia\u201d, proferida pela Profa. Dra. Silvia S. Guterres (UFRGS) na Unicentro\">\n\t\t\t\t\t\t\t\t\t\t\t\t\t\t                                                        <img loading=\"lazy\" decoding=\"async\" src=\"https:\/\/www3.unicentro.br\/ppgcf\/wp-content\/uploads\/sites\/12\/2017\/05\/013.jpg\" width=\"350\" height=\"263\" title=\"Palestra \u201cNanotecnologia em Cosmetologia\u201d, proferida pela Profa. Dra. Silvia S. Guterres (UFRGS) na Unicentro\" alt=\"Palestra \u201cNanotecnologia em Cosmetologia\u201d, proferida pela Profa. Dra. Silvia S. Guterres (UFRGS) na Unicentro\">\n                                                                                                            <\/a>\n                                                <\/div>\n                                            <\/div>\n                                        <\/div>\n                                        <div class=\"col-md-6 col-sm-12\">\n                                            <div class=\"content-pad\">\n                                                <div class=\"item-content\">\n                                                    <h3 class=\"item-title\"><a href=\"https:\/\/www3.unicentro.br\/ppgcf\/2017\/05\/09\/palestra-nanotecnologia-em-cosmetologia-proferida-pela-profa-dra-silvia-s-guterres-ufrgs-na-unicentro\/\" title=\"Palestra \u201cNanotecnologia em Cosmetologia\u201d, proferida pela Profa. Dra. Silvia S. Guterres (UFRGS) na Unicentro\" class=\"main-color-1-hover\">Palestra \u201cNanotecnologia em Cosmetologia\u201d, proferida pela Profa. Dra. Silvia S. Guterres (UFRGS) na Unicentro<\/a><\/h3>\n                                                                                                        <div class=\"shortcode-blog-excerpt\">A prof. Dra. Silvia S. Guterres da Universidade Federal do Rio Grande do Sul (UFRGS) esteve na Unicentro dias 13 e 14 de dezembro para participa\u00e7\u00e3o em banca de disserta\u00e7\u00e3o do Programa de p\u00f3s-gradua\u00e7\u00e3o em Ci\u00eancias Farmac\u00eauticas e na oportunidade proferiu a palestra Nanotecnologia em Cosmetologia. A professora Silvia \u00e9\u00a0bolsista produtividade em pesquisa 1A do [&hellip;]<\/div>\n                                                                                                        <div class=\"item-meta\">\n                                                    \t                                                                                                            <\/div>\n                                                <\/div>\n                                            <\/div>\n                                        <\/div>\n                                    <\/div><!--\/post-item-->\n                                <\/div>\n                            <\/div><!--\/shortcode-blog-item-->\n\t\t\t\t\t\t\t\t\t\t\t\t\t\t<div class=\"col-md-12 shortcode-blog-item\">\n                                <div class=\"content-pad\">\n                                    <div class=\"post-item row\">\n                                        <div class=\"col-md-6 col-sm-12\">\n                                            <div class=\"content-pad\">\n                                                <div class=\"item-thumbnail\">\n                                                    <a href=\"https:\/\/www3.unicentro.br\/ppgcf\/2017\/05\/09\/professora-da-unicentro-e-vencedora-do-premio-loreal-brasil-para-mulheres-na-ciencia\/\" title=\"Professora da Unicentro \u00e9 vencedora do pr\u00eamio \u201cLOr\u00e9al Brasil para Mulheres na Ci\u00eancia\u201d\">\n\t\t\t\t\t\t\t\t\t\t\t\t\t\t                                                        <img loading=\"lazy\" decoding=\"async\" src=\"https:\/\/www3.unicentro.br\/ppgcf\/wp-content\/uploads\/sites\/12\/2017\/05\/noticia1.jpg\" width=\"350\" height=\"247\" title=\"Professora da Unicentro \u00e9 vencedora do pr\u00eamio \u201cLOr\u00e9al Brasil para Mulheres na Ci\u00eancia\u201d\" alt=\"Professora da Unicentro \u00e9 vencedora do pr\u00eamio \u201cLOr\u00e9al Brasil para Mulheres na Ci\u00eancia\u201d\">\n                                                                                                            <\/a>\n                                                <\/div>\n                                            <\/div>\n                                        <\/div>\n                                        <div class=\"col-md-6 col-sm-12\">\n                                            <div class=\"content-pad\">\n                                                <div class=\"item-content\">\n                                                    <h3 class=\"item-title\"><a href=\"https:\/\/www3.unicentro.br\/ppgcf\/2017\/05\/09\/professora-da-unicentro-e-vencedora-do-premio-loreal-brasil-para-mulheres-na-ciencia\/\" title=\"Professora da Unicentro \u00e9 vencedora do pr\u00eamio \u201cLOr\u00e9al Brasil para Mulheres na Ci\u00eancia\u201d\" class=\"main-color-1-hover\">Professora da Unicentro \u00e9 vencedora do pr\u00eamio \u201cLOr\u00e9al Brasil para Mulheres na Ci\u00eancia\u201d<\/a><\/h3>\n                                                                                                        <div class=\"shortcode-blog-excerpt\">A professorea Rubiana, da Unicentro, foi a vencedora do Pr\u00eamio L'Or\u00e9al Brasil para Mulheres na Ci\u00eancia<\/div>\n                                                                                                        <div class=\"item-meta\">\n                                                    \t                                                                                                            <\/div>\n                                                <\/div>\n                                            <\/div>\n                                        <\/div>\n                                    <\/div><!--\/post-item-->\n                                <\/div>\n                            <\/div><!--\/shortcode-blog-item-->\n\t\t\t\t\t\t\t                    <\/div><!--\/row-->\n                <\/div><!--\/section-body-->\n            <\/div>\n        <\/section><!--\/un-blog-listing-->\n\t[\/vc_column][\/vc_row]<\/p>\n<\/div>","protected":false},"excerpt":{"rendered":"<p>[vc_row][vc_column][\/vc_column][\/vc_row]<\/p>\n","protected":false},"author":3,"featured_media":0,"parent":0,"menu_order":0,"comment_status":"closed","ping_status":"closed","template":"page-templates\/front-page.php","meta":{"_exactmetrics_skip_tracking":false,"_exactmetrics_sitenote_active":false,"_exactmetrics_sitenote_note":"","_exactmetrics_sitenote_category":0,"footnotes":"","_links_to":"","_links_to_target":""},"class_list":["post-187","page","type-page","status-publish","hentry"],"_links":{"self":[{"href":"https:\/\/www3.unicentro.br\/ppgcf\/wp-json\/wp\/v2\/pages\/187","targetHints":{"allow":["GET"]}}],"collection":[{"href":"https:\/\/www3.unicentro.br\/ppgcf\/wp-json\/wp\/v2\/pages"}],"about":[{"href":"https:\/\/www3.unicentro.br\/ppgcf\/wp-json\/wp\/v2\/types\/page"}],"author":[{"embeddable":true,"href":"https:\/\/www3.unicentro.br\/ppgcf\/wp-json\/wp\/v2\/users\/3"}],"replies":[{"embeddable":true,"href":"https:\/\/www3.unicentro.br\/ppgcf\/wp-json\/wp\/v2\/comments?post=187"}],"version-history":[{"count":0,"href":"https:\/\/www3.unicentro.br\/ppgcf\/wp-json\/wp\/v2\/pages\/187\/revisions"}],"wp:attachment":[{"href":"https:\/\/www3.unicentro.br\/ppgcf\/wp-json\/wp\/v2\/media?parent=187"}],"curies":[{"name":"wp","href":"https:\/\/api.w.org\/{rel}","templated":true}]}}